{"id":56510,"date":"2023-08-01T09:51:18","date_gmt":"2023-08-01T07:51:18","guid":{"rendered":"https:\/\/www.visitklagenfurt.at\/services\/lake-woerthersee-pluscard\/conditions-of-use-woerthersee-plus-card\/"},"modified":"2023-08-01T09:56:47","modified_gmt":"2023-08-01T07:56:47","slug":"conditions-of-use-woerthersee-plus-card","status":"publish","type":"page","link":"https:\/\/www.visitklagenfurt.at\/en\/services\/lake-woerthersee-pluscard\/conditions-of-use-woerthersee-plus-card\/","title":{"rendered":"Conditions of use W\u00f6rthersee Plus Card"},"content":{"rendered":"\n<p>THESE GENERAL TERMS AND CONDITIONS APPLY LIKEWISE TO ALL CATEGORIES OF THE W\u00d6RTHERSEE PLUS CARD.<\/p>\n\n\n\n<ol class=\"wp-block-list\" type=\"1\">\n<li><strong>Service<\/strong>: With the purchase of the W\u00f6rthersee Plus Card the guest is entitled to take advantage of the offers presented in this brochure, according the card\u2019s category and according to the present general terms and conditions. Those are inclusive benefits offered by W\u00f6rthersee Plus Card inclusive partners or bonus benefits offered by W\u00f6rthersee Plus Card bonus partners. Inclusive benefits include the use of the offered service, which has already been compensated by purchasing the W\u00f6rthersee Plus Card. Bonus benefits entitle to a reduction of at least 10% off the price which is to be paid for the particular service used. The non-binding content of the brochure is \u2013 besides the purchased card category \u2013 always authoritative for the extent and kind of service which can be claimed.<br><br><\/li>\n\n\n\n<li><strong>Scope of services \/ liability<\/strong>: All partners are obligated to put their as W\u00f6rthersee Plus Card offers marked services at the disposal of W\u00f6rthersee Plus Card holders, within promotion period, normal business hours and general terms and conditions of business or transport. Bonus partners are subject to the best price guarantee and have to grant W\u00f6rthersee Plus Card holders better or equal conditions than any other individual costumer. Limitations in the use of W\u00f6rthersee Plus Card offers can generally arise due to the opening hours of some W\u00f6rthersee Plus Card partners which, mainly due to circumstances attributed to weather and season, do not cover the full promotion period of W\u00f6rthersee Plus Card offers. The opening hours given without engagement in this brochure and any information given by the W\u00f6rthersee Plus Card partners (i.e. the respective website, etc.) are therefore to be observed. Moreover, the Region W\u00f6rthersee-Rosental Tourismus GmbH reserves the right to end the agreement with individual inclusive partners and bonus partners at any time, even within the promotion period, due to important reasons, without having to compensate W\u00f6rthersee Plus Card holders for the subsequently omitted possibility to use the offered services. In general, the Region W\u00f6rthersee-Rosental Tourismus GmbH and its cooperation partners do not assume any liability for any damage card holders might sustain while using the offered services. When using such services, the card holder becomes a contractual partner of the particular W\u00f6rthersee Plus Card partner, so that claims, whatever they may be, are to be asserted exclusively to the respective W\u00f6rthersee Plus Card partner.<br><br><\/li>\n\n\n\n<li><strong>Toll roads \/ boat lines \/ cable cars<\/strong>: On toll roads every passenger (motorcycle, car or bus passenger) has to have a valid W\u00f6rthersee Plus Card, otherwise a proportional toll is charged. Boat line offers relate to scheduled trips according to timetable, but not to special events and special services. The W\u00f6rthersee Plus Card is a leisure card and not a sports card. Cable car offers does therefore not refer do daily repeated rides for the purpose of sport activity (among others paragliding, tobogganing, cycling).<br><br><\/li>\n\n\n\n<li><strong>Issuing conditions<\/strong>: The W\u00f6rthersee Plus Card is free of charge by certain accommodation facilities for the duration of stay and cannot be acquired by purchase. <br><br><\/li>\n\n\n\n<li><strong>Validity conditions<\/strong>: The W\u00f6rthersee Plus Card is non-transferable and is only valid in conjunction with valid photo identification. All W\u00f6rthersee Plus Card services can therefore be used exclusively by the named holder within the W\u00f6rthersee Plus Card validity period (promotion period). The promotion period, within which guests can take advantage of the ser &#8211; vices after purchasing the W\u00f6rthersee Plus Card, is defined in the annually issued W\u00f6rthersee Plus Card brochure. The validity period of each W\u00f6rthersee Plus Card is determinded by the purchased service package. The W\u00f6rthersee Plus Card and its service packages are valid for the calendar year of their purchase. No refund is applicable for costs for unused or only partly used cards and service packages.<br><br><\/li>\n\n\n\n<li><strong>Use<\/strong>: In order to obtain W\u00f6rthersee Plus Card benefits, the card holder shows his W\u00f6rthersee Plus Card to the respective partner, who will check the validity. The card holder is obligated to show valid photo identification upon request. If the card holder is not able to do so, W\u00f6rthersee Plus Card services can be refused.<br><\/li>\n\n\n\n<li><strong>Misuse<\/strong>: In case of misuse or suspected misuse the individual partners are entitled and obligated to confiscate the card without compensation. Transferring the W\u00f6rthersee Plus Card to a third person is not allowed and may result in consequences under criminal law!<br><br><\/li>\n\n\n\n<li><strong>Cards for children<\/strong>: The age group discounts are based on the birth year indicated in the W\u00f6rthersee Plus Card brochure for the respective calender year.<br><br><\/li>\n\n\n\n<li><strong>Use of personal data<\/strong>: With the purchase of the W\u00f6rthersee Plus Card the card holder expressly agrees that his personal data (name, date of birth, postal and email address and phone number) may be passed to the Region W\u00f6rthersee-Rosental Tourismus GmbH. The card holder furthermore agrees to receive information from the co &#8211; operation partner via phone, fax, e-mail and SMS for advertising purposes, direct advertising or in the form of bulk mail about current subscription offer, books, leisure and cultural events. The card holder is entitled to revoke his approval to the use of personal data at any time in written form.<br><\/li>\n\n\n\n<li><strong>Theft\/ loss<\/strong>: In case of theft or loss of the card, the guest can report this occurrence to any issuing office. The Region W\u00f6rthersee-Rosental Tourismus GmbH and its cooperation partner are not liable in case of theft or loss.<br><br><\/li>\n\n\n\n<li><strong>Applicable law \/ legal venue<\/strong>: Any legal relationships between the Region W\u00f6rthersee-Rosental Tourismus GmbH and the card holder are exclusively subject to Austrian law except for the UN law of sale (UNCITRAL) and the reference provisions of the conflict of laws (IPRG). Any legal dispute emerging from or being related to the legal relationships between the Region W\u00f6rthersee-Rosental Tourismus GmbH and the card holder, the responsibility of the court responsible for Villach, Austria is agreed.<\/li>\n<\/ol>\n","protected":false},"excerpt":{"rendered":"<p>THESE GENERAL TERMS AND CONDITIONS APPLY LIKEWISE TO ALL CATEGORIES OF THE W\u00d6RTHERSEE PLUS CARD.<\/p>\n","protected":false},"author":31,"featured_media":0,"parent":10252,"menu_order":0,"comment_status":"closed","ping_status":"closed","template":"","meta":{"footnotes":""},"categories":[],"tags":[],"seitentyp":[],"class_list":["post-56510","page","type-page","status-publish","hentry"],"yoast_head":"<!-- This site is optimized with the Yoast SEO plugin v27.3 - https:\/\/yoast.com\/product\/yoast-seo-wordpress\/ -->\n<title>Conditions of use W\u00f6rthersee Plus Card |visitklagenfurt<\/title>\n<meta name=\"robots\" content=\"index, nofollow, max-snippet:-1, max-image-preview:large, max-video-preview:-1\" \/>\n<link rel=\"canonical\" href=\"https:\/\/www.visitklagenfurt.at\/en\/services\/lake-woerthersee-pluscard\/conditions-of-use-woerthersee-plus-card\/\" \/>\n<meta property=\"og:locale\" content=\"en_US\" \/>\n<meta property=\"og:type\" content=\"article\" \/>\n<meta property=\"og:title\" content=\"Conditions of use W\u00f6rthersee Plus Card |visitklagenfurt\" \/>\n<meta property=\"og:description\" content=\"THESE GENERAL TERMS AND CONDITIONS APPLY LIKEWISE TO ALL CATEGORIES OF THE W\u00d6RTHERSEE PLUS CARD.\" \/>\n<meta property=\"og:url\" content=\"https:\/\/www.visitklagenfurt.at\/en\/services\/lake-woerthersee-pluscard\/conditions-of-use-woerthersee-plus-card\/\" \/>\n<meta property=\"og:site_name\" content=\"visitklagenfurt\" \/>\n<meta property=\"article:modified_time\" content=\"2023-08-01T07:56:47+00:00\" \/>\n<meta name=\"twitter:card\" content=\"summary_large_image\" \/>\n<meta name=\"twitter:label1\" content=\"Est. reading time\" \/>\n\t<meta name=\"twitter:data1\" content=\"6 minutes\" \/>\n<script type=\"application\/ld+json\" class=\"yoast-schema-graph\">{\"@context\":\"https:\\\/\\\/schema.org\",\"@graph\":[{\"@type\":\"WebPage\",\"@id\":\"https:\\\/\\\/www.visitklagenfurt.at\\\/en\\\/services\\\/lake-woerthersee-pluscard\\\/conditions-of-use-woerthersee-plus-card\\\/\",\"url\":\"https:\\\/\\\/www.visitklagenfurt.at\\\/en\\\/services\\\/lake-woerthersee-pluscard\\\/conditions-of-use-woerthersee-plus-card\\\/\",\"name\":\"Conditions of use W\u00f6rthersee Plus Card |visitklagenfurt\",\"isPartOf\":{\"@id\":\"https:\\\/\\\/www.visitklagenfurt.at\\\/en\\\/#website\"},\"datePublished\":\"2023-08-01T07:51:18+00:00\",\"dateModified\":\"2023-08-01T07:56:47+00:00\",\"breadcrumb\":{\"@id\":\"https:\\\/\\\/www.visitklagenfurt.at\\\/en\\\/services\\\/lake-woerthersee-pluscard\\\/conditions-of-use-woerthersee-plus-card\\\/#breadcrumb\"},\"inLanguage\":\"en-US\",\"potentialAction\":[{\"@type\":\"ReadAction\",\"target\":[\"https:\\\/\\\/www.visitklagenfurt.at\\\/en\\\/services\\\/lake-woerthersee-pluscard\\\/conditions-of-use-woerthersee-plus-card\\\/\"]}]},{\"@type\":\"BreadcrumbList\",\"@id\":\"https:\\\/\\\/www.visitklagenfurt.at\\\/en\\\/services\\\/lake-woerthersee-pluscard\\\/conditions-of-use-woerthersee-plus-card\\\/#breadcrumb\",\"itemListElement\":[{\"@type\":\"ListItem\",\"position\":1,\"name\":\"visitklagenfurt\",\"item\":\"https:\\\/\\\/www.visitklagenfurt.at\\\/en\\\/\"},{\"@type\":\"ListItem\",\"position\":2,\"name\":\"Services\",\"item\":\"https:\\\/\\\/www.visitklagenfurt.at\\\/en\\\/services\\\/\"},{\"@type\":\"ListItem\",\"position\":3,\"name\":\"W\u00f6rthersee Plus Card\",\"item\":\"https:\\\/\\\/www.visitklagenfurt.at\\\/en\\\/services\\\/lake-woerthersee-pluscard\\\/\"},{\"@type\":\"ListItem\",\"position\":4,\"name\":\"Conditions of use W\u00f6rthersee Plus Card\"}]},{\"@type\":\"WebSite\",\"@id\":\"https:\\\/\\\/www.visitklagenfurt.at\\\/en\\\/#website\",\"url\":\"https:\\\/\\\/www.visitklagenfurt.at\\\/en\\\/\",\"name\":\"visitklagenfurt\",\"description\":\"\",\"publisher\":{\"@id\":\"https:\\\/\\\/www.visitklagenfurt.at\\\/en\\\/#organization\"},\"potentialAction\":[{\"@type\":\"SearchAction\",\"target\":{\"@type\":\"EntryPoint\",\"urlTemplate\":\"https:\\\/\\\/www.visitklagenfurt.at\\\/en\\\/?s={search_term_string}\"},\"query-input\":{\"@type\":\"PropertyValueSpecification\",\"valueRequired\":true,\"valueName\":\"search_term_string\"}}],\"inLanguage\":\"en-US\"},{\"@type\":\"Organization\",\"@id\":\"https:\\\/\\\/www.visitklagenfurt.at\\\/en\\\/#organization\",\"name\":\"Tourismus Region Klagenfurt am W\u00f6rthersee GmbH\",\"url\":\"https:\\\/\\\/www.visitklagenfurt.at\\\/en\\\/\",\"logo\":{\"@type\":\"ImageObject\",\"inLanguage\":\"en-US\",\"@id\":\"https:\\\/\\\/www.visitklagenfurt.at\\\/en\\\/#\\\/schema\\\/logo\\\/image\\\/\",\"url\":\"https:\\\/\\\/www.visitklagenfurt.at\\\/wp-content\\\/uploads\\\/2022\\\/03\\\/DT_K_Klagenfurt_S_RGB.png\",\"contentUrl\":\"https:\\\/\\\/www.visitklagenfurt.at\\\/wp-content\\\/uploads\\\/2022\\\/03\\\/DT_K_Klagenfurt_S_RGB.png\",\"width\":2082,\"height\":1511,\"caption\":\"Tourismus Region Klagenfurt am W\u00f6rthersee GmbH\"},\"image\":{\"@id\":\"https:\\\/\\\/www.visitklagenfurt.at\\\/en\\\/#\\\/schema\\\/logo\\\/image\\\/\"}}]}<\/script>\n<!-- \/ Yoast SEO plugin. -->","yoast_head_json":{"title":"Conditions of use W\u00f6rthersee Plus Card |visitklagenfurt","robots":{"index":"index","follow":"nofollow","max-snippet":"max-snippet:-1","max-image-preview":"max-image-preview:large","max-video-preview":"max-video-preview:-1"},"canonical":"https:\/\/www.visitklagenfurt.at\/en\/services\/lake-woerthersee-pluscard\/conditions-of-use-woerthersee-plus-card\/","og_locale":"en_US","og_type":"article","og_title":"Conditions of use W\u00f6rthersee Plus Card |visitklagenfurt","og_description":"THESE GENERAL TERMS AND CONDITIONS APPLY LIKEWISE TO ALL CATEGORIES OF THE W\u00d6RTHERSEE PLUS CARD.","og_url":"https:\/\/www.visitklagenfurt.at\/en\/services\/lake-woerthersee-pluscard\/conditions-of-use-woerthersee-plus-card\/","og_site_name":"visitklagenfurt","article_modified_time":"2023-08-01T07:56:47+00:00","twitter_card":"summary_large_image","twitter_misc":{"Est. reading time":"6 minutes"},"schema":{"@context":"https:\/\/schema.org","@graph":[{"@type":"WebPage","@id":"https:\/\/www.visitklagenfurt.at\/en\/services\/lake-woerthersee-pluscard\/conditions-of-use-woerthersee-plus-card\/","url":"https:\/\/www.visitklagenfurt.at\/en\/services\/lake-woerthersee-pluscard\/conditions-of-use-woerthersee-plus-card\/","name":"Conditions of use W\u00f6rthersee Plus Card |visitklagenfurt","isPartOf":{"@id":"https:\/\/www.visitklagenfurt.at\/en\/#website"},"datePublished":"2023-08-01T07:51:18+00:00","dateModified":"2023-08-01T07:56:47+00:00","breadcrumb":{"@id":"https:\/\/www.visitklagenfurt.at\/en\/services\/lake-woerthersee-pluscard\/conditions-of-use-woerthersee-plus-card\/#breadcrumb"},"inLanguage":"en-US","potentialAction":[{"@type":"ReadAction","target":["https:\/\/www.visitklagenfurt.at\/en\/services\/lake-woerthersee-pluscard\/conditions-of-use-woerthersee-plus-card\/"]}]},{"@type":"BreadcrumbList","@id":"https:\/\/www.visitklagenfurt.at\/en\/services\/lake-woerthersee-pluscard\/conditions-of-use-woerthersee-plus-card\/#breadcrumb","itemListElement":[{"@type":"ListItem","position":1,"name":"visitklagenfurt","item":"https:\/\/www.visitklagenfurt.at\/en\/"},{"@type":"ListItem","position":2,"name":"Services","item":"https:\/\/www.visitklagenfurt.at\/en\/services\/"},{"@type":"ListItem","position":3,"name":"W\u00f6rthersee Plus Card","item":"https:\/\/www.visitklagenfurt.at\/en\/services\/lake-woerthersee-pluscard\/"},{"@type":"ListItem","position":4,"name":"Conditions of use W\u00f6rthersee Plus Card"}]},{"@type":"WebSite","@id":"https:\/\/www.visitklagenfurt.at\/en\/#website","url":"https:\/\/www.visitklagenfurt.at\/en\/","name":"visitklagenfurt","description":"","publisher":{"@id":"https:\/\/www.visitklagenfurt.at\/en\/#organization"},"potentialAction":[{"@type":"SearchAction","target":{"@type":"EntryPoint","urlTemplate":"https:\/\/www.visitklagenfurt.at\/en\/?s={search_term_string}"},"query-input":{"@type":"PropertyValueSpecification","valueRequired":true,"valueName":"search_term_string"}}],"inLanguage":"en-US"},{"@type":"Organization","@id":"https:\/\/www.visitklagenfurt.at\/en\/#organization","name":"Tourismus Region Klagenfurt am W\u00f6rthersee GmbH","url":"https:\/\/www.visitklagenfurt.at\/en\/","logo":{"@type":"ImageObject","inLanguage":"en-US","@id":"https:\/\/www.visitklagenfurt.at\/en\/#\/schema\/logo\/image\/","url":"https:\/\/www.visitklagenfurt.at\/wp-content\/uploads\/2022\/03\/DT_K_Klagenfurt_S_RGB.png","contentUrl":"https:\/\/www.visitklagenfurt.at\/wp-content\/uploads\/2022\/03\/DT_K_Klagenfurt_S_RGB.png","width":2082,"height":1511,"caption":"Tourismus Region Klagenfurt am W\u00f6rthersee GmbH"},"image":{"@id":"https:\/\/www.visitklagenfurt.at\/en\/#\/schema\/logo\/image\/"}}]}},"_links":{"self":[{"href":"https:\/\/www.visitklagenfurt.at\/en\/wp-json\/wp\/v2\/pages\/56510","targetHints":{"allow":["GET"]}}],"collection":[{"href":"https:\/\/www.visitklagenfurt.at\/en\/wp-json\/wp\/v2\/pages"}],"about":[{"href":"https:\/\/www.visitklagenfurt.at\/en\/wp-json\/wp\/v2\/types\/page"}],"author":[{"embeddable":true,"href":"https:\/\/www.visitklagenfurt.at\/en\/wp-json\/wp\/v2\/users\/31"}],"replies":[{"embeddable":true,"href":"https:\/\/www.visitklagenfurt.at\/en\/wp-json\/wp\/v2\/comments?post=56510"}],"version-history":[{"count":2,"href":"https:\/\/www.visitklagenfurt.at\/en\/wp-json\/wp\/v2\/pages\/56510\/revisions"}],"predecessor-version":[{"id":56513,"href":"https:\/\/www.visitklagenfurt.at\/en\/wp-json\/wp\/v2\/pages\/56510\/revisions\/56513"}],"up":[{"embeddable":true,"href":"https:\/\/www.visitklagenfurt.at\/en\/wp-json\/wp\/v2\/pages\/10252"}],"wp:attachment":[{"href":"https:\/\/www.visitklagenfurt.at\/en\/wp-json\/wp\/v2\/media?parent=56510"}],"wp:term":[{"taxonomy":"category","embeddable":true,"href":"https:\/\/www.visitklagenfurt.at\/en\/wp-json\/wp\/v2\/categories?post=56510"},{"taxonomy":"post_tag","embeddable":true,"href":"https:\/\/www.visitklagenfurt.at\/en\/wp-json\/wp\/v2\/tags?post=56510"},{"taxonomy":"seitentyp","embeddable":true,"href":"https:\/\/www.visitklagenfurt.at\/en\/wp-json\/wp\/v2\/seitentyp?post=56510"}],"curies":[{"name":"wp","href":"https:\/\/api.w.org\/{rel}","templated":true}]}}