{"id":9290,"date":"2021-03-02T12:50:16","date_gmt":"2021-03-02T11:50:16","guid":{"rendered":"http:\/\/blog.visitklagenfurt.at\/visitklagenfurt\/mobility\/public-transport\/"},"modified":"2021-04-08T15:42:22","modified_gmt":"2021-04-08T13:42:22","slug":"public-transport","status":"publish","type":"page","link":"https:\/\/www.visitklagenfurt.at\/en\/mobility\/public-transport\/","title":{"rendered":"Public transport"},"content":{"rendered":"\n<p>Klagenfurt is proud of its mobility options! The well-developed public transport network will take you to your destination rapidly and reliably. <\/p>\n\n\n\n<h2 class=\"wp-block-heading\">Buses<\/h2>\n\n\n\n<p>KMG Klagenfurt Mobil GmbH looks after mobility by public transport in the city. Every year more than 65 buses transport 20 million passengers. Tickets for individual trips can be bought directly from the bus driver, or your STW Customer Card can be validated on the bus. The short-trip ticket is valid for a single journey between two neighbouring zones and does not allow you to change buses. Tickets can also be bought via the app. <\/p>\n\n\n\n<p><a href=\"https:\/\/www.stw.at\/privat\/mobilitaet\/klagenfurtmobil-app\/\" target=\"_blank\" rel=\"noopener noreferrer\">Download the KlagenfurtMobil app<\/a><\/p>\n\n\n\n<ul class=\"wp-block-list\"><li><a href=\"https:\/\/www.stw.at\/privat\/mobilitaet\/taglinien-und-tagliniennetz\/\"><strong>Daytime route network <\/strong><\/a><\/li><li><a href=\"https:\/\/www.stw.at\/privat\/mobilitaet\/abendlinien-und-abendliniennetz\/\"><strong>Evening route network<\/strong><\/a><\/li><\/ul>\n\n\n\n<p><\/p>\n\n\n\n<p>Other trips outside the city can be found <a href=\"https:\/\/www.kaerntner-linien.at\/\" target=\"_blank\" rel=\"noopener noreferrer\">here<\/a><\/p>\n\n\n\n<p class=\"has-small-font-size\"><strong>Kontakt:<\/strong>\nKMG Klagenfurt Mobil GmbH\nHeiligengeistplatz 12\n9020 Klagenfurt am W\u00f6rthersee\n<a href=\"http:\/\/telto\">+43 463 521 5420<\/a>\n<a href=\"mailto:kundenservice@k-m-g.at\" target=\"_blank\" rel=\"noreferrer noopener\">kundenservice@k-m-g.at<\/a><\/p>\n\n\n\n<h2 class=\"wp-block-heading\">Station shuttles<\/h2>\n\n\n\n<p>The station shuttles run from the railway stations in Spittal an der Drau, Greifenburg-Weissensee, Villach, Hermagor, Velden, P\u00f6rtschach, Klagenfurt, V\u00f6lkermarkt-K\u00fchnsdorf, St. Veit an der Glan, Treibach-Althofen, Friesach, Oberdrauburg, Mallnitz and Lienz in East Tyrol. They will take you directly to around 6,000 accommodation providers, or to one of around 300 destinations in Carinthia.<\/p>\n\n\n\n<p>You can book your transfer online or by phone. Phone bookings are accepted on weekdays from Monday to Friday between 8am and 4pm. Please book by 6pm the previous day. <\/p>\n\n\n\n<div class=\"wp-block-buttons is-layout-flex wp-block-buttons-is-layout-flex\">\n<div class=\"wp-block-button\"><a class=\"wp-block-button__link\" href=\"https:\/\/www.bahnhofshuttle.at\/\" target=\"_blank\" rel=\"noreferrer noopener\">More<\/a><\/div>\n<\/div>\n\n\n\n<h2 class=\"wp-block-heading\">E-mobility<\/h2>\n\n\n\n<p>Environmentally friendly and simple. When you visit the city you can hire electric cars, electric scooters and also electric bikes.<\/p>\n\n\n\n<h3 class=\"wp-block-heading\">E-Auto<\/h3>\n\n\n\n<p><strong>Electric cars<\/strong>\nAre you looking for an electric car? Then contact us now.\nYou can hire an electric car from \u20ac4.80 an hour or \u20ac60 a day. You can park it at the sites of the University of Klagenfurt and at the P&amp;R site at Minimundus.<\/p>\n\n\n\n<div class=\"wp-block-buttons is-layout-flex wp-block-buttons-is-layout-flex\">\n<div class=\"wp-block-button\"><a class=\"wp-block-button__link\" href=\"https:\/\/e-tankstellen-finder.com\/at\/de\/catalog\/index\/at\/K%C3%A4rnten\/Klagenfurt\/%20\/%20\/9020%20Klagenfurt%20am%20W%C3%B6rthersee\/0\/\" target=\"_blank\" rel=\"noreferrer noopener\">Find EV charging stations<\/a><\/div>\n<\/div>\n\n\n\n<h3 class=\"wp-block-heading\">E-Scooter<\/h3>\n\n\n\n<p>Do you want to cover short routes in the city fast? It is nice and simple with the electric scooters available from Tier Mobility Austria GmbH and Maximal Mobility GmbH. All you need to do is install the respective app on your mobile. Once you have registered, the app will show you where there are vacant scooters. Register for the scooter by scanning the QR code and off you go. After you have finished your trip, you have to log out again. Use is restricted to the city area.<\/p>\n\n\n\n<h2 class=\"wp-block-heading\">Taxis<\/h2>\n\n\n\n<p>In Klagenfurt it is easy to get from A to B quickly without having to wait. Call a taxi!<\/p>\n\n\n\n<p>Order your trip:<\/p>\n\n\n\n<p>Tel. 0463 51 51 51, <a href=\"http:\/\/www.taxi515151.com\/\" target=\"_blank\" rel=\"noreferrer noopener\">www.taxi515151.at<\/a>\nTel. 0463 31 111, <a href=\"http:\/\/www.taxi-klagenfurt.at\" target=\"_blank\" rel=\"noreferrer noopener\">www.taxi-klagenfurt.at<\/a>\nTel. 0463 27 11, <a href=\"http:\/\/www.taxi2711.at\/\" target=\"_blank\" rel=\"noreferrer noopener\">www.taxi2711.at<\/a><\/p>\n\n\n\n<p>You will find further information, price enquiries and information on tariffs on the respective website. <\/p>\n\n\n\n<h2 class=\"wp-block-heading\"> Car rental<\/h2>\n","protected":false},"excerpt":{"rendered":"<p>Klagenfurt is proud of its mobility options! The well-developed public transport network will take you to your destination rapidly and reliably. Buses KMG Klagenfurt Mobil GmbH looks after mobility by public transport in the city. Every year more than 65 buses transport 20 million passengers. Tickets for individual trips can be bought directly from the [&hellip;]<\/p>\n","protected":false},"author":2,"featured_media":10800,"parent":9278,"menu_order":0,"comment_status":"closed","ping_status":"closed","template":"","meta":{"footnotes":""},"categories":[],"tags":[],"seitentyp":[224],"class_list":["post-9290","page","type-page","status-publish","has-post-thumbnail","hentry","seitentyp-microseite-short"],"yoast_head":"<!-- This site is optimized with the Yoast SEO plugin v27.2 - https:\/\/yoast.com\/product\/yoast-seo-wordpress\/ -->\n<title>Public Transport in Klagenfurt | Buses | E-mobility | Car Rental<\/title>\n<meta name=\"description\" content=\"Klagenfurt is proud of its mobility options! The well-developed public transport network will take you to your destination rapidly and reliably.\" \/>\n<meta name=\"robots\" content=\"index, follow, max-snippet:-1, max-image-preview:large, max-video-preview:-1\" \/>\n<link rel=\"canonical\" href=\"https:\/\/www.visitklagenfurt.at\/en\/mobility\/public-transport\/\" \/>\n<meta property=\"og:locale\" content=\"en_US\" \/>\n<meta property=\"og:type\" content=\"article\" \/>\n<meta property=\"og:title\" content=\"Public Transport in Klagenfurt | Buses | E-mobility | Car Rental\" \/>\n<meta property=\"og:description\" content=\"Klagenfurt is proud of its mobility options! The well-developed public transport network will take you to your destination rapidly and reliably.\" \/>\n<meta property=\"og:url\" content=\"https:\/\/www.visitklagenfurt.at\/en\/mobility\/public-transport\/\" \/>\n<meta property=\"og:site_name\" content=\"visitklagenfurt\" \/>\n<meta property=\"article:modified_time\" content=\"2021-04-08T13:42:22+00:00\" \/>\n<meta property=\"og:image\" content=\"https:\/\/www.visitklagenfurt.at\/wp-content\/uploads\/2021\/03\/2019-06-19-084_Thomas_HUDE.jpg\" \/>\n\t<meta property=\"og:image:width\" content=\"2000\" \/>\n\t<meta property=\"og:image:height\" content=\"1331\" \/>\n\t<meta property=\"og:image:type\" content=\"image\/jpeg\" \/>\n<meta name=\"twitter:card\" content=\"summary_large_image\" \/>\n<meta name=\"twitter:label1\" content=\"Est. reading time\" \/>\n\t<meta name=\"twitter:data1\" content=\"2 minutes\" \/>\n<script type=\"application\/ld+json\" class=\"yoast-schema-graph\">{\"@context\":\"https:\/\/schema.org\",\"@graph\":[{\"@type\":\"WebPage\",\"@id\":\"https:\/\/www.visitklagenfurt.at\/en\/mobility\/public-transport\/\",\"url\":\"https:\/\/www.visitklagenfurt.at\/en\/mobility\/public-transport\/\",\"name\":\"Public Transport in Klagenfurt | Buses | E-mobility | Car Rental\",\"isPartOf\":{\"@id\":\"https:\/\/www.visitklagenfurt.at\/en\/#website\"},\"primaryImageOfPage\":{\"@id\":\"https:\/\/www.visitklagenfurt.at\/en\/mobility\/public-transport\/#primaryimage\"},\"image\":{\"@id\":\"https:\/\/www.visitklagenfurt.at\/en\/mobility\/public-transport\/#primaryimage\"},\"thumbnailUrl\":\"https:\/\/www.visitklagenfurt.at\/wp-content\/uploads\/2021\/03\/2019-06-19-084_Thomas_HUDE.jpg\",\"datePublished\":\"2021-03-02T11:50:16+00:00\",\"dateModified\":\"2021-04-08T13:42:22+00:00\",\"description\":\"Klagenfurt is proud of its mobility options! The well-developed public transport network will take you to your destination rapidly and reliably.\",\"breadcrumb\":{\"@id\":\"https:\/\/www.visitklagenfurt.at\/en\/mobility\/public-transport\/#breadcrumb\"},\"inLanguage\":\"en-US\",\"potentialAction\":[{\"@type\":\"ReadAction\",\"target\":[\"https:\/\/www.visitklagenfurt.at\/en\/mobility\/public-transport\/\"]}]},{\"@type\":\"ImageObject\",\"inLanguage\":\"en-US\",\"@id\":\"https:\/\/www.visitklagenfurt.at\/en\/mobility\/public-transport\/#primaryimage\",\"url\":\"https:\/\/www.visitklagenfurt.at\/wp-content\/uploads\/2021\/03\/2019-06-19-084_Thomas_HUDE.jpg\",\"contentUrl\":\"https:\/\/www.visitklagenfurt.at\/wp-content\/uploads\/2021\/03\/2019-06-19-084_Thomas_HUDE.jpg\",\"width\":2000,\"height\":1331,\"caption\":\"(c) Thomas Hude\"},{\"@type\":\"BreadcrumbList\",\"@id\":\"https:\/\/www.visitklagenfurt.at\/en\/mobility\/public-transport\/#breadcrumb\",\"itemListElement\":[{\"@type\":\"ListItem\",\"position\":1,\"name\":\"visitklagenfurt\",\"item\":\"https:\/\/www.visitklagenfurt.at\/en\/\"},{\"@type\":\"ListItem\",\"position\":2,\"name\":\"Mobility\",\"item\":\"https:\/\/www.visitklagenfurt.at\/en\/mobility\/\"},{\"@type\":\"ListItem\",\"position\":3,\"name\":\"Public transport\"}]},{\"@type\":\"WebSite\",\"@id\":\"https:\/\/www.visitklagenfurt.at\/en\/#website\",\"url\":\"https:\/\/www.visitklagenfurt.at\/en\/\",\"name\":\"visitklagenfurt\",\"description\":\"\",\"publisher\":{\"@id\":\"https:\/\/www.visitklagenfurt.at\/en\/#organization\"},\"potentialAction\":[{\"@type\":\"SearchAction\",\"target\":{\"@type\":\"EntryPoint\",\"urlTemplate\":\"https:\/\/www.visitklagenfurt.at\/en\/?s={search_term_string}\"},\"query-input\":{\"@type\":\"PropertyValueSpecification\",\"valueRequired\":true,\"valueName\":\"search_term_string\"}}],\"inLanguage\":\"en-US\"},{\"@type\":\"Organization\",\"@id\":\"https:\/\/www.visitklagenfurt.at\/en\/#organization\",\"name\":\"Tourismus Region Klagenfurt am W\u00f6rthersee GmbH\",\"url\":\"https:\/\/www.visitklagenfurt.at\/en\/\",\"logo\":{\"@type\":\"ImageObject\",\"inLanguage\":\"en-US\",\"@id\":\"https:\/\/www.visitklagenfurt.at\/en\/#\/schema\/logo\/image\/\",\"url\":\"https:\/\/www.visitklagenfurt.at\/wp-content\/uploads\/2022\/03\/DT_K_Klagenfurt_S_RGB.png\",\"contentUrl\":\"https:\/\/www.visitklagenfurt.at\/wp-content\/uploads\/2022\/03\/DT_K_Klagenfurt_S_RGB.png\",\"width\":2082,\"height\":1511,\"caption\":\"Tourismus Region Klagenfurt am W\u00f6rthersee GmbH\"},\"image\":{\"@id\":\"https:\/\/www.visitklagenfurt.at\/en\/#\/schema\/logo\/image\/\"}}]}<\/script>\n<!-- \/ Yoast SEO plugin. -->","yoast_head_json":{"title":"Public Transport in Klagenfurt | Buses | E-mobility | Car Rental","description":"Klagenfurt is proud of its mobility options! The well-developed public transport network will take you to your destination rapidly and reliably.","robots":{"index":"index","follow":"follow","max-snippet":"max-snippet:-1","max-image-preview":"max-image-preview:large","max-video-preview":"max-video-preview:-1"},"canonical":"https:\/\/www.visitklagenfurt.at\/en\/mobility\/public-transport\/","og_locale":"en_US","og_type":"article","og_title":"Public Transport in Klagenfurt | Buses | E-mobility | Car Rental","og_description":"Klagenfurt is proud of its mobility options! The well-developed public transport network will take you to your destination rapidly and reliably.","og_url":"https:\/\/www.visitklagenfurt.at\/en\/mobility\/public-transport\/","og_site_name":"visitklagenfurt","article_modified_time":"2021-04-08T13:42:22+00:00","og_image":[{"width":2000,"height":1331,"url":"https:\/\/www.visitklagenfurt.at\/wp-content\/uploads\/2021\/03\/2019-06-19-084_Thomas_HUDE.jpg","type":"image\/jpeg"}],"twitter_card":"summary_large_image","twitter_misc":{"Est. reading time":"2 minutes"},"schema":{"@context":"https:\/\/schema.org","@graph":[{"@type":"WebPage","@id":"https:\/\/www.visitklagenfurt.at\/en\/mobility\/public-transport\/","url":"https:\/\/www.visitklagenfurt.at\/en\/mobility\/public-transport\/","name":"Public Transport in Klagenfurt | Buses | E-mobility | Car Rental","isPartOf":{"@id":"https:\/\/www.visitklagenfurt.at\/en\/#website"},"primaryImageOfPage":{"@id":"https:\/\/www.visitklagenfurt.at\/en\/mobility\/public-transport\/#primaryimage"},"image":{"@id":"https:\/\/www.visitklagenfurt.at\/en\/mobility\/public-transport\/#primaryimage"},"thumbnailUrl":"https:\/\/www.visitklagenfurt.at\/wp-content\/uploads\/2021\/03\/2019-06-19-084_Thomas_HUDE.jpg","datePublished":"2021-03-02T11:50:16+00:00","dateModified":"2021-04-08T13:42:22+00:00","description":"Klagenfurt is proud of its mobility options! The well-developed public transport network will take you to your destination rapidly and reliably.","breadcrumb":{"@id":"https:\/\/www.visitklagenfurt.at\/en\/mobility\/public-transport\/#breadcrumb"},"inLanguage":"en-US","potentialAction":[{"@type":"ReadAction","target":["https:\/\/www.visitklagenfurt.at\/en\/mobility\/public-transport\/"]}]},{"@type":"ImageObject","inLanguage":"en-US","@id":"https:\/\/www.visitklagenfurt.at\/en\/mobility\/public-transport\/#primaryimage","url":"https:\/\/www.visitklagenfurt.at\/wp-content\/uploads\/2021\/03\/2019-06-19-084_Thomas_HUDE.jpg","contentUrl":"https:\/\/www.visitklagenfurt.at\/wp-content\/uploads\/2021\/03\/2019-06-19-084_Thomas_HUDE.jpg","width":2000,"height":1331,"caption":"(c) Thomas Hude"},{"@type":"BreadcrumbList","@id":"https:\/\/www.visitklagenfurt.at\/en\/mobility\/public-transport\/#breadcrumb","itemListElement":[{"@type":"ListItem","position":1,"name":"visitklagenfurt","item":"https:\/\/www.visitklagenfurt.at\/en\/"},{"@type":"ListItem","position":2,"name":"Mobility","item":"https:\/\/www.visitklagenfurt.at\/en\/mobility\/"},{"@type":"ListItem","position":3,"name":"Public transport"}]},{"@type":"WebSite","@id":"https:\/\/www.visitklagenfurt.at\/en\/#website","url":"https:\/\/www.visitklagenfurt.at\/en\/","name":"visitklagenfurt","description":"","publisher":{"@id":"https:\/\/www.visitklagenfurt.at\/en\/#organization"},"potentialAction":[{"@type":"SearchAction","target":{"@type":"EntryPoint","urlTemplate":"https:\/\/www.visitklagenfurt.at\/en\/?s={search_term_string}"},"query-input":{"@type":"PropertyValueSpecification","valueRequired":true,"valueName":"search_term_string"}}],"inLanguage":"en-US"},{"@type":"Organization","@id":"https:\/\/www.visitklagenfurt.at\/en\/#organization","name":"Tourismus Region Klagenfurt am W\u00f6rthersee GmbH","url":"https:\/\/www.visitklagenfurt.at\/en\/","logo":{"@type":"ImageObject","inLanguage":"en-US","@id":"https:\/\/www.visitklagenfurt.at\/en\/#\/schema\/logo\/image\/","url":"https:\/\/www.visitklagenfurt.at\/wp-content\/uploads\/2022\/03\/DT_K_Klagenfurt_S_RGB.png","contentUrl":"https:\/\/www.visitklagenfurt.at\/wp-content\/uploads\/2022\/03\/DT_K_Klagenfurt_S_RGB.png","width":2082,"height":1511,"caption":"Tourismus Region Klagenfurt am W\u00f6rthersee GmbH"},"image":{"@id":"https:\/\/www.visitklagenfurt.at\/en\/#\/schema\/logo\/image\/"}}]}},"_links":{"self":[{"href":"https:\/\/www.visitklagenfurt.at\/en\/wp-json\/wp\/v2\/pages\/9290","targetHints":{"allow":["GET"]}}],"collection":[{"href":"https:\/\/www.visitklagenfurt.at\/en\/wp-json\/wp\/v2\/pages"}],"about":[{"href":"https:\/\/www.visitklagenfurt.at\/en\/wp-json\/wp\/v2\/types\/page"}],"author":[{"embeddable":true,"href":"https:\/\/www.visitklagenfurt.at\/en\/wp-json\/wp\/v2\/users\/2"}],"replies":[{"embeddable":true,"href":"https:\/\/www.visitklagenfurt.at\/en\/wp-json\/wp\/v2\/comments?post=9290"}],"version-history":[{"count":11,"href":"https:\/\/www.visitklagenfurt.at\/en\/wp-json\/wp\/v2\/pages\/9290\/revisions"}],"predecessor-version":[{"id":13315,"href":"https:\/\/www.visitklagenfurt.at\/en\/wp-json\/wp\/v2\/pages\/9290\/revisions\/13315"}],"up":[{"embeddable":true,"href":"https:\/\/www.visitklagenfurt.at\/en\/wp-json\/wp\/v2\/pages\/9278"}],"wp:featuredmedia":[{"embeddable":true,"href":"https:\/\/www.visitklagenfurt.at\/en\/wp-json\/wp\/v2\/media\/10800"}],"wp:attachment":[{"href":"https:\/\/www.visitklagenfurt.at\/en\/wp-json\/wp\/v2\/media?parent=9290"}],"wp:term":[{"taxonomy":"category","embeddable":true,"href":"https:\/\/www.visitklagenfurt.at\/en\/wp-json\/wp\/v2\/categories?post=9290"},{"taxonomy":"post_tag","embeddable":true,"href":"https:\/\/www.visitklagenfurt.at\/en\/wp-json\/wp\/v2\/tags?post=9290"},{"taxonomy":"seitentyp","embeddable":true,"href":"https:\/\/www.visitklagenfurt.at\/en\/wp-json\/wp\/v2\/seitentyp?post=9290"}],"curies":[{"name":"wp","href":"https:\/\/api.w.org\/{rel}","templated":true}]}}