{"id":9432,"date":"2021-03-02T18:55:28","date_gmt":"2021-03-02T17:55:28","guid":{"rendered":"http:\/\/blog.visitklagenfurt.at\/visitklagenfurt\/sporting-activity\/"},"modified":"2022-09-01T12:03:46","modified_gmt":"2022-09-01T10:03:46","slug":"sporting-activity","status":"publish","type":"page","link":"https:\/\/www.visitklagenfurt.at\/en\/sporting-activity\/","title":{"rendered":"Sporting Activity"},"content":{"rendered":"\t\t<div data-elementor-type=\"wp-page\" data-elementor-id=\"9432\" class=\"elementor elementor-9432 elementor-7373\" data-elementor-post-type=\"page\">\n\t\t\t\t\t\t<section class=\"elementor-section elementor-top-section elementor-element elementor-element-3318b82 elementor-section-height-min-height elementor-section-boxed elementor-section-height-default elementor-section-items-middle\" data-id=\"3318b82\" data-element_type=\"section\" data-e-type=\"section\" data-settings=\"{&quot;background_background&quot;:&quot;classic&quot;}\">\n\t\t\t\t\t\t<div class=\"elementor-container elementor-column-gap-default\">\n\t\t\t\t\t<div class=\"elementor-column elementor-col-100 elementor-top-column elementor-element elementor-element-b19a70f\" data-id=\"b19a70f\" data-element_type=\"column\" data-e-type=\"column\">\n\t\t\t<div class=\"elementor-widget-wrap\">\n\t\t\t\t\t\t\t<\/div>\n\t\t<\/div>\n\t\t\t\t\t<\/div>\n\t\t<\/section>\n\t\t\t\t<section class=\"elementor-section elementor-top-section elementor-element elementor-element-5aec664 elementor-section-boxed elementor-section-height-default elementor-section-height-default\" data-id=\"5aec664\" data-element_type=\"section\" data-e-type=\"section\" data-settings=\"{&quot;background_background&quot;:&quot;classic&quot;}\">\n\t\t\t\t\t\t<div class=\"elementor-container elementor-column-gap-default\">\n\t\t\t\t\t<div class=\"elementor-column elementor-col-100 elementor-top-column elementor-element elementor-element-f2a402d\" data-id=\"f2a402d\" data-element_type=\"column\" data-e-type=\"column\" data-settings=\"{&quot;background_background&quot;:&quot;classic&quot;}\">\n\t\t\t<div class=\"elementor-widget-wrap elementor-element-populated\">\n\t\t\t\t\t\t<div class=\"elementor-element elementor-element-4d6de97 elementor-widget elementor-widget-global elementor-global-42929 elementor-global-39763 elementor-widget-breadcrumbs\" data-id=\"4d6de97\" data-element_type=\"widget\" data-e-type=\"widget\" data-widget_type=\"breadcrumbs.default\">\n\t\t\t\t<div class=\"elementor-widget-container\">\n\t\t\t\t\t<p id=\"breadcrumbs\"><span><span><a href=\"https:\/\/www.visitklagenfurt.at\/en\/\">visitklagenfurt<\/a><\/span><\/span><\/p>\t\t\t\t<\/div>\n\t\t\t\t<\/div>\n\t\t\t\t<div class=\"elementor-element elementor-element-5b8c9de elementor-widget elementor-widget-heading\" data-id=\"5b8c9de\" data-element_type=\"widget\" data-e-type=\"widget\" data-widget_type=\"heading.default\">\n\t\t\t\t<div class=\"elementor-widget-container\">\n\t\t\t\t\t<h1 class=\"elementor-heading-title elementor-size-default\">Sporting Activity<\/h1>\t\t\t\t<\/div>\n\t\t\t\t<\/div>\n\t\t\t\t<div class=\"elementor-element elementor-element-de89c7e elementor-widget elementor-widget-text-editor\" data-id=\"de89c7e\" data-element_type=\"widget\" data-e-type=\"widget\" data-widget_type=\"text-editor.default\">\n\t\t\t\t<div class=\"elementor-widget-container\">\n\t\t\t\t\t\t\t\t\t<p>Breathe the fresh air amidst <strong>unspoiled natural surroundings<\/strong>, in green forests, on the water or on the golf course. Klagenfurt is famous for major <strong>sporting events<\/strong> such as the Ironman, K\u00e4rnten l\u00e4uft (the annual half marathon road running race), or the United World Games. Sport plays a major role here all year round.<\/p><p>In which city can you set off on a hike right from the city centre? Go <strong>hiking<\/strong> through the breathtaking scenery on the Kreuzbergl. Or discover the surrounding mountains, which make every hiker\u2019s heart beat faster. Here you can enjoy the beautiful landscape in peace and total relaxation.<\/p><p>The Kreuzbergl and the half <strong>marathon route<\/strong> offer ideal <strong>running territory<\/strong> with a decent view. On the many different routes to the Zillh\u00f6he, you will make unexpected discoveries on your way.<\/p><p>The ideal choice for a <strong>cycling holiday<\/strong>. You are sure to find a suitable route, whether with the family, on a road bike or a mountain bike. Thanks to the perfect location on Lake W\u00f6rthersee, from here you can reach all the <strong>leisure facilities<\/strong> in the region by bike and explore the cosy surroundings.<\/p><p>Lake W\u00f6rthersee calls for <strong>activities in and on the water<\/strong>. On hot summer days you can find refreshment on the lakeside beaches. Let the wind blow through your hair while sailing or rowing. Discover the W\u00f6rthersee architecture on a stand up paddle tour.<\/p>\t\t\t\t\t\t\t\t<\/div>\n\t\t\t\t<\/div>\n\t\t\t\t\t<\/div>\n\t\t<\/div>\n\t\t\t\t\t<\/div>\n\t\t<\/section>\n\t\t\t\t<section class=\"elementor-section elementor-top-section elementor-element elementor-element-06fdab0 elementor-section-boxed elementor-section-height-default elementor-section-height-default\" data-id=\"06fdab0\" data-element_type=\"section\" data-e-type=\"section\">\n\t\t\t\t\t\t<div class=\"elementor-container elementor-column-gap-default\">\n\t\t\t\t\t<div class=\"elementor-column elementor-col-100 elementor-top-column elementor-element elementor-element-5929c65\" data-id=\"5929c65\" data-element_type=\"column\" data-e-type=\"column\">\n\t\t\t<div class=\"elementor-widget-wrap elementor-element-populated\">\n\t\t\t\t\t\t<div class=\"elementor-element elementor-element-036e138 elementor-widget elementor-widget-pp-tiled-posts\" data-id=\"036e138\" data-element_type=\"widget\" data-e-type=\"widget\" data-widget_type=\"pp-tiled-posts.default\">\n\t\t\t\t<div class=\"elementor-widget-container\">\n\t\t\t\t\t\t\t<div class=\"pp-tiled-posts pp-tiled-posts-layout-1 clearfix\">\n\t\t\t<div class=\"pp-tiles-posts-left\">\t\t<div class=\"pp-tiled-post pp-tiled-post-1 pp-tiled-post-featured\">\n\t\t\t<div class=\"pp-tiled-post-bg pp-media-background \" style=\"background-image:url(https:\/\/www.visitklagenfurt.at\/wp-content\/uploads\/2021\/02\/KTR-Laufen-am-Kreuzbergl-2020-07-29_0136-768x512.jpg)\">\n\t\t\t\t<a class=\"pp-post-link\" href=\"https:\/\/www.visitklagenfurt.at\/en\/sporting-activity\/hiking\/\" title=\"Hiking\"><\/a>\n\t\t\t<\/div>\n\t\t\t<div class=\"pp-tiled-post-content pp-tiled-post-content-bottom\">\n\t\t\t\t\n\t\t\t\t\t\t\t\t\t\t\t\t\t\t<header>\n\t\t\t\t\t\t<h2 class=\"pp-tiled-post-title\">\n\t\t\t\t\t\t\tHiking\t\t\t\t\t\t<\/h2>\n\t\t\t\t\t<\/header>\n\t\t\t\t\n\t\t\t\t\n\t\t\t\t\n\t\t\t\t\t\t\t<\/div>\n\t\t<\/div>\n\t\t<\/div><div class=\"pp-tiles-posts-right\">\t\t<div class=\"pp-tiled-post pp-tiled-post-2 pp-tiled-post-large\">\n\t\t\t<div class=\"pp-tiled-post-bg pp-media-background \" style=\"background-image:url(https:\/\/www.visitklagenfurt.at\/wp-content\/uploads\/2021\/03\/rennrad_sport_rad_lendkanal_sommer_2017_c-franz_gerdl_179-web.jpg)\">\n\t\t\t\t<a class=\"pp-post-link\" href=\"https:\/\/www.visitklagenfurt.at\/en\/sporting-activity\/triathlon\/\" title=\"Triathlon\"><\/a>\n\t\t\t<\/div>\n\t\t\t<div class=\"pp-tiled-post-content pp-tiled-post-content-bottom\">\n\t\t\t\t\n\t\t\t\t\t\t\t\t\t\t\t\t\t\t<header>\n\t\t\t\t\t\t<h2 class=\"pp-tiled-post-title\">\n\t\t\t\t\t\t\tTriathlon\t\t\t\t\t\t<\/h2>\n\t\t\t\t\t<\/header>\n\t\t\t\t\n\t\t\t\t\n\t\t\t\t\n\t\t\t\t\t\t\t<\/div>\n\t\t<\/div>\n\t\t\t\t<div class=\"pp-tiled-post pp-tiled-post-3 pp-tiled-post-medium\">\n\t\t\t<div class=\"pp-tiled-post-bg pp-media-background \" style=\"background-image:url(https:\/\/www.visitklagenfurt.at\/wp-content\/uploads\/2021\/03\/genussrad_sport_rad_weinberg_seewiese_karawanken_sommer_2018_c-franz_gerdl_153-web.jpg)\">\n\t\t\t\t<a class=\"pp-post-link\" href=\"https:\/\/www.visitklagenfurt.at\/en\/sporting-activity\/cycling\/\" title=\"Cycling\"><\/a>\n\t\t\t<\/div>\n\t\t\t<div class=\"pp-tiled-post-content pp-tiled-post-content-bottom\">\n\t\t\t\t\n\t\t\t\t\t\t\t\t\t\t\t\t\t\t<header>\n\t\t\t\t\t\t<h2 class=\"pp-tiled-post-title\">\n\t\t\t\t\t\t\tCycling\t\t\t\t\t\t<\/h2>\n\t\t\t\t\t<\/header>\n\t\t\t\t\n\t\t\t\t\n\t\t\t\t\n\t\t\t\t\t\t\t<\/div>\n\t\t<\/div>\n\t\t\t\t<div class=\"pp-tiled-post pp-tiled-post-4 pp-tiled-post-medium\">\n\t\t\t<div class=\"pp-tiled-post-bg pp-media-background \" style=\"background-image:url(https:\/\/www.visitklagenfurt.at\/wp-content\/uploads\/2021\/03\/Laufen_kreuzbergl_c-Tine-Steinthaler.jpg)\">\n\t\t\t\t<a class=\"pp-post-link\" href=\"https:\/\/www.visitklagenfurt.at\/en\/sporting-activity\/running\/\" title=\"Running\"><\/a>\n\t\t\t<\/div>\n\t\t\t<div class=\"pp-tiled-post-content pp-tiled-post-content-bottom\">\n\t\t\t\t\n\t\t\t\t\t\t\t\t\t\t\t\t\t\t<header>\n\t\t\t\t\t\t<h2 class=\"pp-tiled-post-title\">\n\t\t\t\t\t\t\tRunning\t\t\t\t\t\t<\/h2>\n\t\t\t\t\t<\/header>\n\t\t\t\t\n\t\t\t\t\n\t\t\t\t\n\t\t\t\t\t\t\t<\/div>\n\t\t<\/div>\n\t\t<\/div><div class=\"pp-tiled-post-group pp-tiled-post-col-2\">\t\t<div class=\"pp-tiled-post pp-tiled-post-5 pp-tiled-post-medium\">\n\t\t\t<div class=\"pp-tiled-post-bg pp-media-background \" style=\"background-image:url(https:\/\/www.visitklagenfurt.at\/wp-content\/uploads\/2021\/03\/Panorama-1.jpg)\">\n\t\t\t\t<a class=\"pp-post-link\" href=\"https:\/\/www.visitklagenfurt.at\/en\/sporting-activity\/golfclub-seltenheim\/\" title=\"Golfclub Seltenheim\"><\/a>\n\t\t\t<\/div>\n\t\t\t<div class=\"pp-tiled-post-content pp-tiled-post-content-bottom\">\n\t\t\t\t\n\t\t\t\t\t\t\t\t\t\t\t\t\t\t<header>\n\t\t\t\t\t\t<h2 class=\"pp-tiled-post-title\">\n\t\t\t\t\t\t\tGolfclub Seltenheim\t\t\t\t\t\t<\/h2>\n\t\t\t\t\t<\/header>\n\t\t\t\t\n\t\t\t\t\n\t\t\t\t\n\t\t\t\t\t\t\t<\/div>\n\t\t<\/div>\n\t\t\t\t<div class=\"pp-tiled-post pp-tiled-post-6 pp-tiled-post-medium\">\n\t\t\t<div class=\"pp-tiled-post-bg pp-media-background \" style=\"background-image:url(https:\/\/www.visitklagenfurt.at\/wp-content\/uploads\/2021\/03\/sport_ironman_event_ziel_2017_c-getty_images-lennart_preiss_89-web.jpg)\">\n\t\t\t\t<a class=\"pp-post-link\" href=\"https:\/\/www.visitklagenfurt.at\/en\/sporting-activity\/sport-events\/\" title=\"Sport Events\"><\/a>\n\t\t\t<\/div>\n\t\t\t<div class=\"pp-tiled-post-content pp-tiled-post-content-bottom\">\n\t\t\t\t\n\t\t\t\t\t\t\t\t\t\t\t\t\t\t<header>\n\t\t\t\t\t\t<h2 class=\"pp-tiled-post-title\">\n\t\t\t\t\t\t\tSport Events\t\t\t\t\t\t<\/h2>\n\t\t\t\t\t<\/header>\n\t\t\t\t\n\t\t\t\t\n\t\t\t\t\n\t\t\t\t\t\t\t<\/div>\n\t\t<\/div>\n\t\t<\/div>\t\t<\/div>\n\t\t\t\t\t\t<\/div>\n\t\t\t\t<\/div>\n\t\t\t\t\t<\/div>\n\t\t<\/div>\n\t\t\t\t\t<\/div>\n\t\t<\/section>\n\t\t\t\t<\/div>\n\t\t","protected":false},"excerpt":{"rendered":"<p>Breathe the fresh air amidst unspoiled natural surroundings, in green forests, on the water or on the golf course. Klagenfurt is famous for major sporting events such as the Ironman, K\u00e4rnten l\u00e4uft (the annual half marathon road running race), or the United World Games. Sport plays a major role here all year round. In which [&hellip;]<\/p>\n","protected":false},"author":2,"featured_media":77685,"parent":0,"menu_order":0,"comment_status":"closed","ping_status":"closed","template":"elementor_header_footer","meta":{"footnotes":""},"categories":[184],"tags":[],"seitentyp":[],"class_list":["post-9432","page","type-page","status-publish","has-post-thumbnail","hentry","category-sportlich-aktiv"],"yoast_head":"<!-- This site is optimized with the Yoast SEO plugin v27.2 - https:\/\/yoast.com\/product\/yoast-seo-wordpress\/ -->\n<title>Sporting Events Klagenfurt | Hiking | Ironman | Cycling &amp; Running<\/title>\n<meta name=\"description\" content=\"Thanks to the perfect location on Lake W\u00f6rthersee, you can reach all the leisure facilities in the region by bike and explore the cosy surroundings.\" \/>\n<meta name=\"robots\" content=\"index, follow, max-snippet:-1, max-image-preview:large, max-video-preview:-1\" \/>\n<link rel=\"canonical\" href=\"https:\/\/www.visitklagenfurt.at\/en\/sporting-activity\/\" \/>\n<meta property=\"og:locale\" content=\"en_US\" \/>\n<meta property=\"og:type\" content=\"article\" \/>\n<meta property=\"og:title\" content=\"Sporting Events Klagenfurt | Hiking | Ironman | Cycling &amp; Running\" \/>\n<meta property=\"og:description\" content=\"Thanks to the perfect location on Lake W\u00f6rthersee, you can reach all the leisure facilities in the region by bike and explore the cosy surroundings.\" \/>\n<meta property=\"og:url\" content=\"https:\/\/www.visitklagenfurt.at\/en\/sporting-activity\/\" \/>\n<meta property=\"og:site_name\" content=\"visitklagenfurt\" \/>\n<meta property=\"article:modified_time\" content=\"2022-09-01T10:03:46+00:00\" \/>\n<meta property=\"og:image\" content=\"https:\/\/www.visitklagenfurt.at\/wp-content\/uploads\/2026\/02\/Rennrad-Ostbucht_c-Thomas_Sattler-8.jpg\" \/>\n\t<meta property=\"og:image:width\" content=\"2500\" \/>\n\t<meta property=\"og:image:height\" content=\"1667\" \/>\n\t<meta property=\"og:image:type\" content=\"image\/jpeg\" \/>\n<meta name=\"twitter:card\" content=\"summary_large_image\" \/>\n<meta name=\"twitter:label1\" content=\"Est. reading time\" \/>\n\t<meta name=\"twitter:data1\" content=\"2 minutes\" \/>\n<script type=\"application\/ld+json\" class=\"yoast-schema-graph\">{\"@context\":\"https:\/\/schema.org\",\"@graph\":[{\"@type\":\"WebPage\",\"@id\":\"https:\/\/www.visitklagenfurt.at\/en\/sporting-activity\/\",\"url\":\"https:\/\/www.visitklagenfurt.at\/en\/sporting-activity\/\",\"name\":\"Sporting Events Klagenfurt | Hiking | Ironman | Cycling & Running\",\"isPartOf\":{\"@id\":\"https:\/\/www.visitklagenfurt.at\/en\/#website\"},\"primaryImageOfPage\":{\"@id\":\"https:\/\/www.visitklagenfurt.at\/en\/sporting-activity\/#primaryimage\"},\"image\":{\"@id\":\"https:\/\/www.visitklagenfurt.at\/en\/sporting-activity\/#primaryimage\"},\"thumbnailUrl\":\"https:\/\/www.visitklagenfurt.at\/wp-content\/uploads\/2026\/02\/Rennrad-Ostbucht_c-Thomas_Sattler-8.jpg\",\"datePublished\":\"2021-03-02T17:55:28+00:00\",\"dateModified\":\"2022-09-01T10:03:46+00:00\",\"description\":\"Thanks to the perfect location on Lake W\u00f6rthersee, you can reach all the leisure facilities in the region by bike and explore the cosy surroundings.\",\"breadcrumb\":{\"@id\":\"https:\/\/www.visitklagenfurt.at\/en\/sporting-activity\/#breadcrumb\"},\"inLanguage\":\"en-US\",\"potentialAction\":[{\"@type\":\"ReadAction\",\"target\":[\"https:\/\/www.visitklagenfurt.at\/en\/sporting-activity\/\"]}]},{\"@type\":\"ImageObject\",\"inLanguage\":\"en-US\",\"@id\":\"https:\/\/www.visitklagenfurt.at\/en\/sporting-activity\/#primaryimage\",\"url\":\"https:\/\/www.visitklagenfurt.at\/wp-content\/uploads\/2026\/02\/Rennrad-Ostbucht_c-Thomas_Sattler-8.jpg\",\"contentUrl\":\"https:\/\/www.visitklagenfurt.at\/wp-content\/uploads\/2026\/02\/Rennrad-Ostbucht_c-Thomas_Sattler-8.jpg\",\"width\":2500,\"height\":1667,\"caption\":\"Rennradfahren am W\u00f6rthersee K\u00e4rnten \u00d6sterreich\"},{\"@type\":\"BreadcrumbList\",\"@id\":\"https:\/\/www.visitklagenfurt.at\/en\/sporting-activity\/#breadcrumb\",\"itemListElement\":[{\"@type\":\"ListItem\",\"position\":1,\"name\":\"visitklagenfurt\",\"item\":\"https:\/\/www.visitklagenfurt.at\/en\/\"},{\"@type\":\"ListItem\",\"position\":2,\"name\":\"Active sports\",\"item\":\"https:\/\/www.visitklagenfurt.at\/en\/category\/active-sports\/\"},{\"@type\":\"ListItem\",\"position\":3,\"name\":\"Sporting Activity\"}]},{\"@type\":\"WebSite\",\"@id\":\"https:\/\/www.visitklagenfurt.at\/en\/#website\",\"url\":\"https:\/\/www.visitklagenfurt.at\/en\/\",\"name\":\"visitklagenfurt\",\"description\":\"\",\"publisher\":{\"@id\":\"https:\/\/www.visitklagenfurt.at\/en\/#organization\"},\"potentialAction\":[{\"@type\":\"SearchAction\",\"target\":{\"@type\":\"EntryPoint\",\"urlTemplate\":\"https:\/\/www.visitklagenfurt.at\/en\/?s={search_term_string}\"},\"query-input\":{\"@type\":\"PropertyValueSpecification\",\"valueRequired\":true,\"valueName\":\"search_term_string\"}}],\"inLanguage\":\"en-US\"},{\"@type\":\"Organization\",\"@id\":\"https:\/\/www.visitklagenfurt.at\/en\/#organization\",\"name\":\"Tourismus Region Klagenfurt am W\u00f6rthersee GmbH\",\"url\":\"https:\/\/www.visitklagenfurt.at\/en\/\",\"logo\":{\"@type\":\"ImageObject\",\"inLanguage\":\"en-US\",\"@id\":\"https:\/\/www.visitklagenfurt.at\/en\/#\/schema\/logo\/image\/\",\"url\":\"https:\/\/www.visitklagenfurt.at\/wp-content\/uploads\/2022\/03\/DT_K_Klagenfurt_S_RGB.png\",\"contentUrl\":\"https:\/\/www.visitklagenfurt.at\/wp-content\/uploads\/2022\/03\/DT_K_Klagenfurt_S_RGB.png\",\"width\":2082,\"height\":1511,\"caption\":\"Tourismus Region Klagenfurt am W\u00f6rthersee GmbH\"},\"image\":{\"@id\":\"https:\/\/www.visitklagenfurt.at\/en\/#\/schema\/logo\/image\/\"}}]}<\/script>\n<!-- \/ Yoast SEO plugin. -->","yoast_head_json":{"title":"Sporting Events Klagenfurt | Hiking | Ironman | Cycling & Running","description":"Thanks to the perfect location on Lake W\u00f6rthersee, you can reach all the leisure facilities in the region by bike and explore the cosy surroundings.","robots":{"index":"index","follow":"follow","max-snippet":"max-snippet:-1","max-image-preview":"max-image-preview:large","max-video-preview":"max-video-preview:-1"},"canonical":"https:\/\/www.visitklagenfurt.at\/en\/sporting-activity\/","og_locale":"en_US","og_type":"article","og_title":"Sporting Events Klagenfurt | Hiking | Ironman | Cycling & Running","og_description":"Thanks to the perfect location on Lake W\u00f6rthersee, you can reach all the leisure facilities in the region by bike and explore the cosy surroundings.","og_url":"https:\/\/www.visitklagenfurt.at\/en\/sporting-activity\/","og_site_name":"visitklagenfurt","article_modified_time":"2022-09-01T10:03:46+00:00","og_image":[{"width":2500,"height":1667,"url":"https:\/\/www.visitklagenfurt.at\/wp-content\/uploads\/2026\/02\/Rennrad-Ostbucht_c-Thomas_Sattler-8.jpg","type":"image\/jpeg"}],"twitter_card":"summary_large_image","twitter_misc":{"Est. reading time":"2 minutes"},"schema":{"@context":"https:\/\/schema.org","@graph":[{"@type":"WebPage","@id":"https:\/\/www.visitklagenfurt.at\/en\/sporting-activity\/","url":"https:\/\/www.visitklagenfurt.at\/en\/sporting-activity\/","name":"Sporting Events Klagenfurt | Hiking | Ironman | Cycling & Running","isPartOf":{"@id":"https:\/\/www.visitklagenfurt.at\/en\/#website"},"primaryImageOfPage":{"@id":"https:\/\/www.visitklagenfurt.at\/en\/sporting-activity\/#primaryimage"},"image":{"@id":"https:\/\/www.visitklagenfurt.at\/en\/sporting-activity\/#primaryimage"},"thumbnailUrl":"https:\/\/www.visitklagenfurt.at\/wp-content\/uploads\/2026\/02\/Rennrad-Ostbucht_c-Thomas_Sattler-8.jpg","datePublished":"2021-03-02T17:55:28+00:00","dateModified":"2022-09-01T10:03:46+00:00","description":"Thanks to the perfect location on Lake W\u00f6rthersee, you can reach all the leisure facilities in the region by bike and explore the cosy surroundings.","breadcrumb":{"@id":"https:\/\/www.visitklagenfurt.at\/en\/sporting-activity\/#breadcrumb"},"inLanguage":"en-US","potentialAction":[{"@type":"ReadAction","target":["https:\/\/www.visitklagenfurt.at\/en\/sporting-activity\/"]}]},{"@type":"ImageObject","inLanguage":"en-US","@id":"https:\/\/www.visitklagenfurt.at\/en\/sporting-activity\/#primaryimage","url":"https:\/\/www.visitklagenfurt.at\/wp-content\/uploads\/2026\/02\/Rennrad-Ostbucht_c-Thomas_Sattler-8.jpg","contentUrl":"https:\/\/www.visitklagenfurt.at\/wp-content\/uploads\/2026\/02\/Rennrad-Ostbucht_c-Thomas_Sattler-8.jpg","width":2500,"height":1667,"caption":"Rennradfahren am W\u00f6rthersee K\u00e4rnten \u00d6sterreich"},{"@type":"BreadcrumbList","@id":"https:\/\/www.visitklagenfurt.at\/en\/sporting-activity\/#breadcrumb","itemListElement":[{"@type":"ListItem","position":1,"name":"visitklagenfurt","item":"https:\/\/www.visitklagenfurt.at\/en\/"},{"@type":"ListItem","position":2,"name":"Active sports","item":"https:\/\/www.visitklagenfurt.at\/en\/category\/active-sports\/"},{"@type":"ListItem","position":3,"name":"Sporting Activity"}]},{"@type":"WebSite","@id":"https:\/\/www.visitklagenfurt.at\/en\/#website","url":"https:\/\/www.visitklagenfurt.at\/en\/","name":"visitklagenfurt","description":"","publisher":{"@id":"https:\/\/www.visitklagenfurt.at\/en\/#organization"},"potentialAction":[{"@type":"SearchAction","target":{"@type":"EntryPoint","urlTemplate":"https:\/\/www.visitklagenfurt.at\/en\/?s={search_term_string}"},"query-input":{"@type":"PropertyValueSpecification","valueRequired":true,"valueName":"search_term_string"}}],"inLanguage":"en-US"},{"@type":"Organization","@id":"https:\/\/www.visitklagenfurt.at\/en\/#organization","name":"Tourismus Region Klagenfurt am W\u00f6rthersee GmbH","url":"https:\/\/www.visitklagenfurt.at\/en\/","logo":{"@type":"ImageObject","inLanguage":"en-US","@id":"https:\/\/www.visitklagenfurt.at\/en\/#\/schema\/logo\/image\/","url":"https:\/\/www.visitklagenfurt.at\/wp-content\/uploads\/2022\/03\/DT_K_Klagenfurt_S_RGB.png","contentUrl":"https:\/\/www.visitklagenfurt.at\/wp-content\/uploads\/2022\/03\/DT_K_Klagenfurt_S_RGB.png","width":2082,"height":1511,"caption":"Tourismus Region Klagenfurt am W\u00f6rthersee GmbH"},"image":{"@id":"https:\/\/www.visitklagenfurt.at\/en\/#\/schema\/logo\/image\/"}}]}},"_links":{"self":[{"href":"https:\/\/www.visitklagenfurt.at\/en\/wp-json\/wp\/v2\/pages\/9432","targetHints":{"allow":["GET"]}}],"collection":[{"href":"https:\/\/www.visitklagenfurt.at\/en\/wp-json\/wp\/v2\/pages"}],"about":[{"href":"https:\/\/www.visitklagenfurt.at\/en\/wp-json\/wp\/v2\/types\/page"}],"author":[{"embeddable":true,"href":"https:\/\/www.visitklagenfurt.at\/en\/wp-json\/wp\/v2\/users\/2"}],"replies":[{"embeddable":true,"href":"https:\/\/www.visitklagenfurt.at\/en\/wp-json\/wp\/v2\/comments?post=9432"}],"version-history":[{"count":24,"href":"https:\/\/www.visitklagenfurt.at\/en\/wp-json\/wp\/v2\/pages\/9432\/revisions"}],"predecessor-version":[{"id":42965,"href":"https:\/\/www.visitklagenfurt.at\/en\/wp-json\/wp\/v2\/pages\/9432\/revisions\/42965"}],"wp:featuredmedia":[{"embeddable":true,"href":"https:\/\/www.visitklagenfurt.at\/en\/wp-json\/wp\/v2\/media\/77685"}],"wp:attachment":[{"href":"https:\/\/www.visitklagenfurt.at\/en\/wp-json\/wp\/v2\/media?parent=9432"}],"wp:term":[{"taxonomy":"category","embeddable":true,"href":"https:\/\/www.visitklagenfurt.at\/en\/wp-json\/wp\/v2\/categories?post=9432"},{"taxonomy":"post_tag","embeddable":true,"href":"https:\/\/www.visitklagenfurt.at\/en\/wp-json\/wp\/v2\/tags?post=9432"},{"taxonomy":"seitentyp","embeddable":true,"href":"https:\/\/www.visitklagenfurt.at\/en\/wp-json\/wp\/v2\/seitentyp?post=9432"}],"curies":[{"name":"wp","href":"https:\/\/api.w.org\/{rel}","templated":true}]}}