{"id":10257,"date":"2021-03-05T15:48:25","date_gmt":"2021-03-05T14:48:25","guid":{"rendered":"http:\/\/blog.visitklagenfurt.at\/visitklagenfurt\/services\/woerthersee-pluscard\/"},"modified":"2025-09-30T14:45:45","modified_gmt":"2025-09-30T12:45:45","slug":"woerthersee-pluscard","status":"publish","type":"page","link":"https:\/\/www.visitklagenfurt.at\/it\/services\/woerthersee-pluscard\/","title":{"rendered":"W\u00f6rthersee Pluscard"},"content":{"rendered":"\n<p><strong>3 aree, 1 carta!<\/strong><\/p>\n\n\n\n<p>La carta ospiti \u00e8 valida per le tre aree Klagenfurt,<a href=\"https:\/\/www.woerthersee.com\/\"> il W\u00f6rthersee<\/a> e <a href=\"http:\/\/www.kaernten-mitte.at\">la Carinzia centrale<\/a>.<\/p>\n\n\n\n<p>I nostri ospiti hanno <strong>l&#8217;ingresso gratuito e sconti fino al 50%<\/strong> sulle destinazioni turistiche intorno al lago W\u00f6rthersee. Potete ottenere la carta gratuitamente tutto l\u2019anno.<\/p>\n\n\n\n<p>Volete risparmiare sulla vostra vacanza senza perdervi i punti salienti, come la gita in barca sul W\u00f6rthersee, il Pyramidenkogel o il Museo di Arte Moderna? Allora ritirate la W\u00f6rthersee Plus Card <strong>direttamente al momento del check-in presso la reception del vostro alloggio<\/strong>.<\/p>\n\n\n\n<p><\/p>\n\n\n\n<p><strong>Chi ottiene la W\u00f6rthersee PLUS Card?<\/strong><br>Ogni ospite che soggiorna nella regione. All&#8217;arrivo nel vostro alloggio, riceverete una brochure dettagliata su tutti gli sconti.<\/p>\n\n\n\n<p><strong>Quanto tempo \u00e8 valida la carta?&nbsp;<\/strong><br>La tessera \u00e8 valida per tutta la durata del soggiorno.<\/p>\n\n\n\n<p><strong>Cosa potete fare con la carta?<\/strong><br>La W\u00f6rthersee PLUS Card offre molti vantaggi: ingressi gratuiti, sconti e altri buoni.<\/p>\n\n\n\n<p><strong>Cosa succede se smarrite la carta?  <\/strong><br>Se perdete la vostra carta, potete richiedere in qualsiasi momento un duplicato al vostro albergatore. La prima carta perde automaticamente la sua validit\u00e0 e quindi sar\u00e0 valido solo il duplicato. La cessione della PLUS Card a terzi non \u00e8 consentita e comporta sanzioni penali. La carta \u00e8 valida solo in combinazione con un documento d&#8217;identit\u00e0 con foto.<\/p>\n\n\n\n<h2 class=\"wp-block-heading\" id=\"h-tutti-i-vantaggi-in-sintesi\">Tutti i vantaggi in sintesi<\/h2>\n\n\n\n<div style=\"position:relative;padding-top:max(60%,326px);height:0;width:100%\"> <div class=\"brlbs-cmpnt-container brlbs-cmpnt-content-blocker brlbs-cmpnt-with-individual-styles\" data-borlabs-cookie-content-blocker-id=\"issuu\" data-borlabs-cookie-content=\"PGlmcmFtZSBhbGxvdz0iY2xpcGJvYXJkLXdyaXRlIiBzYW5kYm94PSJhbGxvdy10b3AtbmF2aWdhdGlvbiBhbGxvdy10b3AtbmF2aWdhdGlvbi1ieS11c2VyLWFjdGl2YXRpb24gYWxsb3ctZG93bmxvYWRzIGFsbG93LXNjcmlwdHMgYWxsb3ctc2FtZS1vcmlnaW4gYWxsb3ctcG9wdXBzIGFsbG93LW1vZGFscyBhbGxvdy1wb3B1cHMtdG8tZXNjYXBlLXNhbmRib3ggYWxsb3ctZm9ybXMiIGFsbG93ZnVsbHNjcmVlbj0idHJ1ZSIgc3R5bGU9InBvc2l0aW9uOmFic29sdXRlO2JvcmRlcjpub25lO3dpZHRoOjEwMCU7aGVpZ2h0OjEwMCU7bGVmdDowO3JpZ2h0OjA7dG9wOjA7Ym90dG9tOjA7IiBzcmM9Imh0dHBzOi8vZS5pc3N1dS5jb20vZW1iZWQuaHRtbD9iYWNrZ3JvdW5kQ29sb3I9JTIzZmZmZiZiYWNrZ3JvdW5kQ29sb3JGdWxsc2NyZWVuPSUyM2ZmZmYmZD13b2VydGhlcnNlZS1wbHVzLWNhcmRfMjAyMDE4XzIwZW4maGlkZUlzc3V1TG9nbz10cnVlJnBhZ2VMYXlvdXQ9c2luZ2xlUGFnZSZ1PXZpc2l0a2xhZ2VuZnVydCI+PC9pZnJhbWU+\"><div class=\"brlbs-cmpnt-cb-preset-a\"> <p class=\"brlbs-cmpnt-cb-description\">Stai visualizzando un contenuto segnaposto da <strong>Issuu<\/strong>. Per accedere al contenuto effettivo, clicca sul pulsante sottostante. Si prega di notare che in questo modo si condividono i dati con provider di terze parti.<\/p> <div class=\"brlbs-cmpnt-cb-buttons\"> <a class=\"brlbs-cmpnt-cb-btn\" href=\"#\" data-borlabs-cookie-unblock role=\"button\">Sblocca il contenuto<\/a> <a class=\"brlbs-cmpnt-cb-btn\" href=\"#\" data-borlabs-cookie-accept-service role=\"button\" style=\"display: none\">Accetta il servizio richiesto e sblocca i contenuti<\/a> <\/div> <a class=\"brlbs-cmpnt-cb-provider-toggle\" href=\"#\" data-borlabs-cookie-show-provider-information role=\"button\">Ulteriori informazioni<\/a> &#8216;<\/div>&#8216;<\/div><\/div>\n\n\n\n<h2 class=\"wp-block-heading\" id=\"h-tutti-i-vantaggi-in-sintesi\">Tutti i vantaggi in inverno<\/h2>\n\n\n\n<div style=\"position:relative;padding-top:max(60%,326px);height:0;width:100%\"> <div class=\"brlbs-cmpnt-container brlbs-cmpnt-content-blocker brlbs-cmpnt-with-individual-styles\" data-borlabs-cookie-content-blocker-id=\"issuu\" data-borlabs-cookie-content=\"PGlmcmFtZSBhbGxvdz0iY2xpcGJvYXJkLXdyaXRlIiBzYW5kYm94PSJhbGxvdy10b3AtbmF2aWdhdGlvbiBhbGxvdy10b3AtbmF2aWdhdGlvbi1ieS11c2VyLWFjdGl2YXRpb24gYWxsb3ctZG93bmxvYWRzIGFsbG93LXNjcmlwdHMgYWxsb3ctc2FtZS1vcmlnaW4gYWxsb3ctcG9wdXBzIGFsbG93LW1vZGFscyBhbGxvdy1wb3B1cHMtdG8tZXNjYXBlLXNhbmRib3ggYWxsb3ctZm9ybXMiIGFsbG93ZnVsbHNjcmVlbj0idHJ1ZSIgc3R5bGU9InBvc2l0aW9uOmFic29sdXRlO2JvcmRlcjpub25lO3dpZHRoOjEwMCU7aGVpZ2h0OjEwMCU7bGVmdDowO3JpZ2h0OjA7dG9wOjA7Ym90dG9tOjA7IiBzcmM9Imh0dHBzOi8vZS5pc3N1dS5jb20vZW1iZWQuaHRtbD9iYWNrZ3JvdW5kQ29sb3I9JTIzZmZmZmYmZD13X3J0aGVyc2VlX3BsdXNfY2FyZF93aW50ZXJfMjAxOF8xOSZoaWRlSXNzdXVMb2dvPXRydWUmcGFnZUxheW91dD1zaW5nbGVQYWdlJnU9dmlzaXRrbGFnZW5mdXJ0Ij48L2lmcmFtZT4=\"><div class=\"brlbs-cmpnt-cb-preset-a\"> <p class=\"brlbs-cmpnt-cb-description\">Stai visualizzando un contenuto segnaposto da <strong>Issuu<\/strong>. Per accedere al contenuto effettivo, clicca sul pulsante sottostante. Si prega di notare che in questo modo si condividono i dati con provider di terze parti.<\/p> <div class=\"brlbs-cmpnt-cb-buttons\"> <a class=\"brlbs-cmpnt-cb-btn\" href=\"#\" data-borlabs-cookie-unblock role=\"button\">Sblocca il contenuto<\/a> <a class=\"brlbs-cmpnt-cb-btn\" href=\"#\" data-borlabs-cookie-accept-service role=\"button\" style=\"display: none\">Accetta il servizio richiesto e sblocca i contenuti<\/a> <\/div> <a class=\"brlbs-cmpnt-cb-provider-toggle\" href=\"#\" data-borlabs-cookie-show-provider-information role=\"button\">Ulteriori informazioni<\/a> &#8216;<\/div>&#8216;<\/div><\/div>\n\n\n\n<p><\/p>\n","protected":false},"excerpt":{"rendered":"<p>3 aree, 1 carta! La carta ospiti \u00e8 valida per le tre aree Klagenfurt, il W\u00f6rthersee e la Carinzia centrale. I nostri ospiti hanno l&#8217;ingresso gratuito e sconti fino al 50% sulle destinazioni turistiche intorno al lago W\u00f6rthersee. Potete ottenere la carta gratuitamente tutto l\u2019anno. Volete risparmiare sulla vostra vacanza senza perdervi i punti salienti, [&hellip;]<\/p>\n","protected":false},"author":2,"featured_media":5386,"parent":10249,"menu_order":0,"comment_status":"closed","ping_status":"closed","template":"","meta":{"footnotes":""},"categories":[],"tags":[],"seitentyp":[224],"class_list":["post-10257","page","type-page","status-publish","has-post-thumbnail","hentry","seitentyp-microseite-short"],"yoast_head":"<!-- This site is optimized with the Yoast SEO plugin v27.3 - https:\/\/yoast.com\/product\/yoast-seo-wordpress\/ -->\n<title>W\u00f6rthersee Pluscard | Ingresso Gratuito &amp; Sconti | Tessera<\/title>\n<meta name=\"description\" content=\"Volete risparmiare sulla vostra vacanza senza perdervi i punti salienti ? Allora ritirate la W\u00f6rthersee Plus Card direttamente al momento del check-in!\" \/>\n<meta name=\"robots\" content=\"index, follow, max-snippet:-1, max-image-preview:large, max-video-preview:-1\" \/>\n<link rel=\"canonical\" href=\"https:\/\/www.visitklagenfurt.at\/it\/services\/woerthersee-pluscard\/\" \/>\n<meta property=\"og:locale\" content=\"it_IT\" \/>\n<meta property=\"og:type\" content=\"article\" \/>\n<meta property=\"og:title\" content=\"W\u00f6rthersee Pluscard | Ingresso Gratuito &amp; Sconti | Tessera\" \/>\n<meta property=\"og:description\" content=\"Volete risparmiare sulla vostra vacanza senza perdervi i punti salienti ? Allora ritirate la W\u00f6rthersee Plus Card direttamente al momento del check-in!\" \/>\n<meta property=\"og:url\" content=\"https:\/\/www.visitklagenfurt.at\/it\/services\/woerthersee-pluscard\/\" \/>\n<meta property=\"og:site_name\" content=\"visitklagenfurt\" \/>\n<meta property=\"article:modified_time\" content=\"2025-09-30T12:45:45+00:00\" \/>\n<meta property=\"og:image\" content=\"https:\/\/www.visitklagenfurt.at\/wp-content\/uploads\/2021\/02\/1834.jpg\" \/>\n\t<meta property=\"og:image:width\" content=\"1080\" \/>\n\t<meta property=\"og:image:height\" content=\"720\" \/>\n\t<meta property=\"og:image:type\" content=\"image\/jpeg\" \/>\n<meta name=\"twitter:card\" content=\"summary_large_image\" \/>\n<meta name=\"twitter:label1\" content=\"Tempo di lettura stimato\" \/>\n\t<meta name=\"twitter:data1\" content=\"2 minuti\" \/>\n<script type=\"application\/ld+json\" class=\"yoast-schema-graph\">{\"@context\":\"https:\\\/\\\/schema.org\",\"@graph\":[{\"@type\":\"WebPage\",\"@id\":\"https:\\\/\\\/www.visitklagenfurt.at\\\/it\\\/services\\\/woerthersee-pluscard\\\/\",\"url\":\"https:\\\/\\\/www.visitklagenfurt.at\\\/it\\\/services\\\/woerthersee-pluscard\\\/\",\"name\":\"W\u00f6rthersee Pluscard | Ingresso Gratuito & Sconti | Tessera\",\"isPartOf\":{\"@id\":\"https:\\\/\\\/www.visitklagenfurt.at\\\/it\\\/#website\"},\"primaryImageOfPage\":{\"@id\":\"https:\\\/\\\/www.visitklagenfurt.at\\\/it\\\/services\\\/woerthersee-pluscard\\\/#primaryimage\"},\"image\":{\"@id\":\"https:\\\/\\\/www.visitklagenfurt.at\\\/it\\\/services\\\/woerthersee-pluscard\\\/#primaryimage\"},\"thumbnailUrl\":\"https:\\\/\\\/www.visitklagenfurt.at\\\/wp-content\\\/uploads\\\/2021\\\/02\\\/1834.jpg\",\"datePublished\":\"2021-03-05T14:48:25+00:00\",\"dateModified\":\"2025-09-30T12:45:45+00:00\",\"description\":\"Volete risparmiare sulla vostra vacanza senza perdervi i punti salienti ? Allora ritirate la W\u00f6rthersee Plus Card direttamente al momento del check-in!\",\"breadcrumb\":{\"@id\":\"https:\\\/\\\/www.visitklagenfurt.at\\\/it\\\/services\\\/woerthersee-pluscard\\\/#breadcrumb\"},\"inLanguage\":\"it-IT\",\"potentialAction\":[{\"@type\":\"ReadAction\",\"target\":[\"https:\\\/\\\/www.visitklagenfurt.at\\\/it\\\/services\\\/woerthersee-pluscard\\\/\"]}]},{\"@type\":\"ImageObject\",\"inLanguage\":\"it-IT\",\"@id\":\"https:\\\/\\\/www.visitklagenfurt.at\\\/it\\\/services\\\/woerthersee-pluscard\\\/#primaryimage\",\"url\":\"https:\\\/\\\/www.visitklagenfurt.at\\\/wp-content\\\/uploads\\\/2021\\\/02\\\/1834.jpg\",\"contentUrl\":\"https:\\\/\\\/www.visitklagenfurt.at\\\/wp-content\\\/uploads\\\/2021\\\/02\\\/1834.jpg\",\"width\":1080,\"height\":720,\"caption\":\"(c) K\u00e4rnten Werbung, Tine Steinthaler\"},{\"@type\":\"BreadcrumbList\",\"@id\":\"https:\\\/\\\/www.visitklagenfurt.at\\\/it\\\/services\\\/woerthersee-pluscard\\\/#breadcrumb\",\"itemListElement\":[{\"@type\":\"ListItem\",\"position\":1,\"name\":\"visitklagenfurt\",\"item\":\"https:\\\/\\\/www.visitklagenfurt.at\\\/it\\\/\"},{\"@type\":\"ListItem\",\"position\":2,\"name\":\"Services\",\"item\":\"https:\\\/\\\/www.visitklagenfurt.at\\\/it\\\/services\\\/\"},{\"@type\":\"ListItem\",\"position\":3,\"name\":\"W\u00f6rthersee Pluscard\"}]},{\"@type\":\"WebSite\",\"@id\":\"https:\\\/\\\/www.visitklagenfurt.at\\\/it\\\/#website\",\"url\":\"https:\\\/\\\/www.visitklagenfurt.at\\\/it\\\/\",\"name\":\"visitklagenfurt\",\"description\":\"\",\"publisher\":{\"@id\":\"https:\\\/\\\/www.visitklagenfurt.at\\\/it\\\/#organization\"},\"potentialAction\":[{\"@type\":\"SearchAction\",\"target\":{\"@type\":\"EntryPoint\",\"urlTemplate\":\"https:\\\/\\\/www.visitklagenfurt.at\\\/it\\\/?s={search_term_string}\"},\"query-input\":{\"@type\":\"PropertyValueSpecification\",\"valueRequired\":true,\"valueName\":\"search_term_string\"}}],\"inLanguage\":\"it-IT\"},{\"@type\":\"Organization\",\"@id\":\"https:\\\/\\\/www.visitklagenfurt.at\\\/it\\\/#organization\",\"name\":\"Tourismus Region Klagenfurt am W\u00f6rthersee GmbH\",\"url\":\"https:\\\/\\\/www.visitklagenfurt.at\\\/it\\\/\",\"logo\":{\"@type\":\"ImageObject\",\"inLanguage\":\"it-IT\",\"@id\":\"https:\\\/\\\/www.visitklagenfurt.at\\\/it\\\/#\\\/schema\\\/logo\\\/image\\\/\",\"url\":\"https:\\\/\\\/www.visitklagenfurt.at\\\/wp-content\\\/uploads\\\/2022\\\/03\\\/DT_K_Klagenfurt_S_RGB.png\",\"contentUrl\":\"https:\\\/\\\/www.visitklagenfurt.at\\\/wp-content\\\/uploads\\\/2022\\\/03\\\/DT_K_Klagenfurt_S_RGB.png\",\"width\":2082,\"height\":1511,\"caption\":\"Tourismus Region Klagenfurt am W\u00f6rthersee GmbH\"},\"image\":{\"@id\":\"https:\\\/\\\/www.visitklagenfurt.at\\\/it\\\/#\\\/schema\\\/logo\\\/image\\\/\"}}]}<\/script>\n<!-- \/ Yoast SEO plugin. -->","yoast_head_json":{"title":"W\u00f6rthersee Pluscard | Ingresso Gratuito & Sconti | Tessera","description":"Volete risparmiare sulla vostra vacanza senza perdervi i punti salienti ? Allora ritirate la W\u00f6rthersee Plus Card direttamente al momento del check-in!","robots":{"index":"index","follow":"follow","max-snippet":"max-snippet:-1","max-image-preview":"max-image-preview:large","max-video-preview":"max-video-preview:-1"},"canonical":"https:\/\/www.visitklagenfurt.at\/it\/services\/woerthersee-pluscard\/","og_locale":"it_IT","og_type":"article","og_title":"W\u00f6rthersee Pluscard | Ingresso Gratuito & Sconti | Tessera","og_description":"Volete risparmiare sulla vostra vacanza senza perdervi i punti salienti ? Allora ritirate la W\u00f6rthersee Plus Card direttamente al momento del check-in!","og_url":"https:\/\/www.visitklagenfurt.at\/it\/services\/woerthersee-pluscard\/","og_site_name":"visitklagenfurt","article_modified_time":"2025-09-30T12:45:45+00:00","og_image":[{"width":1080,"height":720,"url":"https:\/\/www.visitklagenfurt.at\/wp-content\/uploads\/2021\/02\/1834.jpg","type":"image\/jpeg"}],"twitter_card":"summary_large_image","twitter_misc":{"Tempo di lettura stimato":"2 minuti"},"schema":{"@context":"https:\/\/schema.org","@graph":[{"@type":"WebPage","@id":"https:\/\/www.visitklagenfurt.at\/it\/services\/woerthersee-pluscard\/","url":"https:\/\/www.visitklagenfurt.at\/it\/services\/woerthersee-pluscard\/","name":"W\u00f6rthersee Pluscard | Ingresso Gratuito & Sconti | Tessera","isPartOf":{"@id":"https:\/\/www.visitklagenfurt.at\/it\/#website"},"primaryImageOfPage":{"@id":"https:\/\/www.visitklagenfurt.at\/it\/services\/woerthersee-pluscard\/#primaryimage"},"image":{"@id":"https:\/\/www.visitklagenfurt.at\/it\/services\/woerthersee-pluscard\/#primaryimage"},"thumbnailUrl":"https:\/\/www.visitklagenfurt.at\/wp-content\/uploads\/2021\/02\/1834.jpg","datePublished":"2021-03-05T14:48:25+00:00","dateModified":"2025-09-30T12:45:45+00:00","description":"Volete risparmiare sulla vostra vacanza senza perdervi i punti salienti ? Allora ritirate la W\u00f6rthersee Plus Card direttamente al momento del check-in!","breadcrumb":{"@id":"https:\/\/www.visitklagenfurt.at\/it\/services\/woerthersee-pluscard\/#breadcrumb"},"inLanguage":"it-IT","potentialAction":[{"@type":"ReadAction","target":["https:\/\/www.visitklagenfurt.at\/it\/services\/woerthersee-pluscard\/"]}]},{"@type":"ImageObject","inLanguage":"it-IT","@id":"https:\/\/www.visitklagenfurt.at\/it\/services\/woerthersee-pluscard\/#primaryimage","url":"https:\/\/www.visitklagenfurt.at\/wp-content\/uploads\/2021\/02\/1834.jpg","contentUrl":"https:\/\/www.visitklagenfurt.at\/wp-content\/uploads\/2021\/02\/1834.jpg","width":1080,"height":720,"caption":"(c) K\u00e4rnten Werbung, Tine Steinthaler"},{"@type":"BreadcrumbList","@id":"https:\/\/www.visitklagenfurt.at\/it\/services\/woerthersee-pluscard\/#breadcrumb","itemListElement":[{"@type":"ListItem","position":1,"name":"visitklagenfurt","item":"https:\/\/www.visitklagenfurt.at\/it\/"},{"@type":"ListItem","position":2,"name":"Services","item":"https:\/\/www.visitklagenfurt.at\/it\/services\/"},{"@type":"ListItem","position":3,"name":"W\u00f6rthersee Pluscard"}]},{"@type":"WebSite","@id":"https:\/\/www.visitklagenfurt.at\/it\/#website","url":"https:\/\/www.visitklagenfurt.at\/it\/","name":"visitklagenfurt","description":"","publisher":{"@id":"https:\/\/www.visitklagenfurt.at\/it\/#organization"},"potentialAction":[{"@type":"SearchAction","target":{"@type":"EntryPoint","urlTemplate":"https:\/\/www.visitklagenfurt.at\/it\/?s={search_term_string}"},"query-input":{"@type":"PropertyValueSpecification","valueRequired":true,"valueName":"search_term_string"}}],"inLanguage":"it-IT"},{"@type":"Organization","@id":"https:\/\/www.visitklagenfurt.at\/it\/#organization","name":"Tourismus Region Klagenfurt am W\u00f6rthersee GmbH","url":"https:\/\/www.visitklagenfurt.at\/it\/","logo":{"@type":"ImageObject","inLanguage":"it-IT","@id":"https:\/\/www.visitklagenfurt.at\/it\/#\/schema\/logo\/image\/","url":"https:\/\/www.visitklagenfurt.at\/wp-content\/uploads\/2022\/03\/DT_K_Klagenfurt_S_RGB.png","contentUrl":"https:\/\/www.visitklagenfurt.at\/wp-content\/uploads\/2022\/03\/DT_K_Klagenfurt_S_RGB.png","width":2082,"height":1511,"caption":"Tourismus Region Klagenfurt am W\u00f6rthersee GmbH"},"image":{"@id":"https:\/\/www.visitklagenfurt.at\/it\/#\/schema\/logo\/image\/"}}]}},"_links":{"self":[{"href":"https:\/\/www.visitklagenfurt.at\/it\/wp-json\/wp\/v2\/pages\/10257","targetHints":{"allow":["GET"]}}],"collection":[{"href":"https:\/\/www.visitklagenfurt.at\/it\/wp-json\/wp\/v2\/pages"}],"about":[{"href":"https:\/\/www.visitklagenfurt.at\/it\/wp-json\/wp\/v2\/types\/page"}],"author":[{"embeddable":true,"href":"https:\/\/www.visitklagenfurt.at\/it\/wp-json\/wp\/v2\/users\/2"}],"replies":[{"embeddable":true,"href":"https:\/\/www.visitklagenfurt.at\/it\/wp-json\/wp\/v2\/comments?post=10257"}],"version-history":[{"count":28,"href":"https:\/\/www.visitklagenfurt.at\/it\/wp-json\/wp\/v2\/pages\/10257\/revisions"}],"predecessor-version":[{"id":76942,"href":"https:\/\/www.visitklagenfurt.at\/it\/wp-json\/wp\/v2\/pages\/10257\/revisions\/76942"}],"up":[{"embeddable":true,"href":"https:\/\/www.visitklagenfurt.at\/it\/wp-json\/wp\/v2\/pages\/10249"}],"wp:featuredmedia":[{"embeddable":true,"href":"https:\/\/www.visitklagenfurt.at\/it\/wp-json\/wp\/v2\/media\/5386"}],"wp:attachment":[{"href":"https:\/\/www.visitklagenfurt.at\/it\/wp-json\/wp\/v2\/media?parent=10257"}],"wp:term":[{"taxonomy":"category","embeddable":true,"href":"https:\/\/www.visitklagenfurt.at\/it\/wp-json\/wp\/v2\/categories?post=10257"},{"taxonomy":"post_tag","embeddable":true,"href":"https:\/\/www.visitklagenfurt.at\/it\/wp-json\/wp\/v2\/tags?post=10257"},{"taxonomy":"seitentyp","embeddable":true,"href":"https:\/\/www.visitklagenfurt.at\/it\/wp-json\/wp\/v2\/seitentyp?post=10257"}],"curies":[{"name":"wp","href":"https:\/\/api.w.org\/{rel}","templated":true}]}}