{"id":10513,"date":"2021-03-07T20:15:56","date_gmt":"2021-03-07T19:15:56","guid":{"rendered":"http:\/\/blog.visitklagenfurt.at\/impronta\/"},"modified":"2021-03-31T17:19:57","modified_gmt":"2021-03-31T15:19:57","slug":"impronta","status":"publish","type":"page","link":"https:\/\/www.visitklagenfurt.at\/it\/impronta\/","title":{"rendered":"Impronta"},"content":{"rendered":"\n<h2 class=\"wp-block-heading\">Copyright<\/h2>\n\n\n\n<p>Tourismus Region Klagenfurt am W\u00f6rthersee GmbH&nbsp;<\/p>\n\n\n\n<h2 class=\"wp-block-heading\"><br>Responsabile per il contenuto e la redazione dei testi<\/h2>\n\n\n\n<p>Tourismus Region Klagenfurt am W\u00f6rthersee GmbH<br>Neuer Platz 5<br>A-9020 Klagenfurt am W\u00f6rthersee<br>\u00d6sterreich\/Austria<br>T: +43 463 287 463<br>F: +43 463 287 463 33<br>E:&nbsp;<a href=\"mailto:info@visitklagenfurt.at\" target=\"_blank\" rel=\"noreferrer noopener\">info@visitklagenfurt.at<\/a><br>W:&nbsp;<a href=\"https:\/\/www.visitklagenfurt.at\/\" target=\"_blank\" rel=\"noreferrer noopener\">http:\/\/www.visitklagenfurt.at<\/a><\/p>\n\n\n\n<p>Numero registro imprese: FN 384373f<br>UID Num.: ATU 67484705<br>Tribunale competente: Klagenfurt am W\u00f6rthersee<br>Ordine responsabile: Wirtschaftskammer K\u00e4rnten<br>Autorit\u00e0 secondo ECG (E-Commerce Gesetz\/Legge): Magistrato della citt\u00e0 di Klagenfurt<\/p>\n\n\n\n<h2 class=\"wp-block-heading\"><br>Web<\/h2>\n\n\n\n<p>Net4You Internet GmbH<br>Tirolerstrasse 80<br>9500 Villach<\/p>\n\n\n\n<p>+43 4242 5005<br>+43 4242 5005 5<br><a href=\"mailto:office@net4you.net\" target=\"_blank\" rel=\"noreferrer noopener\">office@net4you.net<\/a><br><a href=\"http:\/\/www.net4you.net\/\" target=\"_blank\" rel=\"noreferrer noopener\">www.net4you.net<\/a><\/p>\n\n\n\n<h2 class=\"wp-block-heading\"><br>Layout<\/h2>\n\n\n\n<p>progressio OG<br>Lakeside B 01<br>9020 Klagenfurt, AUSTRIA&nbsp;<br>(Schwagweg 10,&nbsp;9313 &#8211; St. Georgen am L\u00e4ngsee)<br>+43 (0)664 75080086<br><a href=\"mailto:gerhard.rattenegger@progressio.co.at\" target=\"_blank\" rel=\"noreferrer noopener\"><\/a><a href=\"mailto:gerhard.rattenegger@progressio.co.at\">gerhard.rattenegger@progressio.co.at<\/a><br><a href=\"http:\/\/www.progressio.co.at\/\" target=\"_blank\" rel=\"noreferrer noopener\">http:\/\/www.progressio.co.at\/<\/a><\/p>\n\n\n\n<h2 class=\"wp-block-heading\">Shop<\/h2>\n\n\n\n<p>feratel media technologies AG<br>Moritschstra\u00dfe 2\/IV<br>9500 Villach, AUSTRIA<\/p>\n\n\n\n<p>Telefon: +43 4242 216565-0 \u00b7<br>Fax: +43 4242 216565-65<br>E-Mail:&nbsp;<a href=\"mailto:info@feratel.at\">info@feratel.at<\/a>Web: www.feratel.at<\/p>\n\n\n\n<h2 class=\"wp-block-heading\"><br>Presentazione secondo \u00a725 della Legge sui media<\/h2>\n\n\n\n<p>La Tourismus Region Klagenfurt am W\u00f6rthersee GmbH fornisce, all&#8217;indirizzo www.visitklagenfurt.at informazioni sulla zona turistica di Klagenfurt (che comprende le zone del capoluogo di Klagenfurt am W\u00f6rthersee e dei comuni in Carinzia di Ebenthal, Grafenstein, Maria Saal e Poggersdorf) e le sue infrastrutture turistiche, nonch\u00e9 le offerte e le organizzazioni turistiche.<\/p>\n\n\n\n<h2 class=\"wp-block-heading\"><br>Curatore e proprietario media:<\/h2>\n\n\n\n<p>Tourismus Region Klagenfurt am W\u00f6rthersee GmbH<br>Neuer Platz 5<br>A-9020 Klagenfurt am W\u00f6rthersee<br>\u00d6sterreich\/Austria<br>T: +43 463 287 463<br>F: +43 463 287 463 33<br>E:&nbsp;<a href=\"mailto:info@visitklagenfurt.at\" target=\"_blank\" rel=\"noreferrer noopener\">info@visitklagenfurt.at<\/a><br>W:&nbsp;<a href=\"https:\/\/www.visitklagenfurt.at\/\" target=\"_blank\" rel=\"noreferrer noopener\">http:\/\/www.visitklagenfurt.at<\/a><\/p>\n\n\n\n<p>Numero registro imprese: FN 384373f<br>UID Num.: ATU 67484705<br>Tribunale competente: Klagenfurt am W\u00f6rthersee&nbsp;<br>Ordine responsabile: Wirtschaftskammer K\u00e4rnten<br>Autorit\u00e0 secondo ECG (E-Commerce Gesetz\/Legge): Magistrato della citt\u00e0 di Klagenfurt<\/p>\n","protected":false},"excerpt":{"rendered":"<p>Copyright Tourismus Region Klagenfurt am W\u00f6rthersee GmbH&nbsp; Responsabile per il contenuto e la redazione dei testi Tourismus Region Klagenfurt am W\u00f6rthersee GmbHNeuer Platz 5A-9020 Klagenfurt am W\u00f6rthersee\u00d6sterreich\/AustriaT: +43 463 287 463F: +43 463 287 463 33E:&nbsp;info@visitklagenfurt.atW:&nbsp;http:\/\/www.visitklagenfurt.at Numero registro imprese: FN 384373fUID Num.: ATU 67484705Tribunale competente: Klagenfurt am W\u00f6rtherseeOrdine responsabile: Wirtschaftskammer K\u00e4rntenAutorit\u00e0 secondo ECG (E-Commerce Gesetz\/Legge): [&hellip;]<\/p>\n","protected":false},"author":2,"featured_media":0,"parent":0,"menu_order":0,"comment_status":"closed","ping_status":"closed","template":"","meta":{"footnotes":""},"categories":[],"tags":[],"seitentyp":[],"class_list":["post-10513","page","type-page","status-publish","hentry"],"yoast_head":"<!-- This site is optimized with the Yoast SEO plugin v27.3 - https:\/\/yoast.com\/product\/yoast-seo-wordpress\/ -->\n<title>Impronta | Visit Klagenfurt | Responsabile per il contenuto<\/title>\n<meta name=\"description\" content=\"La Tourismus Region Klagenfurt am W\u00f6rthersee GmbH fornisce, all\u2019indirizzo www.visitklagenfurt.at informazioni sulla zona turistica di Klagenfurt.\" \/>\n<meta name=\"robots\" content=\"index, follow, max-snippet:-1, max-image-preview:large, max-video-preview:-1\" \/>\n<link rel=\"canonical\" href=\"https:\/\/www.visitklagenfurt.at\/it\/impronta\/\" \/>\n<meta property=\"og:locale\" content=\"it_IT\" \/>\n<meta property=\"og:type\" content=\"article\" \/>\n<meta property=\"og:title\" content=\"Impronta | Visit Klagenfurt | Responsabile per il contenuto\" \/>\n<meta property=\"og:description\" content=\"La Tourismus Region Klagenfurt am W\u00f6rthersee GmbH fornisce, all\u2019indirizzo www.visitklagenfurt.at informazioni sulla zona turistica di Klagenfurt.\" \/>\n<meta property=\"og:url\" content=\"https:\/\/www.visitklagenfurt.at\/it\/impronta\/\" \/>\n<meta property=\"og:site_name\" content=\"visitklagenfurt\" \/>\n<meta property=\"article:modified_time\" content=\"2021-03-31T15:19:57+00:00\" \/>\n<meta name=\"twitter:card\" content=\"summary_large_image\" \/>\n<meta name=\"twitter:label1\" content=\"Tempo di lettura stimato\" \/>\n\t<meta name=\"twitter:data1\" content=\"2 minuti\" \/>\n<script type=\"application\/ld+json\" class=\"yoast-schema-graph\">{\"@context\":\"https:\\\/\\\/schema.org\",\"@graph\":[{\"@type\":\"WebPage\",\"@id\":\"https:\\\/\\\/www.visitklagenfurt.at\\\/it\\\/impronta\\\/\",\"url\":\"https:\\\/\\\/www.visitklagenfurt.at\\\/it\\\/impronta\\\/\",\"name\":\"Impronta | Visit Klagenfurt | Responsabile per il contenuto\",\"isPartOf\":{\"@id\":\"https:\\\/\\\/www.visitklagenfurt.at\\\/it\\\/#website\"},\"datePublished\":\"2021-03-07T19:15:56+00:00\",\"dateModified\":\"2021-03-31T15:19:57+00:00\",\"description\":\"La Tourismus Region Klagenfurt am W\u00f6rthersee GmbH fornisce, all\u2019indirizzo www.visitklagenfurt.at informazioni sulla zona turistica di Klagenfurt.\",\"breadcrumb\":{\"@id\":\"https:\\\/\\\/www.visitklagenfurt.at\\\/it\\\/impronta\\\/#breadcrumb\"},\"inLanguage\":\"it-IT\",\"potentialAction\":[{\"@type\":\"ReadAction\",\"target\":[\"https:\\\/\\\/www.visitklagenfurt.at\\\/it\\\/impronta\\\/\"]}]},{\"@type\":\"BreadcrumbList\",\"@id\":\"https:\\\/\\\/www.visitklagenfurt.at\\\/it\\\/impronta\\\/#breadcrumb\",\"itemListElement\":[{\"@type\":\"ListItem\",\"position\":1,\"name\":\"visitklagenfurt\",\"item\":\"https:\\\/\\\/www.visitklagenfurt.at\\\/it\\\/\"},{\"@type\":\"ListItem\",\"position\":2,\"name\":\"Impronta\"}]},{\"@type\":\"WebSite\",\"@id\":\"https:\\\/\\\/www.visitklagenfurt.at\\\/it\\\/#website\",\"url\":\"https:\\\/\\\/www.visitklagenfurt.at\\\/it\\\/\",\"name\":\"visitklagenfurt\",\"description\":\"\",\"publisher\":{\"@id\":\"https:\\\/\\\/www.visitklagenfurt.at\\\/it\\\/#organization\"},\"potentialAction\":[{\"@type\":\"SearchAction\",\"target\":{\"@type\":\"EntryPoint\",\"urlTemplate\":\"https:\\\/\\\/www.visitklagenfurt.at\\\/it\\\/?s={search_term_string}\"},\"query-input\":{\"@type\":\"PropertyValueSpecification\",\"valueRequired\":true,\"valueName\":\"search_term_string\"}}],\"inLanguage\":\"it-IT\"},{\"@type\":\"Organization\",\"@id\":\"https:\\\/\\\/www.visitklagenfurt.at\\\/it\\\/#organization\",\"name\":\"Tourismus Region Klagenfurt am W\u00f6rthersee GmbH\",\"url\":\"https:\\\/\\\/www.visitklagenfurt.at\\\/it\\\/\",\"logo\":{\"@type\":\"ImageObject\",\"inLanguage\":\"it-IT\",\"@id\":\"https:\\\/\\\/www.visitklagenfurt.at\\\/it\\\/#\\\/schema\\\/logo\\\/image\\\/\",\"url\":\"https:\\\/\\\/www.visitklagenfurt.at\\\/wp-content\\\/uploads\\\/2022\\\/03\\\/DT_K_Klagenfurt_S_RGB.png\",\"contentUrl\":\"https:\\\/\\\/www.visitklagenfurt.at\\\/wp-content\\\/uploads\\\/2022\\\/03\\\/DT_K_Klagenfurt_S_RGB.png\",\"width\":2082,\"height\":1511,\"caption\":\"Tourismus Region Klagenfurt am W\u00f6rthersee GmbH\"},\"image\":{\"@id\":\"https:\\\/\\\/www.visitklagenfurt.at\\\/it\\\/#\\\/schema\\\/logo\\\/image\\\/\"}}]}<\/script>\n<!-- \/ Yoast SEO plugin. -->","yoast_head_json":{"title":"Impronta | Visit Klagenfurt | Responsabile per il contenuto","description":"La Tourismus Region Klagenfurt am W\u00f6rthersee GmbH fornisce, all\u2019indirizzo www.visitklagenfurt.at informazioni sulla zona turistica di Klagenfurt.","robots":{"index":"index","follow":"follow","max-snippet":"max-snippet:-1","max-image-preview":"max-image-preview:large","max-video-preview":"max-video-preview:-1"},"canonical":"https:\/\/www.visitklagenfurt.at\/it\/impronta\/","og_locale":"it_IT","og_type":"article","og_title":"Impronta | Visit Klagenfurt | Responsabile per il contenuto","og_description":"La Tourismus Region Klagenfurt am W\u00f6rthersee GmbH fornisce, all\u2019indirizzo www.visitklagenfurt.at informazioni sulla zona turistica di Klagenfurt.","og_url":"https:\/\/www.visitklagenfurt.at\/it\/impronta\/","og_site_name":"visitklagenfurt","article_modified_time":"2021-03-31T15:19:57+00:00","twitter_card":"summary_large_image","twitter_misc":{"Tempo di lettura stimato":"2 minuti"},"schema":{"@context":"https:\/\/schema.org","@graph":[{"@type":"WebPage","@id":"https:\/\/www.visitklagenfurt.at\/it\/impronta\/","url":"https:\/\/www.visitklagenfurt.at\/it\/impronta\/","name":"Impronta | Visit Klagenfurt | Responsabile per il contenuto","isPartOf":{"@id":"https:\/\/www.visitklagenfurt.at\/it\/#website"},"datePublished":"2021-03-07T19:15:56+00:00","dateModified":"2021-03-31T15:19:57+00:00","description":"La Tourismus Region Klagenfurt am W\u00f6rthersee GmbH fornisce, all\u2019indirizzo www.visitklagenfurt.at informazioni sulla zona turistica di Klagenfurt.","breadcrumb":{"@id":"https:\/\/www.visitklagenfurt.at\/it\/impronta\/#breadcrumb"},"inLanguage":"it-IT","potentialAction":[{"@type":"ReadAction","target":["https:\/\/www.visitklagenfurt.at\/it\/impronta\/"]}]},{"@type":"BreadcrumbList","@id":"https:\/\/www.visitklagenfurt.at\/it\/impronta\/#breadcrumb","itemListElement":[{"@type":"ListItem","position":1,"name":"visitklagenfurt","item":"https:\/\/www.visitklagenfurt.at\/it\/"},{"@type":"ListItem","position":2,"name":"Impronta"}]},{"@type":"WebSite","@id":"https:\/\/www.visitklagenfurt.at\/it\/#website","url":"https:\/\/www.visitklagenfurt.at\/it\/","name":"visitklagenfurt","description":"","publisher":{"@id":"https:\/\/www.visitklagenfurt.at\/it\/#organization"},"potentialAction":[{"@type":"SearchAction","target":{"@type":"EntryPoint","urlTemplate":"https:\/\/www.visitklagenfurt.at\/it\/?s={search_term_string}"},"query-input":{"@type":"PropertyValueSpecification","valueRequired":true,"valueName":"search_term_string"}}],"inLanguage":"it-IT"},{"@type":"Organization","@id":"https:\/\/www.visitklagenfurt.at\/it\/#organization","name":"Tourismus Region Klagenfurt am W\u00f6rthersee GmbH","url":"https:\/\/www.visitklagenfurt.at\/it\/","logo":{"@type":"ImageObject","inLanguage":"it-IT","@id":"https:\/\/www.visitklagenfurt.at\/it\/#\/schema\/logo\/image\/","url":"https:\/\/www.visitklagenfurt.at\/wp-content\/uploads\/2022\/03\/DT_K_Klagenfurt_S_RGB.png","contentUrl":"https:\/\/www.visitklagenfurt.at\/wp-content\/uploads\/2022\/03\/DT_K_Klagenfurt_S_RGB.png","width":2082,"height":1511,"caption":"Tourismus Region Klagenfurt am W\u00f6rthersee GmbH"},"image":{"@id":"https:\/\/www.visitklagenfurt.at\/it\/#\/schema\/logo\/image\/"}}]}},"_links":{"self":[{"href":"https:\/\/www.visitklagenfurt.at\/it\/wp-json\/wp\/v2\/pages\/10513","targetHints":{"allow":["GET"]}}],"collection":[{"href":"https:\/\/www.visitklagenfurt.at\/it\/wp-json\/wp\/v2\/pages"}],"about":[{"href":"https:\/\/www.visitklagenfurt.at\/it\/wp-json\/wp\/v2\/types\/page"}],"author":[{"embeddable":true,"href":"https:\/\/www.visitklagenfurt.at\/it\/wp-json\/wp\/v2\/users\/2"}],"replies":[{"embeddable":true,"href":"https:\/\/www.visitklagenfurt.at\/it\/wp-json\/wp\/v2\/comments?post=10513"}],"version-history":[{"count":2,"href":"https:\/\/www.visitklagenfurt.at\/it\/wp-json\/wp\/v2\/pages\/10513\/revisions"}],"predecessor-version":[{"id":10515,"href":"https:\/\/www.visitklagenfurt.at\/it\/wp-json\/wp\/v2\/pages\/10513\/revisions\/10515"}],"wp:attachment":[{"href":"https:\/\/www.visitklagenfurt.at\/it\/wp-json\/wp\/v2\/media?parent=10513"}],"wp:term":[{"taxonomy":"category","embeddable":true,"href":"https:\/\/www.visitklagenfurt.at\/it\/wp-json\/wp\/v2\/categories?post=10513"},{"taxonomy":"post_tag","embeddable":true,"href":"https:\/\/www.visitklagenfurt.at\/it\/wp-json\/wp\/v2\/tags?post=10513"},{"taxonomy":"seitentyp","embeddable":true,"href":"https:\/\/www.visitklagenfurt.at\/it\/wp-json\/wp\/v2\/seitentyp?post=10513"}],"curies":[{"name":"wp","href":"https:\/\/api.w.org\/{rel}","templated":true}]}}