{"id":12326,"date":"2021-03-12T11:58:13","date_gmt":"2021-03-12T10:58:13","guid":{"rendered":"http:\/\/blog.visitklagenfurt.at\/visitklagenfurt\/mete-turistiche\/visite-tematiche\/"},"modified":"2022-09-01T12:10:21","modified_gmt":"2022-09-01T10:10:21","slug":"visite-tematiche","status":"publish","type":"page","link":"https:\/\/www.visitklagenfurt.at\/it\/mete-turistiche\/visite-tematiche\/","title":{"rendered":"Visite tematiche"},"content":{"rendered":"\t\t<div data-elementor-type=\"wp-page\" data-elementor-id=\"12326\" class=\"elementor elementor-12326 elementor-5224\" data-elementor-post-type=\"page\">\n\t\t\t\t\t\t<section class=\"elementor-section elementor-top-section elementor-element elementor-element-83b153f elementor-section-height-min-height elementor-section-boxed elementor-section-height-default elementor-section-items-middle\" data-id=\"83b153f\" data-element_type=\"section\" data-e-type=\"section\" data-settings=\"{&quot;background_background&quot;:&quot;classic&quot;}\">\n\t\t\t\t\t\t<div class=\"elementor-container elementor-column-gap-default\">\n\t\t\t\t\t<div class=\"elementor-column elementor-col-100 elementor-top-column elementor-element elementor-element-2ab08b1\" data-id=\"2ab08b1\" data-element_type=\"column\" data-e-type=\"column\">\n\t\t\t<div class=\"elementor-widget-wrap\">\n\t\t\t\t\t\t\t<\/div>\n\t\t<\/div>\n\t\t\t\t\t<\/div>\n\t\t<\/section>\n\t\t\t\t<section class=\"elementor-section elementor-top-section elementor-element elementor-element-8a73e4e elementor-section-boxed elementor-section-height-default elementor-section-height-default\" data-id=\"8a73e4e\" data-element_type=\"section\" data-e-type=\"section\" data-settings=\"{&quot;background_background&quot;:&quot;classic&quot;}\">\n\t\t\t\t\t\t<div class=\"elementor-container elementor-column-gap-default\">\n\t\t\t\t\t<div class=\"elementor-column elementor-col-100 elementor-top-column elementor-element elementor-element-db8c790\" data-id=\"db8c790\" data-element_type=\"column\" data-e-type=\"column\" data-settings=\"{&quot;background_background&quot;:&quot;classic&quot;}\">\n\t\t\t<div class=\"elementor-widget-wrap elementor-element-populated\">\n\t\t\t\t\t\t<div class=\"elementor-element elementor-element-0fbfc26 elementor-widget elementor-widget-global elementor-global-42931 elementor-global-39763 elementor-widget-breadcrumbs\" data-id=\"0fbfc26\" data-element_type=\"widget\" data-e-type=\"widget\" data-widget_type=\"breadcrumbs.default\">\n\t\t\t\t<div class=\"elementor-widget-container\">\n\t\t\t\t\t<p id=\"breadcrumbs\"><span><span><a href=\"https:\/\/www.visitklagenfurt.at\/it\/\">visitklagenfurt<\/a><\/span><\/span><\/p>\t\t\t\t<\/div>\n\t\t\t\t<\/div>\n\t\t\t\t<div class=\"elementor-element elementor-element-088e92b elementor-widget elementor-widget-heading\" data-id=\"088e92b\" data-element_type=\"widget\" data-e-type=\"widget\" data-widget_type=\"heading.default\">\n\t\t\t\t<div class=\"elementor-widget-container\">\n\t\t\t\t\t<h1 class=\"elementor-heading-title elementor-size-default\">Visite tematiche<\/h1>\t\t\t\t<\/div>\n\t\t\t\t<\/div>\n\t\t\t\t<div class=\"elementor-element elementor-element-881da93 elementor-widget elementor-widget-text-editor\" data-id=\"881da93\" data-element_type=\"widget\" data-e-type=\"widget\" data-widget_type=\"text-editor.default\">\n\t\t\t\t<div class=\"elementor-widget-container\">\n\t\t\t\t\t\t\t\t\t<p><strong>Scoprite che cosa fa di Klagenfurt sul W\u00f6rthersee un luogo speciale<\/strong><br \/>\nVale sempre la pena di esplorare la capitale della regione pi\u00f9 meridionale dell&#8217;Austria. Le diverse sfaccettature di Klagenfurt vengono messe in risalto dalle visite della citt\u00e0 con guide turistiche certificate, esclusivi tour culinari e gite in autobus o barche d&#8217;epoca.<br \/>\nOltre alla fontana Lindwurmbrunnen o il lago W\u00f6rthersee, ci sono ancora molte cose nascoste da scoprire. Klagenfurt colpisce non solo per la fresca atmosfera intorno al W\u00f6rthersee, ma anche per la ricca offerta culturale e per i suoi luoghi pregni di storia che vi porteranno fino ai remoti cortili interni della citt\u00e0 vecchia. Klagenfurt \u00e8 affascinante anche per le sue storie segrete. Che si tratti del panettiere, del custode della torre, o di un omicidio: a Klagenfurt il materiale per le avventure abbonda. Cos\u00ec anche le guide turistiche: quindi dove decidete di andare oggi?<\/p>\n\t\t\t\t\t\t\t\t<\/div>\n\t\t\t\t<\/div>\n\t\t\t\t<div class=\"elementor-element elementor-element-caaa1c3 elementor-widget elementor-widget-button\" data-id=\"caaa1c3\" data-element_type=\"widget\" data-e-type=\"widget\" data-widget_type=\"button.default\">\n\t\t\t\t<div class=\"elementor-widget-container\">\n\t\t\t\t\t\t\t\t\t<div class=\"elementor-button-wrapper\">\n\t\t\t\t\t<a class=\"elementor-button elementor-button-link elementor-size-sm\" href=\"https:\/\/www.visitklagenfurt.at\/it\/mete-turistiche\/visite-tematiche\/prenotare-visite-tematiche\/\" target=\"_blank\">\n\t\t\t\t\t\t<span class=\"elementor-button-content-wrapper\">\n\t\t\t\t\t\t\t\t\t<span class=\"elementor-button-text\">Prenotare le esperienze<\/span>\n\t\t\t\t\t<\/span>\n\t\t\t\t\t<\/a>\n\t\t\t\t<\/div>\n\t\t\t\t\t\t\t\t<\/div>\n\t\t\t\t<\/div>\n\t\t\t\t\t<\/div>\n\t\t<\/div>\n\t\t\t\t\t<\/div>\n\t\t<\/section>\n\t\t\t\t<section class=\"elementor-section elementor-top-section elementor-element elementor-element-23cdb5c elementor-section-boxed elementor-section-height-default elementor-section-height-default\" data-id=\"23cdb5c\" data-element_type=\"section\" data-e-type=\"section\">\n\t\t\t\t\t\t<div class=\"elementor-container elementor-column-gap-default\">\n\t\t\t\t\t<div class=\"elementor-column elementor-col-100 elementor-top-column elementor-element elementor-element-778079e\" data-id=\"778079e\" data-element_type=\"column\" data-e-type=\"column\">\n\t\t\t<div class=\"elementor-widget-wrap elementor-element-populated\">\n\t\t\t\t\t\t<div class=\"elementor-element elementor-element-e644576 elementor-widget elementor-widget-pp-tiled-posts\" data-id=\"e644576\" data-element_type=\"widget\" data-e-type=\"widget\" data-widget_type=\"pp-tiled-posts.default\">\n\t\t\t\t<div class=\"elementor-widget-container\">\n\t\t\t\t\t\t\t<div class=\"pp-tiled-posts pp-tiled-posts-layout-1 clearfix\">\n\t\t\t<div class=\"pp-tiles-posts-left\">\t\t<div class=\"pp-tiled-post pp-tiled-post-1 pp-tiled-post-featured\">\n\t\t\t<div class=\"pp-tiled-post-bg pp-media-background \" style=\"background-image:url(https:\/\/www.visitklagenfurt.at\/wp-content\/uploads\/2021\/03\/kultur_museum_wappensaal_landhaus_2015_sommer_c-gernot_gleiss_16-web.jpeg)\">\n\t\t\t\t<a class=\"pp-post-link\" href=\"https:\/\/www.visitklagenfurt.at\/it\/attrazioni-ed-escursioni\/visite-guidate-della-citta\/visite-tematiche\/\" title=\"Visite tematiche\"><\/a>\n\t\t\t<\/div>\n\t\t\t<div class=\"pp-tiled-post-content pp-tiled-post-content-bottom\">\n\t\t\t\t\n\t\t\t\t\t\t\t\t\t\t\t\t\t\t<header>\n\t\t\t\t\t\t<h2 class=\"pp-tiled-post-title\">\n\t\t\t\t\t\t\tVisite tematiche\t\t\t\t\t\t<\/h2>\n\t\t\t\t\t<\/header>\n\t\t\t\t\n\t\t\t\t\n\t\t\t\t\n\t\t\t\t\t\t\t<\/div>\n\t\t<\/div>\n\t\t<\/div><div class=\"pp-tiles-posts-right\">\t\t<div class=\"pp-tiled-post pp-tiled-post-2 pp-tiled-post-large\">\n\t\t\t<div class=\"pp-tiled-post-bg pp-media-background \" style=\"background-image:url(https:\/\/www.visitklagenfurt.at\/wp-content\/uploads\/2021\/02\/gruppen_kultur_fuhrung_altstadt_2014_c-franz_gerdl_87-web-768x511.jpeg)\">\n\t\t\t\t<a class=\"pp-post-link\" href=\"https:\/\/www.visitklagenfurt.at\/it\/attrazioni-ed-escursioni\/visite-guidate-della-citta\/passeggio-citta-vecchia\/\" title=\"A passeggio in citt\u00e0 vecchia\"><\/a>\n\t\t\t<\/div>\n\t\t\t<div class=\"pp-tiled-post-content pp-tiled-post-content-bottom\">\n\t\t\t\t\n\t\t\t\t\t\t\t\t\t\t\t\t\t\t<header>\n\t\t\t\t\t\t<h2 class=\"pp-tiled-post-title\">\n\t\t\t\t\t\t\tA passeggio in citt\u00e0 vecchia\t\t\t\t\t\t<\/h2>\n\t\t\t\t\t<\/header>\n\t\t\t\t\n\t\t\t\t\n\t\t\t\t\n\t\t\t\t\t\t\t<\/div>\n\t\t<\/div>\n\t\t\t\t<div class=\"pp-tiled-post pp-tiled-post-3 pp-tiled-post-medium\">\n\t\t\t<div class=\"pp-tiled-post-bg pp-media-background \" style=\"background-image:url(https:\/\/www.visitklagenfurt.at\/wp-content\/uploads\/2021\/02\/Geocaching_Klagenfurt_c-Tourismus-Region-Klagenfurt-am-Woerthersee-GmbH-768x432.jpg)\">\n\t\t\t\t<a class=\"pp-post-link\" href=\"https:\/\/www.visitklagenfurt.at\/it\/attrazioni-ed-escursioni\/visite-guidate-della-citta\/geocaching\/\" title=\"Geocaching a Klagenfurt\"><\/a>\n\t\t\t<\/div>\n\t\t\t<div class=\"pp-tiled-post-content pp-tiled-post-content-bottom\">\n\t\t\t\t\n\t\t\t\t\t\t\t\t\t\t\t\t\t\t<header>\n\t\t\t\t\t\t<h2 class=\"pp-tiled-post-title\">\n\t\t\t\t\t\t\tGeocaching a Klagenfurt\t\t\t\t\t\t<\/h2>\n\t\t\t\t\t<\/header>\n\t\t\t\t\n\t\t\t\t\n\t\t\t\t\n\t\t\t\t\t\t\t<\/div>\n\t\t<\/div>\n\t\t\t\t<div class=\"pp-tiled-post pp-tiled-post-4 pp-tiled-post-medium\">\n\t\t\t<div class=\"pp-tiled-post-bg pp-media-background \" style=\"background-image:url(https:\/\/www.visitklagenfurt.at\/wp-content\/uploads\/2022\/09\/innenstadt_fuchskapelle_c-tourismus_region_klaenfurt_am_woerthersee_andreas_siebenhofer_1_jpg-web.jpeg)\">\n\t\t\t\t<a class=\"pp-post-link\" href=\"https:\/\/www.visitklagenfurt.at\/it\/attrazioni-ed-escursioni\/visite-guidate-della-citta\/visita-guidata-nella-fuchskapelle\/\" title=\"Visita guidata nella Fuchskapelle\"><\/a>\n\t\t\t<\/div>\n\t\t\t<div class=\"pp-tiled-post-content pp-tiled-post-content-bottom\">\n\t\t\t\t\n\t\t\t\t\t\t\t\t\t\t\t\t\t\t<header>\n\t\t\t\t\t\t<h2 class=\"pp-tiled-post-title\">\n\t\t\t\t\t\t\tVisita guidata nella Fuchskapelle\t\t\t\t\t\t<\/h2>\n\t\t\t\t\t<\/header>\n\t\t\t\t\n\t\t\t\t\n\t\t\t\t\n\t\t\t\t\t\t\t<\/div>\n\t\t<\/div>\n\t\t<\/div><\/div>\t\t<\/div>\n\t\t\t\t\t\t<\/div>\n\t\t\t\t<\/div>\n\t\t\t\t\t<\/div>\n\t\t<\/div>\n\t\t\t\t\t<\/div>\n\t\t<\/section>\n\t\t\t\t<\/div>\n\t\t","protected":false},"excerpt":{"rendered":"<p>Scoprite che cosa fa di Klagenfurt sul W\u00f6rthersee un luogo speciale Vale sempre la pena di esplorare la capitale della regione pi\u00f9 meridionale dell&#8217;Austria. Le diverse sfaccettature di Klagenfurt vengono messe in risalto dalle visite della citt\u00e0 con guide turistiche certificate, esclusivi tour culinari e gite in autobus o barche d&#8217;epoca. Oltre alla fontana Lindwurmbrunnen [&hellip;]<\/p>\n","protected":false},"author":2,"featured_media":5198,"parent":9528,"menu_order":0,"comment_status":"closed","ping_status":"closed","template":"elementor_header_footer","meta":{"footnotes":""},"categories":[],"tags":[],"seitentyp":[],"class_list":["post-12326","page","type-page","status-publish","has-post-thumbnail","hentry"],"yoast_head":"<!-- This site is optimized with the Yoast SEO plugin v27.3 - https:\/\/yoast.com\/product\/yoast-seo-wordpress\/ -->\n<title>Visite Tematiche a Klagenfurt | Citt\u00e0 Vecchia | Prenotare<\/title>\n<meta name=\"description\" content=\"Le diverse sfaccettature di Klagenfurt vengono messe in risalto dalle visite della citt\u00e0 con guide turistiche certificate ed esclusivi tour culinari.\" \/>\n<meta name=\"robots\" content=\"index, follow, max-snippet:-1, max-image-preview:large, max-video-preview:-1\" \/>\n<link rel=\"canonical\" href=\"https:\/\/www.visitklagenfurt.at\/it\/mete-turistiche\/visite-tematiche\/\" \/>\n<meta property=\"og:locale\" content=\"it_IT\" \/>\n<meta property=\"og:type\" content=\"article\" \/>\n<meta property=\"og:title\" content=\"Visite Tematiche a Klagenfurt | Citt\u00e0 Vecchia | Prenotare\" \/>\n<meta property=\"og:description\" content=\"Le diverse sfaccettature di Klagenfurt vengono messe in risalto dalle visite della citt\u00e0 con guide turistiche certificate ed esclusivi tour culinari.\" \/>\n<meta property=\"og:url\" content=\"https:\/\/www.visitklagenfurt.at\/it\/mete-turistiche\/visite-tematiche\/\" \/>\n<meta property=\"og:site_name\" content=\"visitklagenfurt\" \/>\n<meta property=\"article:modified_time\" content=\"2022-09-01T10:10:21+00:00\" \/>\n<meta property=\"og:image\" content=\"https:\/\/www.visitklagenfurt.at\/wp-content\/uploads\/2021\/02\/gruppen_kultur_fuhrung_altstadt_2014_c-franz_gerdl_87-web.jpeg\" \/>\n\t<meta property=\"og:image:width\" content=\"2048\" \/>\n\t<meta property=\"og:image:height\" content=\"1363\" \/>\n\t<meta property=\"og:image:type\" content=\"image\/jpeg\" \/>\n<meta name=\"twitter:card\" content=\"summary_large_image\" \/>\n<meta name=\"twitter:label1\" content=\"Tempo di lettura stimato\" \/>\n\t<meta name=\"twitter:data1\" content=\"1 minuto\" \/>\n<script type=\"application\/ld+json\" class=\"yoast-schema-graph\">{\"@context\":\"https:\\\/\\\/schema.org\",\"@graph\":[{\"@type\":\"WebPage\",\"@id\":\"https:\\\/\\\/www.visitklagenfurt.at\\\/it\\\/mete-turistiche\\\/visite-tematiche\\\/\",\"url\":\"https:\\\/\\\/www.visitklagenfurt.at\\\/it\\\/mete-turistiche\\\/visite-tematiche\\\/\",\"name\":\"Visite Tematiche a Klagenfurt | Citt\u00e0 Vecchia | Prenotare\",\"isPartOf\":{\"@id\":\"https:\\\/\\\/www.visitklagenfurt.at\\\/it\\\/#website\"},\"primaryImageOfPage\":{\"@id\":\"https:\\\/\\\/www.visitklagenfurt.at\\\/it\\\/mete-turistiche\\\/visite-tematiche\\\/#primaryimage\"},\"image\":{\"@id\":\"https:\\\/\\\/www.visitklagenfurt.at\\\/it\\\/mete-turistiche\\\/visite-tematiche\\\/#primaryimage\"},\"thumbnailUrl\":\"https:\\\/\\\/www.visitklagenfurt.at\\\/wp-content\\\/uploads\\\/2021\\\/02\\\/gruppen_kultur_fuhrung_altstadt_2014_c-franz_gerdl_87-web.jpeg\",\"datePublished\":\"2021-03-12T10:58:13+00:00\",\"dateModified\":\"2022-09-01T10:10:21+00:00\",\"description\":\"Le diverse sfaccettature di Klagenfurt vengono messe in risalto dalle visite della citt\u00e0 con guide turistiche certificate ed esclusivi tour culinari.\",\"breadcrumb\":{\"@id\":\"https:\\\/\\\/www.visitklagenfurt.at\\\/it\\\/mete-turistiche\\\/visite-tematiche\\\/#breadcrumb\"},\"inLanguage\":\"it-IT\",\"potentialAction\":[{\"@type\":\"ReadAction\",\"target\":[\"https:\\\/\\\/www.visitklagenfurt.at\\\/it\\\/mete-turistiche\\\/visite-tematiche\\\/\"]}]},{\"@type\":\"ImageObject\",\"inLanguage\":\"it-IT\",\"@id\":\"https:\\\/\\\/www.visitklagenfurt.at\\\/it\\\/mete-turistiche\\\/visite-tematiche\\\/#primaryimage\",\"url\":\"https:\\\/\\\/www.visitklagenfurt.at\\\/wp-content\\\/uploads\\\/2021\\\/02\\\/gruppen_kultur_fuhrung_altstadt_2014_c-franz_gerdl_87-web.jpeg\",\"contentUrl\":\"https:\\\/\\\/www.visitklagenfurt.at\\\/wp-content\\\/uploads\\\/2021\\\/02\\\/gruppen_kultur_fuhrung_altstadt_2014_c-franz_gerdl_87-web.jpeg\",\"width\":2048,\"height\":1363,\"caption\":\"(c) Franz Gerdl\"},{\"@type\":\"BreadcrumbList\",\"@id\":\"https:\\\/\\\/www.visitklagenfurt.at\\\/it\\\/mete-turistiche\\\/visite-tematiche\\\/#breadcrumb\",\"itemListElement\":[{\"@type\":\"ListItem\",\"position\":1,\"name\":\"visitklagenfurt\",\"item\":\"https:\\\/\\\/www.visitklagenfurt.at\\\/it\\\/\"},{\"@type\":\"ListItem\",\"position\":2,\"name\":\"Mete turistiche\",\"item\":\"https:\\\/\\\/www.visitklagenfurt.at\\\/it\\\/mete-turistiche\\\/\"},{\"@type\":\"ListItem\",\"position\":3,\"name\":\"Visite tematiche\"}]},{\"@type\":\"WebSite\",\"@id\":\"https:\\\/\\\/www.visitklagenfurt.at\\\/it\\\/#website\",\"url\":\"https:\\\/\\\/www.visitklagenfurt.at\\\/it\\\/\",\"name\":\"visitklagenfurt\",\"description\":\"\",\"publisher\":{\"@id\":\"https:\\\/\\\/www.visitklagenfurt.at\\\/it\\\/#organization\"},\"potentialAction\":[{\"@type\":\"SearchAction\",\"target\":{\"@type\":\"EntryPoint\",\"urlTemplate\":\"https:\\\/\\\/www.visitklagenfurt.at\\\/it\\\/?s={search_term_string}\"},\"query-input\":{\"@type\":\"PropertyValueSpecification\",\"valueRequired\":true,\"valueName\":\"search_term_string\"}}],\"inLanguage\":\"it-IT\"},{\"@type\":\"Organization\",\"@id\":\"https:\\\/\\\/www.visitklagenfurt.at\\\/it\\\/#organization\",\"name\":\"Tourismus Region Klagenfurt am W\u00f6rthersee GmbH\",\"url\":\"https:\\\/\\\/www.visitklagenfurt.at\\\/it\\\/\",\"logo\":{\"@type\":\"ImageObject\",\"inLanguage\":\"it-IT\",\"@id\":\"https:\\\/\\\/www.visitklagenfurt.at\\\/it\\\/#\\\/schema\\\/logo\\\/image\\\/\",\"url\":\"https:\\\/\\\/www.visitklagenfurt.at\\\/wp-content\\\/uploads\\\/2022\\\/03\\\/DT_K_Klagenfurt_S_RGB.png\",\"contentUrl\":\"https:\\\/\\\/www.visitklagenfurt.at\\\/wp-content\\\/uploads\\\/2022\\\/03\\\/DT_K_Klagenfurt_S_RGB.png\",\"width\":2082,\"height\":1511,\"caption\":\"Tourismus Region Klagenfurt am W\u00f6rthersee GmbH\"},\"image\":{\"@id\":\"https:\\\/\\\/www.visitklagenfurt.at\\\/it\\\/#\\\/schema\\\/logo\\\/image\\\/\"}}]}<\/script>\n<!-- \/ Yoast SEO plugin. -->","yoast_head_json":{"title":"Visite Tematiche a Klagenfurt | Citt\u00e0 Vecchia | Prenotare","description":"Le diverse sfaccettature di Klagenfurt vengono messe in risalto dalle visite della citt\u00e0 con guide turistiche certificate ed esclusivi tour culinari.","robots":{"index":"index","follow":"follow","max-snippet":"max-snippet:-1","max-image-preview":"max-image-preview:large","max-video-preview":"max-video-preview:-1"},"canonical":"https:\/\/www.visitklagenfurt.at\/it\/mete-turistiche\/visite-tematiche\/","og_locale":"it_IT","og_type":"article","og_title":"Visite Tematiche a Klagenfurt | Citt\u00e0 Vecchia | Prenotare","og_description":"Le diverse sfaccettature di Klagenfurt vengono messe in risalto dalle visite della citt\u00e0 con guide turistiche certificate ed esclusivi tour culinari.","og_url":"https:\/\/www.visitklagenfurt.at\/it\/mete-turistiche\/visite-tematiche\/","og_site_name":"visitklagenfurt","article_modified_time":"2022-09-01T10:10:21+00:00","og_image":[{"width":2048,"height":1363,"url":"https:\/\/www.visitklagenfurt.at\/wp-content\/uploads\/2021\/02\/gruppen_kultur_fuhrung_altstadt_2014_c-franz_gerdl_87-web.jpeg","type":"image\/jpeg"}],"twitter_card":"summary_large_image","twitter_misc":{"Tempo di lettura stimato":"1 minuto"},"schema":{"@context":"https:\/\/schema.org","@graph":[{"@type":"WebPage","@id":"https:\/\/www.visitklagenfurt.at\/it\/mete-turistiche\/visite-tematiche\/","url":"https:\/\/www.visitklagenfurt.at\/it\/mete-turistiche\/visite-tematiche\/","name":"Visite Tematiche a Klagenfurt | Citt\u00e0 Vecchia | Prenotare","isPartOf":{"@id":"https:\/\/www.visitklagenfurt.at\/it\/#website"},"primaryImageOfPage":{"@id":"https:\/\/www.visitklagenfurt.at\/it\/mete-turistiche\/visite-tematiche\/#primaryimage"},"image":{"@id":"https:\/\/www.visitklagenfurt.at\/it\/mete-turistiche\/visite-tematiche\/#primaryimage"},"thumbnailUrl":"https:\/\/www.visitklagenfurt.at\/wp-content\/uploads\/2021\/02\/gruppen_kultur_fuhrung_altstadt_2014_c-franz_gerdl_87-web.jpeg","datePublished":"2021-03-12T10:58:13+00:00","dateModified":"2022-09-01T10:10:21+00:00","description":"Le diverse sfaccettature di Klagenfurt vengono messe in risalto dalle visite della citt\u00e0 con guide turistiche certificate ed esclusivi tour culinari.","breadcrumb":{"@id":"https:\/\/www.visitklagenfurt.at\/it\/mete-turistiche\/visite-tematiche\/#breadcrumb"},"inLanguage":"it-IT","potentialAction":[{"@type":"ReadAction","target":["https:\/\/www.visitklagenfurt.at\/it\/mete-turistiche\/visite-tematiche\/"]}]},{"@type":"ImageObject","inLanguage":"it-IT","@id":"https:\/\/www.visitklagenfurt.at\/it\/mete-turistiche\/visite-tematiche\/#primaryimage","url":"https:\/\/www.visitklagenfurt.at\/wp-content\/uploads\/2021\/02\/gruppen_kultur_fuhrung_altstadt_2014_c-franz_gerdl_87-web.jpeg","contentUrl":"https:\/\/www.visitklagenfurt.at\/wp-content\/uploads\/2021\/02\/gruppen_kultur_fuhrung_altstadt_2014_c-franz_gerdl_87-web.jpeg","width":2048,"height":1363,"caption":"(c) Franz Gerdl"},{"@type":"BreadcrumbList","@id":"https:\/\/www.visitklagenfurt.at\/it\/mete-turistiche\/visite-tematiche\/#breadcrumb","itemListElement":[{"@type":"ListItem","position":1,"name":"visitklagenfurt","item":"https:\/\/www.visitklagenfurt.at\/it\/"},{"@type":"ListItem","position":2,"name":"Mete turistiche","item":"https:\/\/www.visitklagenfurt.at\/it\/mete-turistiche\/"},{"@type":"ListItem","position":3,"name":"Visite tematiche"}]},{"@type":"WebSite","@id":"https:\/\/www.visitklagenfurt.at\/it\/#website","url":"https:\/\/www.visitklagenfurt.at\/it\/","name":"visitklagenfurt","description":"","publisher":{"@id":"https:\/\/www.visitklagenfurt.at\/it\/#organization"},"potentialAction":[{"@type":"SearchAction","target":{"@type":"EntryPoint","urlTemplate":"https:\/\/www.visitklagenfurt.at\/it\/?s={search_term_string}"},"query-input":{"@type":"PropertyValueSpecification","valueRequired":true,"valueName":"search_term_string"}}],"inLanguage":"it-IT"},{"@type":"Organization","@id":"https:\/\/www.visitklagenfurt.at\/it\/#organization","name":"Tourismus Region Klagenfurt am W\u00f6rthersee GmbH","url":"https:\/\/www.visitklagenfurt.at\/it\/","logo":{"@type":"ImageObject","inLanguage":"it-IT","@id":"https:\/\/www.visitklagenfurt.at\/it\/#\/schema\/logo\/image\/","url":"https:\/\/www.visitklagenfurt.at\/wp-content\/uploads\/2022\/03\/DT_K_Klagenfurt_S_RGB.png","contentUrl":"https:\/\/www.visitklagenfurt.at\/wp-content\/uploads\/2022\/03\/DT_K_Klagenfurt_S_RGB.png","width":2082,"height":1511,"caption":"Tourismus Region Klagenfurt am W\u00f6rthersee GmbH"},"image":{"@id":"https:\/\/www.visitklagenfurt.at\/it\/#\/schema\/logo\/image\/"}}]}},"_links":{"self":[{"href":"https:\/\/www.visitklagenfurt.at\/it\/wp-json\/wp\/v2\/pages\/12326","targetHints":{"allow":["GET"]}}],"collection":[{"href":"https:\/\/www.visitklagenfurt.at\/it\/wp-json\/wp\/v2\/pages"}],"about":[{"href":"https:\/\/www.visitklagenfurt.at\/it\/wp-json\/wp\/v2\/types\/page"}],"author":[{"embeddable":true,"href":"https:\/\/www.visitklagenfurt.at\/it\/wp-json\/wp\/v2\/users\/2"}],"replies":[{"embeddable":true,"href":"https:\/\/www.visitklagenfurt.at\/it\/wp-json\/wp\/v2\/comments?post=12326"}],"version-history":[{"count":28,"href":"https:\/\/www.visitklagenfurt.at\/it\/wp-json\/wp\/v2\/pages\/12326\/revisions"}],"predecessor-version":[{"id":43028,"href":"https:\/\/www.visitklagenfurt.at\/it\/wp-json\/wp\/v2\/pages\/12326\/revisions\/43028"}],"up":[{"embeddable":true,"href":"https:\/\/www.visitklagenfurt.at\/it\/wp-json\/wp\/v2\/pages\/9528"}],"wp:featuredmedia":[{"embeddable":true,"href":"https:\/\/www.visitklagenfurt.at\/it\/wp-json\/wp\/v2\/media\/5198"}],"wp:attachment":[{"href":"https:\/\/www.visitklagenfurt.at\/it\/wp-json\/wp\/v2\/media?parent=12326"}],"wp:term":[{"taxonomy":"category","embeddable":true,"href":"https:\/\/www.visitklagenfurt.at\/it\/wp-json\/wp\/v2\/categories?post=12326"},{"taxonomy":"post_tag","embeddable":true,"href":"https:\/\/www.visitklagenfurt.at\/it\/wp-json\/wp\/v2\/tags?post=12326"},{"taxonomy":"seitentyp","embeddable":true,"href":"https:\/\/www.visitklagenfurt.at\/it\/wp-json\/wp\/v2\/seitentyp?post=12326"}],"curies":[{"name":"wp","href":"https:\/\/api.w.org\/{rel}","templated":true}]}}