{"id":12604,"date":"2021-03-12T15:44:03","date_gmt":"2021-03-12T14:44:03","guid":{"rendered":"http:\/\/blog.visitklagenfurt.at\/visitklagenfurt\/services\/mappe-della-citta\/"},"modified":"2021-07-28T17:09:46","modified_gmt":"2021-07-28T15:09:46","slug":"mappe-della-citta","status":"publish","type":"page","link":"https:\/\/www.visitklagenfurt.at\/it\/services\/mappe-della-citta\/","title":{"rendered":"Mappe della citt\u00e0"},"content":{"rendered":"\n<figure class=\"wp-block-image size-large\"><a href=\"https:\/\/www.visitklagenfurt.at\/wp-content\/uploads\/2021\/03\/Freizeitkarte_D_E_I.pdf\" target=\"_blank\" rel=\"noopener noreferrer\"><img fetchpriority=\"high\" decoding=\"async\" width=\"5510\" height=\"3595\" src=\"https:\/\/www.visitklagenfurt.at\/wp-content\/uploads\/2021\/03\/Stadtplan_Freizeitkarte.jpg\" alt=\"\" class=\"wp-image-9842\"\/><\/a><\/figure>\n\n\n\n<figure class=\"wp-block-image size-large\"><a href=\"https:\/\/www.visitklagenfurt.at\/wp-content\/uploads\/2021\/03\/Region_Klagenfurt.pdf\" target=\"_blank\" rel=\"noopener noreferrer\"><img decoding=\"async\" width=\"1024\" height=\"726\" src=\"https:\/\/www.visitklagenfurt.at\/wp-content\/uploads\/2021\/03\/region_klagenfurt.jpg\" alt=\"\" class=\"wp-image-9838\"\/><\/a><\/figure>\n\n\n\n<figure class=\"wp-block-image size-large\"><a href=\"https:\/\/www.visitklagenfurt.at\/wp-content\/uploads\/2021\/03\/Stadtplan.pdf\" target=\"_blank\" rel=\"noopener noreferrer\"><img decoding=\"async\" width=\"1024\" height=\"726\" src=\"https:\/\/www.visitklagenfurt.at\/wp-content\/uploads\/2021\/03\/stadtplan.jpg\" alt=\"\" class=\"wp-image-9834\"\/><\/a><\/figure>\n","protected":false},"excerpt":{"rendered":"","protected":false},"author":2,"featured_media":9624,"parent":10249,"menu_order":0,"comment_status":"closed","ping_status":"closed","template":"","meta":{"footnotes":""},"categories":[],"tags":[],"seitentyp":[224],"class_list":["post-12604","page","type-page","status-publish","has-post-thumbnail","hentry","seitentyp-microseite-short"],"yoast_head":"<!-- This site is optimized with the Yoast SEO plugin v27.2 - https:\/\/yoast.com\/product\/yoast-seo-wordpress\/ -->\n<title>Mappe della Citt\u00e0 &amp; Services | Klagenfurt e Dintorni | Cartina<\/title>\n<meta name=\"description\" content=\"Mappe della citt\u00e0 di Klagenfurt in Carinzia e dintorni: Per preparare il vostro prossimo giro del centro storico - \u00e8 facile da percorre anche in auto!\" \/>\n<meta name=\"robots\" content=\"index, follow, max-snippet:-1, max-image-preview:large, max-video-preview:-1\" \/>\n<link rel=\"canonical\" href=\"https:\/\/www.visitklagenfurt.at\/it\/services\/mappe-della-citta\/\" \/>\n<meta property=\"og:locale\" content=\"it_IT\" \/>\n<meta property=\"og:type\" content=\"article\" \/>\n<meta property=\"og:title\" content=\"Mappe della Citt\u00e0 &amp; Services | Klagenfurt e Dintorni | Cartina\" \/>\n<meta property=\"og:description\" content=\"Mappe della citt\u00e0 di Klagenfurt in Carinzia e dintorni: Per preparare il vostro prossimo giro del centro storico - \u00e8 facile da percorre anche in auto!\" \/>\n<meta property=\"og:url\" content=\"https:\/\/www.visitklagenfurt.at\/it\/services\/mappe-della-citta\/\" \/>\n<meta property=\"og:site_name\" content=\"visitklagenfurt\" \/>\n<meta property=\"article:modified_time\" content=\"2021-07-28T15:09:46+00:00\" \/>\n<meta property=\"og:image\" content=\"https:\/\/www.visitklagenfurt.at\/wp-content\/uploads\/2021\/03\/sehenswertes_innenstadt_altstadt_neuer_platz_lindwurm_sommer_familie_c-arnold_poschl_42-web.jpg\" \/>\n\t<meta property=\"og:image:width\" content=\"2048\" \/>\n\t<meta property=\"og:image:height\" content=\"1536\" \/>\n\t<meta property=\"og:image:type\" content=\"image\/jpeg\" \/>\n<meta name=\"twitter:card\" content=\"summary_large_image\" \/>\n<meta name=\"twitter:label1\" content=\"Tempo di lettura stimato\" \/>\n\t<meta name=\"twitter:data1\" content=\"1 minuto\" \/>\n<script type=\"application\/ld+json\" class=\"yoast-schema-graph\">{\"@context\":\"https:\/\/schema.org\",\"@graph\":[{\"@type\":\"WebPage\",\"@id\":\"https:\/\/www.visitklagenfurt.at\/it\/services\/mappe-della-citta\/\",\"url\":\"https:\/\/www.visitklagenfurt.at\/it\/services\/mappe-della-citta\/\",\"name\":\"Mappe della Citt\u00e0 & Services | Klagenfurt e Dintorni | Cartina\",\"isPartOf\":{\"@id\":\"https:\/\/www.visitklagenfurt.at\/it\/#website\"},\"primaryImageOfPage\":{\"@id\":\"https:\/\/www.visitklagenfurt.at\/it\/services\/mappe-della-citta\/#primaryimage\"},\"image\":{\"@id\":\"https:\/\/www.visitklagenfurt.at\/it\/services\/mappe-della-citta\/#primaryimage\"},\"thumbnailUrl\":\"https:\/\/www.visitklagenfurt.at\/wp-content\/uploads\/2021\/03\/sehenswertes_innenstadt_altstadt_neuer_platz_lindwurm_sommer_familie_c-arnold_poschl_42-web.jpg\",\"datePublished\":\"2021-03-12T14:44:03+00:00\",\"dateModified\":\"2021-07-28T15:09:46+00:00\",\"description\":\"Mappe della citt\u00e0 di Klagenfurt in Carinzia e dintorni: Per preparare il vostro prossimo giro del centro storico - \u00e8 facile da percorre anche in auto!\",\"breadcrumb\":{\"@id\":\"https:\/\/www.visitklagenfurt.at\/it\/services\/mappe-della-citta\/#breadcrumb\"},\"inLanguage\":\"it-IT\",\"potentialAction\":[{\"@type\":\"ReadAction\",\"target\":[\"https:\/\/www.visitklagenfurt.at\/it\/services\/mappe-della-citta\/\"]}]},{\"@type\":\"ImageObject\",\"inLanguage\":\"it-IT\",\"@id\":\"https:\/\/www.visitklagenfurt.at\/it\/services\/mappe-della-citta\/#primaryimage\",\"url\":\"https:\/\/www.visitklagenfurt.at\/wp-content\/uploads\/2021\/03\/sehenswertes_innenstadt_altstadt_neuer_platz_lindwurm_sommer_familie_c-arnold_poschl_42-web.jpg\",\"contentUrl\":\"https:\/\/www.visitklagenfurt.at\/wp-content\/uploads\/2021\/03\/sehenswertes_innenstadt_altstadt_neuer_platz_lindwurm_sommer_familie_c-arnold_poschl_42-web.jpg\",\"width\":2048,\"height\":1536,\"caption\":\"Familie am Neuen Platz vor dem Lindwurm\"},{\"@type\":\"BreadcrumbList\",\"@id\":\"https:\/\/www.visitklagenfurt.at\/it\/services\/mappe-della-citta\/#breadcrumb\",\"itemListElement\":[{\"@type\":\"ListItem\",\"position\":1,\"name\":\"visitklagenfurt\",\"item\":\"https:\/\/www.visitklagenfurt.at\/it\/\"},{\"@type\":\"ListItem\",\"position\":2,\"name\":\"Services\",\"item\":\"https:\/\/www.visitklagenfurt.at\/it\/services\/\"},{\"@type\":\"ListItem\",\"position\":3,\"name\":\"Mappe della citt\u00e0\"}]},{\"@type\":\"WebSite\",\"@id\":\"https:\/\/www.visitklagenfurt.at\/it\/#website\",\"url\":\"https:\/\/www.visitklagenfurt.at\/it\/\",\"name\":\"visitklagenfurt\",\"description\":\"\",\"publisher\":{\"@id\":\"https:\/\/www.visitklagenfurt.at\/it\/#organization\"},\"potentialAction\":[{\"@type\":\"SearchAction\",\"target\":{\"@type\":\"EntryPoint\",\"urlTemplate\":\"https:\/\/www.visitklagenfurt.at\/it\/?s={search_term_string}\"},\"query-input\":{\"@type\":\"PropertyValueSpecification\",\"valueRequired\":true,\"valueName\":\"search_term_string\"}}],\"inLanguage\":\"it-IT\"},{\"@type\":\"Organization\",\"@id\":\"https:\/\/www.visitklagenfurt.at\/it\/#organization\",\"name\":\"Tourismus Region Klagenfurt am W\u00f6rthersee GmbH\",\"url\":\"https:\/\/www.visitklagenfurt.at\/it\/\",\"logo\":{\"@type\":\"ImageObject\",\"inLanguage\":\"it-IT\",\"@id\":\"https:\/\/www.visitklagenfurt.at\/it\/#\/schema\/logo\/image\/\",\"url\":\"https:\/\/www.visitklagenfurt.at\/wp-content\/uploads\/2022\/03\/DT_K_Klagenfurt_S_RGB.png\",\"contentUrl\":\"https:\/\/www.visitklagenfurt.at\/wp-content\/uploads\/2022\/03\/DT_K_Klagenfurt_S_RGB.png\",\"width\":2082,\"height\":1511,\"caption\":\"Tourismus Region Klagenfurt am W\u00f6rthersee GmbH\"},\"image\":{\"@id\":\"https:\/\/www.visitklagenfurt.at\/it\/#\/schema\/logo\/image\/\"}}]}<\/script>\n<!-- \/ Yoast SEO plugin. -->","yoast_head_json":{"title":"Mappe della Citt\u00e0 & Services | Klagenfurt e Dintorni | Cartina","description":"Mappe della citt\u00e0 di Klagenfurt in Carinzia e dintorni: Per preparare il vostro prossimo giro del centro storico - \u00e8 facile da percorre anche in auto!","robots":{"index":"index","follow":"follow","max-snippet":"max-snippet:-1","max-image-preview":"max-image-preview:large","max-video-preview":"max-video-preview:-1"},"canonical":"https:\/\/www.visitklagenfurt.at\/it\/services\/mappe-della-citta\/","og_locale":"it_IT","og_type":"article","og_title":"Mappe della Citt\u00e0 & Services | Klagenfurt e Dintorni | Cartina","og_description":"Mappe della citt\u00e0 di Klagenfurt in Carinzia e dintorni: Per preparare il vostro prossimo giro del centro storico - \u00e8 facile da percorre anche in auto!","og_url":"https:\/\/www.visitklagenfurt.at\/it\/services\/mappe-della-citta\/","og_site_name":"visitklagenfurt","article_modified_time":"2021-07-28T15:09:46+00:00","og_image":[{"width":2048,"height":1536,"url":"https:\/\/www.visitklagenfurt.at\/wp-content\/uploads\/2021\/03\/sehenswertes_innenstadt_altstadt_neuer_platz_lindwurm_sommer_familie_c-arnold_poschl_42-web.jpg","type":"image\/jpeg"}],"twitter_card":"summary_large_image","twitter_misc":{"Tempo di lettura stimato":"1 minuto"},"schema":{"@context":"https:\/\/schema.org","@graph":[{"@type":"WebPage","@id":"https:\/\/www.visitklagenfurt.at\/it\/services\/mappe-della-citta\/","url":"https:\/\/www.visitklagenfurt.at\/it\/services\/mappe-della-citta\/","name":"Mappe della Citt\u00e0 & Services | Klagenfurt e Dintorni | Cartina","isPartOf":{"@id":"https:\/\/www.visitklagenfurt.at\/it\/#website"},"primaryImageOfPage":{"@id":"https:\/\/www.visitklagenfurt.at\/it\/services\/mappe-della-citta\/#primaryimage"},"image":{"@id":"https:\/\/www.visitklagenfurt.at\/it\/services\/mappe-della-citta\/#primaryimage"},"thumbnailUrl":"https:\/\/www.visitklagenfurt.at\/wp-content\/uploads\/2021\/03\/sehenswertes_innenstadt_altstadt_neuer_platz_lindwurm_sommer_familie_c-arnold_poschl_42-web.jpg","datePublished":"2021-03-12T14:44:03+00:00","dateModified":"2021-07-28T15:09:46+00:00","description":"Mappe della citt\u00e0 di Klagenfurt in Carinzia e dintorni: Per preparare il vostro prossimo giro del centro storico - \u00e8 facile da percorre anche in auto!","breadcrumb":{"@id":"https:\/\/www.visitklagenfurt.at\/it\/services\/mappe-della-citta\/#breadcrumb"},"inLanguage":"it-IT","potentialAction":[{"@type":"ReadAction","target":["https:\/\/www.visitklagenfurt.at\/it\/services\/mappe-della-citta\/"]}]},{"@type":"ImageObject","inLanguage":"it-IT","@id":"https:\/\/www.visitklagenfurt.at\/it\/services\/mappe-della-citta\/#primaryimage","url":"https:\/\/www.visitklagenfurt.at\/wp-content\/uploads\/2021\/03\/sehenswertes_innenstadt_altstadt_neuer_platz_lindwurm_sommer_familie_c-arnold_poschl_42-web.jpg","contentUrl":"https:\/\/www.visitklagenfurt.at\/wp-content\/uploads\/2021\/03\/sehenswertes_innenstadt_altstadt_neuer_platz_lindwurm_sommer_familie_c-arnold_poschl_42-web.jpg","width":2048,"height":1536,"caption":"Familie am Neuen Platz vor dem Lindwurm"},{"@type":"BreadcrumbList","@id":"https:\/\/www.visitklagenfurt.at\/it\/services\/mappe-della-citta\/#breadcrumb","itemListElement":[{"@type":"ListItem","position":1,"name":"visitklagenfurt","item":"https:\/\/www.visitklagenfurt.at\/it\/"},{"@type":"ListItem","position":2,"name":"Services","item":"https:\/\/www.visitklagenfurt.at\/it\/services\/"},{"@type":"ListItem","position":3,"name":"Mappe della citt\u00e0"}]},{"@type":"WebSite","@id":"https:\/\/www.visitklagenfurt.at\/it\/#website","url":"https:\/\/www.visitklagenfurt.at\/it\/","name":"visitklagenfurt","description":"","publisher":{"@id":"https:\/\/www.visitklagenfurt.at\/it\/#organization"},"potentialAction":[{"@type":"SearchAction","target":{"@type":"EntryPoint","urlTemplate":"https:\/\/www.visitklagenfurt.at\/it\/?s={search_term_string}"},"query-input":{"@type":"PropertyValueSpecification","valueRequired":true,"valueName":"search_term_string"}}],"inLanguage":"it-IT"},{"@type":"Organization","@id":"https:\/\/www.visitklagenfurt.at\/it\/#organization","name":"Tourismus Region Klagenfurt am W\u00f6rthersee GmbH","url":"https:\/\/www.visitklagenfurt.at\/it\/","logo":{"@type":"ImageObject","inLanguage":"it-IT","@id":"https:\/\/www.visitklagenfurt.at\/it\/#\/schema\/logo\/image\/","url":"https:\/\/www.visitklagenfurt.at\/wp-content\/uploads\/2022\/03\/DT_K_Klagenfurt_S_RGB.png","contentUrl":"https:\/\/www.visitklagenfurt.at\/wp-content\/uploads\/2022\/03\/DT_K_Klagenfurt_S_RGB.png","width":2082,"height":1511,"caption":"Tourismus Region Klagenfurt am W\u00f6rthersee GmbH"},"image":{"@id":"https:\/\/www.visitklagenfurt.at\/it\/#\/schema\/logo\/image\/"}}]}},"_links":{"self":[{"href":"https:\/\/www.visitklagenfurt.at\/it\/wp-json\/wp\/v2\/pages\/12604","targetHints":{"allow":["GET"]}}],"collection":[{"href":"https:\/\/www.visitklagenfurt.at\/it\/wp-json\/wp\/v2\/pages"}],"about":[{"href":"https:\/\/www.visitklagenfurt.at\/it\/wp-json\/wp\/v2\/types\/page"}],"author":[{"embeddable":true,"href":"https:\/\/www.visitklagenfurt.at\/it\/wp-json\/wp\/v2\/users\/2"}],"replies":[{"embeddable":true,"href":"https:\/\/www.visitklagenfurt.at\/it\/wp-json\/wp\/v2\/comments?post=12604"}],"version-history":[{"count":4,"href":"https:\/\/www.visitklagenfurt.at\/it\/wp-json\/wp\/v2\/pages\/12604\/revisions"}],"predecessor-version":[{"id":25496,"href":"https:\/\/www.visitklagenfurt.at\/it\/wp-json\/wp\/v2\/pages\/12604\/revisions\/25496"}],"up":[{"embeddable":true,"href":"https:\/\/www.visitklagenfurt.at\/it\/wp-json\/wp\/v2\/pages\/10249"}],"wp:featuredmedia":[{"embeddable":true,"href":"https:\/\/www.visitklagenfurt.at\/it\/wp-json\/wp\/v2\/media\/9624"}],"wp:attachment":[{"href":"https:\/\/www.visitklagenfurt.at\/it\/wp-json\/wp\/v2\/media?parent=12604"}],"wp:term":[{"taxonomy":"category","embeddable":true,"href":"https:\/\/www.visitklagenfurt.at\/it\/wp-json\/wp\/v2\/categories?post=12604"},{"taxonomy":"post_tag","embeddable":true,"href":"https:\/\/www.visitklagenfurt.at\/it\/wp-json\/wp\/v2\/tags?post=12604"},{"taxonomy":"seitentyp","embeddable":true,"href":"https:\/\/www.visitklagenfurt.at\/it\/wp-json\/wp\/v2\/seitentyp?post=12604"}],"curies":[{"name":"wp","href":"https:\/\/api.w.org\/{rel}","templated":true}]}}