{"id":12704,"date":"2024-01-09T10:01:24","date_gmt":"2024-01-09T09:01:24","guid":{"rendered":"http:\/\/blog.visitklagenfurt.at\/visitklagenfurt\/attivi-nello-sport\/eventi-sportivi\/"},"modified":"2024-01-09T10:01:51","modified_gmt":"2024-01-09T09:01:51","slug":"eventi-sportivi","status":"publish","type":"page","link":"https:\/\/www.visitklagenfurt.at\/it\/attivi-nello-sport\/eventi-sportivi\/","title":{"rendered":"Eventi sportivi"},"content":{"rendered":"\t\t<div data-elementor-type=\"wp-page\" data-elementor-id=\"12704\" class=\"elementor elementor-12704 elementor-7667\" data-elementor-post-type=\"page\">\n\t\t\t\t\t\t<section class=\"elementor-section elementor-top-section elementor-element elementor-element-160642e elementor-section-height-min-height elementor-section-boxed elementor-section-height-default elementor-section-items-middle\" data-id=\"160642e\" data-element_type=\"section\" data-e-type=\"section\" data-settings=\"{&quot;background_background&quot;:&quot;classic&quot;}\">\n\t\t\t\t\t\t<div class=\"elementor-container elementor-column-gap-default\">\n\t\t\t\t\t<div class=\"elementor-column elementor-col-100 elementor-top-column elementor-element elementor-element-ed12de0\" data-id=\"ed12de0\" data-element_type=\"column\" data-e-type=\"column\">\n\t\t\t<div class=\"elementor-widget-wrap\">\n\t\t\t\t\t\t\t<\/div>\n\t\t<\/div>\n\t\t\t\t\t<\/div>\n\t\t<\/section>\n\t\t\t\t<section class=\"elementor-section elementor-top-section elementor-element elementor-element-5ad0fb7 elementor-section-boxed elementor-section-height-default elementor-section-height-default\" data-id=\"5ad0fb7\" data-element_type=\"section\" data-e-type=\"section\" data-settings=\"{&quot;background_background&quot;:&quot;classic&quot;}\">\n\t\t\t\t\t\t<div class=\"elementor-container elementor-column-gap-default\">\n\t\t\t\t\t<div class=\"elementor-column elementor-col-100 elementor-top-column elementor-element elementor-element-f34f354\" data-id=\"f34f354\" data-element_type=\"column\" data-e-type=\"column\" data-settings=\"{&quot;background_background&quot;:&quot;classic&quot;}\">\n\t\t\t<div class=\"elementor-widget-wrap elementor-element-populated\">\n\t\t\t\t\t\t<div class=\"elementor-element elementor-element-04b9284 elementor-widget elementor-widget-global elementor-global-42931 elementor-global-39763 elementor-widget-breadcrumbs\" data-id=\"04b9284\" data-element_type=\"widget\" data-e-type=\"widget\" data-widget_type=\"breadcrumbs.default\">\n\t\t\t\t<div class=\"elementor-widget-container\">\n\t\t\t\t\t<p id=\"breadcrumbs\"><span><span><a href=\"https:\/\/www.visitklagenfurt.at\/it\/\">visitklagenfurt<\/a><\/span><\/span><\/p>\t\t\t\t<\/div>\n\t\t\t\t<\/div>\n\t\t\t\t<div class=\"elementor-element elementor-element-337c3f3 elementor-widget elementor-widget-heading\" data-id=\"337c3f3\" data-element_type=\"widget\" data-e-type=\"widget\" data-widget_type=\"heading.default\">\n\t\t\t\t<div class=\"elementor-widget-container\">\n\t\t\t\t\t<h1 class=\"elementor-heading-title elementor-size-default\">Eventi sportivi<\/h1>\t\t\t\t<\/div>\n\t\t\t\t<\/div>\n\t\t\t\t<div class=\"elementor-element elementor-element-dfe7503 elementor-widget elementor-widget-text-editor\" data-id=\"dfe7503\" data-element_type=\"widget\" data-e-type=\"widget\" data-widget_type=\"text-editor.default\">\n\t\t\t\t<div class=\"elementor-widget-container\">\n\t\t\t\t\t\t\t\t\t<p>Klagenfurt \u00e8 sinonimo di esperienze culinarie Alpe Adria, qualit\u00e0 della vita tra centro storico e il lago, di vita dinamica e sportiva. Questi tre fattori sono strettamente intrecciati tra loro e si riflettono soprattutto nel vivace scenario sportivo della capitale della provincia. La perfetta mescolanza dell\u00b4atmosfera mediterranea e il paesaggio alpino rende questa citt\u00e0 rinascimentale, insieme alla regione che la circonda, assolutamente perfetta per una vasta gamma di attivit\u00e0 sportive. Le acque turchesi del W\u00f6rthersee o le pendici incontaminate delle Alpi meridionali sono un ottimo territorio per gli appassionati di hobby e atleti professionisti.<\/p>\n\t\t\t\t\t\t\t\t<\/div>\n\t\t\t\t<\/div>\n\t\t\t\t\t<\/div>\n\t\t<\/div>\n\t\t\t\t\t<\/div>\n\t\t<\/section>\n\t\t\t\t<section class=\"elementor-section elementor-top-section elementor-element elementor-element-6681aed elementor-section-boxed elementor-section-height-default elementor-section-height-default\" data-id=\"6681aed\" data-element_type=\"section\" data-e-type=\"section\">\n\t\t\t\t\t\t<div class=\"elementor-container elementor-column-gap-default\">\n\t\t\t\t\t<div class=\"elementor-column elementor-col-100 elementor-top-column elementor-element elementor-element-b8fada4\" data-id=\"b8fada4\" data-element_type=\"column\" data-e-type=\"column\">\n\t\t\t<div class=\"elementor-widget-wrap elementor-element-populated\">\n\t\t\t\t\t\t<div class=\"elementor-element elementor-element-9e1a928 elementor-widget elementor-widget-pp-tiled-posts\" data-id=\"9e1a928\" data-element_type=\"widget\" data-e-type=\"widget\" data-widget_type=\"pp-tiled-posts.default\">\n\t\t\t\t<div class=\"elementor-widget-container\">\n\t\t\t\t\t\t\t<div class=\"pp-tiled-posts pp-tiled-posts-layout-1 clearfix\">\n\t\t\t<div class=\"pp-tiles-posts-left\">\t\t<div class=\"pp-tiled-post pp-tiled-post-1 pp-tiled-post-featured\">\n\t\t\t<div class=\"pp-tiled-post-bg pp-media-background \" style=\"background-image:url(https:\/\/www.visitklagenfurt.at\/wp-content\/uploads\/2021\/02\/Woertehrsee-Swim_c-Woerthersee-Swim-768x576.jpg)\">\n\t\t\t\t<a class=\"pp-post-link\" href=\"https:\/\/www.visitklagenfurt.at\/it\/attivita-sportiva\/eventi-sportivi\/woerthersee-swim\/\" title=\"W\u00f6rthersee Swim\"><\/a>\n\t\t\t<\/div>\n\t\t\t<div class=\"pp-tiled-post-content pp-tiled-post-content-bottom\">\n\t\t\t\t\n\t\t\t\t\t\t\t\t\t\t\t\t\t\t<header>\n\t\t\t\t\t\t<h2 class=\"pp-tiled-post-title\">\n\t\t\t\t\t\t\tW\u00f6rthersee Swim\t\t\t\t\t\t<\/h2>\n\t\t\t\t\t<\/header>\n\t\t\t\t\n\t\t\t\t\n\t\t\t\t\n\t\t\t\t\t\t\t<\/div>\n\t\t<\/div>\n\t\t<\/div><div class=\"pp-tiles-posts-right\">\t\t<div class=\"pp-tiled-post pp-tiled-post-2 pp-tiled-post-large\">\n\t\t\t<div class=\"pp-tiled-post-bg pp-media-background \" style=\"background-image:url(https:\/\/www.visitklagenfurt.at\/wp-content\/uploads\/2021\/02\/Altstadtlauf-Klagenfurt_c-SportamtPessentheiner-768x585.jpg)\">\n\t\t\t\t<a class=\"pp-post-link\" href=\"https:\/\/www.visitklagenfurt.at\/it\/attivita-sportiva\/eventi-sportivi\/corsa-della-citta-di-klagenfurt\/\" title=\"Corsa della citt\u00e0 di Klagenfurt\"><\/a>\n\t\t\t<\/div>\n\t\t\t<div class=\"pp-tiled-post-content pp-tiled-post-content-bottom\">\n\t\t\t\t\n\t\t\t\t\t\t\t\t\t\t\t\t\t\t<header>\n\t\t\t\t\t\t<h2 class=\"pp-tiled-post-title\">\n\t\t\t\t\t\t\tCorsa della citt\u00e0 di Klagenfurt\t\t\t\t\t\t<\/h2>\n\t\t\t\t\t<\/header>\n\t\t\t\t\n\t\t\t\t\n\t\t\t\t\n\t\t\t\t\t\t\t<\/div>\n\t\t<\/div>\n\t\t\t\t<div class=\"pp-tiled-post pp-tiled-post-3 pp-tiled-post-medium\">\n\t\t\t<div class=\"pp-tiled-post-bg pp-media-background \" style=\"background-image:url(https:\/\/www.visitklagenfurt.at\/wp-content\/uploads\/2021\/02\/Kaernten_laeuft_c-Martin-Steinthaler-768x442.jpg)\">\n\t\t\t\t<a class=\"pp-post-link\" href=\"https:\/\/www.visitklagenfurt.at\/it\/attivita-sportiva\/eventi-sportivi\/kaernten-laeuft\/\" title=\"&#8220;K\u00e4rnten L\u00e4uft&#8221;\"><\/a>\n\t\t\t<\/div>\n\t\t\t<div class=\"pp-tiled-post-content pp-tiled-post-content-bottom\">\n\t\t\t\t\n\t\t\t\t\t\t\t\t\t\t\t\t\t\t<header>\n\t\t\t\t\t\t<h2 class=\"pp-tiled-post-title\">\n\t\t\t\t\t\t\t&#8220;K\u00e4rnten L\u00e4uft&#8221;\t\t\t\t\t\t<\/h2>\n\t\t\t\t\t<\/header>\n\t\t\t\t\n\t\t\t\t\n\t\t\t\t\n\t\t\t\t\t\t\t<\/div>\n\t\t<\/div>\n\t\t\t\t<div class=\"pp-tiled-post pp-tiled-post-4 pp-tiled-post-medium\">\n\t\t\t<div class=\"pp-tiled-post-bg pp-media-background \" style=\"background-image:url(https:\/\/www.visitklagenfurt.at\/wp-content\/uploads\/2021\/02\/Ironman-Klagenfurt-c-2015-Getty-Images-768x511.jpg)\">\n\t\t\t\t<a class=\"pp-post-link\" href=\"https:\/\/www.visitklagenfurt.at\/it\/attivita-sportiva\/eventi-sportivi\/ironman\/\" title=\"IRONMAN K\u00e4rnten-Klagenfurt\"><\/a>\n\t\t\t<\/div>\n\t\t\t<div class=\"pp-tiled-post-content pp-tiled-post-content-bottom\">\n\t\t\t\t\n\t\t\t\t\t\t\t\t\t\t\t\t\t\t<header>\n\t\t\t\t\t\t<h2 class=\"pp-tiled-post-title\">\n\t\t\t\t\t\t\tIRONMAN K\u00e4rnten-Klagenfurt\t\t\t\t\t\t<\/h2>\n\t\t\t\t\t<\/header>\n\t\t\t\t\n\t\t\t\t\n\t\t\t\t\n\t\t\t\t\t\t\t<\/div>\n\t\t<\/div>\n\t\t<\/div><\/div>\t\t<\/div>\n\t\t\t\t\t\t<\/div>\n\t\t\t\t<\/div>\n\t\t\t\t\t<\/div>\n\t\t<\/div>\n\t\t\t\t\t<\/div>\n\t\t<\/section>\n\t\t\t\t<\/div>\n\t\t","protected":false},"excerpt":{"rendered":"<p>Klagenfurt \u00e8 sinonimo di esperienze culinarie Alpe Adria, qualit\u00e0 della vita tra centro storico e il lago, di vita dinamica e sportiva. Questi tre fattori sono strettamente intrecciati tra loro e si riflettono soprattutto nel vivace scenario sportivo della capitale della provincia. La perfetta mescolanza dell\u00b4atmosfera mediterranea e il paesaggio alpino rende questa citt\u00e0 rinascimentale, [&hellip;]<\/p>\n","protected":false},"author":2,"featured_media":9475,"parent":9436,"menu_order":0,"comment_status":"closed","ping_status":"closed","template":"elementor_header_footer","meta":{"footnotes":""},"categories":[],"tags":[],"seitentyp":[],"class_list":["post-12704","page","type-page","status-publish","has-post-thumbnail","hentry"],"yoast_head":"<!-- This site is optimized with the Yoast SEO plugin v27.2 - https:\/\/yoast.com\/product\/yoast-seo-wordpress\/ -->\n<title>Eventi Sportivi a Klagenfurt | Hobby &amp; Atleti Professionisti<\/title>\n<meta name=\"description\" content=\"Klagenfurt \u00e8 sinonimo di esperienze culinarie Alpe Adria, qualit\u00e0 della vita tra centro storico e il lago, di vita dinamica e sportiva.\" \/>\n<meta name=\"robots\" content=\"index, follow, max-snippet:-1, max-image-preview:large, max-video-preview:-1\" \/>\n<link rel=\"canonical\" href=\"https:\/\/www.visitklagenfurt.at\/it\/attivi-nello-sport\/eventi-sportivi\/\" \/>\n<meta property=\"og:locale\" content=\"it_IT\" \/>\n<meta property=\"og:type\" content=\"article\" \/>\n<meta property=\"og:title\" content=\"Eventi Sportivi a Klagenfurt | Hobby &amp; Atleti Professionisti\" \/>\n<meta property=\"og:description\" content=\"Klagenfurt \u00e8 sinonimo di esperienze culinarie Alpe Adria, qualit\u00e0 della vita tra centro storico e il lago, di vita dinamica e sportiva.\" \/>\n<meta property=\"og:url\" content=\"https:\/\/www.visitklagenfurt.at\/it\/attivi-nello-sport\/eventi-sportivi\/\" \/>\n<meta property=\"og:site_name\" content=\"visitklagenfurt\" \/>\n<meta property=\"article:modified_time\" content=\"2024-01-09T09:01:51+00:00\" \/>\n<meta property=\"og:image\" content=\"https:\/\/www.visitklagenfurt.at\/wp-content\/uploads\/2021\/03\/sport_ironman_event_ziel_2017_c-getty_images-lennart_preiss_89-web.jpg\" \/>\n\t<meta property=\"og:image:width\" content=\"1920\" \/>\n\t<meta property=\"og:image:height\" content=\"1532\" \/>\n\t<meta property=\"og:image:type\" content=\"image\/jpeg\" \/>\n<meta name=\"twitter:card\" content=\"summary_large_image\" \/>\n<meta name=\"twitter:label1\" content=\"Tempo di lettura stimato\" \/>\n\t<meta name=\"twitter:data1\" content=\"1 minuto\" \/>\n<script type=\"application\/ld+json\" class=\"yoast-schema-graph\">{\"@context\":\"https:\/\/schema.org\",\"@graph\":[{\"@type\":\"WebPage\",\"@id\":\"https:\/\/www.visitklagenfurt.at\/it\/attivi-nello-sport\/eventi-sportivi\/\",\"url\":\"https:\/\/www.visitklagenfurt.at\/it\/attivi-nello-sport\/eventi-sportivi\/\",\"name\":\"Eventi Sportivi a Klagenfurt | Hobby & Atleti Professionisti\",\"isPartOf\":{\"@id\":\"https:\/\/www.visitklagenfurt.at\/it\/#website\"},\"primaryImageOfPage\":{\"@id\":\"https:\/\/www.visitklagenfurt.at\/it\/attivi-nello-sport\/eventi-sportivi\/#primaryimage\"},\"image\":{\"@id\":\"https:\/\/www.visitklagenfurt.at\/it\/attivi-nello-sport\/eventi-sportivi\/#primaryimage\"},\"thumbnailUrl\":\"https:\/\/www.visitklagenfurt.at\/wp-content\/uploads\/2021\/03\/sport_ironman_event_ziel_2017_c-getty_images-lennart_preiss_89-web.jpg\",\"datePublished\":\"2024-01-09T09:01:24+00:00\",\"dateModified\":\"2024-01-09T09:01:51+00:00\",\"description\":\"Klagenfurt \u00e8 sinonimo di esperienze culinarie Alpe Adria, qualit\u00e0 della vita tra centro storico e il lago, di vita dinamica e sportiva.\",\"breadcrumb\":{\"@id\":\"https:\/\/www.visitklagenfurt.at\/it\/attivi-nello-sport\/eventi-sportivi\/#breadcrumb\"},\"inLanguage\":\"it-IT\",\"potentialAction\":[{\"@type\":\"ReadAction\",\"target\":[\"https:\/\/www.visitklagenfurt.at\/it\/attivi-nello-sport\/eventi-sportivi\/\"]}]},{\"@type\":\"ImageObject\",\"inLanguage\":\"it-IT\",\"@id\":\"https:\/\/www.visitklagenfurt.at\/it\/attivi-nello-sport\/eventi-sportivi\/#primaryimage\",\"url\":\"https:\/\/www.visitklagenfurt.at\/wp-content\/uploads\/2021\/03\/sport_ironman_event_ziel_2017_c-getty_images-lennart_preiss_89-web.jpg\",\"contentUrl\":\"https:\/\/www.visitklagenfurt.at\/wp-content\/uploads\/2021\/03\/sport_ironman_event_ziel_2017_c-getty_images-lennart_preiss_89-web.jpg\",\"width\":1920,\"height\":1532,\"caption\":\"KLAGENFURT, AUSTRIA - JULY 02: Jan Frodeno of Germany celebrates winning the Ironman Austria on July 2, 2017 in Klagenfurt, Austria. (Photo by Lennart Preiss\/Getty Images for Ironman )\"},{\"@type\":\"BreadcrumbList\",\"@id\":\"https:\/\/www.visitklagenfurt.at\/it\/attivi-nello-sport\/eventi-sportivi\/#breadcrumb\",\"itemListElement\":[{\"@type\":\"ListItem\",\"position\":1,\"name\":\"visitklagenfurt\",\"item\":\"https:\/\/www.visitklagenfurt.at\/it\/\"},{\"@type\":\"ListItem\",\"position\":2,\"name\":\"Attivi nello sport\",\"item\":\"https:\/\/www.visitklagenfurt.at\/it\/attivi-nello-sport\/\"},{\"@type\":\"ListItem\",\"position\":3,\"name\":\"Eventi sportivi\"}]},{\"@type\":\"WebSite\",\"@id\":\"https:\/\/www.visitklagenfurt.at\/it\/#website\",\"url\":\"https:\/\/www.visitklagenfurt.at\/it\/\",\"name\":\"visitklagenfurt\",\"description\":\"\",\"publisher\":{\"@id\":\"https:\/\/www.visitklagenfurt.at\/it\/#organization\"},\"potentialAction\":[{\"@type\":\"SearchAction\",\"target\":{\"@type\":\"EntryPoint\",\"urlTemplate\":\"https:\/\/www.visitklagenfurt.at\/it\/?s={search_term_string}\"},\"query-input\":{\"@type\":\"PropertyValueSpecification\",\"valueRequired\":true,\"valueName\":\"search_term_string\"}}],\"inLanguage\":\"it-IT\"},{\"@type\":\"Organization\",\"@id\":\"https:\/\/www.visitklagenfurt.at\/it\/#organization\",\"name\":\"Tourismus Region Klagenfurt am W\u00f6rthersee GmbH\",\"url\":\"https:\/\/www.visitklagenfurt.at\/it\/\",\"logo\":{\"@type\":\"ImageObject\",\"inLanguage\":\"it-IT\",\"@id\":\"https:\/\/www.visitklagenfurt.at\/it\/#\/schema\/logo\/image\/\",\"url\":\"https:\/\/www.visitklagenfurt.at\/wp-content\/uploads\/2022\/03\/DT_K_Klagenfurt_S_RGB.png\",\"contentUrl\":\"https:\/\/www.visitklagenfurt.at\/wp-content\/uploads\/2022\/03\/DT_K_Klagenfurt_S_RGB.png\",\"width\":2082,\"height\":1511,\"caption\":\"Tourismus Region Klagenfurt am W\u00f6rthersee GmbH\"},\"image\":{\"@id\":\"https:\/\/www.visitklagenfurt.at\/it\/#\/schema\/logo\/image\/\"}}]}<\/script>\n<!-- \/ Yoast SEO plugin. -->","yoast_head_json":{"title":"Eventi Sportivi a Klagenfurt | Hobby & Atleti Professionisti","description":"Klagenfurt \u00e8 sinonimo di esperienze culinarie Alpe Adria, qualit\u00e0 della vita tra centro storico e il lago, di vita dinamica e sportiva.","robots":{"index":"index","follow":"follow","max-snippet":"max-snippet:-1","max-image-preview":"max-image-preview:large","max-video-preview":"max-video-preview:-1"},"canonical":"https:\/\/www.visitklagenfurt.at\/it\/attivi-nello-sport\/eventi-sportivi\/","og_locale":"it_IT","og_type":"article","og_title":"Eventi Sportivi a Klagenfurt | Hobby & Atleti Professionisti","og_description":"Klagenfurt \u00e8 sinonimo di esperienze culinarie Alpe Adria, qualit\u00e0 della vita tra centro storico e il lago, di vita dinamica e sportiva.","og_url":"https:\/\/www.visitklagenfurt.at\/it\/attivi-nello-sport\/eventi-sportivi\/","og_site_name":"visitklagenfurt","article_modified_time":"2024-01-09T09:01:51+00:00","og_image":[{"width":1920,"height":1532,"url":"https:\/\/www.visitklagenfurt.at\/wp-content\/uploads\/2021\/03\/sport_ironman_event_ziel_2017_c-getty_images-lennart_preiss_89-web.jpg","type":"image\/jpeg"}],"twitter_card":"summary_large_image","twitter_misc":{"Tempo di lettura stimato":"1 minuto"},"schema":{"@context":"https:\/\/schema.org","@graph":[{"@type":"WebPage","@id":"https:\/\/www.visitklagenfurt.at\/it\/attivi-nello-sport\/eventi-sportivi\/","url":"https:\/\/www.visitklagenfurt.at\/it\/attivi-nello-sport\/eventi-sportivi\/","name":"Eventi Sportivi a Klagenfurt | Hobby & Atleti Professionisti","isPartOf":{"@id":"https:\/\/www.visitklagenfurt.at\/it\/#website"},"primaryImageOfPage":{"@id":"https:\/\/www.visitklagenfurt.at\/it\/attivi-nello-sport\/eventi-sportivi\/#primaryimage"},"image":{"@id":"https:\/\/www.visitklagenfurt.at\/it\/attivi-nello-sport\/eventi-sportivi\/#primaryimage"},"thumbnailUrl":"https:\/\/www.visitklagenfurt.at\/wp-content\/uploads\/2021\/03\/sport_ironman_event_ziel_2017_c-getty_images-lennart_preiss_89-web.jpg","datePublished":"2024-01-09T09:01:24+00:00","dateModified":"2024-01-09T09:01:51+00:00","description":"Klagenfurt \u00e8 sinonimo di esperienze culinarie Alpe Adria, qualit\u00e0 della vita tra centro storico e il lago, di vita dinamica e sportiva.","breadcrumb":{"@id":"https:\/\/www.visitklagenfurt.at\/it\/attivi-nello-sport\/eventi-sportivi\/#breadcrumb"},"inLanguage":"it-IT","potentialAction":[{"@type":"ReadAction","target":["https:\/\/www.visitklagenfurt.at\/it\/attivi-nello-sport\/eventi-sportivi\/"]}]},{"@type":"ImageObject","inLanguage":"it-IT","@id":"https:\/\/www.visitklagenfurt.at\/it\/attivi-nello-sport\/eventi-sportivi\/#primaryimage","url":"https:\/\/www.visitklagenfurt.at\/wp-content\/uploads\/2021\/03\/sport_ironman_event_ziel_2017_c-getty_images-lennart_preiss_89-web.jpg","contentUrl":"https:\/\/www.visitklagenfurt.at\/wp-content\/uploads\/2021\/03\/sport_ironman_event_ziel_2017_c-getty_images-lennart_preiss_89-web.jpg","width":1920,"height":1532,"caption":"KLAGENFURT, AUSTRIA - JULY 02: Jan Frodeno of Germany celebrates winning the Ironman Austria on July 2, 2017 in Klagenfurt, Austria. (Photo by Lennart Preiss\/Getty Images for Ironman )"},{"@type":"BreadcrumbList","@id":"https:\/\/www.visitklagenfurt.at\/it\/attivi-nello-sport\/eventi-sportivi\/#breadcrumb","itemListElement":[{"@type":"ListItem","position":1,"name":"visitklagenfurt","item":"https:\/\/www.visitklagenfurt.at\/it\/"},{"@type":"ListItem","position":2,"name":"Attivi nello sport","item":"https:\/\/www.visitklagenfurt.at\/it\/attivi-nello-sport\/"},{"@type":"ListItem","position":3,"name":"Eventi sportivi"}]},{"@type":"WebSite","@id":"https:\/\/www.visitklagenfurt.at\/it\/#website","url":"https:\/\/www.visitklagenfurt.at\/it\/","name":"visitklagenfurt","description":"","publisher":{"@id":"https:\/\/www.visitklagenfurt.at\/it\/#organization"},"potentialAction":[{"@type":"SearchAction","target":{"@type":"EntryPoint","urlTemplate":"https:\/\/www.visitklagenfurt.at\/it\/?s={search_term_string}"},"query-input":{"@type":"PropertyValueSpecification","valueRequired":true,"valueName":"search_term_string"}}],"inLanguage":"it-IT"},{"@type":"Organization","@id":"https:\/\/www.visitklagenfurt.at\/it\/#organization","name":"Tourismus Region Klagenfurt am W\u00f6rthersee GmbH","url":"https:\/\/www.visitklagenfurt.at\/it\/","logo":{"@type":"ImageObject","inLanguage":"it-IT","@id":"https:\/\/www.visitklagenfurt.at\/it\/#\/schema\/logo\/image\/","url":"https:\/\/www.visitklagenfurt.at\/wp-content\/uploads\/2022\/03\/DT_K_Klagenfurt_S_RGB.png","contentUrl":"https:\/\/www.visitklagenfurt.at\/wp-content\/uploads\/2022\/03\/DT_K_Klagenfurt_S_RGB.png","width":2082,"height":1511,"caption":"Tourismus Region Klagenfurt am W\u00f6rthersee GmbH"},"image":{"@id":"https:\/\/www.visitklagenfurt.at\/it\/#\/schema\/logo\/image\/"}}]}},"_links":{"self":[{"href":"https:\/\/www.visitklagenfurt.at\/it\/wp-json\/wp\/v2\/pages\/12704","targetHints":{"allow":["GET"]}}],"collection":[{"href":"https:\/\/www.visitklagenfurt.at\/it\/wp-json\/wp\/v2\/pages"}],"about":[{"href":"https:\/\/www.visitklagenfurt.at\/it\/wp-json\/wp\/v2\/types\/page"}],"author":[{"embeddable":true,"href":"https:\/\/www.visitklagenfurt.at\/it\/wp-json\/wp\/v2\/users\/2"}],"replies":[{"embeddable":true,"href":"https:\/\/www.visitklagenfurt.at\/it\/wp-json\/wp\/v2\/comments?post=12704"}],"version-history":[{"count":14,"href":"https:\/\/www.visitklagenfurt.at\/it\/wp-json\/wp\/v2\/pages\/12704\/revisions"}],"predecessor-version":[{"id":60435,"href":"https:\/\/www.visitklagenfurt.at\/it\/wp-json\/wp\/v2\/pages\/12704\/revisions\/60435"}],"up":[{"embeddable":true,"href":"https:\/\/www.visitklagenfurt.at\/it\/wp-json\/wp\/v2\/pages\/9436"}],"wp:featuredmedia":[{"embeddable":true,"href":"https:\/\/www.visitklagenfurt.at\/it\/wp-json\/wp\/v2\/media\/9475"}],"wp:attachment":[{"href":"https:\/\/www.visitklagenfurt.at\/it\/wp-json\/wp\/v2\/media?parent=12704"}],"wp:term":[{"taxonomy":"category","embeddable":true,"href":"https:\/\/www.visitklagenfurt.at\/it\/wp-json\/wp\/v2\/categories?post=12704"},{"taxonomy":"post_tag","embeddable":true,"href":"https:\/\/www.visitklagenfurt.at\/it\/wp-json\/wp\/v2\/tags?post=12704"},{"taxonomy":"seitentyp","embeddable":true,"href":"https:\/\/www.visitklagenfurt.at\/it\/wp-json\/wp\/v2\/seitentyp?post=12704"}],"curies":[{"name":"wp","href":"https:\/\/api.w.org\/{rel}","templated":true}]}}