{"id":14406,"date":"2024-03-05T18:13:05","date_gmt":"2024-03-05T17:13:05","guid":{"rendered":"https:\/\/www.visitklagenfurt.at\/cultura-festival\/"},"modified":"2024-03-07T13:04:36","modified_gmt":"2024-03-07T12:04:36","slug":"cultura-festival","status":"publish","type":"page","link":"https:\/\/www.visitklagenfurt.at\/it\/cultura-festival\/","title":{"rendered":"Festival &#038; cultura"},"content":{"rendered":"\t\t<div data-elementor-type=\"wp-page\" data-elementor-id=\"14406\" class=\"elementor elementor-14406 elementor-9238\" data-elementor-post-type=\"page\">\n\t\t\t\t\t\t<section class=\"elementor-section elementor-top-section elementor-element elementor-element-820f0d9 elementor-section-height-min-height elementor-section-items-top elementor-section-boxed elementor-section-height-default\" data-id=\"820f0d9\" data-element_type=\"section\" data-e-type=\"section\" data-settings=\"{&quot;background_background&quot;:&quot;classic&quot;}\">\n\t\t\t\t\t\t<div class=\"elementor-container elementor-column-gap-default\">\n\t\t\t\t\t<div class=\"elementor-column elementor-col-100 elementor-top-column elementor-element elementor-element-3f3737f\" data-id=\"3f3737f\" data-element_type=\"column\" data-e-type=\"column\">\n\t\t\t<div class=\"elementor-widget-wrap elementor-element-populated\">\n\t\t\t\t\t\t<div class=\"elementor-element elementor-element-ad42622 elementor-hidden-desktop elementor-widget elementor-widget-image\" data-id=\"ad42622\" data-element_type=\"widget\" data-e-type=\"widget\" data-widget_type=\"image.default\">\n\t\t\t\t<div class=\"elementor-widget-container\">\n\t\t\t\t\t\t\t\t\t\t\t\t\t\t\t<img fetchpriority=\"high\" decoding=\"async\" width=\"800\" height=\"533\" src=\"https:\/\/www.visitklagenfurt.at\/wp-content\/uploads\/2021\/02\/kultur_galerie_2012_c-helge_bauer_1-web-1024x682.jpeg\" class=\"attachment-large size-large wp-image-7256\" alt=\"kultur_galerie\" srcset=\"https:\/\/www.visitklagenfurt.at\/wp-content\/uploads\/2021\/02\/kultur_galerie_2012_c-helge_bauer_1-web-1024x682.jpeg 1024w, https:\/\/www.visitklagenfurt.at\/wp-content\/uploads\/2021\/02\/kultur_galerie_2012_c-helge_bauer_1-web-300x200.jpeg 300w, https:\/\/www.visitklagenfurt.at\/wp-content\/uploads\/2021\/02\/kultur_galerie_2012_c-helge_bauer_1-web-768x511.jpeg 768w, https:\/\/www.visitklagenfurt.at\/wp-content\/uploads\/2021\/02\/kultur_galerie_2012_c-helge_bauer_1-web-1536x1022.jpeg 1536w, https:\/\/www.visitklagenfurt.at\/wp-content\/uploads\/2021\/02\/kultur_galerie_2012_c-helge_bauer_1-web.jpeg 2048w\" sizes=\"(max-width: 800px) 100vw, 800px\" \/>\t\t\t\t\t\t\t\t\t\t\t\t\t\t\t<\/div>\n\t\t\t\t<\/div>\n\t\t\t\t\t<\/div>\n\t\t<\/div>\n\t\t\t\t\t<\/div>\n\t\t<\/section>\n\t\t\t\t<section class=\"elementor-section elementor-top-section elementor-element elementor-element-e678f33 elementor-section-boxed elementor-section-height-default elementor-section-height-default\" data-id=\"e678f33\" data-element_type=\"section\" data-e-type=\"section\" data-settings=\"{&quot;background_background&quot;:&quot;classic&quot;}\">\n\t\t\t\t\t\t<div class=\"elementor-container elementor-column-gap-default\">\n\t\t\t\t\t<div class=\"elementor-column elementor-col-100 elementor-top-column elementor-element elementor-element-55583c9\" data-id=\"55583c9\" data-element_type=\"column\" data-e-type=\"column\" data-settings=\"{&quot;background_background&quot;:&quot;classic&quot;}\">\n\t\t\t<div class=\"elementor-widget-wrap elementor-element-populated\">\n\t\t\t\t\t\t<div class=\"elementor-element elementor-element-a58fb14 elementor-widget elementor-widget-global elementor-global-42931 elementor-global-39763 elementor-widget-breadcrumbs\" data-id=\"a58fb14\" data-element_type=\"widget\" data-e-type=\"widget\" data-widget_type=\"breadcrumbs.default\">\n\t\t\t\t<div class=\"elementor-widget-container\">\n\t\t\t\t\t<p id=\"breadcrumbs\"><span><span><a href=\"https:\/\/www.visitklagenfurt.at\/it\/\">visitklagenfurt<\/a><\/span><\/span><\/p>\t\t\t\t<\/div>\n\t\t\t\t<\/div>\n\t\t\t\t<div class=\"elementor-element elementor-element-fa799e9 elementor-widget elementor-widget-heading\" data-id=\"fa799e9\" data-element_type=\"widget\" data-e-type=\"widget\" data-widget_type=\"heading.default\">\n\t\t\t\t<div class=\"elementor-widget-container\">\n\t\t\t\t\t<h1 class=\"elementor-heading-title elementor-size-default\">Festival &#038; cultura<\/h1>\t\t\t\t<\/div>\n\t\t\t\t<\/div>\n\t\t\t\t<div class=\"elementor-element elementor-element-9fb4eb2 elementor-widget elementor-widget-text-editor\" data-id=\"9fb4eb2\" data-element_type=\"widget\" data-e-type=\"widget\" data-widget_type=\"text-editor.default\">\n\t\t\t\t<div class=\"elementor-widget-container\">\n\t\t\t\t\t\t\t\t\t<p><strong>Andate a caccia di tesori culturali!<\/strong><\/p><p>La citt\u00e0 di Klagenfurt \u00e8 stata fondata nel 1246 e in quasi 800 anni ha accumulato un patrimonio culturale degno di nota. <strong>Artisti del secolo<\/strong> incontrano l&#8217;<strong>arte contemporanea<\/strong> e una vivace scena indipendente. Non a caso <strong>Gustav Mahler, Ingeborg Bachmann e Giselbert Hoke<\/strong> erano profondamente radicati in citt\u00e0.<\/p><p>Da Klagenfurt provengono numerose personalit\u00e0 straordinarie, che hanno contribuito a plasmare la storia del mondo nei pi\u00f9 diversi ambiti della vita. <strong>Scrittori, artisti, visionari<\/strong> che sono stati ispirati dalla bellezza e dall&#8217;unicit\u00e0 della citt\u00e0. Conoscete le loro storie e scoprite i luoghi di provenienza di queste persone affascinanti.<\/p><p>Il variegato programma culturale si svolge durante <strong>tutto l&#8217;anno<\/strong>. Scoprite una vasta gamma di <strong>festival, musei, gallerie e teatri<\/strong>. Trascorrete le miti serate estive ascoltando musica e ballando all&#8217;aperto nelle strade e nei vicoli.<\/p><p>L&#8217;aspetto del pittoresco centro della citt\u00e0 \u00e8 caratterizzato da diverse epoche. Il romantico centro rinascimentale della citt\u00e0 centro cattura immediatamente l&#8217;attenzione.<\/p>\t\t\t\t\t\t\t\t<\/div>\n\t\t\t\t<\/div>\n\t\t\t\t\t<\/div>\n\t\t<\/div>\n\t\t\t\t\t<\/div>\n\t\t<\/section>\n\t\t\t\t<section class=\"elementor-section elementor-top-section elementor-element elementor-element-09586d6 elementor-section-boxed elementor-section-height-default elementor-section-height-default\" data-id=\"09586d6\" data-element_type=\"section\" data-e-type=\"section\">\n\t\t\t\t\t\t<div class=\"elementor-container elementor-column-gap-default\">\n\t\t\t\t\t<div class=\"elementor-column elementor-col-100 elementor-top-column elementor-element elementor-element-5ad292e\" data-id=\"5ad292e\" data-element_type=\"column\" data-e-type=\"column\">\n\t\t\t<div class=\"elementor-widget-wrap elementor-element-populated\">\n\t\t\t\t\t\t<div class=\"elementor-element elementor-element-280220f elementor-widget elementor-widget-pp-tiled-posts\" data-id=\"280220f\" data-element_type=\"widget\" data-e-type=\"widget\" data-widget_type=\"pp-tiled-posts.default\">\n\t\t\t\t<div class=\"elementor-widget-container\">\n\t\t\t\t\t\t\t<div class=\"pp-tiled-posts pp-tiled-posts-layout-2 clearfix\">\n\t\t\t<div class=\"pp-tiles-posts-left\">\t\t<div class=\"pp-tiled-post pp-tiled-post-1 pp-tiled-post-featured\">\n\t\t\t<div class=\"pp-tiled-post-bg pp-media-background \" style=\"background-image:url(https:\/\/www.visitklagenfurt.at\/wp-content\/uploads\/2021\/06\/donnerszenen2020_c-Sarina-Dobernig_web.jpg)\">\n\t\t\t\t<a class=\"pp-post-link\" href=\"https:\/\/www.visitklagenfurt.at\/it\/cultura-festival\/i-festivals\/\" title=\"I festival\"><\/a>\n\t\t\t<\/div>\n\t\t\t<div class=\"pp-tiled-post-content pp-tiled-post-content-bottom\">\n\t\t\t\t\n\t\t\t\t\t\t\t\t\t\t\t\t\t\t<header>\n\t\t\t\t\t\t<h2 class=\"pp-tiled-post-title\">\n\t\t\t\t\t\t\tI festival\t\t\t\t\t\t<\/h2>\n\t\t\t\t\t<\/header>\n\t\t\t\t\n\t\t\t\t\n\t\t\t\t\n\t\t\t\t\t\t\t<\/div>\n\t\t<\/div>\n\t\t<\/div><div class=\"pp-tiles-posts-right\">\t\t<div class=\"pp-tiled-post pp-tiled-post-2 pp-tiled-post-large\">\n\t\t\t<div class=\"pp-tiled-post-bg pp-media-background \" style=\"background-image:url(https:\/\/www.visitklagenfurt.at\/wp-content\/uploads\/2021\/03\/kultur_museum_mmkk_2015_c-gernot_gleiss_2-web.jpeg)\">\n\t\t\t\t<a class=\"pp-post-link\" href=\"https:\/\/www.visitklagenfurt.at\/it\/cultura-festival\/le-gallerie\/\" title=\"Le gallerie e musei d&#8217;arte\"><\/a>\n\t\t\t<\/div>\n\t\t\t<div class=\"pp-tiled-post-content pp-tiled-post-content-bottom\">\n\t\t\t\t\n\t\t\t\t\t\t\t\t\t\t\t\t\t\t<header>\n\t\t\t\t\t\t<h2 class=\"pp-tiled-post-title\">\n\t\t\t\t\t\t\tLe gallerie e musei d&#8217;arte\t\t\t\t\t\t<\/h2>\n\t\t\t\t\t<\/header>\n\t\t\t\t\n\t\t\t\t\n\t\t\t\t\n\t\t\t\t\t\t\t<\/div>\n\t\t<\/div>\n\t\t\t\t<div class=\"pp-tiled-post pp-tiled-post-3 pp-tiled-post-large\">\n\t\t\t<div class=\"pp-tiled-post-bg pp-media-background \" style=\"background-image:url(https:\/\/www.visitklagenfurt.at\/wp-content\/uploads\/2021\/03\/kultur_stadttheater_fruhling_2012_c-helge_bauer_36-web.jpeg)\">\n\t\t\t\t<a class=\"pp-post-link\" href=\"https:\/\/www.visitklagenfurt.at\/it\/cultura-festival\/il-teatro\/\" title=\"Il teatro\"><\/a>\n\t\t\t<\/div>\n\t\t\t<div class=\"pp-tiled-post-content pp-tiled-post-content-bottom\">\n\t\t\t\t\n\t\t\t\t\t\t\t\t\t\t\t\t\t\t<header>\n\t\t\t\t\t\t<h2 class=\"pp-tiled-post-title\">\n\t\t\t\t\t\t\tIl teatro\t\t\t\t\t\t<\/h2>\n\t\t\t\t\t<\/header>\n\t\t\t\t\n\t\t\t\t\n\t\t\t\t\n\t\t\t\t\t\t\t<\/div>\n\t\t<\/div>\n\t\t<\/div><div class=\"pp-tiled-post-group pp-tiled-post-col-1\">\t\t<div class=\"pp-tiled-post pp-tiled-post-4 pp-tiled-post-large\">\n\t\t\t<div class=\"pp-tiled-post-bg pp-media-background \" style=\"background-image:url(https:\/\/www.visitklagenfurt.at\/wp-content\/uploads\/2024\/05\/kultur_museum_wappensaal_landhaus_2015_sommer_c-gernot_gleiss_16.jpg)\">\n\t\t\t\t<a class=\"pp-post-link\" href=\"https:\/\/www.visitklagenfurt.at\/it\/cultura-festival\/musei\/\" title=\"I Musei\"><\/a>\n\t\t\t<\/div>\n\t\t\t<div class=\"pp-tiled-post-content pp-tiled-post-content-bottom\">\n\t\t\t\t\n\t\t\t\t\t\t\t\t\t\t\t\t\t\t<header>\n\t\t\t\t\t\t<h2 class=\"pp-tiled-post-title\">\n\t\t\t\t\t\t\tI Musei\t\t\t\t\t\t<\/h2>\n\t\t\t\t\t<\/header>\n\t\t\t\t\n\t\t\t\t\n\t\t\t\t\n\t\t\t\t\t\t\t<\/div>\n\t\t<\/div>\n\t\t<\/div>\t\t<\/div>\n\t\t\t\t\t\t<\/div>\n\t\t\t\t<\/div>\n\t\t\t\t\t<\/div>\n\t\t<\/div>\n\t\t\t\t\t<\/div>\n\t\t<\/section>\n\t\t\t\t<\/div>\n\t\t","protected":false},"excerpt":{"rendered":"<p>Andate a caccia di tesori culturali! La citt\u00e0 di Klagenfurt \u00e8 stata fondata nel 1246 e in quasi 800 anni ha accumulato un patrimonio culturale degno di nota. Artisti del secolo incontrano l&#8217;arte contemporanea e una vivace scena indipendente. Non a caso Gustav Mahler, Ingeborg Bachmann e Giselbert Hoke erano profondamente radicati in citt\u00e0. Da [&hellip;]<\/p>\n","protected":false},"author":2,"featured_media":7256,"parent":0,"menu_order":1,"comment_status":"closed","ping_status":"closed","template":"elementor_header_footer","meta":{"footnotes":""},"categories":[],"tags":[],"seitentyp":[],"class_list":["post-14406","page","type-page","status-publish","has-post-thumbnail","hentry"],"yoast_head":"<!-- This site is optimized with the Yoast SEO plugin v27.3 - https:\/\/yoast.com\/product\/yoast-seo-wordpress\/ -->\n<title>Cultura &amp; Festival | Musei e Gallerie | Concerto | Klagenfurt<\/title>\n<meta name=\"description\" content=\"Tutte le sere a Klagenfurt \u00e8 possibile assistere ad un concerto di musica classica, jazz o lasciarsi incantare da uno spettacolo di danza.\" \/>\n<meta name=\"robots\" content=\"index, follow, max-snippet:-1, max-image-preview:large, max-video-preview:-1\" \/>\n<link rel=\"canonical\" href=\"https:\/\/www.visitklagenfurt.at\/it\/cultura-festival\/\" \/>\n<meta property=\"og:locale\" content=\"it_IT\" \/>\n<meta property=\"og:type\" content=\"article\" \/>\n<meta property=\"og:title\" content=\"Cultura &amp; Festival | Musei e Gallerie | Concerto | Klagenfurt\" \/>\n<meta property=\"og:description\" content=\"Tutte le sere a Klagenfurt \u00e8 possibile assistere ad un concerto di musica classica, jazz o lasciarsi incantare da uno spettacolo di danza.\" \/>\n<meta property=\"og:url\" content=\"https:\/\/www.visitklagenfurt.at\/it\/cultura-festival\/\" \/>\n<meta property=\"og:site_name\" content=\"visitklagenfurt\" \/>\n<meta property=\"article:modified_time\" content=\"2024-03-07T12:04:36+00:00\" \/>\n<meta property=\"og:image\" content=\"https:\/\/www.visitklagenfurt.at\/wp-content\/uploads\/2021\/02\/kultur_galerie_2012_c-helge_bauer_1-web.jpeg\" \/>\n\t<meta property=\"og:image:width\" content=\"2048\" \/>\n\t<meta property=\"og:image:height\" content=\"1363\" \/>\n\t<meta property=\"og:image:type\" content=\"image\/jpeg\" \/>\n<meta name=\"twitter:card\" content=\"summary_large_image\" \/>\n<meta name=\"twitter:label1\" content=\"Tempo di lettura stimato\" \/>\n\t<meta name=\"twitter:data1\" content=\"2 minuti\" \/>\n<script type=\"application\/ld+json\" class=\"yoast-schema-graph\">{\"@context\":\"https:\\\/\\\/schema.org\",\"@graph\":[{\"@type\":\"WebPage\",\"@id\":\"https:\\\/\\\/www.visitklagenfurt.at\\\/it\\\/cultura-festival\\\/\",\"url\":\"https:\\\/\\\/www.visitklagenfurt.at\\\/it\\\/cultura-festival\\\/\",\"name\":\"Cultura & Festival | Musei e Gallerie | Concerto | Klagenfurt\",\"isPartOf\":{\"@id\":\"https:\\\/\\\/www.visitklagenfurt.at\\\/it\\\/#website\"},\"primaryImageOfPage\":{\"@id\":\"https:\\\/\\\/www.visitklagenfurt.at\\\/it\\\/cultura-festival\\\/#primaryimage\"},\"image\":{\"@id\":\"https:\\\/\\\/www.visitklagenfurt.at\\\/it\\\/cultura-festival\\\/#primaryimage\"},\"thumbnailUrl\":\"https:\\\/\\\/www.visitklagenfurt.at\\\/wp-content\\\/uploads\\\/2021\\\/02\\\/kultur_galerie_2012_c-helge_bauer_1-web.jpeg\",\"datePublished\":\"2024-03-05T17:13:05+00:00\",\"dateModified\":\"2024-03-07T12:04:36+00:00\",\"description\":\"Tutte le sere a Klagenfurt \u00e8 possibile assistere ad un concerto di musica classica, jazz o lasciarsi incantare da uno spettacolo di danza.\",\"breadcrumb\":{\"@id\":\"https:\\\/\\\/www.visitklagenfurt.at\\\/it\\\/cultura-festival\\\/#breadcrumb\"},\"inLanguage\":\"it-IT\",\"potentialAction\":[{\"@type\":\"ReadAction\",\"target\":[\"https:\\\/\\\/www.visitklagenfurt.at\\\/it\\\/cultura-festival\\\/\"]}]},{\"@type\":\"ImageObject\",\"inLanguage\":\"it-IT\",\"@id\":\"https:\\\/\\\/www.visitklagenfurt.at\\\/it\\\/cultura-festival\\\/#primaryimage\",\"url\":\"https:\\\/\\\/www.visitklagenfurt.at\\\/wp-content\\\/uploads\\\/2021\\\/02\\\/kultur_galerie_2012_c-helge_bauer_1-web.jpeg\",\"contentUrl\":\"https:\\\/\\\/www.visitklagenfurt.at\\\/wp-content\\\/uploads\\\/2021\\\/02\\\/kultur_galerie_2012_c-helge_bauer_1-web.jpeg\",\"width\":2048,\"height\":1363,\"caption\":\"(c) Helge Bauer\"},{\"@type\":\"BreadcrumbList\",\"@id\":\"https:\\\/\\\/www.visitklagenfurt.at\\\/it\\\/cultura-festival\\\/#breadcrumb\",\"itemListElement\":[{\"@type\":\"ListItem\",\"position\":1,\"name\":\"visitklagenfurt\",\"item\":\"https:\\\/\\\/www.visitklagenfurt.at\\\/it\\\/\"},{\"@type\":\"ListItem\",\"position\":2,\"name\":\"Festival &#038; cultura\"}]},{\"@type\":\"WebSite\",\"@id\":\"https:\\\/\\\/www.visitklagenfurt.at\\\/it\\\/#website\",\"url\":\"https:\\\/\\\/www.visitklagenfurt.at\\\/it\\\/\",\"name\":\"visitklagenfurt\",\"description\":\"\",\"publisher\":{\"@id\":\"https:\\\/\\\/www.visitklagenfurt.at\\\/it\\\/#organization\"},\"potentialAction\":[{\"@type\":\"SearchAction\",\"target\":{\"@type\":\"EntryPoint\",\"urlTemplate\":\"https:\\\/\\\/www.visitklagenfurt.at\\\/it\\\/?s={search_term_string}\"},\"query-input\":{\"@type\":\"PropertyValueSpecification\",\"valueRequired\":true,\"valueName\":\"search_term_string\"}}],\"inLanguage\":\"it-IT\"},{\"@type\":\"Organization\",\"@id\":\"https:\\\/\\\/www.visitklagenfurt.at\\\/it\\\/#organization\",\"name\":\"Tourismus Region Klagenfurt am W\u00f6rthersee GmbH\",\"url\":\"https:\\\/\\\/www.visitklagenfurt.at\\\/it\\\/\",\"logo\":{\"@type\":\"ImageObject\",\"inLanguage\":\"it-IT\",\"@id\":\"https:\\\/\\\/www.visitklagenfurt.at\\\/it\\\/#\\\/schema\\\/logo\\\/image\\\/\",\"url\":\"https:\\\/\\\/www.visitklagenfurt.at\\\/wp-content\\\/uploads\\\/2022\\\/03\\\/DT_K_Klagenfurt_S_RGB.png\",\"contentUrl\":\"https:\\\/\\\/www.visitklagenfurt.at\\\/wp-content\\\/uploads\\\/2022\\\/03\\\/DT_K_Klagenfurt_S_RGB.png\",\"width\":2082,\"height\":1511,\"caption\":\"Tourismus Region Klagenfurt am W\u00f6rthersee GmbH\"},\"image\":{\"@id\":\"https:\\\/\\\/www.visitklagenfurt.at\\\/it\\\/#\\\/schema\\\/logo\\\/image\\\/\"}}]}<\/script>\n<!-- \/ Yoast SEO plugin. -->","yoast_head_json":{"title":"Cultura & Festival | Musei e Gallerie | Concerto | Klagenfurt","description":"Tutte le sere a Klagenfurt \u00e8 possibile assistere ad un concerto di musica classica, jazz o lasciarsi incantare da uno spettacolo di danza.","robots":{"index":"index","follow":"follow","max-snippet":"max-snippet:-1","max-image-preview":"max-image-preview:large","max-video-preview":"max-video-preview:-1"},"canonical":"https:\/\/www.visitklagenfurt.at\/it\/cultura-festival\/","og_locale":"it_IT","og_type":"article","og_title":"Cultura & Festival | Musei e Gallerie | Concerto | Klagenfurt","og_description":"Tutte le sere a Klagenfurt \u00e8 possibile assistere ad un concerto di musica classica, jazz o lasciarsi incantare da uno spettacolo di danza.","og_url":"https:\/\/www.visitklagenfurt.at\/it\/cultura-festival\/","og_site_name":"visitklagenfurt","article_modified_time":"2024-03-07T12:04:36+00:00","og_image":[{"width":2048,"height":1363,"url":"https:\/\/www.visitklagenfurt.at\/wp-content\/uploads\/2021\/02\/kultur_galerie_2012_c-helge_bauer_1-web.jpeg","type":"image\/jpeg"}],"twitter_card":"summary_large_image","twitter_misc":{"Tempo di lettura stimato":"2 minuti"},"schema":{"@context":"https:\/\/schema.org","@graph":[{"@type":"WebPage","@id":"https:\/\/www.visitklagenfurt.at\/it\/cultura-festival\/","url":"https:\/\/www.visitklagenfurt.at\/it\/cultura-festival\/","name":"Cultura & Festival | Musei e Gallerie | Concerto | Klagenfurt","isPartOf":{"@id":"https:\/\/www.visitklagenfurt.at\/it\/#website"},"primaryImageOfPage":{"@id":"https:\/\/www.visitklagenfurt.at\/it\/cultura-festival\/#primaryimage"},"image":{"@id":"https:\/\/www.visitklagenfurt.at\/it\/cultura-festival\/#primaryimage"},"thumbnailUrl":"https:\/\/www.visitklagenfurt.at\/wp-content\/uploads\/2021\/02\/kultur_galerie_2012_c-helge_bauer_1-web.jpeg","datePublished":"2024-03-05T17:13:05+00:00","dateModified":"2024-03-07T12:04:36+00:00","description":"Tutte le sere a Klagenfurt \u00e8 possibile assistere ad un concerto di musica classica, jazz o lasciarsi incantare da uno spettacolo di danza.","breadcrumb":{"@id":"https:\/\/www.visitklagenfurt.at\/it\/cultura-festival\/#breadcrumb"},"inLanguage":"it-IT","potentialAction":[{"@type":"ReadAction","target":["https:\/\/www.visitklagenfurt.at\/it\/cultura-festival\/"]}]},{"@type":"ImageObject","inLanguage":"it-IT","@id":"https:\/\/www.visitklagenfurt.at\/it\/cultura-festival\/#primaryimage","url":"https:\/\/www.visitklagenfurt.at\/wp-content\/uploads\/2021\/02\/kultur_galerie_2012_c-helge_bauer_1-web.jpeg","contentUrl":"https:\/\/www.visitklagenfurt.at\/wp-content\/uploads\/2021\/02\/kultur_galerie_2012_c-helge_bauer_1-web.jpeg","width":2048,"height":1363,"caption":"(c) Helge Bauer"},{"@type":"BreadcrumbList","@id":"https:\/\/www.visitklagenfurt.at\/it\/cultura-festival\/#breadcrumb","itemListElement":[{"@type":"ListItem","position":1,"name":"visitklagenfurt","item":"https:\/\/www.visitklagenfurt.at\/it\/"},{"@type":"ListItem","position":2,"name":"Festival &#038; cultura"}]},{"@type":"WebSite","@id":"https:\/\/www.visitklagenfurt.at\/it\/#website","url":"https:\/\/www.visitklagenfurt.at\/it\/","name":"visitklagenfurt","description":"","publisher":{"@id":"https:\/\/www.visitklagenfurt.at\/it\/#organization"},"potentialAction":[{"@type":"SearchAction","target":{"@type":"EntryPoint","urlTemplate":"https:\/\/www.visitklagenfurt.at\/it\/?s={search_term_string}"},"query-input":{"@type":"PropertyValueSpecification","valueRequired":true,"valueName":"search_term_string"}}],"inLanguage":"it-IT"},{"@type":"Organization","@id":"https:\/\/www.visitklagenfurt.at\/it\/#organization","name":"Tourismus Region Klagenfurt am W\u00f6rthersee GmbH","url":"https:\/\/www.visitklagenfurt.at\/it\/","logo":{"@type":"ImageObject","inLanguage":"it-IT","@id":"https:\/\/www.visitklagenfurt.at\/it\/#\/schema\/logo\/image\/","url":"https:\/\/www.visitklagenfurt.at\/wp-content\/uploads\/2022\/03\/DT_K_Klagenfurt_S_RGB.png","contentUrl":"https:\/\/www.visitklagenfurt.at\/wp-content\/uploads\/2022\/03\/DT_K_Klagenfurt_S_RGB.png","width":2082,"height":1511,"caption":"Tourismus Region Klagenfurt am W\u00f6rthersee GmbH"},"image":{"@id":"https:\/\/www.visitklagenfurt.at\/it\/#\/schema\/logo\/image\/"}}]}},"_links":{"self":[{"href":"https:\/\/www.visitklagenfurt.at\/it\/wp-json\/wp\/v2\/pages\/14406","targetHints":{"allow":["GET"]}}],"collection":[{"href":"https:\/\/www.visitklagenfurt.at\/it\/wp-json\/wp\/v2\/pages"}],"about":[{"href":"https:\/\/www.visitklagenfurt.at\/it\/wp-json\/wp\/v2\/types\/page"}],"author":[{"embeddable":true,"href":"https:\/\/www.visitklagenfurt.at\/it\/wp-json\/wp\/v2\/users\/2"}],"replies":[{"embeddable":true,"href":"https:\/\/www.visitklagenfurt.at\/it\/wp-json\/wp\/v2\/comments?post=14406"}],"version-history":[{"count":16,"href":"https:\/\/www.visitklagenfurt.at\/it\/wp-json\/wp\/v2\/pages\/14406\/revisions"}],"predecessor-version":[{"id":61656,"href":"https:\/\/www.visitklagenfurt.at\/it\/wp-json\/wp\/v2\/pages\/14406\/revisions\/61656"}],"wp:featuredmedia":[{"embeddable":true,"href":"https:\/\/www.visitklagenfurt.at\/it\/wp-json\/wp\/v2\/media\/7256"}],"wp:attachment":[{"href":"https:\/\/www.visitklagenfurt.at\/it\/wp-json\/wp\/v2\/media?parent=14406"}],"wp:term":[{"taxonomy":"category","embeddable":true,"href":"https:\/\/www.visitklagenfurt.at\/it\/wp-json\/wp\/v2\/categories?post=14406"},{"taxonomy":"post_tag","embeddable":true,"href":"https:\/\/www.visitklagenfurt.at\/it\/wp-json\/wp\/v2\/tags?post=14406"},{"taxonomy":"seitentyp","embeddable":true,"href":"https:\/\/www.visitklagenfurt.at\/it\/wp-json\/wp\/v2\/seitentyp?post=14406"}],"curies":[{"name":"wp","href":"https:\/\/api.w.org\/{rel}","templated":true}]}}