{"id":42754,"date":"2022-08-30T11:15:45","date_gmt":"2022-08-30T09:15:45","guid":{"rendered":"https:\/\/www.visitklagenfurt.at\/all-in-one\/faq\/"},"modified":"2023-12-11T10:58:57","modified_gmt":"2023-12-11T09:58:57","slug":"all-in-one-faq","status":"publish","type":"page","link":"https:\/\/www.visitklagenfurt.at\/it\/all-in-one-faq\/","title":{"rendered":"All in ONE &#8211; Domande frequenti"},"content":{"rendered":"\n<h2 class=\"wp-block-heading\" id=\"h-in-generale\">In generale<\/h2>\n\n\n\n<h3 class=\"wp-block-heading\" id=\"h-a-chi-posso-rivolgermi-in-caso-di-problemi-con-i-biglietti\"><a><\/a>A chi posso rivolgermi in caso di problemi con i biglietti?<\/h3>\n\n\n\n<p>L\u2019ente Tourismusregion, quale gestore della piattaforma, \u00e8 a tua completa disposizione in caso di domande o problemi con l\u2019app. Puoi contattare l\u2019ente Tourismusregion ad esempio su <em>Guida\/Contatti <\/em>all\u2019interno del profilo.<\/p>\n\n\n\n<h3 class=\"wp-block-heading\" id=\"h-l-app-funziona-offline\"><a><\/a>L\u2019app funziona offline?<\/h3>\n\n\n\n<p>S\u00ec. Se temporaneamente non disponi di una connessione Internet, l\u2019app visualizza i dati salvati fino a quel momento. Tuttavia, senza una connessione Internet non puoi effettuare degli acquisti. Tieni presente che una volta acquistato il biglietto, NON \u00e8 necessaria alcuna connessione Internet per convalidarlo.<\/p>\n\n\n\n<h3 class=\"wp-block-heading\" id=\"h-perche-per-alcune-destinazioni-turistiche-non-e-possibile-prenotare-i-biglietti\"><a><\/a>Perch\u00e9 per alcune destinazioni turistiche non \u00e8 possibile prenotare i biglietti?<\/h3>\n\n\n\n<p>Per poter acquistare dei biglietti nell\u2019app, il singolo fornitore deve collaborare con l\u2019ente Tourismusregion Klagenfurt am W\u00f6rthersee. Pur essendo sempre pi\u00f9 numerose, vi sono delle destinazioni con cui non sussiste ancora una collaborazione. Altre destinazioni o luoghi invece sono gratuiti.<\/p>\n\n\n\n<h3 class=\"wp-block-heading\" id=\"h-posso-inoltrare-i-biglietti-acquistati\"><a><\/a>Posso inoltrare i biglietti acquistati?<\/h3>\n\n\n\n<p>S\u00ec, se il fornitore lo consente. Non tutti i biglietti possono essere inoltrati. Per inoltrare un biglietto tramite Android, clicca nel portafoglio sui tre puntini a destra del biglietto e seleziona <em>Inoltra<\/em>. In iOS l\u2019opzione \u00e8 accessibile spostando il biglietto verso sinistra.<\/p>\n\n\n\n<p>Dopodich\u00e9 dovrai inserire l\u2019indirizzo e-mail del destinatario desiderato.<\/p>\n\n\n\n<p>Se non \u00e8 ancora registrato nel sistema, il destinatario ricever\u00e0 un invito via e-mail. Egli dovr\u00e0 registrarsi con l\u2019indirizzo e-mail a cui \u00e8 stato inviato il biglietto per poterlo visualizzare successivamente nel proprio portafoglio.<\/p>\n\n\n\n<p>I destinatari di biglietti inoltrati devono accettare i biglietti prima di poterli utilizzare. A tale scopo in Android clicca sui tre puntini a destra del biglietto e seleziona <em>Accetta<\/em>, in iOS sposta il biglietto verso sinistra.<\/p>\n\n\n\n<h3 class=\"wp-block-heading\" id=\"h-nel-mio-portafoglio-visualizzo-un-biglietto-in-grigio-che-non-posso-utilizzare-perche\"><a><\/a>Nel mio portafoglio visualizzo un biglietto in grigio che non posso utilizzare. Perch\u00e9?<\/h3>\n\n\n\n<p>Se hai ricevuto un biglietto inoltrato da altri, devi accettarlo prima di poterlo utilizzare. A tale scopo in Android clicca sui tre puntini a destra del biglietto, in iOS sposta il biglietto verso sinistra. Poi seleziona <em>Accetta<\/em>.<\/p>\n\n\n\n<p><strong>Come posso far cancellare i miei dati personali?<\/strong><\/p>\n\n\n\n<p>Potete richiedere la cancellazione dei vostri dati personali contattandoci via e-mail a <a href=\"mailto:info@visitklagenfurt.at\">info@visitklagenfurt.at<\/a> o per posta:<\/p>\n\n\n\n<p>Tourismus Region Klagenfurt am W\u00f6rthersee GmbH <br>Neuer Platz 5 <br>A-9020 Klagenfurt am W\u00f6rthersee<\/p>\n\n\n\n<p>Potete anche cancellare i vostri dati personali nell&#8217;app All in ONE da soli, seguendo questi passaggi:<\/p>\n\n\n\n<ol class=\"wp-block-list\">\n<li>passate alla pagina del profilo,<\/li>\n\n\n\n<li>toccare &#8220;Elimina account&#8221;,<\/li>\n\n\n\n<li>e confermare la domanda di sicurezza.<\/li>\n<\/ol>\n\n\n\n<p>Se questa opzione non appare, dovete prima effettuare il login con la vostra password.<\/p>\n\n\n\n<p>Si prega di notare che per motivi legali dobbiamo conservare i dati rilevanti per la fatturazione per 7 anni.<\/p>\n\n\n\n<h2 class=\"wp-block-heading\" id=\"h-autorizzazioni\"><a><\/a>Autorizzazioni<\/h2>\n\n\n\n<h3 class=\"wp-block-heading\" id=\"h-perche-l-app-vuole-un-accesso-bluetooth-comunicare-con-dispositivi-vicini\"><a><\/a>Perch\u00e9 l\u2019app vuole un accesso Bluetooth (comunicare con dispositivi vicini)?<\/h3>\n\n\n\n<p>Alcuni biglietti possono essere utilizzati soltanto tramite Bluetooth. In tal caso l\u2019app utilizza Bluetooth per trasferire il biglietto al terminale del singolo gestore.<\/p>\n\n\n\n<h3 class=\"wp-block-heading\" id=\"h-perche-l-app-vuole-accedere-alla-mia-posizione\"><a><\/a>Perch\u00e9 l\u2019app vuole accedere alla mia posizione?<\/h3>\n\n\n\n<p>L\u2019autorizzazione per l\u2019accesso alla posizione \u00e8 necessaria soltanto per visualizzare la tua posizione sulla mappa e calcolare la distanza delle varie destinazioni turistiche dalla tua posizione corrente. La tua posizione non sar\u00e0 trasmessa in Internet n\u00e9 salvata.<\/p>\n\n\n\n<h2 class=\"wp-block-heading\" id=\"h-registrazione\"><a><\/a>Registrazione<\/h2>\n\n\n\n<h3 class=\"wp-block-heading\" id=\"h-posso-utilizzare-l-app-senza-registrarmi\"><a><\/a>Posso utilizzare l\u2019app senza registrarmi?<\/h3>\n\n\n\n<p>S\u00ec, puoi utilizzare l\u2019app senza registrarti per esplorare i dintorni, trovare mete interessanti e navigare per raggiungerle. Tuttavia non \u00e8 possibile acquistare i biglietti in forma anonima; per effettuare gli acquisti, \u00e8 necessario registrarsi e caricare una carta di credito nel profilo.<\/p>\n\n\n\n<h3 class=\"wp-block-heading\" id=\"h-il-link-di-conferma-inviato-non-funziona-ricevo-il-seguente-messaggio-di-errore-user-cannot-be-confirmed-current-status-is-confirmed\">Il link di conferma inviato non funziona; ricevo il seguente messaggio di errore: \u201cUser cannot be confirmed. Current status is CONFIRMED\u201d<\/h3>\n\n\n\n<p>Questo messaggio di errore significa che hai gi\u00e0 confermato il tuo indirizzo e-mail. Non \u00e8 pi\u00f9 necessario che ti registri; puoi effettuare direttamente il log-in.<\/p>\n\n\n\n<p>Se hai dimenticato la tua password, clicca su \u201cPassword dimenticata\u201d.<\/p>\n\n\n\n<h3 class=\"wp-block-heading\" id=\"h-il-link-di-conferma-inviato-non-funziona-ricevo-il-seguente-messaggio-di-errore-invalid-verification-link-provided\"><a><\/a>Il link di conferma inviato non funziona; ricevo il seguente messaggio di errore: \u201cInvalid verification link provided\u201d.<\/h3>\n\n\n\n<p>Attenzione, il link di conferma \u00e8 valido solo per 24 ore. Successivamente dovrai richiedere un nuovo link; se cerchi di effettuare il log-in, ti verr\u00e0 richiesto se desideri ricevere un nuovo link.<\/p>\n\n\n\n<p>Ti ricordiamo inoltre che ogni nuovo invio di un link di conferma annulla tutti i link precedenti. Funzioner\u00e0 dunque soltanto l\u2019ultimo link inviato.<\/p>\n\n\n\n<h2 class=\"wp-block-heading\" id=\"h-carta-di-credito\"><a><\/a><a><\/a>Carta di credito<\/h2>\n\n\n\n<h3 class=\"wp-block-heading\" id=\"h-necessito-obbligatoriamente-di-una-carta-di-credito\">Necessito obbligatoriamente di una carta di credito?<\/h3>\n\n\n\n<p>Puoi utilizzare immediatamente l\u2019app senza registrazione e senza metodo di pagamento. Se desideri acquistare un biglietto, devi registrarti, in quanto tutti i biglietti sono salvati in modo centralizzato sul nostro server. Solo se il prodotto desiderato \u00e8 a pagamento, \u00e8 necessario aver caricato un metodo di pagamento. L\u2019app ti avviser\u00e0 in tal senso.<\/p>\n\n\n\n<h3 class=\"wp-block-heading\" id=\"h-quali-metodi-di-pagamento-sono-supportati\"><a><\/a>Quali metodi di pagamento sono supportati?<\/h3>\n\n\n\n<p>Al momento l\u2019app supporta le carte di credito e debito delle principali societ\u00e0 di carte come Visa, Mastercard o American Express.<\/p>\n\n\n\n<h3 class=\"wp-block-heading\" id=\"h-dove-posso-aggiungere-la-mia-carta-di-credito\"><a><\/a>Dove posso aggiungere la mia carta di credito?<\/h3>\n\n\n\n<p>Innanzitutto devi registrarti ed effettuare il log-in. Dopodich\u00e9 vedrai nel profilo la voce <em>Impostazioni di pagamento. <\/em>Qui potrai aggiungere e cancellare le carte di credito e impostare il metodo di pagamento preferito.<\/p>\n\n\n\n<h3 class=\"wp-block-heading\" id=\"h-come-posso-cancellare-la-carta-di-credito-caricata\"><a><\/a>Come posso cancellare la carta di credito caricata?<\/h3>\n\n\n\n<p>Per cancellare una carta di credito caricata, nel profilo sotto <em>Impostazioni di pagamento <\/em>dovrai toccare la carta desiderata. Dopodich\u00e9 comparir\u00e0 l\u2019opzione per cancellarla.<\/p>\n\n\n\n<h3 class=\"wp-block-heading\" id=\"h-la-mia-carta-di-credito-sta-per-scadere-cosa-devo-fare\"><a><\/a>La mia carta di credito sta per scadere. Cosa devo fare?<\/h3>\n\n\n\n<p>Il nostro prestatore di servizi di pagamento collabora con i circuiti di carte e cerca in automatico di aggiornare i dati non appena un cliente riceve una nuova carta. Per l\u2019aggiornamento automatico delle carte, la societ\u00e0 emittente deve far parte di tale circuito e fornire tali informazioni.<\/p>\n\n\n\n<p>In alternativa puoi semplicemente aggiungere la nuova carta come secondo metodo di pagamento e selezionarla come metodo preferito (fai clic sulla carta).<\/p>\n\n\n\n<h3 class=\"wp-block-heading\" id=\"h-i-dati-della-mia-carta-di-credito-sono-sicuri-chi-puo-accedervi\"><a><\/a>I dati della mia carta di credito sono sicuri? Chi pu\u00f2 accedervi?<\/h3>\n\n\n\n<p>Collaboriamo con il prestatore di servizi di pagamento <a href=\"https:\/\/stripe.com\/\">Stripe<\/a> per garantire la massima protezione possibile. Noi non registriamo i tuoi dati della carta di credito; inserirai i tuoi codici direttamente in un modulo di Stripe. Noi stessi non abbiamo accesso al tuo numero di carta di credito.<\/p>\n\n\n\n<h2 class=\"wp-block-heading\" id=\"h-acquisto\"><a><\/a>Acquisto<\/h2>\n\n\n\n<h3 class=\"wp-block-heading\" id=\"h-chi-e-il-venditore-dei-biglietti\"><a><\/a>Chi \u00e8 il venditore dei biglietti?<\/h3>\n\n\n\n<p>Se acquisti un prodotto nell\u2019app, lo fai direttamente dal fornitore. L\u2019ente Tourismus Region Klagenfurt am W\u00f6rthersee funge soltanto da intermediario.<\/p>\n\n\n\n<h3 class=\"wp-block-heading\" id=\"h-come-convalido-il-biglietto-acquistato\"><a><\/a>Come convalido il biglietto acquistato?<\/h3>\n\n\n\n<p>I biglietti acquistati si trovano nel tuo portafoglio virtuale. Alcuni biglietti possono essere utilizzati tramite il QR code, altri tramite Bluetooth. Facendo clic sul biglietto, puoi visualizzare il QR code. Se invece il biglietto pu\u00f2 essere utilizzato tramite Bluetooth, il tasto <em>Convalida <\/em>si illumina di blu, se sei nel raggio d\u2019azione del lettore. Se il cassiere \u00e8 pronto a convalidare il tuo biglietto, puoi premere sul tasto.<\/p>\n\n\n\n<h3 class=\"wp-block-heading\" id=\"h-una-volta-convalidato-il-mio-biglietto-sparisce-dove-posso-ritrovarlo\"><a><\/a>Una volta convalidato, il mio biglietto sparisce. Dove posso ritrovarlo?<\/h3>\n\n\n\n<p>I biglietti utilizzabili una sola volta (biglietti singoli), vengono nascosti una volta convalidati con successo. Se necessiti ancora del biglietto, puoi trovarlo accedendo al profilo e facendo clic su <em>Ordini.<\/em><\/p>\n\n\n\n<h3 class=\"wp-block-heading\" id=\"h-posso-annullare-un-biglietto-acquistato\"><a><\/a>Posso annullare un biglietto acquistato?<\/h3>\n\n\n\n<p>Il fornitore pu\u00f2 decidere se un biglietto pu\u00f2 essere annullato o meno. Per annullare un biglietto acquistato, in Android clicca sui tre puntini a destra del biglietto e seleziona <em>Annulla<\/em>. In iOS invece sposta il biglietto verso sinistra per visualizzare l\u2019opzione di annullamento.<\/p>\n\n\n\n<p>In caso di annullamento sarai rimborsato dell\u2019intero prezzo d\u2019acquisto.<\/p>\n\n\n\n<h3 class=\"wp-block-heading\" id=\"h-dove-visualizzo-la-fattura-relativa-ad-un-biglietto-acquistato\"><a><\/a>Dove visualizzo la fattura relativa ad un biglietto acquistato?<\/h3>\n\n\n\n<p>Subito dopo l\u2019acquisto riceverai una conferma del tuo pagamento via e-mail. La fattura formale del fornitore \u00e8 visualizzabile nel profilo sotto <em>Ordini <\/em>in formato PDF.<\/p>\n\n\n\n<h2 class=\"wp-block-heading\" id=\"h-worthersee-plus-card\"><a><\/a>W\u00f6rthersee Plus Card<\/h2>\n\n\n\n<h3 class=\"wp-block-heading\" id=\"h-che-cos-e-la-worthersee-plus-card-e-come-posso-riceverla\"><a><\/a>Che cos\u2019\u00e8 la W\u00f6rthersee Plus Card e come posso riceverla?<\/h3>\n\n\n\n<p>Tutti gli ospiti che pernottano nella regione ricevono una W\u00f6rthersee Plus Card emessa dalla propria struttura ricettiva. La tessera pu\u00f2 essere consegnata in forma digitale, via e- mail o cartacea. Quale possessore di una W\u00f6rthersee Plus Card potrai fruire di numerose destinazioni turistiche a condizioni molto vantaggiose.<\/p>\n\n\n\n<h3 class=\"wp-block-heading\" id=\"h-quali-sono-i-vantaggi-offerti-dalla-worthersee-plus-card\"><a><\/a>Quali sono i vantaggi offerti dalla W\u00f6rthersee Plus Card?<\/h3>\n\n\n\n<p>Puoi trovare l\u2019elenco completo dei vantaggi della tessera all\u2019indirizzo <a href=\"https:\/\/www.visitklagenfurt.at\/it\/services\/woerthersee-pluscard\/\">https:\/\/www.visitklagenfurt.at\/it\/services\/woerthersee-pluscard<\/a>.<\/p>\n\n\n\n<h3 class=\"wp-block-heading\" id=\"h-cosa-devo-fare-per-ottenere-lo-sconto-della-worthersee-plus-card\"><a><\/a>Cosa devo fare per ottenere lo sconto della W\u00f6rthersee Plus Card?<\/h3>\n\n\n\n<p>Non appena avrai aggiunto la tua W\u00f6rthersee Plus Card nell\u2019app, visualizzerai in automatico il singolo sconto e i prezzi agevolati del fornitore aderente. Per aggiungere la W\u00f6rthersee Plus Card, premi sul relativo tasto nel portafoglio e digita il numero della tua tessera.<\/p>\n\n\n\n<p>Naturalmente potrai anche semplicemente esibire la tua tessera alla cassa in fase di pagamento e fruire della riduzione.<\/p>\n","protected":false},"excerpt":{"rendered":"<p>In generale A chi posso rivolgermi in caso di problemi con i biglietti? L\u2019ente Tourismusregion, quale gestore della piattaforma, \u00e8 a tua completa disposizione in caso di domande o problemi con l\u2019app. Puoi contattare l\u2019ente Tourismusregion ad esempio su Guida\/Contatti all\u2019interno del profilo. L\u2019app funziona offline? S\u00ec. Se temporaneamente non disponi di una connessione Internet, [&hellip;]<\/p>\n","protected":false},"author":31,"featured_media":0,"parent":0,"menu_order":0,"comment_status":"closed","ping_status":"closed","template":"","meta":{"footnotes":""},"categories":[1],"tags":[],"seitentyp":[811],"class_list":["post-42754","page","type-page","status-publish","hentry","category-blog","seitentyp-information"],"yoast_head":"<!-- This site is optimized with the Yoast SEO plugin v27.3 - https:\/\/yoast.com\/product\/yoast-seo-wordpress\/ -->\n<title>All in ONE - Domande frequenti | visitklagenfurt<\/title>\n<meta name=\"robots\" content=\"noindex, nofollow\" \/>\n<meta property=\"og:locale\" content=\"it_IT\" \/>\n<meta property=\"og:type\" content=\"article\" \/>\n<meta property=\"og:title\" content=\"All in ONE - Domande frequenti | visitklagenfurt\" \/>\n<meta property=\"og:description\" content=\"In generale A chi posso rivolgermi in caso di problemi con i biglietti? L\u2019ente Tourismusregion, quale gestore della piattaforma, \u00e8 a tua completa disposizione in caso di domande o problemi con l\u2019app. Puoi contattare l\u2019ente Tourismusregion ad esempio su Guida\/Contatti all\u2019interno del profilo. L\u2019app funziona offline? S\u00ec. Se temporaneamente non disponi di una connessione Internet, [&hellip;]\" \/>\n<meta property=\"og:url\" content=\"https:\/\/www.visitklagenfurt.at\/it\/all-in-one-faq\/\" \/>\n<meta property=\"og:site_name\" content=\"visitklagenfurt\" \/>\n<meta property=\"article:modified_time\" content=\"2023-12-11T09:58:57+00:00\" \/>\n<meta name=\"twitter:card\" content=\"summary_large_image\" \/>\n<meta name=\"twitter:label1\" content=\"Tempo di lettura stimato\" \/>\n\t<meta name=\"twitter:data1\" content=\"8 minuti\" \/>\n<script type=\"application\/ld+json\" class=\"yoast-schema-graph\">{\"@context\":\"https:\\\/\\\/schema.org\",\"@graph\":[{\"@type\":\"WebPage\",\"@id\":\"https:\\\/\\\/www.visitklagenfurt.at\\\/it\\\/all-in-one-faq\\\/\",\"url\":\"https:\\\/\\\/www.visitklagenfurt.at\\\/it\\\/all-in-one-faq\\\/\",\"name\":\"All in ONE - Domande frequenti | visitklagenfurt\",\"isPartOf\":{\"@id\":\"https:\\\/\\\/www.visitklagenfurt.at\\\/it\\\/#website\"},\"datePublished\":\"2022-08-30T09:15:45+00:00\",\"dateModified\":\"2023-12-11T09:58:57+00:00\",\"breadcrumb\":{\"@id\":\"https:\\\/\\\/www.visitklagenfurt.at\\\/it\\\/all-in-one-faq\\\/#breadcrumb\"},\"inLanguage\":\"it-IT\",\"potentialAction\":[{\"@type\":\"ReadAction\",\"target\":[\"https:\\\/\\\/www.visitklagenfurt.at\\\/it\\\/all-in-one-faq\\\/\"]}]},{\"@type\":\"BreadcrumbList\",\"@id\":\"https:\\\/\\\/www.visitklagenfurt.at\\\/it\\\/all-in-one-faq\\\/#breadcrumb\",\"itemListElement\":[{\"@type\":\"ListItem\",\"position\":1,\"name\":\"visitklagenfurt\",\"item\":\"https:\\\/\\\/www.visitklagenfurt.at\\\/it\\\/\"},{\"@type\":\"ListItem\",\"position\":2,\"name\":\"Blog-it\",\"item\":\"https:\\\/\\\/www.visitklagenfurt.at\\\/it\\\/category\\\/blog-it\\\/\"},{\"@type\":\"ListItem\",\"position\":3,\"name\":\"All in ONE &#8211; Domande frequenti\"}]},{\"@type\":\"WebSite\",\"@id\":\"https:\\\/\\\/www.visitklagenfurt.at\\\/it\\\/#website\",\"url\":\"https:\\\/\\\/www.visitklagenfurt.at\\\/it\\\/\",\"name\":\"visitklagenfurt\",\"description\":\"\",\"publisher\":{\"@id\":\"https:\\\/\\\/www.visitklagenfurt.at\\\/it\\\/#organization\"},\"potentialAction\":[{\"@type\":\"SearchAction\",\"target\":{\"@type\":\"EntryPoint\",\"urlTemplate\":\"https:\\\/\\\/www.visitklagenfurt.at\\\/it\\\/?s={search_term_string}\"},\"query-input\":{\"@type\":\"PropertyValueSpecification\",\"valueRequired\":true,\"valueName\":\"search_term_string\"}}],\"inLanguage\":\"it-IT\"},{\"@type\":\"Organization\",\"@id\":\"https:\\\/\\\/www.visitklagenfurt.at\\\/it\\\/#organization\",\"name\":\"Tourismus Region Klagenfurt am W\u00f6rthersee GmbH\",\"url\":\"https:\\\/\\\/www.visitklagenfurt.at\\\/it\\\/\",\"logo\":{\"@type\":\"ImageObject\",\"inLanguage\":\"it-IT\",\"@id\":\"https:\\\/\\\/www.visitklagenfurt.at\\\/it\\\/#\\\/schema\\\/logo\\\/image\\\/\",\"url\":\"https:\\\/\\\/www.visitklagenfurt.at\\\/wp-content\\\/uploads\\\/2022\\\/03\\\/DT_K_Klagenfurt_S_RGB.png\",\"contentUrl\":\"https:\\\/\\\/www.visitklagenfurt.at\\\/wp-content\\\/uploads\\\/2022\\\/03\\\/DT_K_Klagenfurt_S_RGB.png\",\"width\":2082,\"height\":1511,\"caption\":\"Tourismus Region Klagenfurt am W\u00f6rthersee GmbH\"},\"image\":{\"@id\":\"https:\\\/\\\/www.visitklagenfurt.at\\\/it\\\/#\\\/schema\\\/logo\\\/image\\\/\"}}]}<\/script>\n<!-- \/ Yoast SEO plugin. -->","yoast_head_json":{"title":"All in ONE - Domande frequenti | visitklagenfurt","robots":{"index":"noindex","follow":"nofollow"},"og_locale":"it_IT","og_type":"article","og_title":"All in ONE - Domande frequenti | visitklagenfurt","og_description":"In generale A chi posso rivolgermi in caso di problemi con i biglietti? L\u2019ente Tourismusregion, quale gestore della piattaforma, \u00e8 a tua completa disposizione in caso di domande o problemi con l\u2019app. Puoi contattare l\u2019ente Tourismusregion ad esempio su Guida\/Contatti all\u2019interno del profilo. L\u2019app funziona offline? S\u00ec. Se temporaneamente non disponi di una connessione Internet, [&hellip;]","og_url":"https:\/\/www.visitklagenfurt.at\/it\/all-in-one-faq\/","og_site_name":"visitklagenfurt","article_modified_time":"2023-12-11T09:58:57+00:00","twitter_card":"summary_large_image","twitter_misc":{"Tempo di lettura stimato":"8 minuti"},"schema":{"@context":"https:\/\/schema.org","@graph":[{"@type":"WebPage","@id":"https:\/\/www.visitklagenfurt.at\/it\/all-in-one-faq\/","url":"https:\/\/www.visitklagenfurt.at\/it\/all-in-one-faq\/","name":"All in ONE - Domande frequenti | visitklagenfurt","isPartOf":{"@id":"https:\/\/www.visitklagenfurt.at\/it\/#website"},"datePublished":"2022-08-30T09:15:45+00:00","dateModified":"2023-12-11T09:58:57+00:00","breadcrumb":{"@id":"https:\/\/www.visitklagenfurt.at\/it\/all-in-one-faq\/#breadcrumb"},"inLanguage":"it-IT","potentialAction":[{"@type":"ReadAction","target":["https:\/\/www.visitklagenfurt.at\/it\/all-in-one-faq\/"]}]},{"@type":"BreadcrumbList","@id":"https:\/\/www.visitklagenfurt.at\/it\/all-in-one-faq\/#breadcrumb","itemListElement":[{"@type":"ListItem","position":1,"name":"visitklagenfurt","item":"https:\/\/www.visitklagenfurt.at\/it\/"},{"@type":"ListItem","position":2,"name":"Blog-it","item":"https:\/\/www.visitklagenfurt.at\/it\/category\/blog-it\/"},{"@type":"ListItem","position":3,"name":"All in ONE &#8211; Domande frequenti"}]},{"@type":"WebSite","@id":"https:\/\/www.visitklagenfurt.at\/it\/#website","url":"https:\/\/www.visitklagenfurt.at\/it\/","name":"visitklagenfurt","description":"","publisher":{"@id":"https:\/\/www.visitklagenfurt.at\/it\/#organization"},"potentialAction":[{"@type":"SearchAction","target":{"@type":"EntryPoint","urlTemplate":"https:\/\/www.visitklagenfurt.at\/it\/?s={search_term_string}"},"query-input":{"@type":"PropertyValueSpecification","valueRequired":true,"valueName":"search_term_string"}}],"inLanguage":"it-IT"},{"@type":"Organization","@id":"https:\/\/www.visitklagenfurt.at\/it\/#organization","name":"Tourismus Region Klagenfurt am W\u00f6rthersee GmbH","url":"https:\/\/www.visitklagenfurt.at\/it\/","logo":{"@type":"ImageObject","inLanguage":"it-IT","@id":"https:\/\/www.visitklagenfurt.at\/it\/#\/schema\/logo\/image\/","url":"https:\/\/www.visitklagenfurt.at\/wp-content\/uploads\/2022\/03\/DT_K_Klagenfurt_S_RGB.png","contentUrl":"https:\/\/www.visitklagenfurt.at\/wp-content\/uploads\/2022\/03\/DT_K_Klagenfurt_S_RGB.png","width":2082,"height":1511,"caption":"Tourismus Region Klagenfurt am W\u00f6rthersee GmbH"},"image":{"@id":"https:\/\/www.visitklagenfurt.at\/it\/#\/schema\/logo\/image\/"}}]}},"_links":{"self":[{"href":"https:\/\/www.visitklagenfurt.at\/it\/wp-json\/wp\/v2\/pages\/42754","targetHints":{"allow":["GET"]}}],"collection":[{"href":"https:\/\/www.visitklagenfurt.at\/it\/wp-json\/wp\/v2\/pages"}],"about":[{"href":"https:\/\/www.visitklagenfurt.at\/it\/wp-json\/wp\/v2\/types\/page"}],"author":[{"embeddable":true,"href":"https:\/\/www.visitklagenfurt.at\/it\/wp-json\/wp\/v2\/users\/31"}],"replies":[{"embeddable":true,"href":"https:\/\/www.visitklagenfurt.at\/it\/wp-json\/wp\/v2\/comments?post=42754"}],"version-history":[{"count":8,"href":"https:\/\/www.visitklagenfurt.at\/it\/wp-json\/wp\/v2\/pages\/42754\/revisions"}],"predecessor-version":[{"id":60044,"href":"https:\/\/www.visitklagenfurt.at\/it\/wp-json\/wp\/v2\/pages\/42754\/revisions\/60044"}],"wp:attachment":[{"href":"https:\/\/www.visitklagenfurt.at\/it\/wp-json\/wp\/v2\/media?parent=42754"}],"wp:term":[{"taxonomy":"category","embeddable":true,"href":"https:\/\/www.visitklagenfurt.at\/it\/wp-json\/wp\/v2\/categories?post=42754"},{"taxonomy":"post_tag","embeddable":true,"href":"https:\/\/www.visitklagenfurt.at\/it\/wp-json\/wp\/v2\/tags?post=42754"},{"taxonomy":"seitentyp","embeddable":true,"href":"https:\/\/www.visitklagenfurt.at\/it\/wp-json\/wp\/v2\/seitentyp?post=42754"}],"curies":[{"name":"wp","href":"https:\/\/api.w.org\/{rel}","templated":true}]}}