{"id":61740,"date":"2024-03-06T10:19:44","date_gmt":"2024-03-06T09:19:44","guid":{"rendered":"https:\/\/www.visitklagenfurt.at\/cultura-festival\/museen\/"},"modified":"2024-05-14T13:16:44","modified_gmt":"2024-05-14T11:16:44","slug":"musei","status":"publish","type":"page","link":"https:\/\/www.visitklagenfurt.at\/it\/cultura-festival\/musei\/","title":{"rendered":"I Musei"},"content":{"rendered":"\t\t<div data-elementor-type=\"wp-page\" data-elementor-id=\"61740\" class=\"elementor elementor-61740 elementor-9295\" data-elementor-post-type=\"page\">\n\t\t\t\t\t\t<section class=\"elementor-section elementor-top-section elementor-element elementor-element-e3f5ff4 elementor-section-height-min-height elementor-section-items-top elementor-section-boxed elementor-section-height-default\" data-id=\"e3f5ff4\" data-element_type=\"section\" data-e-type=\"section\" data-settings=\"{&quot;background_background&quot;:&quot;classic&quot;}\">\n\t\t\t\t\t\t<div class=\"elementor-container elementor-column-gap-default\">\n\t\t\t\t\t<div class=\"elementor-column elementor-col-100 elementor-top-column elementor-element elementor-element-3bd1f7e\" data-id=\"3bd1f7e\" data-element_type=\"column\" data-e-type=\"column\">\n\t\t\t<div class=\"elementor-widget-wrap elementor-element-populated\">\n\t\t\t\t\t\t<div class=\"elementor-element elementor-element-c5936c3 elementor-hidden-desktop elementor-widget elementor-widget-image\" data-id=\"c5936c3\" data-element_type=\"widget\" data-e-type=\"widget\" data-widget_type=\"image.default\">\n\t\t\t\t<div class=\"elementor-widget-container\">\n\t\t\t\t\t\t\t\t\t\t\t\t\t\t\t<img fetchpriority=\"high\" decoding=\"async\" width=\"800\" height=\"533\" src=\"https:\/\/www.visitklagenfurt.at\/wp-content\/uploads\/2024\/05\/kultur_museum_wappensaal_landhaus_2015_sommer_c-gernot_gleiss_16.jpg\" class=\"attachment-large size-large wp-image-64133\" alt=\"\" \/>\t\t\t\t\t\t\t\t\t\t\t\t\t\t\t<\/div>\n\t\t\t\t<\/div>\n\t\t\t\t\t<\/div>\n\t\t<\/div>\n\t\t\t\t\t<\/div>\n\t\t<\/section>\n\t\t\t\t<section class=\"elementor-section elementor-top-section elementor-element elementor-element-8671b59 elementor-section-boxed elementor-section-height-default elementor-section-height-default\" data-id=\"8671b59\" data-element_type=\"section\" data-e-type=\"section\" data-settings=\"{&quot;background_background&quot;:&quot;classic&quot;}\">\n\t\t\t\t\t\t<div class=\"elementor-container elementor-column-gap-default\">\n\t\t\t\t\t<div class=\"elementor-column elementor-col-100 elementor-top-column elementor-element elementor-element-25b572e\" data-id=\"25b572e\" data-element_type=\"column\" data-e-type=\"column\" data-settings=\"{&quot;background_background&quot;:&quot;classic&quot;}\">\n\t\t\t<div class=\"elementor-widget-wrap elementor-element-populated\">\n\t\t\t\t\t\t<div class=\"elementor-element elementor-element-53d72bb elementor-widget elementor-widget-global elementor-global-42931 elementor-global-39763 elementor-widget-breadcrumbs\" data-id=\"53d72bb\" data-element_type=\"widget\" data-e-type=\"widget\" data-widget_type=\"breadcrumbs.default\">\n\t\t\t\t<div class=\"elementor-widget-container\">\n\t\t\t\t\t<p id=\"breadcrumbs\"><span><span><a href=\"https:\/\/www.visitklagenfurt.at\/it\/\">visitklagenfurt<\/a><\/span><\/span><\/p>\t\t\t\t<\/div>\n\t\t\t\t<\/div>\n\t\t\t\t<div class=\"elementor-element elementor-element-71311da elementor-widget elementor-widget-heading\" data-id=\"71311da\" data-element_type=\"widget\" data-e-type=\"widget\" data-widget_type=\"heading.default\">\n\t\t\t\t<div class=\"elementor-widget-container\">\n\t\t\t\t\t<h1 class=\"elementor-heading-title elementor-size-default\">I Musei<\/h1>\t\t\t\t<\/div>\n\t\t\t\t<\/div>\n\t\t\t\t<div class=\"elementor-element elementor-element-07f73aa elementor-widget elementor-widget-text-editor\" data-id=\"07f73aa\" data-element_type=\"widget\" data-e-type=\"widget\" data-widget_type=\"text-editor.default\">\n\t\t\t\t<div class=\"elementor-widget-container\">\n\t\t\t\t\t\t\t\t\t<p><strong>Volete conoscere la ricca cultura della capitale dello stato al centro della regione Alpe-Adria? Volete ammirare i tesori romani, mettere le mani sugli strumenti originali di musicisti famosi o vivere da vicino la storia del cinema di Klagenfurt?<\/strong><\/p>\n<p>Ogni museo ha i suoi tesori. Le sale espositive sono piene di storie interessanti e stimolanti. Se pensate che i musei siano pieni di artefatti polverosi e fatti storici, la vostra opinione \u00e8 destinata a cambiare. <\/p>\n<p>Il <b>Rudolfinum<\/b>, l&#8217;edificio principale e sede dell&#8217;archivio del Museo Statale della Carinzia, \u00e8 attualmente in fase di ristrutturazione e aggiornamento, ma sono in corso filiali in tutta la citt\u00e0 e nei dintorni, dal giardino <b>botanico <\/b>al museo all&#8217;aperto e ai siti archeologici fino al Museo Romano di Teurnia. <\/p>\n<p>Il Museo di Stato si occupa anche dell&#8217;imponente<b> Sala degli stemmi nel Landhaus carinziano<\/b>. La storia della Carinzia \u00e8 illustrata da 665 magnifici stemmi creati dal famoso pittore barocco Ferdinand Fromiller. I locali della casa di campagna sono un punto fermo in ogni tour completo della citt\u00e0.<\/p>\n<p>Tra le altre cose, il Museo d&#8217;arte moderna della Carinzia <b>MMKK <\/b>ospita la grande collezione d&#8217;arte della provincia della Carinzia e cura importanti mostre in rapida evoluzione. Situata nei locali del cosiddetto Castello di Klagenfurt, questa casa affermata a livello internazionale si trova nel centro della citt\u00e0. <\/p>\n<p>Il <b>Museo della Letteratura Robert Musil <\/b>riflette la ricca tradizione letteraria della capitale dello stato. Oltre all&#8217;omonimo scrittore di fama mondiale, nella cui citt\u00e0 natale si trova il museo, fanno parte dell&#8217;esposizione permanente del museo anche le importanti scrittrici Christine Lavant e Ingeborg Bachmann. <\/p>\n<p>Il <b>museo del cinema<\/b>, ai margini dell&#8217;area paesaggistica protetta nella baia orientale, \u00e8 un&#8217;attrazione popolare di una passeggiata lungo il canale Lend dal centro della citt\u00e0 al lago W\u00f6rthersee. Il trionfo dell&#8217;immagine in movimento \u00e8 tratteggiato sulla base di oggetti originali della storia del cinema di Klagenfurt.<\/p>\n<p>L&#8217;<b>Eboardmuseum<\/b>, nel centro della citt\u00e0, \u00e8 il pi\u00f9 grande museo al mondo per le tastiere, dove \u00e8 possibile vivere la storia della musica a portata di mano. Le mostre coprono l&#8217;intera storia dello sviluppo degli strumenti elettronici a tastiera. Assolutamente insolito per un museo, \u00e8 possibile utilizzare i reperti come visitatori!<\/p>\n<p>Uno dei beni culturali identitari del Paese \u00e8 la canzone carinziana. Probabilmente il pi\u00f9 famoso rappresentante del genere, Thomas Koschat, \u00e8 il soggetto di un museo e archivio molto interessante sull&#8217;Anello di Viktringer. Il <b>Museo di Koschat<\/b> \u00e8 un luogo della memoria e una collezione di documenti, fotografie e reperti personalmente significativi come la camera della morte di Koschat.<\/p>\t\t\t\t\t\t\t\t<\/div>\n\t\t\t\t<\/div>\n\t\t\t\t\t<\/div>\n\t\t<\/div>\n\t\t\t\t\t<\/div>\n\t\t<\/section>\n\t\t\t\t<section class=\"elementor-section elementor-top-section elementor-element elementor-element-27bc6f6 elementor-section-boxed elementor-section-height-default elementor-section-height-default\" data-id=\"27bc6f6\" data-element_type=\"section\" data-e-type=\"section\">\n\t\t\t\t\t\t<div class=\"elementor-container elementor-column-gap-default\">\n\t\t\t\t\t<div class=\"elementor-column elementor-col-100 elementor-top-column elementor-element elementor-element-bc69a01\" data-id=\"bc69a01\" data-element_type=\"column\" data-e-type=\"column\">\n\t\t\t<div class=\"elementor-widget-wrap elementor-element-populated\">\n\t\t\t\t\t\t<div class=\"elementor-element elementor-element-c70a90b elementor-widget elementor-widget-pp-tiled-posts\" data-id=\"c70a90b\" data-element_type=\"widget\" data-e-type=\"widget\" data-widget_type=\"pp-tiled-posts.default\">\n\t\t\t\t<div class=\"elementor-widget-container\">\n\t\t\t\t\t\t\t<div class=\"pp-tiled-posts pp-tiled-posts-layout-2 clearfix\">\n\t\t\t\t\t<\/div>\n\t\t\t\t\t\t<\/div>\n\t\t\t\t<\/div>\n\t\t\t\t<div class=\"elementor-element elementor-element-194c7dc elementor-cta--skin-cover elementor-cta--valign-bottom elementor-widget elementor-widget-call-to-action\" data-id=\"194c7dc\" data-element_type=\"widget\" data-e-type=\"widget\" data-widget_type=\"call-to-action.default\">\n\t\t\t\t<div class=\"elementor-widget-container\">\n\t\t\t\t\t\t\t<a class=\"elementor-cta\" href=\"https:\/\/www.visitklagenfurt.at\/de\/visitklagenfurt\/kultur-und-festivals\/museen\/alle-museen\/?d=museen\">\n\t\t\t\t\t<div class=\"elementor-cta__bg-wrapper\">\n\t\t\t\t<div class=\"elementor-cta__bg elementor-bg\" style=\"background-image: url(https:\/\/www.visitklagenfurt.at\/wp-content\/uploads\/2020\/09\/Robert_Musil_Literaturmuseum__C_Arnold_Poeschl_8463-1024x683.jpg);\" role=\"img\" aria-label=\"Musilmuseum, Kopf, 9020 Klagenfurt am W\u00f6rthersee, Ausstellung, Galerie, Kunst, Skulpturen, Installationen, Bilder, Malerei, Fotografie\"><\/div>\n\t\t\t\t<div class=\"elementor-cta__bg-overlay\"><\/div>\n\t\t\t<\/div>\n\t\t\t\t\t\t\t<div class=\"elementor-cta__content\">\n\t\t\t\t\n\t\t\t\t\t\t\t\t\t<h2 class=\"elementor-cta__title elementor-cta__content-item elementor-content-item\">\n\t\t\t\t\t\tTutti i musei\t\t\t\t\t<\/h2>\n\t\t\t\t\n\t\t\t\t\n\t\t\t\t\t\t\t<\/div>\n\t\t\t\t\t\t<\/a>\n\t\t\t\t\t\t<\/div>\n\t\t\t\t<\/div>\n\t\t\t\t\t<\/div>\n\t\t<\/div>\n\t\t\t\t\t<\/div>\n\t\t<\/section>\n\t\t\t\t<\/div>\n\t\t","protected":false},"excerpt":{"rendered":"<p>Volete conoscere la ricca cultura della capitale dello stato al centro della regione Alpe-Adria? Volete ammirare i tesori romani, mettere le mani sugli strumenti originali di musicisti famosi o vivere da vicino la storia del cinema di Klagenfurt? Ogni museo ha i suoi tesori. Le sale espositive sono piene di storie interessanti e stimolanti. Se [&hellip;]<\/p>\n","protected":false},"author":31,"featured_media":64133,"parent":14406,"menu_order":0,"comment_status":"closed","ping_status":"closed","template":"elementor_header_footer","meta":{"footnotes":""},"categories":[],"tags":[],"seitentyp":[],"class_list":["post-61740","page","type-page","status-publish","has-post-thumbnail","hentry"],"yoast_head":"<!-- This site is optimized with the Yoast SEO plugin v27.3 - https:\/\/yoast.com\/product\/yoast-seo-wordpress\/ -->\n<title>I Musei<\/title>\n<meta name=\"description\" content=\"La sala degli stemmi del Landhaus e i nuovi concetti del Museo d&#039;Arte Moderna: visitate i musei insoliti di Klagenfurt!\" \/>\n<meta name=\"robots\" content=\"index, follow, max-snippet:-1, max-image-preview:large, max-video-preview:-1\" \/>\n<link rel=\"canonical\" href=\"https:\/\/www.visitklagenfurt.at\/it\/cultura-festival\/musei\/\" \/>\n<meta property=\"og:locale\" content=\"it_IT\" \/>\n<meta property=\"og:type\" content=\"article\" \/>\n<meta property=\"og:title\" content=\"I Musei\" \/>\n<meta property=\"og:description\" content=\"La sala degli stemmi del Landhaus e i nuovi concetti del Museo d&#039;Arte Moderna: visitate i musei insoliti di Klagenfurt!\" \/>\n<meta property=\"og:url\" content=\"https:\/\/www.visitklagenfurt.at\/it\/cultura-festival\/musei\/\" \/>\n<meta property=\"og:site_name\" content=\"visitklagenfurt\" \/>\n<meta property=\"article:modified_time\" content=\"2024-05-14T11:16:44+00:00\" \/>\n<meta property=\"og:image\" content=\"https:\/\/www.visitklagenfurt.at\/wp-content\/uploads\/2024\/05\/kultur_museum_wappensaal_landhaus_2015_sommer_c-gernot_gleiss_16.jpg\" \/>\n\t<meta property=\"og:image:width\" content=\"2048\" \/>\n\t<meta property=\"og:image:height\" content=\"1365\" \/>\n\t<meta property=\"og:image:type\" content=\"image\/jpeg\" \/>\n<meta name=\"twitter:card\" content=\"summary_large_image\" \/>\n<meta name=\"twitter:label1\" content=\"Tempo di lettura stimato\" \/>\n\t<meta name=\"twitter:data1\" content=\"3 minuti\" \/>\n<script type=\"application\/ld+json\" class=\"yoast-schema-graph\">{\"@context\":\"https:\\\/\\\/schema.org\",\"@graph\":[{\"@type\":\"WebPage\",\"@id\":\"https:\\\/\\\/www.visitklagenfurt.at\\\/it\\\/cultura-festival\\\/musei\\\/\",\"url\":\"https:\\\/\\\/www.visitklagenfurt.at\\\/it\\\/cultura-festival\\\/musei\\\/\",\"name\":\"I Musei\",\"isPartOf\":{\"@id\":\"https:\\\/\\\/www.visitklagenfurt.at\\\/it\\\/#website\"},\"primaryImageOfPage\":{\"@id\":\"https:\\\/\\\/www.visitklagenfurt.at\\\/it\\\/cultura-festival\\\/musei\\\/#primaryimage\"},\"image\":{\"@id\":\"https:\\\/\\\/www.visitklagenfurt.at\\\/it\\\/cultura-festival\\\/musei\\\/#primaryimage\"},\"thumbnailUrl\":\"https:\\\/\\\/www.visitklagenfurt.at\\\/wp-content\\\/uploads\\\/2024\\\/05\\\/kultur_museum_wappensaal_landhaus_2015_sommer_c-gernot_gleiss_16.jpg\",\"datePublished\":\"2024-03-06T09:19:44+00:00\",\"dateModified\":\"2024-05-14T11:16:44+00:00\",\"description\":\"La sala degli stemmi del Landhaus e i nuovi concetti del Museo d'Arte Moderna: visitate i musei insoliti di Klagenfurt!\",\"breadcrumb\":{\"@id\":\"https:\\\/\\\/www.visitklagenfurt.at\\\/it\\\/cultura-festival\\\/musei\\\/#breadcrumb\"},\"inLanguage\":\"it-IT\",\"potentialAction\":[{\"@type\":\"ReadAction\",\"target\":[\"https:\\\/\\\/www.visitklagenfurt.at\\\/it\\\/cultura-festival\\\/musei\\\/\"]}]},{\"@type\":\"ImageObject\",\"inLanguage\":\"it-IT\",\"@id\":\"https:\\\/\\\/www.visitklagenfurt.at\\\/it\\\/cultura-festival\\\/musei\\\/#primaryimage\",\"url\":\"https:\\\/\\\/www.visitklagenfurt.at\\\/wp-content\\\/uploads\\\/2024\\\/05\\\/kultur_museum_wappensaal_landhaus_2015_sommer_c-gernot_gleiss_16.jpg\",\"contentUrl\":\"https:\\\/\\\/www.visitklagenfurt.at\\\/wp-content\\\/uploads\\\/2024\\\/05\\\/kultur_museum_wappensaal_landhaus_2015_sommer_c-gernot_gleiss_16.jpg\",\"width\":2048,\"height\":1365},{\"@type\":\"BreadcrumbList\",\"@id\":\"https:\\\/\\\/www.visitklagenfurt.at\\\/it\\\/cultura-festival\\\/musei\\\/#breadcrumb\",\"itemListElement\":[{\"@type\":\"ListItem\",\"position\":1,\"name\":\"visitklagenfurt\",\"item\":\"https:\\\/\\\/www.visitklagenfurt.at\\\/it\\\/\"},{\"@type\":\"ListItem\",\"position\":2,\"name\":\"Festival &#038; cultura\",\"item\":\"https:\\\/\\\/www.visitklagenfurt.at\\\/it\\\/cultura-festival\\\/\"},{\"@type\":\"ListItem\",\"position\":3,\"name\":\"I Musei\"}]},{\"@type\":\"WebSite\",\"@id\":\"https:\\\/\\\/www.visitklagenfurt.at\\\/it\\\/#website\",\"url\":\"https:\\\/\\\/www.visitklagenfurt.at\\\/it\\\/\",\"name\":\"visitklagenfurt\",\"description\":\"\",\"publisher\":{\"@id\":\"https:\\\/\\\/www.visitklagenfurt.at\\\/it\\\/#organization\"},\"potentialAction\":[{\"@type\":\"SearchAction\",\"target\":{\"@type\":\"EntryPoint\",\"urlTemplate\":\"https:\\\/\\\/www.visitklagenfurt.at\\\/it\\\/?s={search_term_string}\"},\"query-input\":{\"@type\":\"PropertyValueSpecification\",\"valueRequired\":true,\"valueName\":\"search_term_string\"}}],\"inLanguage\":\"it-IT\"},{\"@type\":\"Organization\",\"@id\":\"https:\\\/\\\/www.visitklagenfurt.at\\\/it\\\/#organization\",\"name\":\"Tourismus Region Klagenfurt am W\u00f6rthersee GmbH\",\"url\":\"https:\\\/\\\/www.visitklagenfurt.at\\\/it\\\/\",\"logo\":{\"@type\":\"ImageObject\",\"inLanguage\":\"it-IT\",\"@id\":\"https:\\\/\\\/www.visitklagenfurt.at\\\/it\\\/#\\\/schema\\\/logo\\\/image\\\/\",\"url\":\"https:\\\/\\\/www.visitklagenfurt.at\\\/wp-content\\\/uploads\\\/2022\\\/03\\\/DT_K_Klagenfurt_S_RGB.png\",\"contentUrl\":\"https:\\\/\\\/www.visitklagenfurt.at\\\/wp-content\\\/uploads\\\/2022\\\/03\\\/DT_K_Klagenfurt_S_RGB.png\",\"width\":2082,\"height\":1511,\"caption\":\"Tourismus Region Klagenfurt am W\u00f6rthersee GmbH\"},\"image\":{\"@id\":\"https:\\\/\\\/www.visitklagenfurt.at\\\/it\\\/#\\\/schema\\\/logo\\\/image\\\/\"}}]}<\/script>\n<!-- \/ Yoast SEO plugin. -->","yoast_head_json":{"title":"I Musei","description":"La sala degli stemmi del Landhaus e i nuovi concetti del Museo d'Arte Moderna: visitate i musei insoliti di Klagenfurt!","robots":{"index":"index","follow":"follow","max-snippet":"max-snippet:-1","max-image-preview":"max-image-preview:large","max-video-preview":"max-video-preview:-1"},"canonical":"https:\/\/www.visitklagenfurt.at\/it\/cultura-festival\/musei\/","og_locale":"it_IT","og_type":"article","og_title":"I Musei","og_description":"La sala degli stemmi del Landhaus e i nuovi concetti del Museo d'Arte Moderna: visitate i musei insoliti di Klagenfurt!","og_url":"https:\/\/www.visitklagenfurt.at\/it\/cultura-festival\/musei\/","og_site_name":"visitklagenfurt","article_modified_time":"2024-05-14T11:16:44+00:00","og_image":[{"width":2048,"height":1365,"url":"https:\/\/www.visitklagenfurt.at\/wp-content\/uploads\/2024\/05\/kultur_museum_wappensaal_landhaus_2015_sommer_c-gernot_gleiss_16.jpg","type":"image\/jpeg"}],"twitter_card":"summary_large_image","twitter_misc":{"Tempo di lettura stimato":"3 minuti"},"schema":{"@context":"https:\/\/schema.org","@graph":[{"@type":"WebPage","@id":"https:\/\/www.visitklagenfurt.at\/it\/cultura-festival\/musei\/","url":"https:\/\/www.visitklagenfurt.at\/it\/cultura-festival\/musei\/","name":"I Musei","isPartOf":{"@id":"https:\/\/www.visitklagenfurt.at\/it\/#website"},"primaryImageOfPage":{"@id":"https:\/\/www.visitklagenfurt.at\/it\/cultura-festival\/musei\/#primaryimage"},"image":{"@id":"https:\/\/www.visitklagenfurt.at\/it\/cultura-festival\/musei\/#primaryimage"},"thumbnailUrl":"https:\/\/www.visitklagenfurt.at\/wp-content\/uploads\/2024\/05\/kultur_museum_wappensaal_landhaus_2015_sommer_c-gernot_gleiss_16.jpg","datePublished":"2024-03-06T09:19:44+00:00","dateModified":"2024-05-14T11:16:44+00:00","description":"La sala degli stemmi del Landhaus e i nuovi concetti del Museo d'Arte Moderna: visitate i musei insoliti di Klagenfurt!","breadcrumb":{"@id":"https:\/\/www.visitklagenfurt.at\/it\/cultura-festival\/musei\/#breadcrumb"},"inLanguage":"it-IT","potentialAction":[{"@type":"ReadAction","target":["https:\/\/www.visitklagenfurt.at\/it\/cultura-festival\/musei\/"]}]},{"@type":"ImageObject","inLanguage":"it-IT","@id":"https:\/\/www.visitklagenfurt.at\/it\/cultura-festival\/musei\/#primaryimage","url":"https:\/\/www.visitklagenfurt.at\/wp-content\/uploads\/2024\/05\/kultur_museum_wappensaal_landhaus_2015_sommer_c-gernot_gleiss_16.jpg","contentUrl":"https:\/\/www.visitklagenfurt.at\/wp-content\/uploads\/2024\/05\/kultur_museum_wappensaal_landhaus_2015_sommer_c-gernot_gleiss_16.jpg","width":2048,"height":1365},{"@type":"BreadcrumbList","@id":"https:\/\/www.visitklagenfurt.at\/it\/cultura-festival\/musei\/#breadcrumb","itemListElement":[{"@type":"ListItem","position":1,"name":"visitklagenfurt","item":"https:\/\/www.visitklagenfurt.at\/it\/"},{"@type":"ListItem","position":2,"name":"Festival &#038; cultura","item":"https:\/\/www.visitklagenfurt.at\/it\/cultura-festival\/"},{"@type":"ListItem","position":3,"name":"I Musei"}]},{"@type":"WebSite","@id":"https:\/\/www.visitklagenfurt.at\/it\/#website","url":"https:\/\/www.visitklagenfurt.at\/it\/","name":"visitklagenfurt","description":"","publisher":{"@id":"https:\/\/www.visitklagenfurt.at\/it\/#organization"},"potentialAction":[{"@type":"SearchAction","target":{"@type":"EntryPoint","urlTemplate":"https:\/\/www.visitklagenfurt.at\/it\/?s={search_term_string}"},"query-input":{"@type":"PropertyValueSpecification","valueRequired":true,"valueName":"search_term_string"}}],"inLanguage":"it-IT"},{"@type":"Organization","@id":"https:\/\/www.visitklagenfurt.at\/it\/#organization","name":"Tourismus Region Klagenfurt am W\u00f6rthersee GmbH","url":"https:\/\/www.visitklagenfurt.at\/it\/","logo":{"@type":"ImageObject","inLanguage":"it-IT","@id":"https:\/\/www.visitklagenfurt.at\/it\/#\/schema\/logo\/image\/","url":"https:\/\/www.visitklagenfurt.at\/wp-content\/uploads\/2022\/03\/DT_K_Klagenfurt_S_RGB.png","contentUrl":"https:\/\/www.visitklagenfurt.at\/wp-content\/uploads\/2022\/03\/DT_K_Klagenfurt_S_RGB.png","width":2082,"height":1511,"caption":"Tourismus Region Klagenfurt am W\u00f6rthersee GmbH"},"image":{"@id":"https:\/\/www.visitklagenfurt.at\/it\/#\/schema\/logo\/image\/"}}]}},"_links":{"self":[{"href":"https:\/\/www.visitklagenfurt.at\/it\/wp-json\/wp\/v2\/pages\/61740","targetHints":{"allow":["GET"]}}],"collection":[{"href":"https:\/\/www.visitklagenfurt.at\/it\/wp-json\/wp\/v2\/pages"}],"about":[{"href":"https:\/\/www.visitklagenfurt.at\/it\/wp-json\/wp\/v2\/types\/page"}],"author":[{"embeddable":true,"href":"https:\/\/www.visitklagenfurt.at\/it\/wp-json\/wp\/v2\/users\/31"}],"replies":[{"embeddable":true,"href":"https:\/\/www.visitklagenfurt.at\/it\/wp-json\/wp\/v2\/comments?post=61740"}],"version-history":[{"count":17,"href":"https:\/\/www.visitklagenfurt.at\/it\/wp-json\/wp\/v2\/pages\/61740\/revisions"}],"predecessor-version":[{"id":61760,"href":"https:\/\/www.visitklagenfurt.at\/it\/wp-json\/wp\/v2\/pages\/61740\/revisions\/61760"}],"up":[{"embeddable":true,"href":"https:\/\/www.visitklagenfurt.at\/it\/wp-json\/wp\/v2\/pages\/14406"}],"wp:featuredmedia":[{"embeddable":true,"href":"https:\/\/www.visitklagenfurt.at\/it\/wp-json\/wp\/v2\/media\/64133"}],"wp:attachment":[{"href":"https:\/\/www.visitklagenfurt.at\/it\/wp-json\/wp\/v2\/media?parent=61740"}],"wp:term":[{"taxonomy":"category","embeddable":true,"href":"https:\/\/www.visitklagenfurt.at\/it\/wp-json\/wp\/v2\/categories?post=61740"},{"taxonomy":"post_tag","embeddable":true,"href":"https:\/\/www.visitklagenfurt.at\/it\/wp-json\/wp\/v2\/tags?post=61740"},{"taxonomy":"seitentyp","embeddable":true,"href":"https:\/\/www.visitklagenfurt.at\/it\/wp-json\/wp\/v2\/seitentyp?post=61740"}],"curies":[{"name":"wp","href":"https:\/\/api.w.org\/{rel}","templated":true}]}}