{"id":6472,"date":"2021-02-12T12:34:42","date_gmt":"2021-02-12T11:34:42","guid":{"rendered":"http:\/\/blog.visitklagenfurt.at\/newsletter-mydata\/"},"modified":"2021-02-19T15:56:30","modified_gmt":"2021-02-19T14:56:30","slug":"registrazione-riuscita","status":"publish","type":"page","link":"https:\/\/www.visitklagenfurt.at\/it\/registrazione-riuscita\/","title":{"rendered":"Newsletter MyData"},"content":{"rendered":"\n<p>Vorremmo sapere qualcosa di pi\u00f9 che &#8220;solo&#8221; il tuo indirizzo e-mail. Perch\u00e9? \u00c8 semplicemente pi\u00f9 personale. Sarete accolti direttamente con il vostro nome. Potete anche scegliere le vostre aree di interesse cos\u00ec potremo inviarvi le informazioni pi\u00f9 specifici sulle vostre preferenze.<\/p>\n<div id=\"MyData\"><\/div>\r\n<script type=\"text\/javascript\" src=\"https:\/\/app01.wlk-ems.com\/crm\/service\/wf?chk=silent&#038;wfid=202493293&#038;dest=MyData&#038;lang=it\"><\/script>\r\n","protected":false},"excerpt":{"rendered":"<p>Vorremmo sapere qualcosa di pi\u00f9 che &#8220;solo&#8221; il tuo indirizzo e-mail. Perch\u00e9? \u00c8 semplicemente pi\u00f9 personale. Sarete accolti direttamente con il vostro nome. Potete anche scegliere le vostre aree di interesse cos\u00ec potremo inviarvi le informazioni pi\u00f9 specifici sulle vostre preferenze.<\/p>\n","protected":false},"author":2,"featured_media":5877,"parent":0,"menu_order":0,"comment_status":"closed","ping_status":"closed","template":"","meta":{"footnotes":""},"categories":[234],"tags":[],"seitentyp":[224],"class_list":["post-6472","page","type-page","status-publish","has-post-thumbnail","hentry","category-newsletter-it","seitentyp-microseite-short"],"yoast_head":"<!-- This site is optimized with the Yoast SEO plugin v27.3 - https:\/\/yoast.com\/product\/yoast-seo-wordpress\/ -->\n<title>Newsletter MyData | visitklagenfurt<\/title>\n<meta name=\"robots\" content=\"noindex, nofollow\" \/>\n<meta property=\"og:locale\" content=\"it_IT\" \/>\n<meta property=\"og:type\" content=\"article\" \/>\n<meta property=\"og:title\" content=\"Newsletter MyData | visitklagenfurt\" \/>\n<meta property=\"og:description\" content=\"Vorremmo sapere qualcosa di pi\u00f9 che &#8220;solo&#8221; il tuo indirizzo e-mail. Perch\u00e9? \u00c8 semplicemente pi\u00f9 personale. Sarete accolti direttamente con il vostro nome. Potete anche scegliere le vostre aree di interesse cos\u00ec potremo inviarvi le informazioni pi\u00f9 specifici sulle vostre preferenze.\" \/>\n<meta property=\"og:url\" content=\"https:\/\/www.visitklagenfurt.at\/it\/registrazione-riuscita\/\" \/>\n<meta property=\"og:site_name\" content=\"visitklagenfurt\" \/>\n<meta property=\"article:modified_time\" content=\"2021-02-19T14:56:30+00:00\" \/>\n<meta property=\"og:image\" content=\"https:\/\/www.visitklagenfurt.at\/wp-content\/uploads\/2021\/02\/luftbild_klagenfurt_ausblick_worthersee_c-tinefoto_com-martin_steinthaler_1-web.jpeg\" \/>\n\t<meta property=\"og:image:width\" content=\"2048\" \/>\n\t<meta property=\"og:image:height\" content=\"1536\" \/>\n\t<meta property=\"og:image:type\" content=\"image\/jpeg\" \/>\n<meta name=\"twitter:card\" content=\"summary_large_image\" \/>\n<script type=\"application\/ld+json\" class=\"yoast-schema-graph\">{\"@context\":\"https:\\\/\\\/schema.org\",\"@graph\":[{\"@type\":\"WebPage\",\"@id\":\"https:\\\/\\\/www.visitklagenfurt.at\\\/it\\\/registrazione-riuscita\\\/\",\"url\":\"https:\\\/\\\/www.visitklagenfurt.at\\\/it\\\/registrazione-riuscita\\\/\",\"name\":\"Newsletter MyData | visitklagenfurt\",\"isPartOf\":{\"@id\":\"https:\\\/\\\/www.visitklagenfurt.at\\\/it\\\/#website\"},\"primaryImageOfPage\":{\"@id\":\"https:\\\/\\\/www.visitklagenfurt.at\\\/it\\\/registrazione-riuscita\\\/#primaryimage\"},\"image\":{\"@id\":\"https:\\\/\\\/www.visitklagenfurt.at\\\/it\\\/registrazione-riuscita\\\/#primaryimage\"},\"thumbnailUrl\":\"https:\\\/\\\/www.visitklagenfurt.at\\\/wp-content\\\/uploads\\\/2021\\\/02\\\/luftbild_klagenfurt_ausblick_worthersee_c-tinefoto_com-martin_steinthaler_1-web.jpeg\",\"datePublished\":\"2021-02-12T11:34:42+00:00\",\"dateModified\":\"2021-02-19T14:56:30+00:00\",\"breadcrumb\":{\"@id\":\"https:\\\/\\\/www.visitklagenfurt.at\\\/it\\\/registrazione-riuscita\\\/#breadcrumb\"},\"inLanguage\":\"it-IT\",\"potentialAction\":[{\"@type\":\"ReadAction\",\"target\":[\"https:\\\/\\\/www.visitklagenfurt.at\\\/it\\\/registrazione-riuscita\\\/\"]}]},{\"@type\":\"ImageObject\",\"inLanguage\":\"it-IT\",\"@id\":\"https:\\\/\\\/www.visitklagenfurt.at\\\/it\\\/registrazione-riuscita\\\/#primaryimage\",\"url\":\"https:\\\/\\\/www.visitklagenfurt.at\\\/wp-content\\\/uploads\\\/2021\\\/02\\\/luftbild_klagenfurt_ausblick_worthersee_c-tinefoto_com-martin_steinthaler_1-web.jpeg\",\"contentUrl\":\"https:\\\/\\\/www.visitklagenfurt.at\\\/wp-content\\\/uploads\\\/2021\\\/02\\\/luftbild_klagenfurt_ausblick_worthersee_c-tinefoto_com-martin_steinthaler_1-web.jpeg\",\"width\":2048,\"height\":1536,\"caption\":\"(c)\"},{\"@type\":\"BreadcrumbList\",\"@id\":\"https:\\\/\\\/www.visitklagenfurt.at\\\/it\\\/registrazione-riuscita\\\/#breadcrumb\",\"itemListElement\":[{\"@type\":\"ListItem\",\"position\":1,\"name\":\"visitklagenfurt\",\"item\":\"https:\\\/\\\/www.visitklagenfurt.at\\\/it\\\/\"},{\"@type\":\"ListItem\",\"position\":2,\"name\":\"Newsletter\",\"item\":\"https:\\\/\\\/www.visitklagenfurt.at\\\/it\\\/category\\\/newsletter-it\\\/\"},{\"@type\":\"ListItem\",\"position\":3,\"name\":\"Newsletter MyData\"}]},{\"@type\":\"WebSite\",\"@id\":\"https:\\\/\\\/www.visitklagenfurt.at\\\/it\\\/#website\",\"url\":\"https:\\\/\\\/www.visitklagenfurt.at\\\/it\\\/\",\"name\":\"visitklagenfurt\",\"description\":\"\",\"publisher\":{\"@id\":\"https:\\\/\\\/www.visitklagenfurt.at\\\/it\\\/#organization\"},\"potentialAction\":[{\"@type\":\"SearchAction\",\"target\":{\"@type\":\"EntryPoint\",\"urlTemplate\":\"https:\\\/\\\/www.visitklagenfurt.at\\\/it\\\/?s={search_term_string}\"},\"query-input\":{\"@type\":\"PropertyValueSpecification\",\"valueRequired\":true,\"valueName\":\"search_term_string\"}}],\"inLanguage\":\"it-IT\"},{\"@type\":\"Organization\",\"@id\":\"https:\\\/\\\/www.visitklagenfurt.at\\\/it\\\/#organization\",\"name\":\"Tourismus Region Klagenfurt am W\u00f6rthersee GmbH\",\"url\":\"https:\\\/\\\/www.visitklagenfurt.at\\\/it\\\/\",\"logo\":{\"@type\":\"ImageObject\",\"inLanguage\":\"it-IT\",\"@id\":\"https:\\\/\\\/www.visitklagenfurt.at\\\/it\\\/#\\\/schema\\\/logo\\\/image\\\/\",\"url\":\"https:\\\/\\\/www.visitklagenfurt.at\\\/wp-content\\\/uploads\\\/2022\\\/03\\\/DT_K_Klagenfurt_S_RGB.png\",\"contentUrl\":\"https:\\\/\\\/www.visitklagenfurt.at\\\/wp-content\\\/uploads\\\/2022\\\/03\\\/DT_K_Klagenfurt_S_RGB.png\",\"width\":2082,\"height\":1511,\"caption\":\"Tourismus Region Klagenfurt am W\u00f6rthersee GmbH\"},\"image\":{\"@id\":\"https:\\\/\\\/www.visitklagenfurt.at\\\/it\\\/#\\\/schema\\\/logo\\\/image\\\/\"}}]}<\/script>\n<!-- \/ Yoast SEO plugin. -->","yoast_head_json":{"title":"Newsletter MyData | visitklagenfurt","robots":{"index":"noindex","follow":"nofollow"},"og_locale":"it_IT","og_type":"article","og_title":"Newsletter MyData | visitklagenfurt","og_description":"Vorremmo sapere qualcosa di pi\u00f9 che &#8220;solo&#8221; il tuo indirizzo e-mail. Perch\u00e9? \u00c8 semplicemente pi\u00f9 personale. Sarete accolti direttamente con il vostro nome. Potete anche scegliere le vostre aree di interesse cos\u00ec potremo inviarvi le informazioni pi\u00f9 specifici sulle vostre preferenze.","og_url":"https:\/\/www.visitklagenfurt.at\/it\/registrazione-riuscita\/","og_site_name":"visitklagenfurt","article_modified_time":"2021-02-19T14:56:30+00:00","og_image":[{"width":2048,"height":1536,"url":"https:\/\/www.visitklagenfurt.at\/wp-content\/uploads\/2021\/02\/luftbild_klagenfurt_ausblick_worthersee_c-tinefoto_com-martin_steinthaler_1-web.jpeg","type":"image\/jpeg"}],"twitter_card":"summary_large_image","schema":{"@context":"https:\/\/schema.org","@graph":[{"@type":"WebPage","@id":"https:\/\/www.visitklagenfurt.at\/it\/registrazione-riuscita\/","url":"https:\/\/www.visitklagenfurt.at\/it\/registrazione-riuscita\/","name":"Newsletter MyData | visitklagenfurt","isPartOf":{"@id":"https:\/\/www.visitklagenfurt.at\/it\/#website"},"primaryImageOfPage":{"@id":"https:\/\/www.visitklagenfurt.at\/it\/registrazione-riuscita\/#primaryimage"},"image":{"@id":"https:\/\/www.visitklagenfurt.at\/it\/registrazione-riuscita\/#primaryimage"},"thumbnailUrl":"https:\/\/www.visitklagenfurt.at\/wp-content\/uploads\/2021\/02\/luftbild_klagenfurt_ausblick_worthersee_c-tinefoto_com-martin_steinthaler_1-web.jpeg","datePublished":"2021-02-12T11:34:42+00:00","dateModified":"2021-02-19T14:56:30+00:00","breadcrumb":{"@id":"https:\/\/www.visitklagenfurt.at\/it\/registrazione-riuscita\/#breadcrumb"},"inLanguage":"it-IT","potentialAction":[{"@type":"ReadAction","target":["https:\/\/www.visitklagenfurt.at\/it\/registrazione-riuscita\/"]}]},{"@type":"ImageObject","inLanguage":"it-IT","@id":"https:\/\/www.visitklagenfurt.at\/it\/registrazione-riuscita\/#primaryimage","url":"https:\/\/www.visitklagenfurt.at\/wp-content\/uploads\/2021\/02\/luftbild_klagenfurt_ausblick_worthersee_c-tinefoto_com-martin_steinthaler_1-web.jpeg","contentUrl":"https:\/\/www.visitklagenfurt.at\/wp-content\/uploads\/2021\/02\/luftbild_klagenfurt_ausblick_worthersee_c-tinefoto_com-martin_steinthaler_1-web.jpeg","width":2048,"height":1536,"caption":"(c)"},{"@type":"BreadcrumbList","@id":"https:\/\/www.visitklagenfurt.at\/it\/registrazione-riuscita\/#breadcrumb","itemListElement":[{"@type":"ListItem","position":1,"name":"visitklagenfurt","item":"https:\/\/www.visitklagenfurt.at\/it\/"},{"@type":"ListItem","position":2,"name":"Newsletter","item":"https:\/\/www.visitklagenfurt.at\/it\/category\/newsletter-it\/"},{"@type":"ListItem","position":3,"name":"Newsletter MyData"}]},{"@type":"WebSite","@id":"https:\/\/www.visitklagenfurt.at\/it\/#website","url":"https:\/\/www.visitklagenfurt.at\/it\/","name":"visitklagenfurt","description":"","publisher":{"@id":"https:\/\/www.visitklagenfurt.at\/it\/#organization"},"potentialAction":[{"@type":"SearchAction","target":{"@type":"EntryPoint","urlTemplate":"https:\/\/www.visitklagenfurt.at\/it\/?s={search_term_string}"},"query-input":{"@type":"PropertyValueSpecification","valueRequired":true,"valueName":"search_term_string"}}],"inLanguage":"it-IT"},{"@type":"Organization","@id":"https:\/\/www.visitklagenfurt.at\/it\/#organization","name":"Tourismus Region Klagenfurt am W\u00f6rthersee GmbH","url":"https:\/\/www.visitklagenfurt.at\/it\/","logo":{"@type":"ImageObject","inLanguage":"it-IT","@id":"https:\/\/www.visitklagenfurt.at\/it\/#\/schema\/logo\/image\/","url":"https:\/\/www.visitklagenfurt.at\/wp-content\/uploads\/2022\/03\/DT_K_Klagenfurt_S_RGB.png","contentUrl":"https:\/\/www.visitklagenfurt.at\/wp-content\/uploads\/2022\/03\/DT_K_Klagenfurt_S_RGB.png","width":2082,"height":1511,"caption":"Tourismus Region Klagenfurt am W\u00f6rthersee GmbH"},"image":{"@id":"https:\/\/www.visitklagenfurt.at\/it\/#\/schema\/logo\/image\/"}}]}},"_links":{"self":[{"href":"https:\/\/www.visitklagenfurt.at\/it\/wp-json\/wp\/v2\/pages\/6472","targetHints":{"allow":["GET"]}}],"collection":[{"href":"https:\/\/www.visitklagenfurt.at\/it\/wp-json\/wp\/v2\/pages"}],"about":[{"href":"https:\/\/www.visitklagenfurt.at\/it\/wp-json\/wp\/v2\/types\/page"}],"author":[{"embeddable":true,"href":"https:\/\/www.visitklagenfurt.at\/it\/wp-json\/wp\/v2\/users\/2"}],"replies":[{"embeddable":true,"href":"https:\/\/www.visitklagenfurt.at\/it\/wp-json\/wp\/v2\/comments?post=6472"}],"version-history":[{"count":7,"href":"https:\/\/www.visitklagenfurt.at\/it\/wp-json\/wp\/v2\/pages\/6472\/revisions"}],"predecessor-version":[{"id":6509,"href":"https:\/\/www.visitklagenfurt.at\/it\/wp-json\/wp\/v2\/pages\/6472\/revisions\/6509"}],"wp:featuredmedia":[{"embeddable":true,"href":"https:\/\/www.visitklagenfurt.at\/it\/wp-json\/wp\/v2\/media\/5877"}],"wp:attachment":[{"href":"https:\/\/www.visitklagenfurt.at\/it\/wp-json\/wp\/v2\/media?parent=6472"}],"wp:term":[{"taxonomy":"category","embeddable":true,"href":"https:\/\/www.visitklagenfurt.at\/it\/wp-json\/wp\/v2\/categories?post=6472"},{"taxonomy":"post_tag","embeddable":true,"href":"https:\/\/www.visitklagenfurt.at\/it\/wp-json\/wp\/v2\/tags?post=6472"},{"taxonomy":"seitentyp","embeddable":true,"href":"https:\/\/www.visitklagenfurt.at\/it\/wp-json\/wp\/v2\/seitentyp?post=6472"}],"curies":[{"name":"wp","href":"https:\/\/api.w.org\/{rel}","templated":true}]}}