{"id":9258,"date":"2022-09-01T12:16:15","date_gmt":"2022-09-01T10:16:15","guid":{"rendered":"http:\/\/blog.visitklagenfurt.at\/mercati\/"},"modified":"2024-03-13T16:32:13","modified_gmt":"2024-03-13T15:32:13","slug":"mercati","status":"publish","type":"page","link":"https:\/\/www.visitklagenfurt.at\/it\/mangiare-bere\/mercati\/","title":{"rendered":"Mercati"},"content":{"rendered":"\t\t<div data-elementor-type=\"wp-page\" data-elementor-id=\"9258\" class=\"elementor elementor-9258 elementor-3284\" data-elementor-post-type=\"page\">\n\t\t\t\t\t\t<section class=\"elementor-section elementor-top-section elementor-element elementor-element-958d0c9 elementor-section-height-min-height elementor-section-boxed elementor-section-height-default elementor-section-items-middle\" data-id=\"958d0c9\" data-element_type=\"section\" data-e-type=\"section\" data-settings=\"{&quot;background_background&quot;:&quot;classic&quot;}\">\n\t\t\t\t\t\t<div class=\"elementor-container elementor-column-gap-default\">\n\t\t\t\t\t<div class=\"elementor-column elementor-col-100 elementor-top-column elementor-element elementor-element-37cdd0a\" data-id=\"37cdd0a\" data-element_type=\"column\" data-e-type=\"column\">\n\t\t\t<div class=\"elementor-widget-wrap\">\n\t\t\t\t\t\t\t<\/div>\n\t\t<\/div>\n\t\t\t\t\t<\/div>\n\t\t<\/section>\n\t\t\t\t<section class=\"elementor-section elementor-top-section elementor-element elementor-element-44005e3 elementor-section-boxed elementor-section-height-default elementor-section-height-default\" data-id=\"44005e3\" data-element_type=\"section\" data-e-type=\"section\" data-settings=\"{&quot;background_background&quot;:&quot;classic&quot;}\">\n\t\t\t\t\t\t<div class=\"elementor-container elementor-column-gap-default\">\n\t\t\t\t\t<div class=\"elementor-column elementor-col-100 elementor-top-column elementor-element elementor-element-30ba6de\" data-id=\"30ba6de\" data-element_type=\"column\" data-e-type=\"column\" data-settings=\"{&quot;background_background&quot;:&quot;classic&quot;}\">\n\t\t\t<div class=\"elementor-widget-wrap elementor-element-populated\">\n\t\t\t\t\t\t<div class=\"elementor-element elementor-element-535987f elementor-widget elementor-widget-global elementor-global-42931 elementor-global-39763 elementor-widget-breadcrumbs\" data-id=\"535987f\" data-element_type=\"widget\" data-e-type=\"widget\" data-widget_type=\"breadcrumbs.default\">\n\t\t\t\t<div class=\"elementor-widget-container\">\n\t\t\t\t\t<p id=\"breadcrumbs\"><span><span><a href=\"https:\/\/www.visitklagenfurt.at\/it\/\">visitklagenfurt<\/a><\/span><\/span><\/p>\t\t\t\t<\/div>\n\t\t\t\t<\/div>\n\t\t\t\t<div class=\"elementor-element elementor-element-b739ebe elementor-widget elementor-widget-heading\" data-id=\"b739ebe\" data-element_type=\"widget\" data-e-type=\"widget\" data-widget_type=\"heading.default\">\n\t\t\t\t<div class=\"elementor-widget-container\">\n\t\t\t\t\t<h1 class=\"elementor-heading-title elementor-size-default\">Mercati<\/h1>\t\t\t\t<\/div>\n\t\t\t\t<\/div>\n\t\t\t\t<div class=\"elementor-element elementor-element-6be47fd elementor-widget elementor-widget-text-editor\" data-id=\"6be47fd\" data-element_type=\"widget\" data-e-type=\"widget\" data-widget_type=\"text-editor.default\">\n\t\t\t\t<div class=\"elementor-widget-container\">\n\t\t\t\t\t\t\t\t\t<p>Klagenfurt offre una serie di opportunit\u00e0 per vivere in modo speciale i mercati tradizionali e moderni. Qui la citt\u00e0 mostra il suo lato multiculturale. Il fascino carinziano si fonde con l&#8217;atmosfera meridionale.<\/p>\n<p>Al <b>Benediktinermarkt <\/b>potrete sperimentare le insolite delizie culinarie della <b>cucina adriatico-alpina<\/b>. Godetevi un pasto delizioso con bancarelle di lunga data e cucina gourmet urbana in un&#8217;atmosfera rilassata.<\/p>\n<p>Non c&#8217;\u00e8 quasi nulla che non si possa trovare nei mercati stagionali.&nbsp; Dalla frutta e verdura fresca alle <b>specialit\u00e0 carinziane<\/b> e alle specialit\u00e0 durante la Pasqua e l&#8217;Avvento.<\/p>\n<p>I mercati sono aperti stagionalmente tutto l&#8217;anno e riflettono il fascino e la diversit\u00e0 della citt\u00e0. Sono un&#8217;ancora di salvezza! \u00c8 qui che le idee giovani e creative incontrano la tradizione e la qualit\u00e0.<\/p>\t\t\t\t\t\t\t\t<\/div>\n\t\t\t\t<\/div>\n\t\t\t\t\t<\/div>\n\t\t<\/div>\n\t\t\t\t\t<\/div>\n\t\t<\/section>\n\t\t\t\t<section class=\"elementor-section elementor-top-section elementor-element elementor-element-e0be03e elementor-section-boxed elementor-section-height-default elementor-section-height-default\" data-id=\"e0be03e\" data-element_type=\"section\" data-e-type=\"section\">\n\t\t\t\t\t\t<div class=\"elementor-container elementor-column-gap-default\">\n\t\t\t\t\t<div class=\"elementor-column elementor-col-100 elementor-top-column elementor-element elementor-element-656f021\" data-id=\"656f021\" data-element_type=\"column\" data-e-type=\"column\">\n\t\t\t<div class=\"elementor-widget-wrap elementor-element-populated\">\n\t\t\t\t\t\t<div class=\"elementor-element elementor-element-2af3889 elementor-grid-3 elementor-grid-tablet-2 elementor-grid-mobile-1 elementor-posts--thumbnail-top elementor-widget elementor-widget-posts\" data-id=\"2af3889\" data-element_type=\"widget\" data-e-type=\"widget\" data-settings=\"{&quot;classic_row_gap&quot;:{&quot;unit&quot;:&quot;px&quot;,&quot;size&quot;:8,&quot;sizes&quot;:[]},&quot;classic_columns&quot;:&quot;3&quot;,&quot;classic_columns_tablet&quot;:&quot;2&quot;,&quot;classic_columns_mobile&quot;:&quot;1&quot;,&quot;classic_row_gap_tablet&quot;:{&quot;unit&quot;:&quot;px&quot;,&quot;size&quot;:&quot;&quot;,&quot;sizes&quot;:[]},&quot;classic_row_gap_mobile&quot;:{&quot;unit&quot;:&quot;px&quot;,&quot;size&quot;:&quot;&quot;,&quot;sizes&quot;:[]}}\" data-widget_type=\"posts.classic\">\n\t\t\t\t<div class=\"elementor-widget-container\">\n\t\t\t\t\t\t\t<div class=\"elementor-posts-container elementor-posts elementor-posts--skin-classic elementor-grid\" role=\"list\">\n\t\t\t\t<article class=\"elementor-post elementor-grid-item post-44635 post type-post status-publish format-standard has-post-thumbnail hentry category-mercati tag-avvento tag-mercati\" role=\"listitem\">\n\t\t\t\t<a class=\"elementor-post__thumbnail__link\" href=\"https:\/\/www.visitklagenfurt.at\/it\/mangiare-e-bere\/mercati\/marcantino-di-natale\/\" tabindex=\"-1\" >\n\t\t\t<div class=\"elementor-post__thumbnail\"><img fetchpriority=\"high\" decoding=\"async\" width=\"768\" height=\"512\" src=\"https:\/\/www.visitklagenfurt.at\/wp-content\/uploads\/2021\/11\/advent_neuer_platz_christkindlmarkt_2019_c-arnold_poeschl_3.jpg\" class=\"attachment-medium_large size-medium_large wp-image-30899\" alt=\"\" \/><\/div>\n\t\t<\/a>\n\t\t\t\t<div class=\"elementor-post__text\">\n\t\t\t\t<h3 class=\"elementor-post__title\">\n\t\t\t<a href=\"https:\/\/www.visitklagenfurt.at\/it\/mangiare-e-bere\/mercati\/marcantino-di-natale\/\" >\n\t\t\t\tMercatino di Natale\t\t\t<\/a>\n\t\t<\/h3>\n\t\t\t\t<\/div>\n\t\t\t\t<\/article>\n\t\t\t\t<article class=\"elementor-post elementor-grid-item post-61719 page type-page status-publish has-post-thumbnail hentry tag-ostern-it seitentyp-microseite\" role=\"listitem\">\n\t\t\t\t<a class=\"elementor-post__thumbnail__link\" href=\"https:\/\/www.visitklagenfurt.at\/it\/mercatino-di-pasqua\/\" tabindex=\"-1\" >\n\t\t\t<div class=\"elementor-post__thumbnail\"><img decoding=\"async\" width=\"768\" height=\"512\" src=\"https:\/\/www.visitklagenfurt.at\/wp-content\/uploads\/2021\/06\/ostern_ostermarkt_c-pixelpoint_multimedia_9.jpeg\" class=\"attachment-medium_large size-medium_large wp-image-23234\" alt=\"Ostermarkt in Klagenfurt\" \/><\/div>\n\t\t<\/a>\n\t\t\t\t<div class=\"elementor-post__text\">\n\t\t\t\t<h3 class=\"elementor-post__title\">\n\t\t\t<a href=\"https:\/\/www.visitklagenfurt.at\/it\/mercatino-di-pasqua\/\" >\n\t\t\t\tMercatino di Pasqua\t\t\t<\/a>\n\t\t<\/h3>\n\t\t\t\t<\/div>\n\t\t\t\t<\/article>\n\t\t\t\t<article class=\"elementor-post elementor-grid-item post-9112 post type-post status-publish format-standard has-post-thumbnail hentry category-mercati tag-mercati\" role=\"listitem\">\n\t\t\t\t<a class=\"elementor-post__thumbnail__link\" href=\"https:\/\/www.visitklagenfurt.at\/it\/mangiare-e-bere\/mercati\/benediktinermarkt\/\" tabindex=\"-1\" >\n\t\t\t<div class=\"elementor-post__thumbnail\"><img decoding=\"async\" width=\"768\" height=\"511\" src=\"https:\/\/www.visitklagenfurt.at\/wp-content\/uploads\/2020\/07\/KlagenfurterM\u00e4rkte_Benediktinermarkt_HelgeBauer-768x511.jpg\" class=\"attachment-medium_large size-medium_large wp-image-6284\" alt=\"Benediktinermarkt in Klagenfurt\" srcset=\"https:\/\/www.visitklagenfurt.at\/wp-content\/uploads\/2020\/07\/KlagenfurterM\u00e4rkte_Benediktinermarkt_HelgeBauer-768x511.jpg 768w, https:\/\/www.visitklagenfurt.at\/wp-content\/uploads\/2020\/07\/KlagenfurterM\u00e4rkte_Benediktinermarkt_HelgeBauer-300x199.jpg 300w, https:\/\/www.visitklagenfurt.at\/wp-content\/uploads\/2020\/07\/KlagenfurterM\u00e4rkte_Benediktinermarkt_HelgeBauer-1024x681.jpg 1024w, https:\/\/www.visitklagenfurt.at\/wp-content\/uploads\/2020\/07\/KlagenfurterM\u00e4rkte_Benediktinermarkt_HelgeBauer.jpg 1080w\" sizes=\"(max-width: 768px) 100vw, 768px\" \/><\/div>\n\t\t<\/a>\n\t\t\t\t<div class=\"elementor-post__text\">\n\t\t\t\t<h3 class=\"elementor-post__title\">\n\t\t\t<a href=\"https:\/\/www.visitklagenfurt.at\/it\/mangiare-e-bere\/mercati\/benediktinermarkt\/\" >\n\t\t\t\tIl Benediktinermarkt\t\t\t<\/a>\n\t\t<\/h3>\n\t\t\t\t<\/div>\n\t\t\t\t<\/article>\n\t\t\t\t<\/div>\n\t\t\n\t\t\t\t\t\t<\/div>\n\t\t\t\t<\/div>\n\t\t\t\t\t<\/div>\n\t\t<\/div>\n\t\t\t\t\t<\/div>\n\t\t<\/section>\n\t\t\t\t<\/div>\n\t\t","protected":false},"excerpt":{"rendered":"<p>Klagenfurt offre una serie di opportunit\u00e0 per vivere in modo speciale i mercati tradizionali e moderni. Qui la citt\u00e0 mostra il suo lato multiculturale. Il<\/p>\n","protected":false},"author":2,"featured_media":6284,"parent":12836,"menu_order":2,"comment_status":"closed","ping_status":"closed","template":"elementor_header_footer","meta":{"footnotes":""},"categories":[145],"tags":[332],"seitentyp":[],"class_list":["post-9258","page","type-page","status-publish","has-post-thumbnail","hentry","category-essen-und-trinken","tag-mangiare-bere"],"yoast_head":"<!-- This site is optimized with the Yoast SEO plugin v27.3 - https:\/\/yoast.com\/product\/yoast-seo-wordpress\/ -->\n<title>Mercati | Centro Storico Klagenfurt | Zona Pedonale | Shopping<\/title>\n<meta name=\"description\" content=\"Cosa non pu\u00f2 mancare dalla classica visita a una citt\u00e0? Naturalmente un bel giro per negozi! Klagenfurt si presta perfettamente per andarsene a zonzo.\" \/>\n<meta name=\"robots\" content=\"index, follow, max-snippet:-1, max-image-preview:large, max-video-preview:-1\" \/>\n<link rel=\"canonical\" href=\"https:\/\/www.visitklagenfurt.at\/it\/mangiare-bere\/mercati\/\" \/>\n<meta property=\"og:locale\" content=\"it_IT\" \/>\n<meta property=\"og:type\" content=\"article\" \/>\n<meta property=\"og:title\" content=\"Mercati | Centro Storico Klagenfurt | Zona Pedonale | Shopping\" \/>\n<meta property=\"og:description\" content=\"Cosa non pu\u00f2 mancare dalla classica visita a una citt\u00e0? Naturalmente un bel giro per negozi! Klagenfurt si presta perfettamente per andarsene a zonzo.\" \/>\n<meta property=\"og:url\" content=\"https:\/\/www.visitklagenfurt.at\/it\/mangiare-bere\/mercati\/\" \/>\n<meta property=\"og:site_name\" content=\"visitklagenfurt\" \/>\n<meta property=\"article:modified_time\" content=\"2024-03-13T15:32:13+00:00\" \/>\n<meta property=\"og:image\" content=\"https:\/\/www.visitklagenfurt.at\/wp-content\/uploads\/2020\/07\/KlagenfurterM\u00e4rkte_Benediktinermarkt_HelgeBauer.jpg\" \/>\n\t<meta property=\"og:image:width\" content=\"1080\" \/>\n\t<meta property=\"og:image:height\" content=\"718\" \/>\n\t<meta property=\"og:image:type\" content=\"image\/jpeg\" \/>\n<meta name=\"twitter:card\" content=\"summary_large_image\" \/>\n<meta name=\"twitter:label1\" content=\"Tempo di lettura stimato\" \/>\n\t<meta name=\"twitter:data1\" content=\"2 minuti\" \/>\n<script type=\"application\/ld+json\" class=\"yoast-schema-graph\">{\"@context\":\"https:\\\/\\\/schema.org\",\"@graph\":[{\"@type\":\"WebPage\",\"@id\":\"https:\\\/\\\/www.visitklagenfurt.at\\\/it\\\/mangiare-bere\\\/mercati\\\/\",\"url\":\"https:\\\/\\\/www.visitklagenfurt.at\\\/it\\\/mangiare-bere\\\/mercati\\\/\",\"name\":\"Mercati | Centro Storico Klagenfurt | Zona Pedonale | Shopping\",\"isPartOf\":{\"@id\":\"https:\\\/\\\/www.visitklagenfurt.at\\\/it\\\/#website\"},\"primaryImageOfPage\":{\"@id\":\"https:\\\/\\\/www.visitklagenfurt.at\\\/it\\\/mangiare-bere\\\/mercati\\\/#primaryimage\"},\"image\":{\"@id\":\"https:\\\/\\\/www.visitklagenfurt.at\\\/it\\\/mangiare-bere\\\/mercati\\\/#primaryimage\"},\"thumbnailUrl\":\"https:\\\/\\\/www.visitklagenfurt.at\\\/wp-content\\\/uploads\\\/2020\\\/07\\\/KlagenfurterM\u00e4rkte_Benediktinermarkt_HelgeBauer.jpg\",\"datePublished\":\"2022-09-01T10:16:15+00:00\",\"dateModified\":\"2024-03-13T15:32:13+00:00\",\"description\":\"Cosa non pu\u00f2 mancare dalla classica visita a una citt\u00e0? Naturalmente un bel giro per negozi! Klagenfurt si presta perfettamente per andarsene a zonzo.\",\"breadcrumb\":{\"@id\":\"https:\\\/\\\/www.visitklagenfurt.at\\\/it\\\/mangiare-bere\\\/mercati\\\/#breadcrumb\"},\"inLanguage\":\"it-IT\",\"potentialAction\":[{\"@type\":\"ReadAction\",\"target\":[\"https:\\\/\\\/www.visitklagenfurt.at\\\/it\\\/mangiare-bere\\\/mercati\\\/\"]}]},{\"@type\":\"ImageObject\",\"inLanguage\":\"it-IT\",\"@id\":\"https:\\\/\\\/www.visitklagenfurt.at\\\/it\\\/mangiare-bere\\\/mercati\\\/#primaryimage\",\"url\":\"https:\\\/\\\/www.visitklagenfurt.at\\\/wp-content\\\/uploads\\\/2020\\\/07\\\/KlagenfurterM\u00e4rkte_Benediktinermarkt_HelgeBauer.jpg\",\"contentUrl\":\"https:\\\/\\\/www.visitklagenfurt.at\\\/wp-content\\\/uploads\\\/2020\\\/07\\\/KlagenfurterM\u00e4rkte_Benediktinermarkt_HelgeBauer.jpg\",\"width\":1080,\"height\":718,\"caption\":\"(c) Magistrat KlagenfurtBenediktinermarkt\"},{\"@type\":\"BreadcrumbList\",\"@id\":\"https:\\\/\\\/www.visitklagenfurt.at\\\/it\\\/mangiare-bere\\\/mercati\\\/#breadcrumb\",\"itemListElement\":[{\"@type\":\"ListItem\",\"position\":1,\"name\":\"visitklagenfurt\",\"item\":\"https:\\\/\\\/www.visitklagenfurt.at\\\/it\\\/\"},{\"@type\":\"ListItem\",\"position\":2,\"name\":\"Mangiare &#038; bere\",\"item\":\"https:\\\/\\\/www.visitklagenfurt.at\\\/it\\\/mangiare-bere\\\/\"},{\"@type\":\"ListItem\",\"position\":3,\"name\":\"Mercati\"}]},{\"@type\":\"WebSite\",\"@id\":\"https:\\\/\\\/www.visitklagenfurt.at\\\/it\\\/#website\",\"url\":\"https:\\\/\\\/www.visitklagenfurt.at\\\/it\\\/\",\"name\":\"visitklagenfurt\",\"description\":\"\",\"publisher\":{\"@id\":\"https:\\\/\\\/www.visitklagenfurt.at\\\/it\\\/#organization\"},\"potentialAction\":[{\"@type\":\"SearchAction\",\"target\":{\"@type\":\"EntryPoint\",\"urlTemplate\":\"https:\\\/\\\/www.visitklagenfurt.at\\\/it\\\/?s={search_term_string}\"},\"query-input\":{\"@type\":\"PropertyValueSpecification\",\"valueRequired\":true,\"valueName\":\"search_term_string\"}}],\"inLanguage\":\"it-IT\"},{\"@type\":\"Organization\",\"@id\":\"https:\\\/\\\/www.visitklagenfurt.at\\\/it\\\/#organization\",\"name\":\"Tourismus Region Klagenfurt am W\u00f6rthersee GmbH\",\"url\":\"https:\\\/\\\/www.visitklagenfurt.at\\\/it\\\/\",\"logo\":{\"@type\":\"ImageObject\",\"inLanguage\":\"it-IT\",\"@id\":\"https:\\\/\\\/www.visitklagenfurt.at\\\/it\\\/#\\\/schema\\\/logo\\\/image\\\/\",\"url\":\"https:\\\/\\\/www.visitklagenfurt.at\\\/wp-content\\\/uploads\\\/2022\\\/03\\\/DT_K_Klagenfurt_S_RGB.png\",\"contentUrl\":\"https:\\\/\\\/www.visitklagenfurt.at\\\/wp-content\\\/uploads\\\/2022\\\/03\\\/DT_K_Klagenfurt_S_RGB.png\",\"width\":2082,\"height\":1511,\"caption\":\"Tourismus Region Klagenfurt am W\u00f6rthersee GmbH\"},\"image\":{\"@id\":\"https:\\\/\\\/www.visitklagenfurt.at\\\/it\\\/#\\\/schema\\\/logo\\\/image\\\/\"}}]}<\/script>\n<!-- \/ Yoast SEO plugin. -->","yoast_head_json":{"title":"Mercati | Centro Storico Klagenfurt | Zona Pedonale | Shopping","description":"Cosa non pu\u00f2 mancare dalla classica visita a una citt\u00e0? Naturalmente un bel giro per negozi! Klagenfurt si presta perfettamente per andarsene a zonzo.","robots":{"index":"index","follow":"follow","max-snippet":"max-snippet:-1","max-image-preview":"max-image-preview:large","max-video-preview":"max-video-preview:-1"},"canonical":"https:\/\/www.visitklagenfurt.at\/it\/mangiare-bere\/mercati\/","og_locale":"it_IT","og_type":"article","og_title":"Mercati | Centro Storico Klagenfurt | Zona Pedonale | Shopping","og_description":"Cosa non pu\u00f2 mancare dalla classica visita a una citt\u00e0? Naturalmente un bel giro per negozi! Klagenfurt si presta perfettamente per andarsene a zonzo.","og_url":"https:\/\/www.visitklagenfurt.at\/it\/mangiare-bere\/mercati\/","og_site_name":"visitklagenfurt","article_modified_time":"2024-03-13T15:32:13+00:00","og_image":[{"width":1080,"height":718,"url":"https:\/\/www.visitklagenfurt.at\/wp-content\/uploads\/2020\/07\/KlagenfurterM\u00e4rkte_Benediktinermarkt_HelgeBauer.jpg","type":"image\/jpeg"}],"twitter_card":"summary_large_image","twitter_misc":{"Tempo di lettura stimato":"2 minuti"},"schema":{"@context":"https:\/\/schema.org","@graph":[{"@type":"WebPage","@id":"https:\/\/www.visitklagenfurt.at\/it\/mangiare-bere\/mercati\/","url":"https:\/\/www.visitklagenfurt.at\/it\/mangiare-bere\/mercati\/","name":"Mercati | Centro Storico Klagenfurt | Zona Pedonale | Shopping","isPartOf":{"@id":"https:\/\/www.visitklagenfurt.at\/it\/#website"},"primaryImageOfPage":{"@id":"https:\/\/www.visitklagenfurt.at\/it\/mangiare-bere\/mercati\/#primaryimage"},"image":{"@id":"https:\/\/www.visitklagenfurt.at\/it\/mangiare-bere\/mercati\/#primaryimage"},"thumbnailUrl":"https:\/\/www.visitklagenfurt.at\/wp-content\/uploads\/2020\/07\/KlagenfurterM\u00e4rkte_Benediktinermarkt_HelgeBauer.jpg","datePublished":"2022-09-01T10:16:15+00:00","dateModified":"2024-03-13T15:32:13+00:00","description":"Cosa non pu\u00f2 mancare dalla classica visita a una citt\u00e0? Naturalmente un bel giro per negozi! Klagenfurt si presta perfettamente per andarsene a zonzo.","breadcrumb":{"@id":"https:\/\/www.visitklagenfurt.at\/it\/mangiare-bere\/mercati\/#breadcrumb"},"inLanguage":"it-IT","potentialAction":[{"@type":"ReadAction","target":["https:\/\/www.visitklagenfurt.at\/it\/mangiare-bere\/mercati\/"]}]},{"@type":"ImageObject","inLanguage":"it-IT","@id":"https:\/\/www.visitklagenfurt.at\/it\/mangiare-bere\/mercati\/#primaryimage","url":"https:\/\/www.visitklagenfurt.at\/wp-content\/uploads\/2020\/07\/KlagenfurterM\u00e4rkte_Benediktinermarkt_HelgeBauer.jpg","contentUrl":"https:\/\/www.visitklagenfurt.at\/wp-content\/uploads\/2020\/07\/KlagenfurterM\u00e4rkte_Benediktinermarkt_HelgeBauer.jpg","width":1080,"height":718,"caption":"(c) Magistrat KlagenfurtBenediktinermarkt"},{"@type":"BreadcrumbList","@id":"https:\/\/www.visitklagenfurt.at\/it\/mangiare-bere\/mercati\/#breadcrumb","itemListElement":[{"@type":"ListItem","position":1,"name":"visitklagenfurt","item":"https:\/\/www.visitklagenfurt.at\/it\/"},{"@type":"ListItem","position":2,"name":"Mangiare &#038; bere","item":"https:\/\/www.visitklagenfurt.at\/it\/mangiare-bere\/"},{"@type":"ListItem","position":3,"name":"Mercati"}]},{"@type":"WebSite","@id":"https:\/\/www.visitklagenfurt.at\/it\/#website","url":"https:\/\/www.visitklagenfurt.at\/it\/","name":"visitklagenfurt","description":"","publisher":{"@id":"https:\/\/www.visitklagenfurt.at\/it\/#organization"},"potentialAction":[{"@type":"SearchAction","target":{"@type":"EntryPoint","urlTemplate":"https:\/\/www.visitklagenfurt.at\/it\/?s={search_term_string}"},"query-input":{"@type":"PropertyValueSpecification","valueRequired":true,"valueName":"search_term_string"}}],"inLanguage":"it-IT"},{"@type":"Organization","@id":"https:\/\/www.visitklagenfurt.at\/it\/#organization","name":"Tourismus Region Klagenfurt am W\u00f6rthersee GmbH","url":"https:\/\/www.visitklagenfurt.at\/it\/","logo":{"@type":"ImageObject","inLanguage":"it-IT","@id":"https:\/\/www.visitklagenfurt.at\/it\/#\/schema\/logo\/image\/","url":"https:\/\/www.visitklagenfurt.at\/wp-content\/uploads\/2022\/03\/DT_K_Klagenfurt_S_RGB.png","contentUrl":"https:\/\/www.visitklagenfurt.at\/wp-content\/uploads\/2022\/03\/DT_K_Klagenfurt_S_RGB.png","width":2082,"height":1511,"caption":"Tourismus Region Klagenfurt am W\u00f6rthersee GmbH"},"image":{"@id":"https:\/\/www.visitklagenfurt.at\/it\/#\/schema\/logo\/image\/"}}]}},"_links":{"self":[{"href":"https:\/\/www.visitklagenfurt.at\/it\/wp-json\/wp\/v2\/pages\/9258","targetHints":{"allow":["GET"]}}],"collection":[{"href":"https:\/\/www.visitklagenfurt.at\/it\/wp-json\/wp\/v2\/pages"}],"about":[{"href":"https:\/\/www.visitklagenfurt.at\/it\/wp-json\/wp\/v2\/types\/page"}],"author":[{"embeddable":true,"href":"https:\/\/www.visitklagenfurt.at\/it\/wp-json\/wp\/v2\/users\/2"}],"replies":[{"embeddable":true,"href":"https:\/\/www.visitklagenfurt.at\/it\/wp-json\/wp\/v2\/comments?post=9258"}],"version-history":[{"count":39,"href":"https:\/\/www.visitklagenfurt.at\/it\/wp-json\/wp\/v2\/pages\/9258\/revisions"}],"predecessor-version":[{"id":62029,"href":"https:\/\/www.visitklagenfurt.at\/it\/wp-json\/wp\/v2\/pages\/9258\/revisions\/62029"}],"up":[{"embeddable":true,"href":"https:\/\/www.visitklagenfurt.at\/it\/wp-json\/wp\/v2\/pages\/12836"}],"wp:featuredmedia":[{"embeddable":true,"href":"https:\/\/www.visitklagenfurt.at\/it\/wp-json\/wp\/v2\/media\/6284"}],"wp:attachment":[{"href":"https:\/\/www.visitklagenfurt.at\/it\/wp-json\/wp\/v2\/media?parent=9258"}],"wp:term":[{"taxonomy":"category","embeddable":true,"href":"https:\/\/www.visitklagenfurt.at\/it\/wp-json\/wp\/v2\/categories?post=9258"},{"taxonomy":"post_tag","embeddable":true,"href":"https:\/\/www.visitklagenfurt.at\/it\/wp-json\/wp\/v2\/tags?post=9258"},{"taxonomy":"seitentyp","embeddable":true,"href":"https:\/\/www.visitklagenfurt.at\/it\/wp-json\/wp\/v2\/seitentyp?post=9258"}],"curies":[{"name":"wp","href":"https:\/\/api.w.org\/{rel}","templated":true}]}}