{"id":9320,"date":"2021-03-02T15:15:21","date_gmt":"2021-03-02T14:15:21","guid":{"rendered":"http:\/\/blog.visitklagenfurt.at\/visitklagenfurt\/mobilita\/trasporto-pubblico\/"},"modified":"2021-05-31T14:35:15","modified_gmt":"2021-05-31T12:35:15","slug":"trasporto-pubblico","status":"publish","type":"page","link":"https:\/\/www.visitklagenfurt.at\/it\/mobilita\/trasporto-pubblico\/","title":{"rendered":"Trasporto pubblico"},"content":{"rendered":"\n<p>Spostarsi a Klagenfurt \u00e8 comodissimo. La rete di trasporto pubblico \u00e8 bene organizzata e vi porter\u00e0 a destinazione in modo veloce e affidabile.<\/p>\n\n\n\n<h2 class=\"wp-block-heading\" id=\"h-autobus\">Autobus<\/h2>\n\n\n\n<p>Per gli spostamenti con i mezzi pubblici in citt\u00e0 \u00e8 responsabile la compagnia di trasporti KMG (Klagenfurt Mobil GmbH). Ogni anno oltre 65 autobus trasportano 20 milioni di passeggeri. I biglietti per la corsa unica possono venire acquistati presso il conducente e gli abbonamenti STW vengono obliterati sull\u2019autobus. Il biglietto ad una tratta (Kurzstreckenkarte) \u00e8 valido per una corsa semplice tra due zone confinanti senza cambi. I biglietti possono venire acquistati anche tramite App.<\/p>\n\n\n\n<p><a href=\"https:\/\/www.stw.at\/privat\/mobilitaet\/klagenfurtmobil-app\/\" target=\"_blank\" rel=\"noopener noreferrer\"><strong>Scaricare la Klagenfurt Mobil-App\u00a0<\/strong><\/a><\/p>\n\n\n\n<ul class=\"wp-block-list\"><li><a href=\"https:\/\/www.stw.at\/privat\/mobilitaet\/taglinien-und-tagliniennetz\/\" target=\"_blank\" rel=\"noopener noreferrer\"><strong>Linee diurne&nbsp;<\/strong><\/a><\/li><li><a href=\"https:\/\/www.stw.at\/privat\/mobilitaet\/abendlinien-und-abendliniennetz\/\" target=\"_blank\" rel=\"noopener noreferrer\"><strong>Linee serali<\/strong><\/a><\/li><\/ul>\n\n\n\n<p><\/p>\n\n\n\n<p><a href=\"https:\/\/www.kaerntner-linien.at\/\" target=\"_blank\" rel=\"noopener noreferrer\"><strong>Qui<\/strong><\/a> trovate le linee che portano fuori citt\u00e0.<\/p>\n\n\n\n<p class=\"has-small-font-size\"><strong>Contatti:<\/strong> <br>KMG Klagenfurt Mobil GmbH <br>Heiligengeistplatz 12 <br>9020 Klagenfurt am W\u00f6rthersee <br><a href=\"http:\/\/telto\">+43 463 521 5420<\/a> <br><a href=\"mailto:kundenservice@k-m-g.at\" target=\"_blank\" rel=\"noreferrer noopener\">kundenservice@k-m-g.at<\/a><\/p>\n\n\n\n<h2 class=\"wp-block-heading\" id=\"h-la-navetta-delle-ferrovie\">La navetta delle ferrovie<\/h2>\n\n\n\n<p>Dalle stazioni ferroviarie di Spittal an der Drau, Greifenburg-Weissensee, Villacco, Hermagor, Velden, P\u00f6rtschach, Klagenfurt, V\u00f6lkermarkt-K\u00fchnsdorf, St. Veit an der Glan, Treibach-Althofen, Friesach, Oberdrauburg, Mallnitz e Lienz nel Tirolo dell\u2018est partono le navette che vi portano direttamente fino a uno dei circa 6.000 alloggi, oppure fino ad una delle circa 300 mete turistiche in Carinzia. <\/p>\n\n\n\n<p>Potete prenotare il vostro trasferimento online o telefonicamente. Le prenotazioni telefoniche si accettano da luned\u00ec a venerd\u00ec, dalle 8:00 alle 16:00. Prenotate al pi\u00f9 tardi entro le 18:00 del giorno precedente.<\/p>\n\n\n\n<div class=\"wp-block-buttons is-layout-flex wp-block-buttons-is-layout-flex\">\n<div class=\"wp-block-button\"><a class=\"wp-block-button__link\" href=\"https:\/\/www.bahnhofshuttle.at\/\" target=\"_blank\" rel=\"noreferrer noopener\">Pi\u00f9 informazioni<\/a><\/div>\n<\/div>\n\n\n\n<h2 class=\"wp-block-heading\" id=\"h-i-mezzi-elettrici\">I mezzi elettrici<\/h2>\n\n\n\n<p>Ecologico e semplice. Quando visitate la citt\u00e0, potete prendere a noleggio automobili, scooter e anche biciclette elettriche. <\/p>\n\n\n\n<h3 class=\"wp-block-heading\" id=\"h-e-auto\">E-Auto<\/h3>\n\n\n\n<p><strong>Auto elettriche <\/strong>Cercate un\u2019auto elettrica? Rivolgetevi direttamente a noi. Potete noleggiare un&#8217;auto elettrica a 4,80 euro all&#8217;ora oppure a 60,00 euro al giorno. Potete lasciarla ai parcheggi dell\u2019Universit\u00e0 di Klagenfurt o al parcheggio P&amp;R-Platz Minimundus.<\/p>\n\n\n\n<div class=\"wp-block-buttons is-layout-flex wp-block-buttons-is-layout-flex\">\n<div class=\"wp-block-button\"><a class=\"wp-block-button__link\" href=\"https:\/\/e-tankstellen-finder.com\/at\/de\/catalog\/index\/at\/K%C3%A4rnten\/Klagenfurt\/%20\/%20\/9020%20Klagenfurt%20am%20W%C3%B6rthersee\/0\/\" target=\"_blank\" rel=\"noreferrer noopener\">Stazioni<\/a><\/div>\n<\/div>\n\n\n\n<h3 class=\"wp-block-heading\" id=\"h-e-scooter\">E-Scooter<\/h3>\n\n\n\n<p>Volete coprire velocemente le piccole distanze in citt\u00e0? Con gli scooter elettrici delle ditte Tier Mobility Austria GmbH e Maximal Mobility GmbH \u00e8 molto semplice. Tutto ci\u00f2 di cui avete bisogno \u00e8 la apposita App da installare sul vostro cellulare. Dopo che vi sarete registrati, la App vi mostrer\u00e0 dove ci sono scooter liberi. Scannerizzate il codice QR sullo scooter e iniziate. Dopo avere finito il viaggio dovete disconnettervi. L\u2019utilizzo \u00e8 limitato all\u2019interno della citt\u00e0.<\/p>\n\n\n\n<h2 class=\"wp-block-heading\" id=\"h-taxi\">Taxi&nbsp;<\/h2>\n\n\n\n<p>Veloce e senza tempi di attesa, per arrivare dal punto A al punto B a Klagenfurt \u00e8 semplice se chiamate un taxi.<\/p>\n\n\n\n<p>Per prenotare una corsa:<\/p>\n\n\n\n<p>Tel. 0463 51 51 51, <a href=\"http:\/\/www.taxi515151.com\/\" target=\"_blank\" rel=\"noreferrer noopener\">www.taxi515151.at<\/a><br>Tel. 0463 31 111, <a href=\"http:\/\/www.taxi-klagenfurt.at\" target=\"_blank\" rel=\"noreferrer noopener\">www.taxi-klagenfurt.at<\/a><br>Tel. 0463 27 11, <a href=\"http:\/\/www.taxi2711.at\/\" target=\"_blank\" rel=\"noreferrer noopener\">www.taxi2711.at<\/a><\/p>\n\n\n\n<p>Troverete pi\u00f9 informazioni, possibilit\u00e0 di chiedere preventivi e tariffe sulle rispettive pagine web. <\/p>\n\n\n\n<h2 class=\"wp-block-heading\" id=\"h-\">  <\/h2>\n","protected":false},"excerpt":{"rendered":"<p>Spostarsi a Klagenfurt \u00e8 comodissimo. La rete di trasporto pubblico \u00e8 bene organizzata e vi porter\u00e0 a destinazione in modo veloce e affidabile. Autobus Per gli spostamenti con i mezzi pubblici in citt\u00e0 \u00e8 responsabile la compagnia di trasporti KMG (Klagenfurt Mobil GmbH). Ogni anno oltre 65 autobus trasportano 20 milioni di passeggeri. I biglietti [&hellip;]<\/p>\n","protected":false},"author":2,"featured_media":78496,"parent":9282,"menu_order":0,"comment_status":"closed","ping_status":"closed","template":"","meta":{"footnotes":""},"categories":[],"tags":[],"seitentyp":[224],"class_list":["post-9320","page","type-page","status-publish","has-post-thumbnail","hentry","seitentyp-microseite-short"],"yoast_head":"<!-- This site is optimized with the Yoast SEO plugin v27.5 - https:\/\/yoast.com\/product\/yoast-seo-wordpress\/ -->\n<title>Trasporto Pubblico Klagenfurt | Autobus | Navetta delle Ferrovie<\/title>\n<meta name=\"description\" content=\"Spostarsi a Klagenfurt \u00e8 comodissimo. La rete di trasporto pubblico \u00e8 bene organizzata e vi porter\u00e0 a destinazione in modo veloce e affidabile.\" \/>\n<meta name=\"robots\" content=\"index, follow, max-snippet:-1, max-image-preview:large, max-video-preview:-1\" \/>\n<link rel=\"canonical\" href=\"https:\/\/www.visitklagenfurt.at\/it\/mobilita\/trasporto-pubblico\/\" \/>\n<meta property=\"og:locale\" content=\"it_IT\" \/>\n<meta property=\"og:type\" content=\"article\" \/>\n<meta property=\"og:title\" content=\"Trasporto Pubblico Klagenfurt | Autobus | Navetta delle Ferrovie\" \/>\n<meta property=\"og:description\" content=\"Spostarsi a Klagenfurt \u00e8 comodissimo. La rete di trasporto pubblico \u00e8 bene organizzata e vi porter\u00e0 a destinazione in modo veloce e affidabile.\" \/>\n<meta property=\"og:url\" content=\"https:\/\/www.visitklagenfurt.at\/it\/mobilita\/trasporto-pubblico\/\" \/>\n<meta property=\"og:site_name\" content=\"visitklagenfurt\" \/>\n<meta property=\"article:modified_time\" content=\"2021-05-31T12:35:15+00:00\" \/>\n<meta property=\"og:image\" content=\"https:\/\/www.visitklagenfurt.at\/wp-content\/uploads\/2026\/05\/BUS-17-16.jpg\" \/>\n\t<meta property=\"og:image:width\" content=\"800\" \/>\n\t<meta property=\"og:image:height\" content=\"533\" \/>\n\t<meta property=\"og:image:type\" content=\"image\/jpeg\" \/>\n<meta name=\"twitter:card\" content=\"summary_large_image\" \/>\n<meta name=\"twitter:label1\" content=\"Tempo di lettura stimato\" \/>\n\t<meta name=\"twitter:data1\" content=\"2 minuti\" \/>\n<script type=\"application\/ld+json\" class=\"yoast-schema-graph\">{\"@context\":\"https:\\\/\\\/schema.org\",\"@graph\":[{\"@type\":\"WebPage\",\"@id\":\"https:\\\/\\\/www.visitklagenfurt.at\\\/it\\\/mobilita\\\/trasporto-pubblico\\\/\",\"url\":\"https:\\\/\\\/www.visitklagenfurt.at\\\/it\\\/mobilita\\\/trasporto-pubblico\\\/\",\"name\":\"Trasporto Pubblico Klagenfurt | Autobus | Navetta delle Ferrovie\",\"isPartOf\":{\"@id\":\"https:\\\/\\\/www.visitklagenfurt.at\\\/it\\\/#website\"},\"primaryImageOfPage\":{\"@id\":\"https:\\\/\\\/www.visitklagenfurt.at\\\/it\\\/mobilita\\\/trasporto-pubblico\\\/#primaryimage\"},\"image\":{\"@id\":\"https:\\\/\\\/www.visitklagenfurt.at\\\/it\\\/mobilita\\\/trasporto-pubblico\\\/#primaryimage\"},\"thumbnailUrl\":\"https:\\\/\\\/www.visitklagenfurt.at\\\/wp-content\\\/uploads\\\/2026\\\/05\\\/BUS-17-16.jpg\",\"datePublished\":\"2021-03-02T14:15:21+00:00\",\"dateModified\":\"2021-05-31T12:35:15+00:00\",\"description\":\"Spostarsi a Klagenfurt \u00e8 comodissimo. La rete di trasporto pubblico \u00e8 bene organizzata e vi porter\u00e0 a destinazione in modo veloce e affidabile.\",\"breadcrumb\":{\"@id\":\"https:\\\/\\\/www.visitklagenfurt.at\\\/it\\\/mobilita\\\/trasporto-pubblico\\\/#breadcrumb\"},\"inLanguage\":\"it-IT\",\"potentialAction\":[{\"@type\":\"ReadAction\",\"target\":[\"https:\\\/\\\/www.visitklagenfurt.at\\\/it\\\/mobilita\\\/trasporto-pubblico\\\/\"]}]},{\"@type\":\"ImageObject\",\"inLanguage\":\"it-IT\",\"@id\":\"https:\\\/\\\/www.visitklagenfurt.at\\\/it\\\/mobilita\\\/trasporto-pubblico\\\/#primaryimage\",\"url\":\"https:\\\/\\\/www.visitklagenfurt.at\\\/wp-content\\\/uploads\\\/2026\\\/05\\\/BUS-17-16.jpg\",\"contentUrl\":\"https:\\\/\\\/www.visitklagenfurt.at\\\/wp-content\\\/uploads\\\/2026\\\/05\\\/BUS-17-16.jpg\",\"width\":6000,\"height\":4000},{\"@type\":\"BreadcrumbList\",\"@id\":\"https:\\\/\\\/www.visitklagenfurt.at\\\/it\\\/mobilita\\\/trasporto-pubblico\\\/#breadcrumb\",\"itemListElement\":[{\"@type\":\"ListItem\",\"position\":1,\"name\":\"visitklagenfurt\",\"item\":\"https:\\\/\\\/www.visitklagenfurt.at\\\/it\\\/\"},{\"@type\":\"ListItem\",\"position\":2,\"name\":\"Mobilit\u00e0\",\"item\":\"https:\\\/\\\/www.visitklagenfurt.at\\\/it\\\/mobilita\\\/\"},{\"@type\":\"ListItem\",\"position\":3,\"name\":\"Trasporto pubblico\"}]},{\"@type\":\"WebSite\",\"@id\":\"https:\\\/\\\/www.visitklagenfurt.at\\\/it\\\/#website\",\"url\":\"https:\\\/\\\/www.visitklagenfurt.at\\\/it\\\/\",\"name\":\"visitklagenfurt\",\"description\":\"\",\"publisher\":{\"@id\":\"https:\\\/\\\/www.visitklagenfurt.at\\\/it\\\/#organization\"},\"potentialAction\":[{\"@type\":\"SearchAction\",\"target\":{\"@type\":\"EntryPoint\",\"urlTemplate\":\"https:\\\/\\\/www.visitklagenfurt.at\\\/it\\\/?s={search_term_string}\"},\"query-input\":{\"@type\":\"PropertyValueSpecification\",\"valueRequired\":true,\"valueName\":\"search_term_string\"}}],\"inLanguage\":\"it-IT\"},{\"@type\":\"Organization\",\"@id\":\"https:\\\/\\\/www.visitklagenfurt.at\\\/it\\\/#organization\",\"name\":\"Tourismus Region Klagenfurt am W\u00f6rthersee GmbH\",\"url\":\"https:\\\/\\\/www.visitklagenfurt.at\\\/it\\\/\",\"logo\":{\"@type\":\"ImageObject\",\"inLanguage\":\"it-IT\",\"@id\":\"https:\\\/\\\/www.visitklagenfurt.at\\\/it\\\/#\\\/schema\\\/logo\\\/image\\\/\",\"url\":\"https:\\\/\\\/www.visitklagenfurt.at\\\/wp-content\\\/uploads\\\/2022\\\/03\\\/DT_K_Klagenfurt_S_RGB.png\",\"contentUrl\":\"https:\\\/\\\/www.visitklagenfurt.at\\\/wp-content\\\/uploads\\\/2022\\\/03\\\/DT_K_Klagenfurt_S_RGB.png\",\"width\":2082,\"height\":1511,\"caption\":\"Tourismus Region Klagenfurt am W\u00f6rthersee GmbH\"},\"image\":{\"@id\":\"https:\\\/\\\/www.visitklagenfurt.at\\\/it\\\/#\\\/schema\\\/logo\\\/image\\\/\"}}]}<\/script>\n<!-- \/ Yoast SEO plugin. -->","yoast_head_json":{"title":"Trasporto Pubblico Klagenfurt | Autobus | Navetta delle Ferrovie","description":"Spostarsi a Klagenfurt \u00e8 comodissimo. La rete di trasporto pubblico \u00e8 bene organizzata e vi porter\u00e0 a destinazione in modo veloce e affidabile.","robots":{"index":"index","follow":"follow","max-snippet":"max-snippet:-1","max-image-preview":"max-image-preview:large","max-video-preview":"max-video-preview:-1"},"canonical":"https:\/\/www.visitklagenfurt.at\/it\/mobilita\/trasporto-pubblico\/","og_locale":"it_IT","og_type":"article","og_title":"Trasporto Pubblico Klagenfurt | Autobus | Navetta delle Ferrovie","og_description":"Spostarsi a Klagenfurt \u00e8 comodissimo. La rete di trasporto pubblico \u00e8 bene organizzata e vi porter\u00e0 a destinazione in modo veloce e affidabile.","og_url":"https:\/\/www.visitklagenfurt.at\/it\/mobilita\/trasporto-pubblico\/","og_site_name":"visitklagenfurt","article_modified_time":"2021-05-31T12:35:15+00:00","og_image":[{"url":"https:\/\/www.visitklagenfurt.at\/wp-content\/uploads\/2026\/05\/BUS-17-16.jpg","width":800,"height":533,"type":"image\/jpeg"}],"twitter_card":"summary_large_image","twitter_misc":{"Tempo di lettura stimato":"2 minuti"},"schema":{"@context":"https:\/\/schema.org","@graph":[{"@type":"WebPage","@id":"https:\/\/www.visitklagenfurt.at\/it\/mobilita\/trasporto-pubblico\/","url":"https:\/\/www.visitklagenfurt.at\/it\/mobilita\/trasporto-pubblico\/","name":"Trasporto Pubblico Klagenfurt | Autobus | Navetta delle Ferrovie","isPartOf":{"@id":"https:\/\/www.visitklagenfurt.at\/it\/#website"},"primaryImageOfPage":{"@id":"https:\/\/www.visitklagenfurt.at\/it\/mobilita\/trasporto-pubblico\/#primaryimage"},"image":{"@id":"https:\/\/www.visitklagenfurt.at\/it\/mobilita\/trasporto-pubblico\/#primaryimage"},"thumbnailUrl":"https:\/\/www.visitklagenfurt.at\/wp-content\/uploads\/2026\/05\/BUS-17-16.jpg","datePublished":"2021-03-02T14:15:21+00:00","dateModified":"2021-05-31T12:35:15+00:00","description":"Spostarsi a Klagenfurt \u00e8 comodissimo. La rete di trasporto pubblico \u00e8 bene organizzata e vi porter\u00e0 a destinazione in modo veloce e affidabile.","breadcrumb":{"@id":"https:\/\/www.visitklagenfurt.at\/it\/mobilita\/trasporto-pubblico\/#breadcrumb"},"inLanguage":"it-IT","potentialAction":[{"@type":"ReadAction","target":["https:\/\/www.visitklagenfurt.at\/it\/mobilita\/trasporto-pubblico\/"]}]},{"@type":"ImageObject","inLanguage":"it-IT","@id":"https:\/\/www.visitklagenfurt.at\/it\/mobilita\/trasporto-pubblico\/#primaryimage","url":"https:\/\/www.visitklagenfurt.at\/wp-content\/uploads\/2026\/05\/BUS-17-16.jpg","contentUrl":"https:\/\/www.visitklagenfurt.at\/wp-content\/uploads\/2026\/05\/BUS-17-16.jpg","width":6000,"height":4000},{"@type":"BreadcrumbList","@id":"https:\/\/www.visitklagenfurt.at\/it\/mobilita\/trasporto-pubblico\/#breadcrumb","itemListElement":[{"@type":"ListItem","position":1,"name":"visitklagenfurt","item":"https:\/\/www.visitklagenfurt.at\/it\/"},{"@type":"ListItem","position":2,"name":"Mobilit\u00e0","item":"https:\/\/www.visitklagenfurt.at\/it\/mobilita\/"},{"@type":"ListItem","position":3,"name":"Trasporto pubblico"}]},{"@type":"WebSite","@id":"https:\/\/www.visitklagenfurt.at\/it\/#website","url":"https:\/\/www.visitklagenfurt.at\/it\/","name":"visitklagenfurt","description":"","publisher":{"@id":"https:\/\/www.visitklagenfurt.at\/it\/#organization"},"potentialAction":[{"@type":"SearchAction","target":{"@type":"EntryPoint","urlTemplate":"https:\/\/www.visitklagenfurt.at\/it\/?s={search_term_string}"},"query-input":{"@type":"PropertyValueSpecification","valueRequired":true,"valueName":"search_term_string"}}],"inLanguage":"it-IT"},{"@type":"Organization","@id":"https:\/\/www.visitklagenfurt.at\/it\/#organization","name":"Tourismus Region Klagenfurt am W\u00f6rthersee GmbH","url":"https:\/\/www.visitklagenfurt.at\/it\/","logo":{"@type":"ImageObject","inLanguage":"it-IT","@id":"https:\/\/www.visitklagenfurt.at\/it\/#\/schema\/logo\/image\/","url":"https:\/\/www.visitklagenfurt.at\/wp-content\/uploads\/2022\/03\/DT_K_Klagenfurt_S_RGB.png","contentUrl":"https:\/\/www.visitklagenfurt.at\/wp-content\/uploads\/2022\/03\/DT_K_Klagenfurt_S_RGB.png","width":2082,"height":1511,"caption":"Tourismus Region Klagenfurt am W\u00f6rthersee GmbH"},"image":{"@id":"https:\/\/www.visitklagenfurt.at\/it\/#\/schema\/logo\/image\/"}}]}},"_links":{"self":[{"href":"https:\/\/www.visitklagenfurt.at\/it\/wp-json\/wp\/v2\/pages\/9320","targetHints":{"allow":["GET"]}}],"collection":[{"href":"https:\/\/www.visitklagenfurt.at\/it\/wp-json\/wp\/v2\/pages"}],"about":[{"href":"https:\/\/www.visitklagenfurt.at\/it\/wp-json\/wp\/v2\/types\/page"}],"author":[{"embeddable":true,"href":"https:\/\/www.visitklagenfurt.at\/it\/wp-json\/wp\/v2\/users\/2"}],"replies":[{"embeddable":true,"href":"https:\/\/www.visitklagenfurt.at\/it\/wp-json\/wp\/v2\/comments?post=9320"}],"version-history":[{"count":11,"href":"https:\/\/www.visitklagenfurt.at\/it\/wp-json\/wp\/v2\/pages\/9320\/revisions"}],"predecessor-version":[{"id":20862,"href":"https:\/\/www.visitklagenfurt.at\/it\/wp-json\/wp\/v2\/pages\/9320\/revisions\/20862"}],"up":[{"embeddable":true,"href":"https:\/\/www.visitklagenfurt.at\/it\/wp-json\/wp\/v2\/pages\/9282"}],"wp:featuredmedia":[{"embeddable":true,"href":"https:\/\/www.visitklagenfurt.at\/it\/wp-json\/wp\/v2\/media\/78496"}],"wp:attachment":[{"href":"https:\/\/www.visitklagenfurt.at\/it\/wp-json\/wp\/v2\/media?parent=9320"}],"wp:term":[{"taxonomy":"category","embeddable":true,"href":"https:\/\/www.visitklagenfurt.at\/it\/wp-json\/wp\/v2\/categories?post=9320"},{"taxonomy":"post_tag","embeddable":true,"href":"https:\/\/www.visitklagenfurt.at\/it\/wp-json\/wp\/v2\/tags?post=9320"},{"taxonomy":"seitentyp","embeddable":true,"href":"https:\/\/www.visitklagenfurt.at\/it\/wp-json\/wp\/v2\/seitentyp?post=9320"}],"curies":[{"name":"wp","href":"https:\/\/api.w.org\/{rel}","templated":true}]}}