{"id":9401,"date":"2021-03-02T16:28:15","date_gmt":"2021-03-02T15:28:15","guid":{"rendered":"http:\/\/blog.visitklagenfurt.at\/visitklagenfurt\/mobilita\/come-arrivare\/"},"modified":"2024-01-09T09:40:24","modified_gmt":"2024-01-09T08:40:24","slug":"come-arrivare","status":"publish","type":"page","link":"https:\/\/www.visitklagenfurt.at\/it\/mobilita\/come-arrivare\/","title":{"rendered":"Come arrivare"},"content":{"rendered":"\n<p>A Klagenfurt sul W\u00f6rthersee portano molte strade, in macchina, autobus, treno o in aereo. <\/p>\n\n\n\n<p>Klagenfurt si trova sul lato orientale del lago W\u00f6rthersee ed \u00e8 la capitale delle regione Carinzia. Grazie a ottimi collegamenti di strade e ferroviari \u00e8 molto facile da raggiungere, anche dai vicini paesi d\u2019oltre confine, l\u2019Italia e la Slovenia.<\/p>\n\n\n\n<h2 class=\"wp-block-heading\" id=\"h-in-auto\">In auto<\/h2>\n\n\n\n<p>Potete venire a Klagenfurt sul W\u00f6rthersee in tutta sicurezza da soli in macchina, grazie all\u2019eccellente rete di autostrade, strade statali e regionali.\n<\/p>\n\n\n\n<p>Da nord, passando per Salisburgo e l\u2019autostrada Tauernautobahn A10 e la A2 (l\u2019intera A10 \u00e8 a quattro corsie, mentre nelle gallerie \u00e8 a due corsie). Da est, passando per Vienna e Graz sulla S\u00fcdautobahn A2. Da sud, attraverso Ljubljana e la B91 Loiblpass-Stra\u00dfe (passo di Loibl), oppure attraverso Udine e la A2 S\u00fcdautobahn.\n<\/p>\n\n\n\n<p>Per tutte le autostrade e le superstrade \u00e8 obbligatorio pagare il <strong>pedaggio<\/strong>, procuratevi una vignetta. <a href=\"https:\/\/www.asfinag.at\/maut-vignette\/\">Qui <\/a>trovate tutte le informazioni sulle tariffe.<\/p>\n\n\n\n<h2 class=\"wp-block-heading\" id=\"h-in-treno\">In treno<\/h2>\n\n\n\n<p>Con la rete <strong>\u00d6BB<\/strong> (\u00d6sterreichische Bundesbahnen \/ ferrovie dell&#8217;Austria) o la <strong>DB<\/strong> (Deutsche Bahn \/ ferrovie della Germania) potete arrivare comodamente fino al centro di Klagenfurt. Potete viaggiare anche in vagone letto. Dalla stazione al centro citt\u00e0 sono pochi minuti a piedi. I biglietti possono esssere acquistati online ma anche in ogni stazione.<\/p>\n\n\n\n<p><strong>Gli orari e i prezzi sono qui<\/strong>: <a href=\"https:\/\/www.oebb.at\">www.oebb.at<\/a> <a href=\"https:\/\/www.bahn.de\">www.bahn.de<\/a><\/p>\n\n\n\n<h2 class=\"wp-block-heading\" id=\"h-in-autobus\">In autobus<\/h2>\n\n\n\n<p>La rete degli autobus <strong>Postbus<\/strong> \u00e8 ben organizzata e vi porta a Klagenfurt dalle regioni vicine in modo comodo e sicuro. Potete comperare i biglietti online dalle rispettive compagnie oppure direttamente dal conduttore sull\u2019autobus.<\/p>\n\n\n\n<p>Gli orari e i prezzi sono <a href=\"https:\/\/www.postbus.at\/en\/\" target=\"_blank\" rel=\"noreferrer noopener nofollow\">qui<\/a>.<\/p>\n\n\n\n<p>A causa della situazione Covid-19 Flixbus ha dovuto modificare la propria attivit\u00e0. Troverete informazioni pi\u00f9 dettagliate <a href=\"https:\/\/www.flixbus.at\/\" target=\"_blank\" rel=\"noopener noreferrer\">qui<\/a>.<\/p>\n\n\n\n<h2 class=\"wp-block-heading\" id=\"h-in-aereo\">In aereo<\/h2>\n\n\n\n<p>Potete raggiungere Klagenfurt sul W\u00f6rthersee in aereo. <a href=\"https:\/\/airport-klagenfurt.at\/\" target=\"_blank\" rel=\"noopener noreferrer\">L\u2019aereoporto di Klagenfurt<\/a> dista solo pochi chilometri dal centro citt\u00e0. Dall\u2019aereoporto potete raggiungere la vostra destinazione in taxi, in autobus, oppure con un\u2019auto a noleggio.<\/p>\n\n\n\n<p>I collegamenti con la maggior parte delle capitali europee vengono offerti dal vicino aereoporto di Ljubljana. Da l\u00ec potete prendere il <a href=\"https:\/\/www.goopti.com\/de\/\">GoOpti<\/a>, il servizio navetta che vi porta direttamente a Klagenfurt.<\/p>\n","protected":false},"excerpt":{"rendered":"<p>A Klagenfurt sul W\u00f6rthersee portano molte strade, in macchina, autobus, treno o in aereo. Klagenfurt si trova sul lato orientale del lago W\u00f6rthersee ed \u00e8 la capitale delle regione Carinzia. Grazie a ottimi collegamenti di strade e ferroviari \u00e8 molto facile da raggiungere, anche dai vicini paesi d\u2019oltre confine, l\u2019Italia e la Slovenia. In auto [&hellip;]<\/p>\n","protected":false},"author":2,"featured_media":9274,"parent":9282,"menu_order":0,"comment_status":"closed","ping_status":"closed","template":"","meta":{"footnotes":""},"categories":[],"tags":[],"seitentyp":[224],"class_list":["post-9401","page","type-page","status-publish","has-post-thumbnail","hentry","seitentyp-microseite-short"],"yoast_head":"<!-- This site is optimized with the Yoast SEO plugin v27.3 - https:\/\/yoast.com\/product\/yoast-seo-wordpress\/ -->\n<title>Come Arrivare | Klagenfurt | In Macchina, Autobus, Treno ed Aereo<\/title>\n<meta name=\"description\" content=\"A Klagenfurt portano molte strade, in macchina, autobus, treno o in aereo. \u00c8 molto facile da raggiungere - createvi il vostro itinerario personale!\" \/>\n<meta name=\"robots\" content=\"index, follow, max-snippet:-1, max-image-preview:large, max-video-preview:-1\" \/>\n<link rel=\"canonical\" href=\"https:\/\/www.visitklagenfurt.at\/it\/mobilita\/come-arrivare\/\" \/>\n<meta property=\"og:locale\" content=\"it_IT\" \/>\n<meta property=\"og:type\" content=\"article\" \/>\n<meta property=\"og:title\" content=\"Come Arrivare | Klagenfurt | In Macchina, Autobus, Treno ed Aereo\" \/>\n<meta property=\"og:description\" content=\"A Klagenfurt portano molte strade, in macchina, autobus, treno o in aereo. \u00c8 molto facile da raggiungere - createvi il vostro itinerario personale!\" \/>\n<meta property=\"og:url\" content=\"https:\/\/www.visitklagenfurt.at\/it\/mobilita\/come-arrivare\/\" \/>\n<meta property=\"og:site_name\" content=\"visitklagenfurt\" \/>\n<meta property=\"article:modified_time\" content=\"2024-01-09T08:40:24+00:00\" \/>\n<meta property=\"og:image\" content=\"https:\/\/www.visitklagenfurt.at\/wp-content\/uploads\/2021\/03\/anreise_autobahn_c-Tine-Steinthaler.jpg\" \/>\n\t<meta property=\"og:image:width\" content=\"1600\" \/>\n\t<meta property=\"og:image:height\" content=\"815\" \/>\n\t<meta property=\"og:image:type\" content=\"image\/jpeg\" \/>\n<meta name=\"twitter:card\" content=\"summary_large_image\" \/>\n<meta name=\"twitter:label1\" content=\"Tempo di lettura stimato\" \/>\n\t<meta name=\"twitter:data1\" content=\"3 minuti\" \/>\n<script type=\"application\/ld+json\" class=\"yoast-schema-graph\">{\"@context\":\"https:\\\/\\\/schema.org\",\"@graph\":[{\"@type\":\"WebPage\",\"@id\":\"https:\\\/\\\/www.visitklagenfurt.at\\\/it\\\/mobilita\\\/come-arrivare\\\/\",\"url\":\"https:\\\/\\\/www.visitklagenfurt.at\\\/it\\\/mobilita\\\/come-arrivare\\\/\",\"name\":\"Come Arrivare | Klagenfurt | In Macchina, Autobus, Treno ed Aereo\",\"isPartOf\":{\"@id\":\"https:\\\/\\\/www.visitklagenfurt.at\\\/it\\\/#website\"},\"primaryImageOfPage\":{\"@id\":\"https:\\\/\\\/www.visitklagenfurt.at\\\/it\\\/mobilita\\\/come-arrivare\\\/#primaryimage\"},\"image\":{\"@id\":\"https:\\\/\\\/www.visitklagenfurt.at\\\/it\\\/mobilita\\\/come-arrivare\\\/#primaryimage\"},\"thumbnailUrl\":\"https:\\\/\\\/www.visitklagenfurt.at\\\/wp-content\\\/uploads\\\/2021\\\/03\\\/anreise_autobahn_c-Tine-Steinthaler.jpg\",\"datePublished\":\"2021-03-02T15:28:15+00:00\",\"dateModified\":\"2024-01-09T08:40:24+00:00\",\"description\":\"A Klagenfurt portano molte strade, in macchina, autobus, treno o in aereo. \u00c8 molto facile da raggiungere - createvi il vostro itinerario personale!\",\"breadcrumb\":{\"@id\":\"https:\\\/\\\/www.visitklagenfurt.at\\\/it\\\/mobilita\\\/come-arrivare\\\/#breadcrumb\"},\"inLanguage\":\"it-IT\",\"potentialAction\":[{\"@type\":\"ReadAction\",\"target\":[\"https:\\\/\\\/www.visitklagenfurt.at\\\/it\\\/mobilita\\\/come-arrivare\\\/\"]}]},{\"@type\":\"ImageObject\",\"inLanguage\":\"it-IT\",\"@id\":\"https:\\\/\\\/www.visitklagenfurt.at\\\/it\\\/mobilita\\\/come-arrivare\\\/#primaryimage\",\"url\":\"https:\\\/\\\/www.visitklagenfurt.at\\\/wp-content\\\/uploads\\\/2021\\\/03\\\/anreise_autobahn_c-Tine-Steinthaler.jpg\",\"contentUrl\":\"https:\\\/\\\/www.visitklagenfurt.at\\\/wp-content\\\/uploads\\\/2021\\\/03\\\/anreise_autobahn_c-Tine-Steinthaler.jpg\",\"width\":1600,\"height\":815,\"caption\":\"(c) Tine-Steinthaler\"},{\"@type\":\"BreadcrumbList\",\"@id\":\"https:\\\/\\\/www.visitklagenfurt.at\\\/it\\\/mobilita\\\/come-arrivare\\\/#breadcrumb\",\"itemListElement\":[{\"@type\":\"ListItem\",\"position\":1,\"name\":\"visitklagenfurt\",\"item\":\"https:\\\/\\\/www.visitklagenfurt.at\\\/it\\\/\"},{\"@type\":\"ListItem\",\"position\":2,\"name\":\"Mobilit\u00e0\",\"item\":\"https:\\\/\\\/www.visitklagenfurt.at\\\/it\\\/mobilita\\\/\"},{\"@type\":\"ListItem\",\"position\":3,\"name\":\"Come arrivare\"}]},{\"@type\":\"WebSite\",\"@id\":\"https:\\\/\\\/www.visitklagenfurt.at\\\/it\\\/#website\",\"url\":\"https:\\\/\\\/www.visitklagenfurt.at\\\/it\\\/\",\"name\":\"visitklagenfurt\",\"description\":\"\",\"publisher\":{\"@id\":\"https:\\\/\\\/www.visitklagenfurt.at\\\/it\\\/#organization\"},\"potentialAction\":[{\"@type\":\"SearchAction\",\"target\":{\"@type\":\"EntryPoint\",\"urlTemplate\":\"https:\\\/\\\/www.visitklagenfurt.at\\\/it\\\/?s={search_term_string}\"},\"query-input\":{\"@type\":\"PropertyValueSpecification\",\"valueRequired\":true,\"valueName\":\"search_term_string\"}}],\"inLanguage\":\"it-IT\"},{\"@type\":\"Organization\",\"@id\":\"https:\\\/\\\/www.visitklagenfurt.at\\\/it\\\/#organization\",\"name\":\"Tourismus Region Klagenfurt am W\u00f6rthersee GmbH\",\"url\":\"https:\\\/\\\/www.visitklagenfurt.at\\\/it\\\/\",\"logo\":{\"@type\":\"ImageObject\",\"inLanguage\":\"it-IT\",\"@id\":\"https:\\\/\\\/www.visitklagenfurt.at\\\/it\\\/#\\\/schema\\\/logo\\\/image\\\/\",\"url\":\"https:\\\/\\\/www.visitklagenfurt.at\\\/wp-content\\\/uploads\\\/2022\\\/03\\\/DT_K_Klagenfurt_S_RGB.png\",\"contentUrl\":\"https:\\\/\\\/www.visitklagenfurt.at\\\/wp-content\\\/uploads\\\/2022\\\/03\\\/DT_K_Klagenfurt_S_RGB.png\",\"width\":2082,\"height\":1511,\"caption\":\"Tourismus Region Klagenfurt am W\u00f6rthersee GmbH\"},\"image\":{\"@id\":\"https:\\\/\\\/www.visitklagenfurt.at\\\/it\\\/#\\\/schema\\\/logo\\\/image\\\/\"}}]}<\/script>\n<!-- \/ Yoast SEO plugin. -->","yoast_head_json":{"title":"Come Arrivare | Klagenfurt | In Macchina, Autobus, Treno ed Aereo","description":"A Klagenfurt portano molte strade, in macchina, autobus, treno o in aereo. \u00c8 molto facile da raggiungere - createvi il vostro itinerario personale!","robots":{"index":"index","follow":"follow","max-snippet":"max-snippet:-1","max-image-preview":"max-image-preview:large","max-video-preview":"max-video-preview:-1"},"canonical":"https:\/\/www.visitklagenfurt.at\/it\/mobilita\/come-arrivare\/","og_locale":"it_IT","og_type":"article","og_title":"Come Arrivare | Klagenfurt | In Macchina, Autobus, Treno ed Aereo","og_description":"A Klagenfurt portano molte strade, in macchina, autobus, treno o in aereo. \u00c8 molto facile da raggiungere - createvi il vostro itinerario personale!","og_url":"https:\/\/www.visitklagenfurt.at\/it\/mobilita\/come-arrivare\/","og_site_name":"visitklagenfurt","article_modified_time":"2024-01-09T08:40:24+00:00","og_image":[{"width":1600,"height":815,"url":"https:\/\/www.visitklagenfurt.at\/wp-content\/uploads\/2021\/03\/anreise_autobahn_c-Tine-Steinthaler.jpg","type":"image\/jpeg"}],"twitter_card":"summary_large_image","twitter_misc":{"Tempo di lettura stimato":"3 minuti"},"schema":{"@context":"https:\/\/schema.org","@graph":[{"@type":"WebPage","@id":"https:\/\/www.visitklagenfurt.at\/it\/mobilita\/come-arrivare\/","url":"https:\/\/www.visitklagenfurt.at\/it\/mobilita\/come-arrivare\/","name":"Come Arrivare | Klagenfurt | In Macchina, Autobus, Treno ed Aereo","isPartOf":{"@id":"https:\/\/www.visitklagenfurt.at\/it\/#website"},"primaryImageOfPage":{"@id":"https:\/\/www.visitklagenfurt.at\/it\/mobilita\/come-arrivare\/#primaryimage"},"image":{"@id":"https:\/\/www.visitklagenfurt.at\/it\/mobilita\/come-arrivare\/#primaryimage"},"thumbnailUrl":"https:\/\/www.visitklagenfurt.at\/wp-content\/uploads\/2021\/03\/anreise_autobahn_c-Tine-Steinthaler.jpg","datePublished":"2021-03-02T15:28:15+00:00","dateModified":"2024-01-09T08:40:24+00:00","description":"A Klagenfurt portano molte strade, in macchina, autobus, treno o in aereo. \u00c8 molto facile da raggiungere - createvi il vostro itinerario personale!","breadcrumb":{"@id":"https:\/\/www.visitklagenfurt.at\/it\/mobilita\/come-arrivare\/#breadcrumb"},"inLanguage":"it-IT","potentialAction":[{"@type":"ReadAction","target":["https:\/\/www.visitklagenfurt.at\/it\/mobilita\/come-arrivare\/"]}]},{"@type":"ImageObject","inLanguage":"it-IT","@id":"https:\/\/www.visitklagenfurt.at\/it\/mobilita\/come-arrivare\/#primaryimage","url":"https:\/\/www.visitklagenfurt.at\/wp-content\/uploads\/2021\/03\/anreise_autobahn_c-Tine-Steinthaler.jpg","contentUrl":"https:\/\/www.visitklagenfurt.at\/wp-content\/uploads\/2021\/03\/anreise_autobahn_c-Tine-Steinthaler.jpg","width":1600,"height":815,"caption":"(c) Tine-Steinthaler"},{"@type":"BreadcrumbList","@id":"https:\/\/www.visitklagenfurt.at\/it\/mobilita\/come-arrivare\/#breadcrumb","itemListElement":[{"@type":"ListItem","position":1,"name":"visitklagenfurt","item":"https:\/\/www.visitklagenfurt.at\/it\/"},{"@type":"ListItem","position":2,"name":"Mobilit\u00e0","item":"https:\/\/www.visitklagenfurt.at\/it\/mobilita\/"},{"@type":"ListItem","position":3,"name":"Come arrivare"}]},{"@type":"WebSite","@id":"https:\/\/www.visitklagenfurt.at\/it\/#website","url":"https:\/\/www.visitklagenfurt.at\/it\/","name":"visitklagenfurt","description":"","publisher":{"@id":"https:\/\/www.visitklagenfurt.at\/it\/#organization"},"potentialAction":[{"@type":"SearchAction","target":{"@type":"EntryPoint","urlTemplate":"https:\/\/www.visitklagenfurt.at\/it\/?s={search_term_string}"},"query-input":{"@type":"PropertyValueSpecification","valueRequired":true,"valueName":"search_term_string"}}],"inLanguage":"it-IT"},{"@type":"Organization","@id":"https:\/\/www.visitklagenfurt.at\/it\/#organization","name":"Tourismus Region Klagenfurt am W\u00f6rthersee GmbH","url":"https:\/\/www.visitklagenfurt.at\/it\/","logo":{"@type":"ImageObject","inLanguage":"it-IT","@id":"https:\/\/www.visitklagenfurt.at\/it\/#\/schema\/logo\/image\/","url":"https:\/\/www.visitklagenfurt.at\/wp-content\/uploads\/2022\/03\/DT_K_Klagenfurt_S_RGB.png","contentUrl":"https:\/\/www.visitklagenfurt.at\/wp-content\/uploads\/2022\/03\/DT_K_Klagenfurt_S_RGB.png","width":2082,"height":1511,"caption":"Tourismus Region Klagenfurt am W\u00f6rthersee GmbH"},"image":{"@id":"https:\/\/www.visitklagenfurt.at\/it\/#\/schema\/logo\/image\/"}}]}},"_links":{"self":[{"href":"https:\/\/www.visitklagenfurt.at\/it\/wp-json\/wp\/v2\/pages\/9401","targetHints":{"allow":["GET"]}}],"collection":[{"href":"https:\/\/www.visitklagenfurt.at\/it\/wp-json\/wp\/v2\/pages"}],"about":[{"href":"https:\/\/www.visitklagenfurt.at\/it\/wp-json\/wp\/v2\/types\/page"}],"author":[{"embeddable":true,"href":"https:\/\/www.visitklagenfurt.at\/it\/wp-json\/wp\/v2\/users\/2"}],"replies":[{"embeddable":true,"href":"https:\/\/www.visitklagenfurt.at\/it\/wp-json\/wp\/v2\/comments?post=9401"}],"version-history":[{"count":13,"href":"https:\/\/www.visitklagenfurt.at\/it\/wp-json\/wp\/v2\/pages\/9401\/revisions"}],"predecessor-version":[{"id":60417,"href":"https:\/\/www.visitklagenfurt.at\/it\/wp-json\/wp\/v2\/pages\/9401\/revisions\/60417"}],"up":[{"embeddable":true,"href":"https:\/\/www.visitklagenfurt.at\/it\/wp-json\/wp\/v2\/pages\/9282"}],"wp:featuredmedia":[{"embeddable":true,"href":"https:\/\/www.visitklagenfurt.at\/it\/wp-json\/wp\/v2\/media\/9274"}],"wp:attachment":[{"href":"https:\/\/www.visitklagenfurt.at\/it\/wp-json\/wp\/v2\/media?parent=9401"}],"wp:term":[{"taxonomy":"category","embeddable":true,"href":"https:\/\/www.visitklagenfurt.at\/it\/wp-json\/wp\/v2\/categories?post=9401"},{"taxonomy":"post_tag","embeddable":true,"href":"https:\/\/www.visitklagenfurt.at\/it\/wp-json\/wp\/v2\/tags?post=9401"},{"taxonomy":"seitentyp","embeddable":true,"href":"https:\/\/www.visitklagenfurt.at\/it\/wp-json\/wp\/v2\/seitentyp?post=9401"}],"curies":[{"name":"wp","href":"https:\/\/api.w.org\/{rel}","templated":true}]}}