{"id":9487,"date":"2021-03-02T19:53:43","date_gmt":"2021-03-02T18:53:43","guid":{"rendered":"http:\/\/blog.visitklagenfurt.at\/visitklagenfurt\/attivi-nello-sport\/triathlon\/"},"modified":"2022-09-01T12:11:30","modified_gmt":"2022-09-01T10:11:30","slug":"triathlon","status":"publish","type":"page","link":"https:\/\/www.visitklagenfurt.at\/it\/attivi-nello-sport\/triathlon\/","title":{"rendered":"Triathlon"},"content":{"rendered":"\t\t<div data-elementor-type=\"wp-page\" data-elementor-id=\"9487\" class=\"elementor elementor-9487 elementor-7663\" data-elementor-post-type=\"page\">\n\t\t\t\t\t\t<section class=\"elementor-section elementor-top-section elementor-element elementor-element-ae6d2ec elementor-section-height-min-height elementor-section-boxed elementor-section-height-default elementor-section-items-middle\" data-id=\"ae6d2ec\" data-element_type=\"section\" data-e-type=\"section\" data-settings=\"{&quot;background_background&quot;:&quot;classic&quot;}\">\n\t\t\t\t\t\t<div class=\"elementor-container elementor-column-gap-default\">\n\t\t\t\t\t<div class=\"elementor-column elementor-col-100 elementor-top-column elementor-element elementor-element-559d7d9\" data-id=\"559d7d9\" data-element_type=\"column\" data-e-type=\"column\">\n\t\t\t<div class=\"elementor-widget-wrap\">\n\t\t\t\t\t\t\t<\/div>\n\t\t<\/div>\n\t\t\t\t\t<\/div>\n\t\t<\/section>\n\t\t\t\t<section class=\"elementor-section elementor-top-section elementor-element elementor-element-2ec379a elementor-section-boxed elementor-section-height-default elementor-section-height-default\" data-id=\"2ec379a\" data-element_type=\"section\" data-e-type=\"section\" data-settings=\"{&quot;background_background&quot;:&quot;classic&quot;}\">\n\t\t\t\t\t\t<div class=\"elementor-container elementor-column-gap-default\">\n\t\t\t\t\t<div class=\"elementor-column elementor-col-100 elementor-top-column elementor-element elementor-element-b26d9e6\" data-id=\"b26d9e6\" data-element_type=\"column\" data-e-type=\"column\" data-settings=\"{&quot;background_background&quot;:&quot;classic&quot;}\">\n\t\t\t<div class=\"elementor-widget-wrap elementor-element-populated\">\n\t\t\t\t\t\t<div class=\"elementor-element elementor-element-da09239 elementor-widget elementor-widget-global elementor-global-42931 elementor-global-39763 elementor-widget-breadcrumbs\" data-id=\"da09239\" data-element_type=\"widget\" data-e-type=\"widget\" data-widget_type=\"breadcrumbs.default\">\n\t\t\t\t<div class=\"elementor-widget-container\">\n\t\t\t\t\t<p id=\"breadcrumbs\"><span><span><a href=\"https:\/\/www.visitklagenfurt.at\/it\/\">visitklagenfurt<\/a><\/span><\/span><\/p>\t\t\t\t<\/div>\n\t\t\t\t<\/div>\n\t\t\t\t<div class=\"elementor-element elementor-element-1e84a90 elementor-widget elementor-widget-heading\" data-id=\"1e84a90\" data-element_type=\"widget\" data-e-type=\"widget\" data-widget_type=\"heading.default\">\n\t\t\t\t<div class=\"elementor-widget-container\">\n\t\t\t\t\t<h1 class=\"elementor-heading-title elementor-size-default\">Triathlon<\/h1>\t\t\t\t<\/div>\n\t\t\t\t<\/div>\n\t\t\t\t<div class=\"elementor-element elementor-element-29963f0 elementor-widget elementor-widget-text-editor\" data-id=\"29963f0\" data-element_type=\"widget\" data-e-type=\"widget\" data-widget_type=\"text-editor.default\">\n\t\t\t\t<div class=\"elementor-widget-container\">\n\t\t\t\t\t\t\t\t\t<p><strong>Klagenfurt sul W\u00f6rthersee, la mecca del triathlon<\/strong><\/p>\n<p>Klagenfurt sul W\u00f6rthersee offre condizioni di allenamento perfette per i triatleti. Che si tratti di acqua, bici o scarpe da corsa, nella citt\u00e0 natale dell&#8217;Ironman Austria nessuna disciplina viene trascurata.<\/p>\n<p>Nuotate, andate in bici, correte, ripetete. Quale posto migliore per farlo che nella citt\u00e0 natale dell&#8217;Ironman Austria? A due passi si trovano il tiepido W\u00f6rthersee, nell&#8217;area circostante due piste ciclabili Ironman ufficiali e vari percorsi di corsa verso tutte le direzioni. Quindi non c&#8217;\u00e8 da meravigliarsi che a Klagenfurt si contendano molte gare di triathlon e che nella citt\u00e0 del drago lindwurm vengano ad allenarsi molti triatleti.<\/p>\n<p><strong>Citt\u00e0 natale dell&#8217;Ironman Austria<\/strong><\/p>\n<p>L&#8217;Ironman Austria si tiene a Klagenfurt dal 1998, il che ha portato a un vero boom del triathlon. Ci\u00f2 che rende questo Ironman particolarmente eccitante \u00e8 che durante la competizione gli atleti tornano sempre nella baia orientale, per infilarsi nella loro tenuta da ciclismo dopo i 3,8 chilometri di nuoto e per indossare le scarpe da corsa, dopo i 180 chilometri in bici, per continuare a correre la maratona lungo il Lendkanal e il W\u00f6rthersee. Per fare festa ai propri eroi i fan non devono spostarsi molto, il che contriubuisce ad un&#8217;atmosfera particolarmente buona fino a tarda notte.<\/p>\n<p><strong>&nbsp;<\/strong><\/p>\n<p><strong>&nbsp;<\/strong><\/p>\n<p><strong>&nbsp;<\/strong><\/p>\n<p><strong>Allenamento di nuoto nel W\u00f6rthersee<\/strong><\/p>\n<p>Questo \u00e8 un vantaggio di cui possono usufruire per allenarsi anche i futuri partecipanti all&#8217;Ironman. Le spiaggie Klagenfurt e Maria Loretto offrono le migliori condizioni per gli allenamenti di nuoto, con tanto di armadietti per oggetti di valore che possono essere chiusi a chiave.<\/p>\n<p><strong>Correre sul percorso della maratona Ironman<\/strong><\/p>\n<p>Il percorso della maratona Ironman perfettamente segnalato inizia a pochi metri da l\u00ec. Dopo l&#8217;Ironman di giugno, i dipinti e gli slogan dei fan sono ancora l\u00ec e fanno da ulteriore motivazione durante l&#8217;allenamento. Se cercate variet\u00e0 durante la corsa, potete anche conquistare il popolare percorso della mezza maratona di Klagenfurt, intorno alla capitale della regione.<\/p>\n<p>&nbsp;<\/p>\n<p><strong>Allenamento ciclistico sui percorsi ciclabili ufficiali Ironman<\/strong><\/p>\n<p>Grazie a un cambio di percorso, Klagenfurt dispone ora di due piste ciclabili Ironman ben segnalate e ricche di storia. Il circuito originale Ironman con 87,7 chilometri e 1.500 metri di dislivello e il grande circuito Ironman con 176 chilometri, che usato dal 2019 estende il circuito classico con lo stimolante Rupertiberg e con una deviazione a Feldkirchen e St.Veit. Un breve tour della Carinzia ricco di indimenticabili esperienze paesaggistiche. Ma oltre a questi percorsi, in Carinzia ci sono ancora innumerevoli possibilit\u00e0 per <a href=\"https:\/\/www.visitklagenfurt.at\/it\/visitklagenfurt\/attivi-nello-sport\/andare-in-bicicletta\/\">le bici da corsa.<\/a><\/p>\n<p><strong>Vacanze accanto all&#8217;allenamento<\/strong><\/p>\n<p>Oltre ad offrire le migliori possibilit\u00e0 per l&#8217;allenamento, Klagenfurt \u00e8 anche ottima per il relax. Numerosi luoghi e attivit\u00e0 accontenteranno l&#8217;intera famiglia. La ricca cucina con le sue prelibatezze regionali rafforzer\u00e0 il corpo, mentre l&#8217;acclamata ospitalit\u00e0 dei Carinzini far\u00e0 il resto, per rendere perfetta la vacanza di allenamento nella capitale Ironman dell&#8217;Austria.<\/p>\n<p><strong>IDEA IN PIU&#8217;<\/strong>: alcuni fornitori di alloggi a Klagenfurt offrono pacchetti speciali per il triathlon o l&#8217;Ironman e si sono specializzati per accontentare tutte le esigenze degli atleti. Sui loro sito web troverete le loro offerte: spazi per mettere al sicuro le biciclette, aree wellness, massaggi sportivi, suggerimenti sulle possibilit\u00e0 di allenarsi e molte altre cose utili.<\/p>\t\t\t\t\t\t\t\t<\/div>\n\t\t\t\t<\/div>\n\t\t\t\t\t<\/div>\n\t\t<\/div>\n\t\t\t\t\t<\/div>\n\t\t<\/section>\n\t\t\t\t<section class=\"elementor-section elementor-top-section elementor-element elementor-element-9cf1310 elementor-section-boxed elementor-section-height-default elementor-section-height-default\" data-id=\"9cf1310\" data-element_type=\"section\" data-e-type=\"section\">\n\t\t\t\t\t\t<div class=\"elementor-container elementor-column-gap-default\">\n\t\t\t\t\t<div class=\"elementor-column elementor-col-100 elementor-top-column elementor-element elementor-element-3c13cb7\" data-id=\"3c13cb7\" data-element_type=\"column\" data-e-type=\"column\">\n\t\t\t<div class=\"elementor-widget-wrap elementor-element-populated\">\n\t\t\t\t\t\t<div class=\"elementor-element elementor-element-fa2992b elementor-widget elementor-widget-pp-tiled-posts\" data-id=\"fa2992b\" data-element_type=\"widget\" data-e-type=\"widget\" data-widget_type=\"pp-tiled-posts.default\">\n\t\t\t\t<div class=\"elementor-widget-container\">\n\t\t\t\t\t\t\t<div class=\"pp-tiled-posts pp-tiled-posts-layout-1 clearfix\">\n\t\t\t<div class=\"pp-tiles-posts-left\">\t\t<div class=\"pp-tiled-post pp-tiled-post-1 pp-tiled-post-featured\">\n\t\t\t<div class=\"pp-tiled-post-bg pp-media-background \" style=\"background-image:url(https:\/\/www.visitklagenfurt.at\/wp-content\/uploads\/2021\/02\/Ironman-Klagenfurt-c-2015-Getty-Images-768x511.jpg)\">\n\t\t\t\t<a class=\"pp-post-link\" href=\"https:\/\/www.visitklagenfurt.at\/it\/attivita-sportiva\/eventi-sportivi\/ironman\/\" title=\"IRONMAN K\u00e4rnten-Klagenfurt\"><\/a>\n\t\t\t<\/div>\n\t\t\t<div class=\"pp-tiled-post-content pp-tiled-post-content-bottom\">\n\t\t\t\t\n\t\t\t\t\t\t\t\t\t\t\t\t\t\t<header>\n\t\t\t\t\t\t<h2 class=\"pp-tiled-post-title\">\n\t\t\t\t\t\t\tIRONMAN K\u00e4rnten-Klagenfurt\t\t\t\t\t\t<\/h2>\n\t\t\t\t\t<\/header>\n\t\t\t\t\n\t\t\t\t\n\t\t\t\t\n\t\t\t\t\t\t\t<\/div>\n\t\t<\/div>\n\t\t<\/div><\/div>\t\t<\/div>\n\t\t\t\t\t\t<\/div>\n\t\t\t\t<\/div>\n\t\t\t\t\t<\/div>\n\t\t<\/div>\n\t\t\t\t\t<\/div>\n\t\t<\/section>\n\t\t\t\t<\/div>\n\t\t","protected":false},"excerpt":{"rendered":"<p>Klagenfurt sul W\u00f6rthersee, la mecca del triathlon Klagenfurt sul W\u00f6rthersee offre condizioni di allenamento perfette per i triatleti. Che si tratti di acqua, bici o scarpe da corsa, nella citt\u00e0 natale dell&#8217;Ironman Austria nessuna disciplina viene trascurata. Nuotate, andate in bici, correte, ripetete. Quale posto migliore per farlo che nella citt\u00e0 natale dell&#8217;Ironman Austria? A [&hellip;]<\/p>\n","protected":false},"author":2,"featured_media":9480,"parent":9436,"menu_order":0,"comment_status":"closed","ping_status":"closed","template":"elementor_header_footer","meta":{"footnotes":""},"categories":[],"tags":[],"seitentyp":[],"class_list":["post-9487","page","type-page","status-publish","has-post-thumbnail","hentry"],"yoast_head":"<!-- This site is optimized with the Yoast SEO plugin v27.2 - https:\/\/yoast.com\/product\/yoast-seo-wordpress\/ -->\n<title>Triathlon | Correre sul Percorso della Maratona Ironman Austria<\/title>\n<meta name=\"description\" content=\"Klagenfurt sul W\u00f6rthersee: Nuotate, andate in bici, correte, ripetete. Quale posto migliore per farlo che nella citt\u00e0 natale dell\u2019Ironman Austria?\" \/>\n<meta name=\"robots\" content=\"index, follow, max-snippet:-1, max-image-preview:large, max-video-preview:-1\" \/>\n<link rel=\"canonical\" href=\"https:\/\/www.visitklagenfurt.at\/it\/attivi-nello-sport\/triathlon\/\" \/>\n<meta property=\"og:locale\" content=\"it_IT\" \/>\n<meta property=\"og:type\" content=\"article\" \/>\n<meta property=\"og:title\" content=\"Triathlon | Correre sul Percorso della Maratona Ironman Austria\" \/>\n<meta property=\"og:description\" content=\"Klagenfurt sul W\u00f6rthersee: Nuotate, andate in bici, correte, ripetete. Quale posto migliore per farlo che nella citt\u00e0 natale dell\u2019Ironman Austria?\" \/>\n<meta property=\"og:url\" content=\"https:\/\/www.visitklagenfurt.at\/it\/attivi-nello-sport\/triathlon\/\" \/>\n<meta property=\"og:site_name\" content=\"visitklagenfurt\" \/>\n<meta property=\"article:modified_time\" content=\"2022-09-01T10:11:30+00:00\" \/>\n<meta property=\"og:image\" content=\"https:\/\/www.visitklagenfurt.at\/wp-content\/uploads\/2021\/03\/rennrad_sport_rad_lendkanal_sommer_2017_c-franz_gerdl_179-web.jpg\" \/>\n\t<meta property=\"og:image:width\" content=\"2048\" \/>\n\t<meta property=\"og:image:height\" content=\"1367\" \/>\n\t<meta property=\"og:image:type\" content=\"image\/jpeg\" \/>\n<meta name=\"twitter:card\" content=\"summary_large_image\" \/>\n<meta name=\"twitter:label1\" content=\"Tempo di lettura stimato\" \/>\n\t<meta name=\"twitter:data1\" content=\"3 minuti\" \/>\n<script type=\"application\/ld+json\" class=\"yoast-schema-graph\">{\"@context\":\"https:\/\/schema.org\",\"@graph\":[{\"@type\":\"WebPage\",\"@id\":\"https:\/\/www.visitklagenfurt.at\/it\/attivi-nello-sport\/triathlon\/\",\"url\":\"https:\/\/www.visitklagenfurt.at\/it\/attivi-nello-sport\/triathlon\/\",\"name\":\"Triathlon | Correre sul Percorso della Maratona Ironman Austria\",\"isPartOf\":{\"@id\":\"https:\/\/www.visitklagenfurt.at\/it\/#website\"},\"primaryImageOfPage\":{\"@id\":\"https:\/\/www.visitklagenfurt.at\/it\/attivi-nello-sport\/triathlon\/#primaryimage\"},\"image\":{\"@id\":\"https:\/\/www.visitklagenfurt.at\/it\/attivi-nello-sport\/triathlon\/#primaryimage\"},\"thumbnailUrl\":\"https:\/\/www.visitklagenfurt.at\/wp-content\/uploads\/2021\/03\/rennrad_sport_rad_lendkanal_sommer_2017_c-franz_gerdl_179-web.jpg\",\"datePublished\":\"2021-03-02T18:53:43+00:00\",\"dateModified\":\"2022-09-01T10:11:30+00:00\",\"description\":\"Klagenfurt sul W\u00f6rthersee: Nuotate, andate in bici, correte, ripetete. Quale posto migliore per farlo che nella citt\u00e0 natale dell\u2019Ironman Austria?\",\"breadcrumb\":{\"@id\":\"https:\/\/www.visitklagenfurt.at\/it\/attivi-nello-sport\/triathlon\/#breadcrumb\"},\"inLanguage\":\"it-IT\",\"potentialAction\":[{\"@type\":\"ReadAction\",\"target\":[\"https:\/\/www.visitklagenfurt.at\/it\/attivi-nello-sport\/triathlon\/\"]}]},{\"@type\":\"ImageObject\",\"inLanguage\":\"it-IT\",\"@id\":\"https:\/\/www.visitklagenfurt.at\/it\/attivi-nello-sport\/triathlon\/#primaryimage\",\"url\":\"https:\/\/www.visitklagenfurt.at\/wp-content\/uploads\/2021\/03\/rennrad_sport_rad_lendkanal_sommer_2017_c-franz_gerdl_179-web.jpg\",\"contentUrl\":\"https:\/\/www.visitklagenfurt.at\/wp-content\/uploads\/2021\/03\/rennrad_sport_rad_lendkanal_sommer_2017_c-franz_gerdl_179-web.jpg\",\"width\":2048,\"height\":1367,\"caption\":\"Mit dem Rennrad zum Triathlon-Vergn\u00fcgen\"},{\"@type\":\"BreadcrumbList\",\"@id\":\"https:\/\/www.visitklagenfurt.at\/it\/attivi-nello-sport\/triathlon\/#breadcrumb\",\"itemListElement\":[{\"@type\":\"ListItem\",\"position\":1,\"name\":\"visitklagenfurt\",\"item\":\"https:\/\/www.visitklagenfurt.at\/it\/\"},{\"@type\":\"ListItem\",\"position\":2,\"name\":\"Attivi nello sport\",\"item\":\"https:\/\/www.visitklagenfurt.at\/it\/attivi-nello-sport\/\"},{\"@type\":\"ListItem\",\"position\":3,\"name\":\"Triathlon\"}]},{\"@type\":\"WebSite\",\"@id\":\"https:\/\/www.visitklagenfurt.at\/it\/#website\",\"url\":\"https:\/\/www.visitklagenfurt.at\/it\/\",\"name\":\"visitklagenfurt\",\"description\":\"\",\"publisher\":{\"@id\":\"https:\/\/www.visitklagenfurt.at\/it\/#organization\"},\"potentialAction\":[{\"@type\":\"SearchAction\",\"target\":{\"@type\":\"EntryPoint\",\"urlTemplate\":\"https:\/\/www.visitklagenfurt.at\/it\/?s={search_term_string}\"},\"query-input\":{\"@type\":\"PropertyValueSpecification\",\"valueRequired\":true,\"valueName\":\"search_term_string\"}}],\"inLanguage\":\"it-IT\"},{\"@type\":\"Organization\",\"@id\":\"https:\/\/www.visitklagenfurt.at\/it\/#organization\",\"name\":\"Tourismus Region Klagenfurt am W\u00f6rthersee GmbH\",\"url\":\"https:\/\/www.visitklagenfurt.at\/it\/\",\"logo\":{\"@type\":\"ImageObject\",\"inLanguage\":\"it-IT\",\"@id\":\"https:\/\/www.visitklagenfurt.at\/it\/#\/schema\/logo\/image\/\",\"url\":\"https:\/\/www.visitklagenfurt.at\/wp-content\/uploads\/2022\/03\/DT_K_Klagenfurt_S_RGB.png\",\"contentUrl\":\"https:\/\/www.visitklagenfurt.at\/wp-content\/uploads\/2022\/03\/DT_K_Klagenfurt_S_RGB.png\",\"width\":2082,\"height\":1511,\"caption\":\"Tourismus Region Klagenfurt am W\u00f6rthersee GmbH\"},\"image\":{\"@id\":\"https:\/\/www.visitklagenfurt.at\/it\/#\/schema\/logo\/image\/\"}}]}<\/script>\n<!-- \/ Yoast SEO plugin. -->","yoast_head_json":{"title":"Triathlon | Correre sul Percorso della Maratona Ironman Austria","description":"Klagenfurt sul W\u00f6rthersee: Nuotate, andate in bici, correte, ripetete. Quale posto migliore per farlo che nella citt\u00e0 natale dell\u2019Ironman Austria?","robots":{"index":"index","follow":"follow","max-snippet":"max-snippet:-1","max-image-preview":"max-image-preview:large","max-video-preview":"max-video-preview:-1"},"canonical":"https:\/\/www.visitklagenfurt.at\/it\/attivi-nello-sport\/triathlon\/","og_locale":"it_IT","og_type":"article","og_title":"Triathlon | Correre sul Percorso della Maratona Ironman Austria","og_description":"Klagenfurt sul W\u00f6rthersee: Nuotate, andate in bici, correte, ripetete. Quale posto migliore per farlo che nella citt\u00e0 natale dell\u2019Ironman Austria?","og_url":"https:\/\/www.visitklagenfurt.at\/it\/attivi-nello-sport\/triathlon\/","og_site_name":"visitklagenfurt","article_modified_time":"2022-09-01T10:11:30+00:00","og_image":[{"width":2048,"height":1367,"url":"https:\/\/www.visitklagenfurt.at\/wp-content\/uploads\/2021\/03\/rennrad_sport_rad_lendkanal_sommer_2017_c-franz_gerdl_179-web.jpg","type":"image\/jpeg"}],"twitter_card":"summary_large_image","twitter_misc":{"Tempo di lettura stimato":"3 minuti"},"schema":{"@context":"https:\/\/schema.org","@graph":[{"@type":"WebPage","@id":"https:\/\/www.visitklagenfurt.at\/it\/attivi-nello-sport\/triathlon\/","url":"https:\/\/www.visitklagenfurt.at\/it\/attivi-nello-sport\/triathlon\/","name":"Triathlon | Correre sul Percorso della Maratona Ironman Austria","isPartOf":{"@id":"https:\/\/www.visitklagenfurt.at\/it\/#website"},"primaryImageOfPage":{"@id":"https:\/\/www.visitklagenfurt.at\/it\/attivi-nello-sport\/triathlon\/#primaryimage"},"image":{"@id":"https:\/\/www.visitklagenfurt.at\/it\/attivi-nello-sport\/triathlon\/#primaryimage"},"thumbnailUrl":"https:\/\/www.visitklagenfurt.at\/wp-content\/uploads\/2021\/03\/rennrad_sport_rad_lendkanal_sommer_2017_c-franz_gerdl_179-web.jpg","datePublished":"2021-03-02T18:53:43+00:00","dateModified":"2022-09-01T10:11:30+00:00","description":"Klagenfurt sul W\u00f6rthersee: Nuotate, andate in bici, correte, ripetete. Quale posto migliore per farlo che nella citt\u00e0 natale dell\u2019Ironman Austria?","breadcrumb":{"@id":"https:\/\/www.visitklagenfurt.at\/it\/attivi-nello-sport\/triathlon\/#breadcrumb"},"inLanguage":"it-IT","potentialAction":[{"@type":"ReadAction","target":["https:\/\/www.visitklagenfurt.at\/it\/attivi-nello-sport\/triathlon\/"]}]},{"@type":"ImageObject","inLanguage":"it-IT","@id":"https:\/\/www.visitklagenfurt.at\/it\/attivi-nello-sport\/triathlon\/#primaryimage","url":"https:\/\/www.visitklagenfurt.at\/wp-content\/uploads\/2021\/03\/rennrad_sport_rad_lendkanal_sommer_2017_c-franz_gerdl_179-web.jpg","contentUrl":"https:\/\/www.visitklagenfurt.at\/wp-content\/uploads\/2021\/03\/rennrad_sport_rad_lendkanal_sommer_2017_c-franz_gerdl_179-web.jpg","width":2048,"height":1367,"caption":"Mit dem Rennrad zum Triathlon-Vergn\u00fcgen"},{"@type":"BreadcrumbList","@id":"https:\/\/www.visitklagenfurt.at\/it\/attivi-nello-sport\/triathlon\/#breadcrumb","itemListElement":[{"@type":"ListItem","position":1,"name":"visitklagenfurt","item":"https:\/\/www.visitklagenfurt.at\/it\/"},{"@type":"ListItem","position":2,"name":"Attivi nello sport","item":"https:\/\/www.visitklagenfurt.at\/it\/attivi-nello-sport\/"},{"@type":"ListItem","position":3,"name":"Triathlon"}]},{"@type":"WebSite","@id":"https:\/\/www.visitklagenfurt.at\/it\/#website","url":"https:\/\/www.visitklagenfurt.at\/it\/","name":"visitklagenfurt","description":"","publisher":{"@id":"https:\/\/www.visitklagenfurt.at\/it\/#organization"},"potentialAction":[{"@type":"SearchAction","target":{"@type":"EntryPoint","urlTemplate":"https:\/\/www.visitklagenfurt.at\/it\/?s={search_term_string}"},"query-input":{"@type":"PropertyValueSpecification","valueRequired":true,"valueName":"search_term_string"}}],"inLanguage":"it-IT"},{"@type":"Organization","@id":"https:\/\/www.visitklagenfurt.at\/it\/#organization","name":"Tourismus Region Klagenfurt am W\u00f6rthersee GmbH","url":"https:\/\/www.visitklagenfurt.at\/it\/","logo":{"@type":"ImageObject","inLanguage":"it-IT","@id":"https:\/\/www.visitklagenfurt.at\/it\/#\/schema\/logo\/image\/","url":"https:\/\/www.visitklagenfurt.at\/wp-content\/uploads\/2022\/03\/DT_K_Klagenfurt_S_RGB.png","contentUrl":"https:\/\/www.visitklagenfurt.at\/wp-content\/uploads\/2022\/03\/DT_K_Klagenfurt_S_RGB.png","width":2082,"height":1511,"caption":"Tourismus Region Klagenfurt am W\u00f6rthersee GmbH"},"image":{"@id":"https:\/\/www.visitklagenfurt.at\/it\/#\/schema\/logo\/image\/"}}]}},"_links":{"self":[{"href":"https:\/\/www.visitklagenfurt.at\/it\/wp-json\/wp\/v2\/pages\/9487","targetHints":{"allow":["GET"]}}],"collection":[{"href":"https:\/\/www.visitklagenfurt.at\/it\/wp-json\/wp\/v2\/pages"}],"about":[{"href":"https:\/\/www.visitklagenfurt.at\/it\/wp-json\/wp\/v2\/types\/page"}],"author":[{"embeddable":true,"href":"https:\/\/www.visitklagenfurt.at\/it\/wp-json\/wp\/v2\/users\/2"}],"replies":[{"embeddable":true,"href":"https:\/\/www.visitklagenfurt.at\/it\/wp-json\/wp\/v2\/comments?post=9487"}],"version-history":[{"count":13,"href":"https:\/\/www.visitklagenfurt.at\/it\/wp-json\/wp\/v2\/pages\/9487\/revisions"}],"predecessor-version":[{"id":43037,"href":"https:\/\/www.visitklagenfurt.at\/it\/wp-json\/wp\/v2\/pages\/9487\/revisions\/43037"}],"up":[{"embeddable":true,"href":"https:\/\/www.visitklagenfurt.at\/it\/wp-json\/wp\/v2\/pages\/9436"}],"wp:featuredmedia":[{"embeddable":true,"href":"https:\/\/www.visitklagenfurt.at\/it\/wp-json\/wp\/v2\/media\/9480"}],"wp:attachment":[{"href":"https:\/\/www.visitklagenfurt.at\/it\/wp-json\/wp\/v2\/media?parent=9487"}],"wp:term":[{"taxonomy":"category","embeddable":true,"href":"https:\/\/www.visitklagenfurt.at\/it\/wp-json\/wp\/v2\/categories?post=9487"},{"taxonomy":"post_tag","embeddable":true,"href":"https:\/\/www.visitklagenfurt.at\/it\/wp-json\/wp\/v2\/tags?post=9487"},{"taxonomy":"seitentyp","embeddable":true,"href":"https:\/\/www.visitklagenfurt.at\/it\/wp-json\/wp\/v2\/seitentyp?post=9487"}],"curies":[{"name":"wp","href":"https:\/\/api.w.org\/{rel}","templated":true}]}}