{"id":9492,"date":"2021-03-03T09:16:16","date_gmt":"2021-03-03T08:16:16","guid":{"rendered":"http:\/\/blog.visitklagenfurt.at\/visitklagenfurt\/mobilita\/noleggiate-una-bici\/"},"modified":"2021-05-31T14:46:32","modified_gmt":"2021-05-31T12:46:32","slug":"noleggiate-una-bici","status":"publish","type":"page","link":"https:\/\/www.visitklagenfurt.at\/it\/mobilita\/noleggiate-una-bici\/","title":{"rendered":"Noleggiare una bici"},"content":{"rendered":"\n<p><strong>Veloci, mobili e indipendenti a Klagenfurt sul W\u00f6rthersee?<\/strong><\/p>\n\n\n\n<p>I 1.300 chilometri di rete ciclabile della Carinzia stanno a indicare che nemmeno in vacanza si pu\u00f2 rinunciare alla bicicletta. Klagenfurt offre molte opportunit\u00e0 per esplorare la citt\u00e0 e l&#8217;area circostante anche se non si ha una bicicletta propria.<\/p>\n\n\n\n<p>Andare in bici \u00e8 un piacere anche in vacanza, inoltre evitate la stressante ricerca di un parcheggio. Se non avete una bicicletta vostra, potete noleggiarla facilmente presso l&#8217;ufficio informazioni turistiche di Klagenfurt o utilizzare il sistema di noleggio <strong>nextbike<\/strong>. Nel nostro noleggio biciclette interno potete prendere a noleggio <strong>bici da citt\u00e0, mountain bike ed e-bike <\/strong>dell&#8217;Impresa sociale della Carinzia o di Papin.<\/p>\n\n\n\n<h2 class=\"wp-block-heading\" id=\"h-non-avete-una-bicicletta-vostra-prendetela-a-noleggio\">Non avete una bicicletta vostra? Prendetela a noleggio!<\/h2>\n\n\n\n<p>Volete scoprire la citt\u00e0 viaggiando su due ruote? O state progettando un tour pi\u00f9 lungo? Abbiamo per voi l\u2019opportunit\u00e0 ideale per farvi fare un\u2019incursione a pedali nel nostro pittoresco paesaggio. Da aprile a ottobre potete noleggiare una bicicletta direttamente da noi. Per potervi assicurare di trovare la bicicletta che fa per voi, vi consigliamo di prenotarla in anticipo.<\/p>\n\n\n\n<h3 class=\"wp-block-heading\" id=\"h-sbk-l-impresa-sociale-della-carinzia\">SBK &#8211; L\u2019Impresa sociale della Carinzia<\/h3>\n\n\n\n<p>Le biciclette <a href=\"https:\/\/www.sbk.or.at\/sport\">dell\u2019SBK <\/a>(l\u2019Impresa sociale della Carinzia) sono un\u2019ottima scelta. Tra Klagenfurt, il W\u00f6rthersee, Villach e il lago Ossiachersee hanno a disposizione 500 biciclette che possono venire noleggiate in 11 negozi. Le biciclette possono essere restituite in un qualsiasi noleggio. Ci sono biciclette da donna, da uomo, da bambino, bici da trekking, da cross, mountainbikes, biciclette con 21 marce, con 7 marce, con o senza freno a contropedale. Si pu\u00f2 scegliere qualsiasi bicicletta, a seconda della disponibilit\u00e0. Il ciclista avr\u00e0 a disposizione servizio, confort e tutti gli accessori necessari.<\/p>\n\n\n\n<div class=\"wp-block-buttons is-layout-flex wp-block-buttons-is-layout-flex\">\n<div class=\"wp-block-button\"><a class=\"wp-block-button__link\" href=\"https:\/\/www.sbk.or.at\/sport\" target=\"_blank\" rel=\"noreferrer noopener\">Dove noleggiare<\/a><\/div>\n<\/div>\n\n\n\n<h3 class=\"wp-block-heading\" id=\"h-papin\">Papin<\/h3>\n\n\n\n<p>Che la vostra scelta sia orientata su un tour intorno ai laghi o sull\u2019amato percorso Drauradweg lungo 510 km, oppure la ciclabile dell\u2019Alpe-Adria che attraversa il confine, in questi casi consigliamo di usufruire del sistema di noleggio bici regionale, del quale fanno parte tutte le provincie della Carinzia.<\/p>\n\n\n\n<p>C\u2019\u00e8 infatti la possibilit\u00e0 di noleggiare la bicicletta in alcuni punti sparsi nell\u2019intera Carinzia e poi restituirla in uno dei 50 negozi dell\u2019intera regione.<\/p>\n\n\n\n<div class=\"wp-block-buttons is-layout-flex wp-block-buttons-is-layout-flex\">\n<div class=\"wp-block-button\"><a class=\"wp-block-button__link\" href=\"https:\/\/www.papinsport.com\/de\/\" target=\"_blank\" rel=\"noreferrer noopener\">Pi\u00f9<\/a><\/div>\n<\/div>\n\n\n\n<h2 class=\"wp-block-heading\" id=\"h-nextbike-il-bikesharing-sempre-e-dappertutto\">nextbike \u2013 il Bikesharing sempre e dappertutto<\/h2>\n\n\n\n<p>Il sistema di noleggio biciclete <a href=\"https:\/\/www.nextbike.at\/en\/klagenfurt\/\" target=\"_blank\" rel=\"noreferrer noopener\">nextbike<\/a> \u00e8 <strong>semplice, conveniente e flessibile<\/strong>. Il noleggio \u00e8 possibile 24 su 24 con l\u2019App nextbike, il Bike-Computer e un numero verde.<\/p>\n\n\n\n<p>In questo momento nella zona di Klagenfurt sul W\u00f6rthersee e nei dintorni ci sono quasi <strong>50 postazioni e 270 bicilette<\/strong> a disposizione. Potete restituire la bicicletta in una delle postazioni a scelta.<\/p>\n\n\n\n<h3 class=\"wp-block-heading\" id=\"h-funziona-cos\">Funziona cos\u00ec:<\/h3>\n\n\n\n<figure class=\"wp-block-image size-large\"><img fetchpriority=\"high\" decoding=\"async\" width=\"1024\" height=\"291\" src=\"https:\/\/www.visitklagenfurt.at\/wp-content\/uploads\/2021\/02\/nextbike-1024x291.jpg\" alt=\"\" class=\"wp-image-6390\" srcset=\"https:\/\/www.visitklagenfurt.at\/wp-content\/uploads\/2021\/02\/nextbike-1024x291.jpg 1024w, https:\/\/www.visitklagenfurt.at\/wp-content\/uploads\/2021\/02\/nextbike-300x85.jpg 300w, https:\/\/www.visitklagenfurt.at\/wp-content\/uploads\/2021\/02\/nextbike-768x218.jpg 768w, https:\/\/www.visitklagenfurt.at\/wp-content\/uploads\/2021\/02\/nextbike.jpg 1203w\" sizes=\"(max-width: 1024px) 100vw, 1024px\" \/><\/figure>\n\n\n\n<p><strong>Noleggiare con l\u2019APP<\/strong> <br>Scansionate il codice QR o inserite il numero della bicicletta e cliccate su \u201cnoleggiare\u201d (ausleihen). Vi verr\u00e0 data una password di 4 cifre che digiterete nel terminale. Premendo su OK il lucchetto si aprir\u00e0 automaticamente.<\/p>\n\n\n\n<p><strong>Noleggiare la bicicletta con il terminale <\/strong><br>Inserite il numero del vostro cellulare con un PIN oppure avvicinate la vostra tessera clienti al terminale. Il lucchetto si aprir\u00e0 automaticamente e riceverete un SMS con il codice di chiusura per parcheggiare.<\/p>\n\n\n\n<p><strong>Parcheggiare <\/strong><br>Parcheggiate la bicicletta senza terminare il noleggio, premendo \u201cP\u201d sul terminale. Chiudete il lucchetto. Riaprite il lucchetto con il codice a 4 cifre o con la tessera clienti.<\/p>\n\n\n\n<p><strong>Restituire <\/strong><br>Inserite la bicicletta nello stallo della nextbike e chiudete il lucchetto. Confermate la restituzione sul terminale premendo \u201cOK\u201d. Verificate nella App se la restituzione \u00e8 stata portata a buon fine. Se ci sono problemi, chiamate il servizio clienti.<\/p>\n\n\n\n<p class=\"has-small-font-size\"><strong>Contatti: <\/strong> <br>Radverleih April bis Oktober Tourismusinformation Klagenfurt am W\u00f6rthersee<br>Neuer Platz 5 <br>9020 Klagenfurt am W\u00f6rthersee <br><a href=\"tel:+43 463 287 463 - 0\">+43 463 287 463 &#8211; 0<\/a> <br><a href=\"mailto:reservierung@burg-hochosterwitz.com\" target=\"_blank\" rel=\"noreferrer noopener\">in<\/a><a href=\"mailto:info@visitklagenfurt.at\" target=\"_blank\" rel=\"noreferrer noopener\">fo@visitklagenfurt.at<\/a><\/p>\n","protected":false},"excerpt":{"rendered":"<p>Veloci, mobili e indipendenti a Klagenfurt sul W\u00f6rthersee? I 1.300 chilometri di rete ciclabile della Carinzia stanno a indicare che nemmeno in vacanza si pu\u00f2 rinunciare alla bicicletta. Klagenfurt offre molte opportunit\u00e0 per esplorare la citt\u00e0 e l&#8217;area circostante anche se non si ha una bicicletta propria. Andare in bici \u00e8 un piacere anche in [&hellip;]<\/p>\n","protected":false},"author":2,"featured_media":8400,"parent":9282,"menu_order":0,"comment_status":"closed","ping_status":"closed","template":"","meta":{"footnotes":""},"categories":[],"tags":[],"seitentyp":[224],"class_list":["post-9492","page","type-page","status-publish","has-post-thumbnail","hentry","seitentyp-microseite-short"],"yoast_head":"<!-- This site is optimized with the Yoast SEO plugin v27.2 - https:\/\/yoast.com\/product\/yoast-seo-wordpress\/ -->\n<title>Andare in Bici | Bicicletta a Noleggio | Klagenfurt &amp; Carinzia<\/title>\n<meta name=\"description\" content=\"Klagenfurt sul W\u00f6rthersee offre molte opportunit\u00e0 per esplorare la citt\u00e0 e l\u2019area circostante anche se non si ha una bicicletta propria.\" \/>\n<meta name=\"robots\" content=\"index, follow, max-snippet:-1, max-image-preview:large, max-video-preview:-1\" \/>\n<link rel=\"canonical\" href=\"https:\/\/www.visitklagenfurt.at\/it\/mobilita\/noleggiate-una-bici\/\" \/>\n<meta property=\"og:locale\" content=\"it_IT\" \/>\n<meta property=\"og:type\" content=\"article\" \/>\n<meta property=\"og:title\" content=\"Andare in Bici | Bicicletta a Noleggio | Klagenfurt &amp; Carinzia\" \/>\n<meta property=\"og:description\" content=\"Klagenfurt sul W\u00f6rthersee offre molte opportunit\u00e0 per esplorare la citt\u00e0 e l\u2019area circostante anche se non si ha una bicicletta propria.\" \/>\n<meta property=\"og:url\" content=\"https:\/\/www.visitklagenfurt.at\/it\/mobilita\/noleggiate-una-bici\/\" \/>\n<meta property=\"og:site_name\" content=\"visitklagenfurt\" \/>\n<meta property=\"article:modified_time\" content=\"2021-05-31T12:46:32+00:00\" \/>\n<meta property=\"og:image\" content=\"https:\/\/www.visitklagenfurt.at\/wp-content\/uploads\/2020\/08\/genussrad_sport_rad_sommer_2018_c-franz_gerdl_197-web.jpg\" \/>\n\t<meta property=\"og:image:width\" content=\"2048\" \/>\n\t<meta property=\"og:image:height\" content=\"1367\" \/>\n\t<meta property=\"og:image:type\" content=\"image\/jpeg\" \/>\n<meta name=\"twitter:card\" content=\"summary_large_image\" \/>\n<meta name=\"twitter:label1\" content=\"Tempo di lettura stimato\" \/>\n\t<meta name=\"twitter:data1\" content=\"3 minuti\" \/>\n<script type=\"application\/ld+json\" class=\"yoast-schema-graph\">{\"@context\":\"https:\/\/schema.org\",\"@graph\":[{\"@type\":\"WebPage\",\"@id\":\"https:\/\/www.visitklagenfurt.at\/it\/mobilita\/noleggiate-una-bici\/\",\"url\":\"https:\/\/www.visitklagenfurt.at\/it\/mobilita\/noleggiate-una-bici\/\",\"name\":\"Andare in Bici | Bicicletta a Noleggio | Klagenfurt & Carinzia\",\"isPartOf\":{\"@id\":\"https:\/\/www.visitklagenfurt.at\/it\/#website\"},\"primaryImageOfPage\":{\"@id\":\"https:\/\/www.visitklagenfurt.at\/it\/mobilita\/noleggiate-una-bici\/#primaryimage\"},\"image\":{\"@id\":\"https:\/\/www.visitklagenfurt.at\/it\/mobilita\/noleggiate-una-bici\/#primaryimage\"},\"thumbnailUrl\":\"https:\/\/www.visitklagenfurt.at\/wp-content\/uploads\/2020\/08\/genussrad_sport_rad_sommer_2018_c-franz_gerdl_197-web.jpg\",\"datePublished\":\"2021-03-03T08:16:16+00:00\",\"dateModified\":\"2021-05-31T12:46:32+00:00\",\"description\":\"Klagenfurt sul W\u00f6rthersee offre molte opportunit\u00e0 per esplorare la citt\u00e0 e l\u2019area circostante anche se non si ha una bicicletta propria.\",\"breadcrumb\":{\"@id\":\"https:\/\/www.visitklagenfurt.at\/it\/mobilita\/noleggiate-una-bici\/#breadcrumb\"},\"inLanguage\":\"it-IT\",\"potentialAction\":[{\"@type\":\"ReadAction\",\"target\":[\"https:\/\/www.visitklagenfurt.at\/it\/mobilita\/noleggiate-una-bici\/\"]}]},{\"@type\":\"ImageObject\",\"inLanguage\":\"it-IT\",\"@id\":\"https:\/\/www.visitklagenfurt.at\/it\/mobilita\/noleggiate-una-bici\/#primaryimage\",\"url\":\"https:\/\/www.visitklagenfurt.at\/wp-content\/uploads\/2020\/08\/genussrad_sport_rad_sommer_2018_c-franz_gerdl_197-web.jpg\",\"contentUrl\":\"https:\/\/www.visitklagenfurt.at\/wp-content\/uploads\/2020\/08\/genussrad_sport_rad_sommer_2018_c-franz_gerdl_197-web.jpg\",\"width\":2048,\"height\":1367,\"caption\":\"(c) Franz Gerdl\"},{\"@type\":\"BreadcrumbList\",\"@id\":\"https:\/\/www.visitklagenfurt.at\/it\/mobilita\/noleggiate-una-bici\/#breadcrumb\",\"itemListElement\":[{\"@type\":\"ListItem\",\"position\":1,\"name\":\"visitklagenfurt\",\"item\":\"https:\/\/www.visitklagenfurt.at\/it\/\"},{\"@type\":\"ListItem\",\"position\":2,\"name\":\"Mobilit\u00e0\",\"item\":\"https:\/\/www.visitklagenfurt.at\/it\/mobilita\/\"},{\"@type\":\"ListItem\",\"position\":3,\"name\":\"Noleggiare una bici\"}]},{\"@type\":\"WebSite\",\"@id\":\"https:\/\/www.visitklagenfurt.at\/it\/#website\",\"url\":\"https:\/\/www.visitklagenfurt.at\/it\/\",\"name\":\"visitklagenfurt\",\"description\":\"\",\"publisher\":{\"@id\":\"https:\/\/www.visitklagenfurt.at\/it\/#organization\"},\"potentialAction\":[{\"@type\":\"SearchAction\",\"target\":{\"@type\":\"EntryPoint\",\"urlTemplate\":\"https:\/\/www.visitklagenfurt.at\/it\/?s={search_term_string}\"},\"query-input\":{\"@type\":\"PropertyValueSpecification\",\"valueRequired\":true,\"valueName\":\"search_term_string\"}}],\"inLanguage\":\"it-IT\"},{\"@type\":\"Organization\",\"@id\":\"https:\/\/www.visitklagenfurt.at\/it\/#organization\",\"name\":\"Tourismus Region Klagenfurt am W\u00f6rthersee GmbH\",\"url\":\"https:\/\/www.visitklagenfurt.at\/it\/\",\"logo\":{\"@type\":\"ImageObject\",\"inLanguage\":\"it-IT\",\"@id\":\"https:\/\/www.visitklagenfurt.at\/it\/#\/schema\/logo\/image\/\",\"url\":\"https:\/\/www.visitklagenfurt.at\/wp-content\/uploads\/2022\/03\/DT_K_Klagenfurt_S_RGB.png\",\"contentUrl\":\"https:\/\/www.visitklagenfurt.at\/wp-content\/uploads\/2022\/03\/DT_K_Klagenfurt_S_RGB.png\",\"width\":2082,\"height\":1511,\"caption\":\"Tourismus Region Klagenfurt am W\u00f6rthersee GmbH\"},\"image\":{\"@id\":\"https:\/\/www.visitklagenfurt.at\/it\/#\/schema\/logo\/image\/\"}}]}<\/script>\n<!-- \/ Yoast SEO plugin. -->","yoast_head_json":{"title":"Andare in Bici | Bicicletta a Noleggio | Klagenfurt & Carinzia","description":"Klagenfurt sul W\u00f6rthersee offre molte opportunit\u00e0 per esplorare la citt\u00e0 e l\u2019area circostante anche se non si ha una bicicletta propria.","robots":{"index":"index","follow":"follow","max-snippet":"max-snippet:-1","max-image-preview":"max-image-preview:large","max-video-preview":"max-video-preview:-1"},"canonical":"https:\/\/www.visitklagenfurt.at\/it\/mobilita\/noleggiate-una-bici\/","og_locale":"it_IT","og_type":"article","og_title":"Andare in Bici | Bicicletta a Noleggio | Klagenfurt & Carinzia","og_description":"Klagenfurt sul W\u00f6rthersee offre molte opportunit\u00e0 per esplorare la citt\u00e0 e l\u2019area circostante anche se non si ha una bicicletta propria.","og_url":"https:\/\/www.visitklagenfurt.at\/it\/mobilita\/noleggiate-una-bici\/","og_site_name":"visitklagenfurt","article_modified_time":"2021-05-31T12:46:32+00:00","og_image":[{"width":2048,"height":1367,"url":"https:\/\/www.visitklagenfurt.at\/wp-content\/uploads\/2020\/08\/genussrad_sport_rad_sommer_2018_c-franz_gerdl_197-web.jpg","type":"image\/jpeg"}],"twitter_card":"summary_large_image","twitter_misc":{"Tempo di lettura stimato":"3 minuti"},"schema":{"@context":"https:\/\/schema.org","@graph":[{"@type":"WebPage","@id":"https:\/\/www.visitklagenfurt.at\/it\/mobilita\/noleggiate-una-bici\/","url":"https:\/\/www.visitklagenfurt.at\/it\/mobilita\/noleggiate-una-bici\/","name":"Andare in Bici | Bicicletta a Noleggio | Klagenfurt & Carinzia","isPartOf":{"@id":"https:\/\/www.visitklagenfurt.at\/it\/#website"},"primaryImageOfPage":{"@id":"https:\/\/www.visitklagenfurt.at\/it\/mobilita\/noleggiate-una-bici\/#primaryimage"},"image":{"@id":"https:\/\/www.visitklagenfurt.at\/it\/mobilita\/noleggiate-una-bici\/#primaryimage"},"thumbnailUrl":"https:\/\/www.visitklagenfurt.at\/wp-content\/uploads\/2020\/08\/genussrad_sport_rad_sommer_2018_c-franz_gerdl_197-web.jpg","datePublished":"2021-03-03T08:16:16+00:00","dateModified":"2021-05-31T12:46:32+00:00","description":"Klagenfurt sul W\u00f6rthersee offre molte opportunit\u00e0 per esplorare la citt\u00e0 e l\u2019area circostante anche se non si ha una bicicletta propria.","breadcrumb":{"@id":"https:\/\/www.visitklagenfurt.at\/it\/mobilita\/noleggiate-una-bici\/#breadcrumb"},"inLanguage":"it-IT","potentialAction":[{"@type":"ReadAction","target":["https:\/\/www.visitklagenfurt.at\/it\/mobilita\/noleggiate-una-bici\/"]}]},{"@type":"ImageObject","inLanguage":"it-IT","@id":"https:\/\/www.visitklagenfurt.at\/it\/mobilita\/noleggiate-una-bici\/#primaryimage","url":"https:\/\/www.visitklagenfurt.at\/wp-content\/uploads\/2020\/08\/genussrad_sport_rad_sommer_2018_c-franz_gerdl_197-web.jpg","contentUrl":"https:\/\/www.visitklagenfurt.at\/wp-content\/uploads\/2020\/08\/genussrad_sport_rad_sommer_2018_c-franz_gerdl_197-web.jpg","width":2048,"height":1367,"caption":"(c) Franz Gerdl"},{"@type":"BreadcrumbList","@id":"https:\/\/www.visitklagenfurt.at\/it\/mobilita\/noleggiate-una-bici\/#breadcrumb","itemListElement":[{"@type":"ListItem","position":1,"name":"visitklagenfurt","item":"https:\/\/www.visitklagenfurt.at\/it\/"},{"@type":"ListItem","position":2,"name":"Mobilit\u00e0","item":"https:\/\/www.visitklagenfurt.at\/it\/mobilita\/"},{"@type":"ListItem","position":3,"name":"Noleggiare una bici"}]},{"@type":"WebSite","@id":"https:\/\/www.visitklagenfurt.at\/it\/#website","url":"https:\/\/www.visitklagenfurt.at\/it\/","name":"visitklagenfurt","description":"","publisher":{"@id":"https:\/\/www.visitklagenfurt.at\/it\/#organization"},"potentialAction":[{"@type":"SearchAction","target":{"@type":"EntryPoint","urlTemplate":"https:\/\/www.visitklagenfurt.at\/it\/?s={search_term_string}"},"query-input":{"@type":"PropertyValueSpecification","valueRequired":true,"valueName":"search_term_string"}}],"inLanguage":"it-IT"},{"@type":"Organization","@id":"https:\/\/www.visitklagenfurt.at\/it\/#organization","name":"Tourismus Region Klagenfurt am W\u00f6rthersee GmbH","url":"https:\/\/www.visitklagenfurt.at\/it\/","logo":{"@type":"ImageObject","inLanguage":"it-IT","@id":"https:\/\/www.visitklagenfurt.at\/it\/#\/schema\/logo\/image\/","url":"https:\/\/www.visitklagenfurt.at\/wp-content\/uploads\/2022\/03\/DT_K_Klagenfurt_S_RGB.png","contentUrl":"https:\/\/www.visitklagenfurt.at\/wp-content\/uploads\/2022\/03\/DT_K_Klagenfurt_S_RGB.png","width":2082,"height":1511,"caption":"Tourismus Region Klagenfurt am W\u00f6rthersee GmbH"},"image":{"@id":"https:\/\/www.visitklagenfurt.at\/it\/#\/schema\/logo\/image\/"}}]}},"_links":{"self":[{"href":"https:\/\/www.visitklagenfurt.at\/it\/wp-json\/wp\/v2\/pages\/9492","targetHints":{"allow":["GET"]}}],"collection":[{"href":"https:\/\/www.visitklagenfurt.at\/it\/wp-json\/wp\/v2\/pages"}],"about":[{"href":"https:\/\/www.visitklagenfurt.at\/it\/wp-json\/wp\/v2\/types\/page"}],"author":[{"embeddable":true,"href":"https:\/\/www.visitklagenfurt.at\/it\/wp-json\/wp\/v2\/users\/2"}],"replies":[{"embeddable":true,"href":"https:\/\/www.visitklagenfurt.at\/it\/wp-json\/wp\/v2\/comments?post=9492"}],"version-history":[{"count":11,"href":"https:\/\/www.visitklagenfurt.at\/it\/wp-json\/wp\/v2\/pages\/9492\/revisions"}],"predecessor-version":[{"id":20869,"href":"https:\/\/www.visitklagenfurt.at\/it\/wp-json\/wp\/v2\/pages\/9492\/revisions\/20869"}],"up":[{"embeddable":true,"href":"https:\/\/www.visitklagenfurt.at\/it\/wp-json\/wp\/v2\/pages\/9282"}],"wp:featuredmedia":[{"embeddable":true,"href":"https:\/\/www.visitklagenfurt.at\/it\/wp-json\/wp\/v2\/media\/8400"}],"wp:attachment":[{"href":"https:\/\/www.visitklagenfurt.at\/it\/wp-json\/wp\/v2\/media?parent=9492"}],"wp:term":[{"taxonomy":"category","embeddable":true,"href":"https:\/\/www.visitklagenfurt.at\/it\/wp-json\/wp\/v2\/categories?post=9492"},{"taxonomy":"post_tag","embeddable":true,"href":"https:\/\/www.visitklagenfurt.at\/it\/wp-json\/wp\/v2\/tags?post=9492"},{"taxonomy":"seitentyp","embeddable":true,"href":"https:\/\/www.visitklagenfurt.at\/it\/wp-json\/wp\/v2\/seitentyp?post=9492"}],"curies":[{"name":"wp","href":"https:\/\/api.w.org\/{rel}","templated":true}]}}