{"id":9537,"date":"2021-03-03T10:18:32","date_gmt":"2021-03-03T09:18:32","guid":{"rendered":"http:\/\/blog.visitklagenfurt.at\/visitklagenfurt\/mete-turistiche\/le-mete-turistiche\/"},"modified":"2022-09-01T12:10:09","modified_gmt":"2022-09-01T10:10:09","slug":"le-mete-turistiche","status":"publish","type":"page","link":"https:\/\/www.visitklagenfurt.at\/it\/mete-turistiche\/le-mete-turistiche\/","title":{"rendered":"Le mete turistiche"},"content":{"rendered":"\t\t<div data-elementor-type=\"wp-page\" data-elementor-id=\"9537\" class=\"elementor elementor-9537 elementor-5213\" data-elementor-post-type=\"page\">\n\t\t\t\t\t\t<section class=\"elementor-section elementor-top-section elementor-element elementor-element-7a13feb elementor-section-height-min-height elementor-section-items-top elementor-section-boxed elementor-section-height-default\" data-id=\"7a13feb\" data-element_type=\"section\" data-e-type=\"section\" data-settings=\"{&quot;background_background&quot;:&quot;classic&quot;}\">\n\t\t\t\t\t\t<div class=\"elementor-container elementor-column-gap-default\">\n\t\t\t\t\t<div class=\"elementor-column elementor-col-100 elementor-top-column elementor-element elementor-element-aaf0d5b\" data-id=\"aaf0d5b\" data-element_type=\"column\" data-e-type=\"column\">\n\t\t\t<div class=\"elementor-widget-wrap elementor-element-populated\">\n\t\t\t\t\t\t<div class=\"elementor-element elementor-element-cdac3c3 elementor-hidden-desktop elementor-widget elementor-widget-image\" data-id=\"cdac3c3\" data-element_type=\"widget\" data-e-type=\"widget\" data-widget_type=\"image.default\">\n\t\t\t\t<div class=\"elementor-widget-container\">\n\t\t\t\t\t\t\t\t\t\t\t\t\t\t\t<img fetchpriority=\"high\" decoding=\"async\" width=\"800\" height=\"534\" src=\"https:\/\/www.visitklagenfurt.at\/wp-content\/uploads\/2021\/02\/seeleben_wortherseeschifffahrt_ostbucht_karawanken_sommer_c-pixelpoint_multimedia_1-web-1024x683.jpeg\" class=\"attachment-large size-large wp-image-7635\" alt=\"Seeleben mit der W\u00f6rthersee Schifffahrt\" srcset=\"https:\/\/www.visitklagenfurt.at\/wp-content\/uploads\/2021\/02\/seeleben_wortherseeschifffahrt_ostbucht_karawanken_sommer_c-pixelpoint_multimedia_1-web-1024x683.jpeg 1024w, https:\/\/www.visitklagenfurt.at\/wp-content\/uploads\/2021\/02\/seeleben_wortherseeschifffahrt_ostbucht_karawanken_sommer_c-pixelpoint_multimedia_1-web-300x200.jpeg 300w, https:\/\/www.visitklagenfurt.at\/wp-content\/uploads\/2021\/02\/seeleben_wortherseeschifffahrt_ostbucht_karawanken_sommer_c-pixelpoint_multimedia_1-web-768x512.jpeg 768w, https:\/\/www.visitklagenfurt.at\/wp-content\/uploads\/2021\/02\/seeleben_wortherseeschifffahrt_ostbucht_karawanken_sommer_c-pixelpoint_multimedia_1-web-1536x1024.jpeg 1536w, https:\/\/www.visitklagenfurt.at\/wp-content\/uploads\/2021\/02\/seeleben_wortherseeschifffahrt_ostbucht_karawanken_sommer_c-pixelpoint_multimedia_1-web.jpeg 2048w\" sizes=\"(max-width: 800px) 100vw, 800px\" \/>\t\t\t\t\t\t\t\t\t\t\t\t\t\t\t<\/div>\n\t\t\t\t<\/div>\n\t\t\t\t\t<\/div>\n\t\t<\/div>\n\t\t\t\t\t<\/div>\n\t\t<\/section>\n\t\t\t\t<section class=\"elementor-section elementor-top-section elementor-element elementor-element-2fe7d0d elementor-section-boxed elementor-section-height-default elementor-section-height-default\" data-id=\"2fe7d0d\" data-element_type=\"section\" data-e-type=\"section\" data-settings=\"{&quot;background_background&quot;:&quot;classic&quot;}\">\n\t\t\t\t\t\t<div class=\"elementor-container elementor-column-gap-default\">\n\t\t\t\t\t<div class=\"elementor-column elementor-col-100 elementor-top-column elementor-element elementor-element-0a21404\" data-id=\"0a21404\" data-element_type=\"column\" data-e-type=\"column\" data-settings=\"{&quot;background_background&quot;:&quot;classic&quot;}\">\n\t\t\t<div class=\"elementor-widget-wrap elementor-element-populated\">\n\t\t\t\t\t\t<div class=\"elementor-element elementor-element-f6f0a95 elementor-widget elementor-widget-global elementor-global-42931 elementor-global-39763 elementor-widget-breadcrumbs\" data-id=\"f6f0a95\" data-element_type=\"widget\" data-e-type=\"widget\" data-widget_type=\"breadcrumbs.default\">\n\t\t\t\t<div class=\"elementor-widget-container\">\n\t\t\t\t\t<p id=\"breadcrumbs\"><span><span><a href=\"https:\/\/www.visitklagenfurt.at\/it\/\">visitklagenfurt<\/a><\/span><\/span><\/p>\t\t\t\t<\/div>\n\t\t\t\t<\/div>\n\t\t\t\t<div class=\"elementor-element elementor-element-a822e91 elementor-widget elementor-widget-heading\" data-id=\"a822e91\" data-element_type=\"widget\" data-e-type=\"widget\" data-widget_type=\"heading.default\">\n\t\t\t\t<div class=\"elementor-widget-container\">\n\t\t\t\t\t<h1 class=\"elementor-heading-title elementor-size-default\">Le mete turistiche<\/h1>\t\t\t\t<\/div>\n\t\t\t\t<\/div>\n\t\t\t\t<div class=\"elementor-element elementor-element-4a0c0da elementor-widget elementor-widget-text-editor\" data-id=\"4a0c0da\" data-element_type=\"widget\" data-e-type=\"widget\" data-widget_type=\"text-editor.default\">\n\t\t\t\t<div class=\"elementor-widget-container\">\n\t\t\t\t\t\t\t\t\t<p><strong>Klagenfurt \u00e8 molto pi\u00f9 di quanto uno si aspetti!<\/strong><br \/>\nE&#8217; vecchia, \u00e8 nuova, \u00e8 una citt\u00e0 di campagna, \u00e8 urbana, ha molte dimensioni. Con un piede nella citt\u00e0, con un altro nella natura. Dagli edifici e monumenti storici attraverso pittoresche influenze alpino-adriatiche in citta vecchia fino alle caratteristiche oasi verdi. Klagenfurt sul W\u00f6rthersee si distingue per una scena artistica ricca di sfacettature, fa da palcoscenico per innumerevoli eventi e da patria di straordinari tesori della cultura.<br \/>\nEssere pi\u00f9 grandi della torre Eiffel, guardare neglio occhi ad un&#8217;anaconda, fare un viaggio sul lago W\u00f6rthersee sull&#8217;ultimo battello a vapore in Europa o godersi un panorama a 360\u00b0 dal campanile della cattedrale della citt\u00e0?<\/p>\n\t\t\t\t\t\t\t\t<\/div>\n\t\t\t\t<\/div>\n\t\t\t\t\t<\/div>\n\t\t<\/div>\n\t\t\t\t\t<\/div>\n\t\t<\/section>\n\t\t\t\t<section class=\"elementor-section elementor-top-section elementor-element elementor-element-fdf70f1 elementor-section-boxed elementor-section-height-default elementor-section-height-default\" data-id=\"fdf70f1\" data-element_type=\"section\" data-e-type=\"section\">\n\t\t\t\t\t\t<div class=\"elementor-container elementor-column-gap-default\">\n\t\t\t\t\t<div class=\"elementor-column elementor-col-100 elementor-top-column elementor-element elementor-element-c5d1739\" data-id=\"c5d1739\" data-element_type=\"column\" data-e-type=\"column\">\n\t\t\t<div class=\"elementor-widget-wrap elementor-element-populated\">\n\t\t\t\t\t\t<div class=\"elementor-element elementor-element-ffbac18 elementor-widget elementor-widget-pp-tiled-posts\" data-id=\"ffbac18\" data-element_type=\"widget\" data-e-type=\"widget\" data-widget_type=\"pp-tiled-posts.default\">\n\t\t\t\t<div class=\"elementor-widget-container\">\n\t\t\t\t\t\t\t<div class=\"pp-tiled-posts pp-tiled-posts-layout-5 clearfix\">\n\t\t\t\t\t<div class=\"pp-tiled-post pp-tiled-post-1 pp-tiled-post-medium\">\n\t\t\t<div class=\"pp-tiled-post-bg pp-media-background \" style=\"background-image:url(https:\/\/www.visitklagenfurt.at\/wp-content\/uploads\/2021\/02\/sehenswertes_minimundus_fruhling_c-wolfgang_handler_3-web-768x512.jpeg)\">\n\t\t\t\t<a class=\"pp-post-link\" href=\"https:\/\/www.visitklagenfurt.at\/it\/attrazioni-ed-escursioni\/ausflugsziele-it\/minimundus\/\" title=\"Il Minimundus: il piccolo mondo sul W\u00f6rthersee\"><\/a>\n\t\t\t<\/div>\n\t\t\t<div class=\"pp-tiled-post-content pp-tiled-post-content-bottom\">\n\t\t\t\t\n\t\t\t\t\t\t\t\t\t\t\t\t\t\t<header>\n\t\t\t\t\t\t<h2 class=\"pp-tiled-post-title\">\n\t\t\t\t\t\t\tIl Minimundus: il piccolo mondo sul W\u00f6rthersee\t\t\t\t\t\t<\/h2>\n\t\t\t\t\t<\/header>\n\t\t\t\t\n\t\t\t\t\n\t\t\t\t\n\t\t\t\t\t\t\t<\/div>\n\t\t<\/div>\n\t\t\t\t<div class=\"pp-tiled-post pp-tiled-post-2 pp-tiled-post-medium\">\n\t\t\t<div class=\"pp-tiled-post-bg pp-media-background \" style=\"background-image:url(https:\/\/www.visitklagenfurt.at\/wp-content\/uploads\/2021\/02\/reptilienzoo_happ_c-Pixelpoint-Multimedia-Wolfgang-Handler-768x512.jpeg)\">\n\t\t\t\t<a class=\"pp-post-link\" href=\"https:\/\/www.visitklagenfurt.at\/it\/attrazioni-ed-escursioni\/ausflugsziele-it\/zoo-dei-rettili-happ\/\" title=\"Una ricca variet\u00e0 di specie: lo zoo dei rettili Happ\"><\/a>\n\t\t\t<\/div>\n\t\t\t<div class=\"pp-tiled-post-content pp-tiled-post-content-bottom\">\n\t\t\t\t\n\t\t\t\t\t\t\t\t\t\t\t\t\t\t<header>\n\t\t\t\t\t\t<h2 class=\"pp-tiled-post-title\">\n\t\t\t\t\t\t\tUna ricca variet\u00e0 di specie: lo zoo dei rettili Happ\t\t\t\t\t\t<\/h2>\n\t\t\t\t\t<\/header>\n\t\t\t\t\n\t\t\t\t\n\t\t\t\t\n\t\t\t\t\t\t\t<\/div>\n\t\t<\/div>\n\t\t\t\t<div class=\"pp-tiled-post pp-tiled-post-3 pp-tiled-post-small\">\n\t\t\t<div class=\"pp-tiled-post-bg pp-media-background \" style=\"background-image:url(https:\/\/www.visitklagenfurt.at\/wp-content\/uploads\/2021\/02\/sehenswertes_botanikerzentrum_2012_c-helge_bauer_17-web-768x511.jpeg)\">\n\t\t\t\t<a class=\"pp-post-link\" href=\"https:\/\/www.visitklagenfurt.at\/it\/attrazioni-ed-escursioni\/ausflugsziele-it\/giardino-botanico\/\" title=\"Il Giardino botanico\"><\/a>\n\t\t\t<\/div>\n\t\t\t<div class=\"pp-tiled-post-content pp-tiled-post-content-bottom\">\n\t\t\t\t\n\t\t\t\t\t\t\t\t\t\t\t\t\t\t<header>\n\t\t\t\t\t\t<h2 class=\"pp-tiled-post-title\">\n\t\t\t\t\t\t\tIl Giardino botanico\t\t\t\t\t\t<\/h2>\n\t\t\t\t\t<\/header>\n\t\t\t\t\n\t\t\t\t\n\t\t\t\t\n\t\t\t\t\t\t\t<\/div>\n\t\t<\/div>\n\t\t\t\t<div class=\"pp-tiled-post pp-tiled-post-4 pp-tiled-post-small\">\n\t\t\t<div class=\"pp-tiled-post-bg pp-media-background \" style=\"background-image:url(https:\/\/www.visitklagenfurt.at\/wp-content\/uploads\/2021\/07\/sommer_2020_loretto_woerthersee_c-michael_stabentheiner_9_jpg-web.jpeg)\">\n\t\t\t\t<a class=\"pp-post-link\" href=\"https:\/\/www.visitklagenfurt.at\/it\/costa-orientale-del-lago-woerthersee\/penisola-maria-loretto\/\" title=\"La penisola Maria Loretto\"><\/a>\n\t\t\t<\/div>\n\t\t\t<div class=\"pp-tiled-post-content pp-tiled-post-content-bottom\">\n\t\t\t\t\n\t\t\t\t\t\t\t\t\t\t\t\t\t\t<header>\n\t\t\t\t\t\t<h2 class=\"pp-tiled-post-title\">\n\t\t\t\t\t\t\tLa penisola Maria Loretto\t\t\t\t\t\t<\/h2>\n\t\t\t\t\t<\/header>\n\t\t\t\t\n\t\t\t\t\n\t\t\t\t\n\t\t\t\t\t\t\t<\/div>\n\t\t<\/div>\n\t\t\t\t<div class=\"pp-tiled-post pp-tiled-post-5 pp-tiled-post-small\">\n\t\t\t<div class=\"pp-tiled-post-bg pp-media-background \" style=\"background-image:url(https:\/\/www.visitklagenfurt.at\/wp-content\/uploads\/2021\/01\/Woertherseeschifffahrt_c-MATCH-Werbeagentur-Krivograd-Adianow-3.jpg)\">\n\t\t\t\t<a class=\"pp-post-link\" href=\"https:\/\/www.visitklagenfurt.at\/it\/costa-orientale-del-lago-woerthersee\/woertherseeschifffahrt\/\" title=\"In barca sul lago W\u00f6rthersee\"><\/a>\n\t\t\t<\/div>\n\t\t\t<div class=\"pp-tiled-post-content pp-tiled-post-content-bottom\">\n\t\t\t\t\n\t\t\t\t\t\t\t\t\t\t\t\t\t\t<header>\n\t\t\t\t\t\t<h2 class=\"pp-tiled-post-title\">\n\t\t\t\t\t\t\tIn barca sul lago W\u00f6rthersee\t\t\t\t\t\t<\/h2>\n\t\t\t\t\t<\/header>\n\t\t\t\t\n\t\t\t\t\n\t\t\t\t\n\t\t\t\t\t\t\t<\/div>\n\t\t<\/div>\n\t\t<div class=\"pp-tiled-post-group pp-tiled-post-col-1\">\t\t<div class=\"pp-tiled-post pp-tiled-post-6 pp-tiled-post-large\">\n\t\t\t<div class=\"pp-tiled-post-bg pp-media-background \" style=\"background-image:url(https:\/\/www.visitklagenfurt.at\/wp-content\/uploads\/2021\/06\/sehenswertes_lindwurm_sommer_neuer_platz_c-pixelpoint_multimedia_1.jpeg)\">\n\t\t\t\t<a class=\"pp-post-link\" href=\"https:\/\/www.visitklagenfurt.at\/it\/blog-it\/attrazioni-escursioni\/dieci-cose-da-vedere-a-klagenfurt\/\" title=\"Le 10 cose da non perdere a Klagenfurt\"><\/a>\n\t\t\t<\/div>\n\t\t\t<div class=\"pp-tiled-post-content pp-tiled-post-content-bottom\">\n\t\t\t\t\n\t\t\t\t\t\t\t\t\t\t\t\t\t\t<header>\n\t\t\t\t\t\t<h2 class=\"pp-tiled-post-title\">\n\t\t\t\t\t\t\tLe 10 cose da non perdere a Klagenfurt\t\t\t\t\t\t<\/h2>\n\t\t\t\t\t<\/header>\n\t\t\t\t\n\t\t\t\t\n\t\t\t\t\n\t\t\t\t\t\t\t<\/div>\n\t\t<\/div>\n\t\t\t\t<div class=\"pp-tiled-post pp-tiled-post-7 pp-tiled-post-large\">\n\t\t\t<div class=\"pp-tiled-post-bg pp-media-background \" style=\"background-image:url(https:\/\/www.visitklagenfurt.at\/wp-content\/uploads\/2021\/02\/sehenswertes_ausblick_stadtpfarrturm_sonnenuntergang_herbst_c-arnold_poschl_15-web-768x513.jpeg)\">\n\t\t\t\t<a class=\"pp-post-link\" href=\"https:\/\/www.visitklagenfurt.at\/it\/attrazioni-ed-escursioni\/ausflugsziele-it\/torre-parrocchiale-della-citta\/\" title=\"Il campanile della chiesa parrocchiale della citt\u00e0\"><\/a>\n\t\t\t<\/div>\n\t\t\t<div class=\"pp-tiled-post-content pp-tiled-post-content-bottom\">\n\t\t\t\t\n\t\t\t\t\t\t\t\t\t\t\t\t\t\t<header>\n\t\t\t\t\t\t<h2 class=\"pp-tiled-post-title\">\n\t\t\t\t\t\t\tIl campanile della chiesa parrocchiale della citt\u00e0\t\t\t\t\t\t<\/h2>\n\t\t\t\t\t<\/header>\n\t\t\t\t\n\t\t\t\t\n\t\t\t\t\n\t\t\t\t\t\t\t<\/div>\n\t\t<\/div>\n\t\t<\/div>\t\t<\/div>\n\t\t\t\t\t\t<\/div>\n\t\t\t\t<\/div>\n\t\t\t\t<div class=\"elementor-element elementor-element-5764eae elementor-cta--skin-cover elementor-cta--valign-bottom elementor-widget-mobile__width-inherit elementor-widget elementor-widget-call-to-action\" data-id=\"5764eae\" data-element_type=\"widget\" data-e-type=\"widget\" data-widget_type=\"call-to-action.default\">\n\t\t\t\t<div class=\"elementor-widget-container\">\n\t\t\t\t\t\t\t<a class=\"elementor-cta\" href=\"https:\/\/www.visitklagenfurt.at\/it\/tutte-le-viste\/\">\n\t\t\t\t\t<div class=\"elementor-cta__bg-wrapper\">\n\t\t\t\t<div class=\"elementor-cta__bg elementor-bg\" style=\"background-image: url(https:\/\/www.visitklagenfurt.at\/wp-content\/uploads\/2021\/02\/genussrad_sport_rad_sommer_lindwurm_neuer_platz_2018_c-franz_gerdl_205-web-768x518.jpeg);\" role=\"img\" aria-label=\"(c) Franz Gerdl\"><\/div>\n\t\t\t\t<div class=\"elementor-cta__bg-overlay\"><\/div>\n\t\t\t<\/div>\n\t\t\t\t\t\t\t<div class=\"elementor-cta__content\">\n\t\t\t\t\n\t\t\t\t\t\t\t\t\t<h2 class=\"elementor-cta__title elementor-cta__content-item elementor-content-item\">\n\t\t\t\t\t\tTutte le attrazioni \t\t\t\t\t<\/h2>\n\t\t\t\t\n\t\t\t\t\n\t\t\t\t\t\t\t<\/div>\n\t\t\t\t\t\t<\/a>\n\t\t\t\t\t\t<\/div>\n\t\t\t\t<\/div>\n\t\t\t\t\t<\/div>\n\t\t<\/div>\n\t\t\t\t\t<\/div>\n\t\t<\/section>\n\t\t\t\t<\/div>\n\t\t","protected":false},"excerpt":{"rendered":"<p>Klagenfurt \u00e8 molto pi\u00f9 di quanto uno si aspetti! E&#8217; vecchia, \u00e8 nuova, \u00e8 una citt\u00e0 di campagna, \u00e8 urbana, ha molte dimensioni. Con un piede nella citt\u00e0, con un altro nella natura. Dagli edifici e monumenti storici attraverso pittoresche influenze alpino-adriatiche in citta vecchia fino alle caratteristiche oasi verdi. Klagenfurt sul W\u00f6rthersee si distingue [&hellip;]<\/p>\n","protected":false},"author":2,"featured_media":7635,"parent":9528,"menu_order":0,"comment_status":"closed","ping_status":"closed","template":"elementor_header_footer","meta":{"footnotes":""},"categories":[],"tags":[],"seitentyp":[],"class_list":["post-9537","page","type-page","status-publish","has-post-thumbnail","hentry"],"yoast_head":"<!-- This site is optimized with the Yoast SEO plugin v27.3 - https:\/\/yoast.com\/product\/yoast-seo-wordpress\/ -->\n<title>Mete Turistiche Klagenfurt | Zoo dei Rettili | Giardino Botanico<\/title>\n<meta name=\"description\" content=\"Klagenfurt am W\u00f6rthersee \u00e8 molto pi\u00f9 di quanto uno si aspetti! E\u2019 vecchia, \u00e8 nuova, \u00e8 una citt\u00e0 di campagna, \u00e8 urbana, ha molte dimensioni!\" \/>\n<meta name=\"robots\" content=\"index, follow, max-snippet:-1, max-image-preview:large, max-video-preview:-1\" \/>\n<link rel=\"canonical\" href=\"https:\/\/www.visitklagenfurt.at\/it\/mete-turistiche\/le-mete-turistiche\/\" \/>\n<meta property=\"og:locale\" content=\"it_IT\" \/>\n<meta property=\"og:type\" content=\"article\" \/>\n<meta property=\"og:title\" content=\"Mete Turistiche Klagenfurt | Zoo dei Rettili | Giardino Botanico\" \/>\n<meta property=\"og:description\" content=\"Klagenfurt am W\u00f6rthersee \u00e8 molto pi\u00f9 di quanto uno si aspetti! E\u2019 vecchia, \u00e8 nuova, \u00e8 una citt\u00e0 di campagna, \u00e8 urbana, ha molte dimensioni!\" \/>\n<meta property=\"og:url\" content=\"https:\/\/www.visitklagenfurt.at\/it\/mete-turistiche\/le-mete-turistiche\/\" \/>\n<meta property=\"og:site_name\" content=\"visitklagenfurt\" \/>\n<meta property=\"article:modified_time\" content=\"2022-09-01T10:10:09+00:00\" \/>\n<meta property=\"og:image\" content=\"https:\/\/www.visitklagenfurt.at\/wp-content\/uploads\/2021\/02\/seeleben_wortherseeschifffahrt_ostbucht_karawanken_sommer_c-pixelpoint_multimedia_1-web.jpeg\" \/>\n\t<meta property=\"og:image:width\" content=\"2048\" \/>\n\t<meta property=\"og:image:height\" content=\"1365\" \/>\n\t<meta property=\"og:image:type\" content=\"image\/jpeg\" \/>\n<meta name=\"twitter:card\" content=\"summary_large_image\" \/>\n<meta name=\"twitter:label1\" content=\"Tempo di lettura stimato\" \/>\n\t<meta name=\"twitter:data1\" content=\"2 minuti\" \/>\n<script type=\"application\/ld+json\" class=\"yoast-schema-graph\">{\"@context\":\"https:\\\/\\\/schema.org\",\"@graph\":[{\"@type\":\"WebPage\",\"@id\":\"https:\\\/\\\/www.visitklagenfurt.at\\\/it\\\/mete-turistiche\\\/le-mete-turistiche\\\/\",\"url\":\"https:\\\/\\\/www.visitklagenfurt.at\\\/it\\\/mete-turistiche\\\/le-mete-turistiche\\\/\",\"name\":\"Mete Turistiche Klagenfurt | Zoo dei Rettili | Giardino Botanico\",\"isPartOf\":{\"@id\":\"https:\\\/\\\/www.visitklagenfurt.at\\\/it\\\/#website\"},\"primaryImageOfPage\":{\"@id\":\"https:\\\/\\\/www.visitklagenfurt.at\\\/it\\\/mete-turistiche\\\/le-mete-turistiche\\\/#primaryimage\"},\"image\":{\"@id\":\"https:\\\/\\\/www.visitklagenfurt.at\\\/it\\\/mete-turistiche\\\/le-mete-turistiche\\\/#primaryimage\"},\"thumbnailUrl\":\"https:\\\/\\\/www.visitklagenfurt.at\\\/wp-content\\\/uploads\\\/2021\\\/02\\\/seeleben_wortherseeschifffahrt_ostbucht_karawanken_sommer_c-pixelpoint_multimedia_1-web.jpeg\",\"datePublished\":\"2021-03-03T09:18:32+00:00\",\"dateModified\":\"2022-09-01T10:10:09+00:00\",\"description\":\"Klagenfurt am W\u00f6rthersee \u00e8 molto pi\u00f9 di quanto uno si aspetti! E\u2019 vecchia, \u00e8 nuova, \u00e8 una citt\u00e0 di campagna, \u00e8 urbana, ha molte dimensioni!\",\"breadcrumb\":{\"@id\":\"https:\\\/\\\/www.visitklagenfurt.at\\\/it\\\/mete-turistiche\\\/le-mete-turistiche\\\/#breadcrumb\"},\"inLanguage\":\"it-IT\",\"potentialAction\":[{\"@type\":\"ReadAction\",\"target\":[\"https:\\\/\\\/www.visitklagenfurt.at\\\/it\\\/mete-turistiche\\\/le-mete-turistiche\\\/\"]}]},{\"@type\":\"ImageObject\",\"inLanguage\":\"it-IT\",\"@id\":\"https:\\\/\\\/www.visitklagenfurt.at\\\/it\\\/mete-turistiche\\\/le-mete-turistiche\\\/#primaryimage\",\"url\":\"https:\\\/\\\/www.visitklagenfurt.at\\\/wp-content\\\/uploads\\\/2021\\\/02\\\/seeleben_wortherseeschifffahrt_ostbucht_karawanken_sommer_c-pixelpoint_multimedia_1-web.jpeg\",\"contentUrl\":\"https:\\\/\\\/www.visitklagenfurt.at\\\/wp-content\\\/uploads\\\/2021\\\/02\\\/seeleben_wortherseeschifffahrt_ostbucht_karawanken_sommer_c-pixelpoint_multimedia_1-web.jpeg\",\"width\":2048,\"height\":1365,\"caption\":\"(c) Pixelpoint Multimedia\"},{\"@type\":\"BreadcrumbList\",\"@id\":\"https:\\\/\\\/www.visitklagenfurt.at\\\/it\\\/mete-turistiche\\\/le-mete-turistiche\\\/#breadcrumb\",\"itemListElement\":[{\"@type\":\"ListItem\",\"position\":1,\"name\":\"visitklagenfurt\",\"item\":\"https:\\\/\\\/www.visitklagenfurt.at\\\/it\\\/\"},{\"@type\":\"ListItem\",\"position\":2,\"name\":\"Mete turistiche\",\"item\":\"https:\\\/\\\/www.visitklagenfurt.at\\\/it\\\/mete-turistiche\\\/\"},{\"@type\":\"ListItem\",\"position\":3,\"name\":\"Le mete turistiche\"}]},{\"@type\":\"WebSite\",\"@id\":\"https:\\\/\\\/www.visitklagenfurt.at\\\/it\\\/#website\",\"url\":\"https:\\\/\\\/www.visitklagenfurt.at\\\/it\\\/\",\"name\":\"visitklagenfurt\",\"description\":\"\",\"publisher\":{\"@id\":\"https:\\\/\\\/www.visitklagenfurt.at\\\/it\\\/#organization\"},\"potentialAction\":[{\"@type\":\"SearchAction\",\"target\":{\"@type\":\"EntryPoint\",\"urlTemplate\":\"https:\\\/\\\/www.visitklagenfurt.at\\\/it\\\/?s={search_term_string}\"},\"query-input\":{\"@type\":\"PropertyValueSpecification\",\"valueRequired\":true,\"valueName\":\"search_term_string\"}}],\"inLanguage\":\"it-IT\"},{\"@type\":\"Organization\",\"@id\":\"https:\\\/\\\/www.visitklagenfurt.at\\\/it\\\/#organization\",\"name\":\"Tourismus Region Klagenfurt am W\u00f6rthersee GmbH\",\"url\":\"https:\\\/\\\/www.visitklagenfurt.at\\\/it\\\/\",\"logo\":{\"@type\":\"ImageObject\",\"inLanguage\":\"it-IT\",\"@id\":\"https:\\\/\\\/www.visitklagenfurt.at\\\/it\\\/#\\\/schema\\\/logo\\\/image\\\/\",\"url\":\"https:\\\/\\\/www.visitklagenfurt.at\\\/wp-content\\\/uploads\\\/2022\\\/03\\\/DT_K_Klagenfurt_S_RGB.png\",\"contentUrl\":\"https:\\\/\\\/www.visitklagenfurt.at\\\/wp-content\\\/uploads\\\/2022\\\/03\\\/DT_K_Klagenfurt_S_RGB.png\",\"width\":2082,\"height\":1511,\"caption\":\"Tourismus Region Klagenfurt am W\u00f6rthersee GmbH\"},\"image\":{\"@id\":\"https:\\\/\\\/www.visitklagenfurt.at\\\/it\\\/#\\\/schema\\\/logo\\\/image\\\/\"}}]}<\/script>\n<!-- \/ Yoast SEO plugin. -->","yoast_head_json":{"title":"Mete Turistiche Klagenfurt | Zoo dei Rettili | Giardino Botanico","description":"Klagenfurt am W\u00f6rthersee \u00e8 molto pi\u00f9 di quanto uno si aspetti! E\u2019 vecchia, \u00e8 nuova, \u00e8 una citt\u00e0 di campagna, \u00e8 urbana, ha molte dimensioni!","robots":{"index":"index","follow":"follow","max-snippet":"max-snippet:-1","max-image-preview":"max-image-preview:large","max-video-preview":"max-video-preview:-1"},"canonical":"https:\/\/www.visitklagenfurt.at\/it\/mete-turistiche\/le-mete-turistiche\/","og_locale":"it_IT","og_type":"article","og_title":"Mete Turistiche Klagenfurt | Zoo dei Rettili | Giardino Botanico","og_description":"Klagenfurt am W\u00f6rthersee \u00e8 molto pi\u00f9 di quanto uno si aspetti! E\u2019 vecchia, \u00e8 nuova, \u00e8 una citt\u00e0 di campagna, \u00e8 urbana, ha molte dimensioni!","og_url":"https:\/\/www.visitklagenfurt.at\/it\/mete-turistiche\/le-mete-turistiche\/","og_site_name":"visitklagenfurt","article_modified_time":"2022-09-01T10:10:09+00:00","og_image":[{"width":2048,"height":1365,"url":"https:\/\/www.visitklagenfurt.at\/wp-content\/uploads\/2021\/02\/seeleben_wortherseeschifffahrt_ostbucht_karawanken_sommer_c-pixelpoint_multimedia_1-web.jpeg","type":"image\/jpeg"}],"twitter_card":"summary_large_image","twitter_misc":{"Tempo di lettura stimato":"2 minuti"},"schema":{"@context":"https:\/\/schema.org","@graph":[{"@type":"WebPage","@id":"https:\/\/www.visitklagenfurt.at\/it\/mete-turistiche\/le-mete-turistiche\/","url":"https:\/\/www.visitklagenfurt.at\/it\/mete-turistiche\/le-mete-turistiche\/","name":"Mete Turistiche Klagenfurt | Zoo dei Rettili | Giardino Botanico","isPartOf":{"@id":"https:\/\/www.visitklagenfurt.at\/it\/#website"},"primaryImageOfPage":{"@id":"https:\/\/www.visitklagenfurt.at\/it\/mete-turistiche\/le-mete-turistiche\/#primaryimage"},"image":{"@id":"https:\/\/www.visitklagenfurt.at\/it\/mete-turistiche\/le-mete-turistiche\/#primaryimage"},"thumbnailUrl":"https:\/\/www.visitklagenfurt.at\/wp-content\/uploads\/2021\/02\/seeleben_wortherseeschifffahrt_ostbucht_karawanken_sommer_c-pixelpoint_multimedia_1-web.jpeg","datePublished":"2021-03-03T09:18:32+00:00","dateModified":"2022-09-01T10:10:09+00:00","description":"Klagenfurt am W\u00f6rthersee \u00e8 molto pi\u00f9 di quanto uno si aspetti! E\u2019 vecchia, \u00e8 nuova, \u00e8 una citt\u00e0 di campagna, \u00e8 urbana, ha molte dimensioni!","breadcrumb":{"@id":"https:\/\/www.visitklagenfurt.at\/it\/mete-turistiche\/le-mete-turistiche\/#breadcrumb"},"inLanguage":"it-IT","potentialAction":[{"@type":"ReadAction","target":["https:\/\/www.visitklagenfurt.at\/it\/mete-turistiche\/le-mete-turistiche\/"]}]},{"@type":"ImageObject","inLanguage":"it-IT","@id":"https:\/\/www.visitklagenfurt.at\/it\/mete-turistiche\/le-mete-turistiche\/#primaryimage","url":"https:\/\/www.visitklagenfurt.at\/wp-content\/uploads\/2021\/02\/seeleben_wortherseeschifffahrt_ostbucht_karawanken_sommer_c-pixelpoint_multimedia_1-web.jpeg","contentUrl":"https:\/\/www.visitklagenfurt.at\/wp-content\/uploads\/2021\/02\/seeleben_wortherseeschifffahrt_ostbucht_karawanken_sommer_c-pixelpoint_multimedia_1-web.jpeg","width":2048,"height":1365,"caption":"(c) Pixelpoint Multimedia"},{"@type":"BreadcrumbList","@id":"https:\/\/www.visitklagenfurt.at\/it\/mete-turistiche\/le-mete-turistiche\/#breadcrumb","itemListElement":[{"@type":"ListItem","position":1,"name":"visitklagenfurt","item":"https:\/\/www.visitklagenfurt.at\/it\/"},{"@type":"ListItem","position":2,"name":"Mete turistiche","item":"https:\/\/www.visitklagenfurt.at\/it\/mete-turistiche\/"},{"@type":"ListItem","position":3,"name":"Le mete turistiche"}]},{"@type":"WebSite","@id":"https:\/\/www.visitklagenfurt.at\/it\/#website","url":"https:\/\/www.visitklagenfurt.at\/it\/","name":"visitklagenfurt","description":"","publisher":{"@id":"https:\/\/www.visitklagenfurt.at\/it\/#organization"},"potentialAction":[{"@type":"SearchAction","target":{"@type":"EntryPoint","urlTemplate":"https:\/\/www.visitklagenfurt.at\/it\/?s={search_term_string}"},"query-input":{"@type":"PropertyValueSpecification","valueRequired":true,"valueName":"search_term_string"}}],"inLanguage":"it-IT"},{"@type":"Organization","@id":"https:\/\/www.visitklagenfurt.at\/it\/#organization","name":"Tourismus Region Klagenfurt am W\u00f6rthersee GmbH","url":"https:\/\/www.visitklagenfurt.at\/it\/","logo":{"@type":"ImageObject","inLanguage":"it-IT","@id":"https:\/\/www.visitklagenfurt.at\/it\/#\/schema\/logo\/image\/","url":"https:\/\/www.visitklagenfurt.at\/wp-content\/uploads\/2022\/03\/DT_K_Klagenfurt_S_RGB.png","contentUrl":"https:\/\/www.visitklagenfurt.at\/wp-content\/uploads\/2022\/03\/DT_K_Klagenfurt_S_RGB.png","width":2082,"height":1511,"caption":"Tourismus Region Klagenfurt am W\u00f6rthersee GmbH"},"image":{"@id":"https:\/\/www.visitklagenfurt.at\/it\/#\/schema\/logo\/image\/"}}]}},"_links":{"self":[{"href":"https:\/\/www.visitklagenfurt.at\/it\/wp-json\/wp\/v2\/pages\/9537","targetHints":{"allow":["GET"]}}],"collection":[{"href":"https:\/\/www.visitklagenfurt.at\/it\/wp-json\/wp\/v2\/pages"}],"about":[{"href":"https:\/\/www.visitklagenfurt.at\/it\/wp-json\/wp\/v2\/types\/page"}],"author":[{"embeddable":true,"href":"https:\/\/www.visitklagenfurt.at\/it\/wp-json\/wp\/v2\/users\/2"}],"replies":[{"embeddable":true,"href":"https:\/\/www.visitklagenfurt.at\/it\/wp-json\/wp\/v2\/comments?post=9537"}],"version-history":[{"count":12,"href":"https:\/\/www.visitklagenfurt.at\/it\/wp-json\/wp\/v2\/pages\/9537\/revisions"}],"predecessor-version":[{"id":43022,"href":"https:\/\/www.visitklagenfurt.at\/it\/wp-json\/wp\/v2\/pages\/9537\/revisions\/43022"}],"up":[{"embeddable":true,"href":"https:\/\/www.visitklagenfurt.at\/it\/wp-json\/wp\/v2\/pages\/9528"}],"wp:featuredmedia":[{"embeddable":true,"href":"https:\/\/www.visitklagenfurt.at\/it\/wp-json\/wp\/v2\/media\/7635"}],"wp:attachment":[{"href":"https:\/\/www.visitklagenfurt.at\/it\/wp-json\/wp\/v2\/media?parent=9537"}],"wp:term":[{"taxonomy":"category","embeddable":true,"href":"https:\/\/www.visitklagenfurt.at\/it\/wp-json\/wp\/v2\/categories?post=9537"},{"taxonomy":"post_tag","embeddable":true,"href":"https:\/\/www.visitklagenfurt.at\/it\/wp-json\/wp\/v2\/tags?post=9537"},{"taxonomy":"seitentyp","embeddable":true,"href":"https:\/\/www.visitklagenfurt.at\/it\/wp-json\/wp\/v2\/seitentyp?post=9537"}],"curies":[{"name":"wp","href":"https:\/\/api.w.org\/{rel}","templated":true}]}}