{"id":9610,"date":"2022-10-13T13:01:04","date_gmt":"2022-10-13T11:01:04","guid":{"rendered":"http:\/\/blog.visitklagenfurt.at\/le-gallerie\/"},"modified":"2024-03-05T18:39:33","modified_gmt":"2024-03-05T17:39:33","slug":"le-gallerie","status":"publish","type":"page","link":"https:\/\/www.visitklagenfurt.at\/it\/cultura-festival\/le-gallerie\/","title":{"rendered":"Le gallerie e musei d&#8217;arte"},"content":{"rendered":"\t\t<div data-elementor-type=\"wp-page\" data-elementor-id=\"9610\" class=\"elementor elementor-9610 elementor-9332\" data-elementor-post-type=\"page\">\n\t\t\t\t\t\t<section class=\"elementor-section elementor-top-section elementor-element elementor-element-b191917 elementor-section-height-min-height elementor-section-items-top elementor-section-boxed elementor-section-height-default\" data-id=\"b191917\" data-element_type=\"section\" data-e-type=\"section\" data-settings=\"{&quot;background_background&quot;:&quot;classic&quot;}\">\n\t\t\t\t\t\t<div class=\"elementor-container elementor-column-gap-default\">\n\t\t\t\t\t<div class=\"elementor-column elementor-col-100 elementor-top-column elementor-element elementor-element-4ab6536\" data-id=\"4ab6536\" data-element_type=\"column\" data-e-type=\"column\">\n\t\t\t<div class=\"elementor-widget-wrap elementor-element-populated\">\n\t\t\t\t\t\t<div class=\"elementor-element elementor-element-759ead1 elementor-hidden-desktop elementor-widget elementor-widget-image\" data-id=\"759ead1\" data-element_type=\"widget\" data-e-type=\"widget\" data-widget_type=\"image.default\">\n\t\t\t\t<div class=\"elementor-widget-container\">\n\t\t\t\t\t\t\t\t\t\t\t\t\t\t\t<img fetchpriority=\"high\" decoding=\"async\" width=\"800\" height=\"533\" src=\"https:\/\/www.visitklagenfurt.at\/wp-content\/uploads\/2021\/03\/kultur_museum_mmkk_2015_c-gernot_gleiss_2-web.jpeg\" class=\"attachment-large size-large wp-image-9335\" alt=\"Museum Moderner Kunst K\" \/>\t\t\t\t\t\t\t\t\t\t\t\t\t\t\t<\/div>\n\t\t\t\t<\/div>\n\t\t\t\t\t<\/div>\n\t\t<\/div>\n\t\t\t\t\t<\/div>\n\t\t<\/section>\n\t\t\t\t<section class=\"elementor-section elementor-top-section elementor-element elementor-element-859a9e6 elementor-section-boxed elementor-section-height-default elementor-section-height-default\" data-id=\"859a9e6\" data-element_type=\"section\" data-e-type=\"section\" data-settings=\"{&quot;background_background&quot;:&quot;classic&quot;}\">\n\t\t\t\t\t\t<div class=\"elementor-container elementor-column-gap-default\">\n\t\t\t\t\t<div class=\"elementor-column elementor-col-100 elementor-top-column elementor-element elementor-element-cf3143f\" data-id=\"cf3143f\" data-element_type=\"column\" data-e-type=\"column\" data-settings=\"{&quot;background_background&quot;:&quot;classic&quot;}\">\n\t\t\t<div class=\"elementor-widget-wrap elementor-element-populated\">\n\t\t\t\t\t\t<div class=\"elementor-element elementor-element-8955ec8 elementor-widget elementor-widget-global elementor-global-42931 elementor-global-39763 elementor-widget-breadcrumbs\" data-id=\"8955ec8\" data-element_type=\"widget\" data-e-type=\"widget\" data-widget_type=\"breadcrumbs.default\">\n\t\t\t\t<div class=\"elementor-widget-container\">\n\t\t\t\t\t<p id=\"breadcrumbs\"><span><span><a href=\"https:\/\/www.visitklagenfurt.at\/it\/\">visitklagenfurt<\/a><\/span><\/span><\/p>\t\t\t\t<\/div>\n\t\t\t\t<\/div>\n\t\t\t\t<div class=\"elementor-element elementor-element-b56403f elementor-widget elementor-widget-heading\" data-id=\"b56403f\" data-element_type=\"widget\" data-e-type=\"widget\" data-widget_type=\"heading.default\">\n\t\t\t\t<div class=\"elementor-widget-container\">\n\t\t\t\t\t<h1 class=\"elementor-heading-title elementor-size-default\">Le gallerie e musei d&#8217;arte<\/h1>\t\t\t\t<\/div>\n\t\t\t\t<\/div>\n\t\t\t\t<div class=\"elementor-element elementor-element-0550fef elementor-widget elementor-widget-text-editor\" data-id=\"0550fef\" data-element_type=\"widget\" data-e-type=\"widget\" data-widget_type=\"text-editor.default\">\n\t\t\t\t<div class=\"elementor-widget-container\">\n\t\t\t\t\t\t\t\t\t<div class=\"elementor-element elementor-element-7167de0 elementor-widget__width-initial elementor-widget elementor-widget-theme-post-excerpt\" data-id=\"7167de0\" data-element_type=\"widget\" data-widget_type=\"theme-post-excerpt.default\"><div class=\"elementor-widget-container\"><strong>Nei diversi musei e gallerie d&#8217;arte di Klagenfurt troverete mostre permanenti di nomi famosi del mondo artistico dell&#8217;Alpe-Adria e mostre temporanee di grandi artisti internazionali, provenienti da tutto il mondo.<\/strong><br \/><br \/><\/div><div class=\"elementor-widget-container\">La tappa storico-artistica imperdibile \u00e8 il Museo d\u2019Arte Moderna della Carinzia (<strong>MMKK<\/strong>) nel cortile del castello nel centro della citt\u00e0, che vale la pena di vedere gi\u00e0 di per s\u00e9. Concedetevi uno dei leggendari tour attraverso l\u2019antico edificio.<\/div><\/div><div class=\"elementor-element elementor-element-89899eb elementor-widget__width-initial post_content elementor-widget elementor-widget-theme-post-content\" data-id=\"89899eb\" data-element_type=\"widget\" data-widget_type=\"theme-post-content.default\"><div class=\"elementor-widget-container\"><p>Nella <strong>Stadtgalerie<\/strong> (Galleria comunale) cos\u00ec come nella galleria <strong>Alpen-Adria-Galerie<\/strong>, temi e forme d\u2019arte si alternano in rapida successione. A volte vengono messi in vetrina veri grandi nomi internazionali, poi ancora arte giovane all\u2019interno del contesto europeo. Non vengono esposti solo dipinti, ma anche sculture e fotografie, moda, design e nuovi media. In particolare il <strong>livingstudio<\/strong>, che fa parte nella galleria cittadina, ma \u00e8 visitabile separatamente con ingresso gratuito, \u00e8 una piattaforma per giovani artiste e artisti da vedere.<\/p><p>Completa il quadro della scena artistica di Klagenfurt il grande numero di <strong>gallerie<\/strong> private e spazi espositivi per l\u2019arte che fa da collegamento tra la regione culturale e i mercati internazionali di tutto il mondo.<\/p><p>Sopra tutte, la <strong>Galerie 3<\/strong>, nel cuore della citt\u00e0, che ha un ruolo principale nello spianare la strada ad artiste e artisti locali emergenti sul mercato internazionale e nel mostrare e offrire grandi nomi internazionali a Klagenfurt.<\/p><p><strong>L\u2019Associazione degli artisti della Carinzia<\/strong> ha sede nella K\u00fcnstlerhaus (Casa dell\u2019artista) nel Goethepark, che vale sempre la pena di visitare. Qui nelle svariate mostre si studia l\u2019arte contemporanea e il suo significato. Il Kunstverein (L\u2019associazione degli artisti) muove da presupposti contrari rispetto a quelli del mercato dell\u2019arte e si propone principalmente come una piattaforma per incontrarsi e confrontarsi.<\/p><p>Alla galleria <b>Kunsthaus Kollitsch<\/b> \u00e8 possibile vedere un ampio spaccato dei diversi media, metodi e temi dell\u2019arte moderna. Opere accuratamente selezionate di artisti di fama internazionale, presentate nello spirito del tempo, sono di grande impatto per i visitatori dell\u2019edificio storico.<\/p><\/div><\/div>\t\t\t\t\t\t\t\t<\/div>\n\t\t\t\t<\/div>\n\t\t\t\t\t<\/div>\n\t\t<\/div>\n\t\t\t\t\t<\/div>\n\t\t<\/section>\n\t\t\t\t<section class=\"elementor-section elementor-top-section elementor-element elementor-element-4fec816 elementor-section-boxed elementor-section-height-default elementor-section-height-default\" data-id=\"4fec816\" data-element_type=\"section\" data-e-type=\"section\">\n\t\t\t\t\t\t<div class=\"elementor-container elementor-column-gap-default\">\n\t\t\t\t\t<div class=\"elementor-column elementor-col-100 elementor-top-column elementor-element elementor-element-028a176\" data-id=\"028a176\" data-element_type=\"column\" data-e-type=\"column\">\n\t\t\t<div class=\"elementor-widget-wrap elementor-element-populated\">\n\t\t\t\t\t\t<div class=\"elementor-element elementor-element-a60ad8c elementor-cta--skin-cover elementor-cta--valign-bottom elementor-widget elementor-widget-call-to-action\" data-id=\"a60ad8c\" data-element_type=\"widget\" data-e-type=\"widget\" data-widget_type=\"call-to-action.default\">\n\t\t\t\t<div class=\"elementor-widget-container\">\n\t\t\t\t\t\t\t<a class=\"elementor-cta\" href=\"http:\/\/www.visitklagenfurt.at\/de\/visitklagenfurt\/kultur-und-festivals\/galerien\/alle-galerien\/?d=galerien%20%26%20ateliers\">\n\t\t\t\t\t<div class=\"elementor-cta__bg-wrapper\">\n\t\t\t\t<div class=\"elementor-cta__bg elementor-bg\" style=\"background-image: url(https:\/\/www.visitklagenfurt.at\/wp-content\/uploads\/2021\/02\/Alpen-Adria-Galerie-Valentin-Oman-grosser-Raum-c-Stadtgalerie.jpg);\" role=\"img\" aria-label=\"Alpen Adria Galerie, Valentin Oman, Kunstraum, gro\u00dfer Saal, 9020 Klagenfurt am W\u00f6rthersee, Ausstellung, Galerie, Kunst, Skulpturen, Installationen, Bilder, Malerei, Fotografie\"><\/div>\n\t\t\t\t<div class=\"elementor-cta__bg-overlay\"><\/div>\n\t\t\t<\/div>\n\t\t\t\t\t\t\t<div class=\"elementor-cta__content\">\n\t\t\t\t\n\t\t\t\t\t\t\t\t\t<h2 class=\"elementor-cta__title elementor-cta__content-item elementor-content-item\">\n\t\t\t\t\t\tTutte le gallerie\t\t\t\t\t<\/h2>\n\t\t\t\t\n\t\t\t\t\n\t\t\t\t\t\t\t<\/div>\n\t\t\t\t\t\t<\/a>\n\t\t\t\t\t\t<\/div>\n\t\t\t\t<\/div>\n\t\t\t\t\t<\/div>\n\t\t<\/div>\n\t\t\t\t\t<\/div>\n\t\t<\/section>\n\t\t\t\t<\/div>\n\t\t","protected":false},"excerpt":{"rendered":"<p>Nei diversi musei e gallerie d&#8217;arte di Klagenfurt troverete mostre permanenti di nomi famosi del mondo artistico dell&#8217;Alpe-Adria e mostre temporanee di grandi artisti internazionali, provenienti da tutto il mondo. La tappa storico-artistica imperdibile \u00e8 il Museo d\u2019Arte Moderna della Carinzia (MMKK) nel cortile del castello nel centro della citt\u00e0, che vale la pena di [&hellip;]<\/p>\n","protected":false},"author":2,"featured_media":9335,"parent":14406,"menu_order":0,"comment_status":"closed","ping_status":"closed","template":"elementor_header_footer","meta":{"footnotes":""},"categories":[],"tags":[],"seitentyp":[],"class_list":["post-9610","page","type-page","status-publish","has-post-thumbnail","hentry"],"yoast_head":"<!-- This site is optimized with the Yoast SEO plugin v27.2 - https:\/\/yoast.com\/product\/yoast-seo-wordpress\/ -->\n<title>Gallerie &amp; Musei d\u2019Arte | Museo d\u2019Arte Moderna della Carinzia<\/title>\n<meta name=\"description\" content=\"Nei diversi musei e gallerie d\u2019arte di Klagenfurt troverete mostre di nomi famosi del mondo artistico e mostre temporanee di artisti internazionali.\" \/>\n<meta name=\"robots\" content=\"index, follow, max-snippet:-1, max-image-preview:large, max-video-preview:-1\" \/>\n<link rel=\"canonical\" href=\"https:\/\/www.visitklagenfurt.at\/it\/cultura-festival\/le-gallerie\/\" \/>\n<meta property=\"og:locale\" content=\"it_IT\" \/>\n<meta property=\"og:type\" content=\"article\" \/>\n<meta property=\"og:title\" content=\"Gallerie &amp; Musei d\u2019Arte | Museo d\u2019Arte Moderna della Carinzia\" \/>\n<meta property=\"og:description\" content=\"Nei diversi musei e gallerie d\u2019arte di Klagenfurt troverete mostre di nomi famosi del mondo artistico e mostre temporanee di artisti internazionali.\" \/>\n<meta property=\"og:url\" content=\"https:\/\/www.visitklagenfurt.at\/it\/cultura-festival\/le-gallerie\/\" \/>\n<meta property=\"og:site_name\" content=\"visitklagenfurt\" \/>\n<meta property=\"article:modified_time\" content=\"2024-03-05T17:39:33+00:00\" \/>\n<meta property=\"og:image\" content=\"https:\/\/www.visitklagenfurt.at\/wp-content\/uploads\/2021\/03\/kultur_museum_mmkk_2015_c-gernot_gleiss_2-web.jpeg\" \/>\n\t<meta property=\"og:image:width\" content=\"2048\" \/>\n\t<meta property=\"og:image:height\" content=\"1365\" \/>\n\t<meta property=\"og:image:type\" content=\"image\/jpeg\" \/>\n<meta name=\"twitter:card\" content=\"summary_large_image\" \/>\n<meta name=\"twitter:label1\" content=\"Tempo di lettura stimato\" \/>\n\t<meta name=\"twitter:data1\" content=\"2 minuti\" \/>\n<script type=\"application\/ld+json\" class=\"yoast-schema-graph\">{\"@context\":\"https:\/\/schema.org\",\"@graph\":[{\"@type\":\"WebPage\",\"@id\":\"https:\/\/www.visitklagenfurt.at\/it\/cultura-festival\/le-gallerie\/\",\"url\":\"https:\/\/www.visitklagenfurt.at\/it\/cultura-festival\/le-gallerie\/\",\"name\":\"Gallerie & Musei d\u2019Arte | Museo d\u2019Arte Moderna della Carinzia\",\"isPartOf\":{\"@id\":\"https:\/\/www.visitklagenfurt.at\/it\/#website\"},\"primaryImageOfPage\":{\"@id\":\"https:\/\/www.visitklagenfurt.at\/it\/cultura-festival\/le-gallerie\/#primaryimage\"},\"image\":{\"@id\":\"https:\/\/www.visitklagenfurt.at\/it\/cultura-festival\/le-gallerie\/#primaryimage\"},\"thumbnailUrl\":\"https:\/\/www.visitklagenfurt.at\/wp-content\/uploads\/2021\/03\/kultur_museum_mmkk_2015_c-gernot_gleiss_2-web.jpeg\",\"datePublished\":\"2022-10-13T11:01:04+00:00\",\"dateModified\":\"2024-03-05T17:39:33+00:00\",\"description\":\"Nei diversi musei e gallerie d\u2019arte di Klagenfurt troverete mostre di nomi famosi del mondo artistico e mostre temporanee di artisti internazionali.\",\"breadcrumb\":{\"@id\":\"https:\/\/www.visitklagenfurt.at\/it\/cultura-festival\/le-gallerie\/#breadcrumb\"},\"inLanguage\":\"it-IT\",\"potentialAction\":[{\"@type\":\"ReadAction\",\"target\":[\"https:\/\/www.visitklagenfurt.at\/it\/cultura-festival\/le-gallerie\/\"]}]},{\"@type\":\"ImageObject\",\"inLanguage\":\"it-IT\",\"@id\":\"https:\/\/www.visitklagenfurt.at\/it\/cultura-festival\/le-gallerie\/#primaryimage\",\"url\":\"https:\/\/www.visitklagenfurt.at\/wp-content\/uploads\/2021\/03\/kultur_museum_mmkk_2015_c-gernot_gleiss_2-web.jpeg\",\"contentUrl\":\"https:\/\/www.visitklagenfurt.at\/wp-content\/uploads\/2021\/03\/kultur_museum_mmkk_2015_c-gernot_gleiss_2-web.jpeg\",\"width\":2048,\"height\":1365,\"caption\":\"(c) Gernot Gleiss\"},{\"@type\":\"BreadcrumbList\",\"@id\":\"https:\/\/www.visitklagenfurt.at\/it\/cultura-festival\/le-gallerie\/#breadcrumb\",\"itemListElement\":[{\"@type\":\"ListItem\",\"position\":1,\"name\":\"visitklagenfurt\",\"item\":\"https:\/\/www.visitklagenfurt.at\/it\/\"},{\"@type\":\"ListItem\",\"position\":2,\"name\":\"Festival &#038; cultura\",\"item\":\"https:\/\/www.visitklagenfurt.at\/it\/cultura-festival\/\"},{\"@type\":\"ListItem\",\"position\":3,\"name\":\"Le gallerie e musei d&#8217;arte\"}]},{\"@type\":\"WebSite\",\"@id\":\"https:\/\/www.visitklagenfurt.at\/it\/#website\",\"url\":\"https:\/\/www.visitklagenfurt.at\/it\/\",\"name\":\"visitklagenfurt\",\"description\":\"\",\"publisher\":{\"@id\":\"https:\/\/www.visitklagenfurt.at\/it\/#organization\"},\"potentialAction\":[{\"@type\":\"SearchAction\",\"target\":{\"@type\":\"EntryPoint\",\"urlTemplate\":\"https:\/\/www.visitklagenfurt.at\/it\/?s={search_term_string}\"},\"query-input\":{\"@type\":\"PropertyValueSpecification\",\"valueRequired\":true,\"valueName\":\"search_term_string\"}}],\"inLanguage\":\"it-IT\"},{\"@type\":\"Organization\",\"@id\":\"https:\/\/www.visitklagenfurt.at\/it\/#organization\",\"name\":\"Tourismus Region Klagenfurt am W\u00f6rthersee GmbH\",\"url\":\"https:\/\/www.visitklagenfurt.at\/it\/\",\"logo\":{\"@type\":\"ImageObject\",\"inLanguage\":\"it-IT\",\"@id\":\"https:\/\/www.visitklagenfurt.at\/it\/#\/schema\/logo\/image\/\",\"url\":\"https:\/\/www.visitklagenfurt.at\/wp-content\/uploads\/2022\/03\/DT_K_Klagenfurt_S_RGB.png\",\"contentUrl\":\"https:\/\/www.visitklagenfurt.at\/wp-content\/uploads\/2022\/03\/DT_K_Klagenfurt_S_RGB.png\",\"width\":2082,\"height\":1511,\"caption\":\"Tourismus Region Klagenfurt am W\u00f6rthersee GmbH\"},\"image\":{\"@id\":\"https:\/\/www.visitklagenfurt.at\/it\/#\/schema\/logo\/image\/\"}}]}<\/script>\n<!-- \/ Yoast SEO plugin. -->","yoast_head_json":{"title":"Gallerie & Musei d\u2019Arte | Museo d\u2019Arte Moderna della Carinzia","description":"Nei diversi musei e gallerie d\u2019arte di Klagenfurt troverete mostre di nomi famosi del mondo artistico e mostre temporanee di artisti internazionali.","robots":{"index":"index","follow":"follow","max-snippet":"max-snippet:-1","max-image-preview":"max-image-preview:large","max-video-preview":"max-video-preview:-1"},"canonical":"https:\/\/www.visitklagenfurt.at\/it\/cultura-festival\/le-gallerie\/","og_locale":"it_IT","og_type":"article","og_title":"Gallerie & Musei d\u2019Arte | Museo d\u2019Arte Moderna della Carinzia","og_description":"Nei diversi musei e gallerie d\u2019arte di Klagenfurt troverete mostre di nomi famosi del mondo artistico e mostre temporanee di artisti internazionali.","og_url":"https:\/\/www.visitklagenfurt.at\/it\/cultura-festival\/le-gallerie\/","og_site_name":"visitklagenfurt","article_modified_time":"2024-03-05T17:39:33+00:00","og_image":[{"width":2048,"height":1365,"url":"https:\/\/www.visitklagenfurt.at\/wp-content\/uploads\/2021\/03\/kultur_museum_mmkk_2015_c-gernot_gleiss_2-web.jpeg","type":"image\/jpeg"}],"twitter_card":"summary_large_image","twitter_misc":{"Tempo di lettura stimato":"2 minuti"},"schema":{"@context":"https:\/\/schema.org","@graph":[{"@type":"WebPage","@id":"https:\/\/www.visitklagenfurt.at\/it\/cultura-festival\/le-gallerie\/","url":"https:\/\/www.visitklagenfurt.at\/it\/cultura-festival\/le-gallerie\/","name":"Gallerie & Musei d\u2019Arte | Museo d\u2019Arte Moderna della Carinzia","isPartOf":{"@id":"https:\/\/www.visitklagenfurt.at\/it\/#website"},"primaryImageOfPage":{"@id":"https:\/\/www.visitklagenfurt.at\/it\/cultura-festival\/le-gallerie\/#primaryimage"},"image":{"@id":"https:\/\/www.visitklagenfurt.at\/it\/cultura-festival\/le-gallerie\/#primaryimage"},"thumbnailUrl":"https:\/\/www.visitklagenfurt.at\/wp-content\/uploads\/2021\/03\/kultur_museum_mmkk_2015_c-gernot_gleiss_2-web.jpeg","datePublished":"2022-10-13T11:01:04+00:00","dateModified":"2024-03-05T17:39:33+00:00","description":"Nei diversi musei e gallerie d\u2019arte di Klagenfurt troverete mostre di nomi famosi del mondo artistico e mostre temporanee di artisti internazionali.","breadcrumb":{"@id":"https:\/\/www.visitklagenfurt.at\/it\/cultura-festival\/le-gallerie\/#breadcrumb"},"inLanguage":"it-IT","potentialAction":[{"@type":"ReadAction","target":["https:\/\/www.visitklagenfurt.at\/it\/cultura-festival\/le-gallerie\/"]}]},{"@type":"ImageObject","inLanguage":"it-IT","@id":"https:\/\/www.visitklagenfurt.at\/it\/cultura-festival\/le-gallerie\/#primaryimage","url":"https:\/\/www.visitklagenfurt.at\/wp-content\/uploads\/2021\/03\/kultur_museum_mmkk_2015_c-gernot_gleiss_2-web.jpeg","contentUrl":"https:\/\/www.visitklagenfurt.at\/wp-content\/uploads\/2021\/03\/kultur_museum_mmkk_2015_c-gernot_gleiss_2-web.jpeg","width":2048,"height":1365,"caption":"(c) Gernot Gleiss"},{"@type":"BreadcrumbList","@id":"https:\/\/www.visitklagenfurt.at\/it\/cultura-festival\/le-gallerie\/#breadcrumb","itemListElement":[{"@type":"ListItem","position":1,"name":"visitklagenfurt","item":"https:\/\/www.visitklagenfurt.at\/it\/"},{"@type":"ListItem","position":2,"name":"Festival &#038; cultura","item":"https:\/\/www.visitklagenfurt.at\/it\/cultura-festival\/"},{"@type":"ListItem","position":3,"name":"Le gallerie e musei d&#8217;arte"}]},{"@type":"WebSite","@id":"https:\/\/www.visitklagenfurt.at\/it\/#website","url":"https:\/\/www.visitklagenfurt.at\/it\/","name":"visitklagenfurt","description":"","publisher":{"@id":"https:\/\/www.visitklagenfurt.at\/it\/#organization"},"potentialAction":[{"@type":"SearchAction","target":{"@type":"EntryPoint","urlTemplate":"https:\/\/www.visitklagenfurt.at\/it\/?s={search_term_string}"},"query-input":{"@type":"PropertyValueSpecification","valueRequired":true,"valueName":"search_term_string"}}],"inLanguage":"it-IT"},{"@type":"Organization","@id":"https:\/\/www.visitklagenfurt.at\/it\/#organization","name":"Tourismus Region Klagenfurt am W\u00f6rthersee GmbH","url":"https:\/\/www.visitklagenfurt.at\/it\/","logo":{"@type":"ImageObject","inLanguage":"it-IT","@id":"https:\/\/www.visitklagenfurt.at\/it\/#\/schema\/logo\/image\/","url":"https:\/\/www.visitklagenfurt.at\/wp-content\/uploads\/2022\/03\/DT_K_Klagenfurt_S_RGB.png","contentUrl":"https:\/\/www.visitklagenfurt.at\/wp-content\/uploads\/2022\/03\/DT_K_Klagenfurt_S_RGB.png","width":2082,"height":1511,"caption":"Tourismus Region Klagenfurt am W\u00f6rthersee GmbH"},"image":{"@id":"https:\/\/www.visitklagenfurt.at\/it\/#\/schema\/logo\/image\/"}}]}},"_links":{"self":[{"href":"https:\/\/www.visitklagenfurt.at\/it\/wp-json\/wp\/v2\/pages\/9610","targetHints":{"allow":["GET"]}}],"collection":[{"href":"https:\/\/www.visitklagenfurt.at\/it\/wp-json\/wp\/v2\/pages"}],"about":[{"href":"https:\/\/www.visitklagenfurt.at\/it\/wp-json\/wp\/v2\/types\/page"}],"author":[{"embeddable":true,"href":"https:\/\/www.visitklagenfurt.at\/it\/wp-json\/wp\/v2\/users\/2"}],"replies":[{"embeddable":true,"href":"https:\/\/www.visitklagenfurt.at\/it\/wp-json\/wp\/v2\/comments?post=9610"}],"version-history":[{"count":31,"href":"https:\/\/www.visitklagenfurt.at\/it\/wp-json\/wp\/v2\/pages\/9610\/revisions"}],"predecessor-version":[{"id":61706,"href":"https:\/\/www.visitklagenfurt.at\/it\/wp-json\/wp\/v2\/pages\/9610\/revisions\/61706"}],"up":[{"embeddable":true,"href":"https:\/\/www.visitklagenfurt.at\/it\/wp-json\/wp\/v2\/pages\/14406"}],"wp:featuredmedia":[{"embeddable":true,"href":"https:\/\/www.visitklagenfurt.at\/it\/wp-json\/wp\/v2\/media\/9335"}],"wp:attachment":[{"href":"https:\/\/www.visitklagenfurt.at\/it\/wp-json\/wp\/v2\/media?parent=9610"}],"wp:term":[{"taxonomy":"category","embeddable":true,"href":"https:\/\/www.visitklagenfurt.at\/it\/wp-json\/wp\/v2\/categories?post=9610"},{"taxonomy":"post_tag","embeddable":true,"href":"https:\/\/www.visitklagenfurt.at\/it\/wp-json\/wp\/v2\/tags?post=9610"},{"taxonomy":"seitentyp","embeddable":true,"href":"https:\/\/www.visitklagenfurt.at\/it\/wp-json\/wp\/v2\/seitentyp?post=9610"}],"curies":[{"name":"wp","href":"https:\/\/api.w.org\/{rel}","templated":true}]}}