{"id":10261,"date":"2021-03-05T15:54:27","date_gmt":"2021-03-05T14:54:27","guid":{"rendered":"http:\/\/blog.visitklagenfurt.at\/woerthersee-pluscard\/"},"modified":"2025-09-30T14:49:02","modified_gmt":"2025-09-30T12:49:02","slug":"woerthersee-pluscard","status":"publish","type":"page","link":"https:\/\/www.visitklagenfurt.at\/sl\/services\/woerthersee-pluscard\/","title":{"rendered":"W\u00f6rthersee Plus Card"},"content":{"rendered":"\n<p><strong>3 pokrajine, en zemljevid!<\/strong><\/p>\n\n\n\n<p>Turisti\u010dna kartica je veljavna na obmo\u010dju Celovca, Vrbskega jezera in Osrednje Koro\u0161ke.<\/p>\n\n\n\n<p>Na\u0161i gostje imajo prost vstop in do 50 % popusta v vseh turisti\u010dnih destinacijah okoli Vrbskega jezera. Kartico lahko dobite brezpla\u010dno skozi celo leto.<\/p>\n\n\n\n<p>\u017delite prihraniti na po\u010ditnicah, pri tem pa ne \u017eelite izpustiti do\u017eivetij, kot so izlet z ladjico po Vrbskem jezeru, Pyramidenkogel, Muzej moderne umetnosti ali grad Ostrovica? Va\u0161o W\u00f6rthersee PLUS Card lahko prevzamete ob prijavi, na recepciji va\u0161ega hotela.<\/p>\n\n\n\n<p><\/p>\n\n\n\n<p><strong>Kdo dobi W\u00f6rthersee PLUS Card?&nbsp;<\/strong><br>Vsak gost, ki preno\u010di v de\u017eeli. Ob prihodu v hotel boste dobili knji\u017eico z vsemi popusti. <\/p>\n\n\n\n<p><strong>Koliko \u010dasa velja kartica?&nbsp;<\/strong><br>Kartica je veljavna ves \u010das va\u0161ega bivanja na Koro\u0161kem.<\/p>\n\n\n\n<p><strong>Kaj lahko po\u010dnete s kartico?<\/strong><br>W\u00f6rthersee PLUS Card nudi veliko prednosti: brezpla\u010dne vstope, popuste in druge ugodnosti<\/p>\n\n\n\n<p><strong>Kaj se zgodi, \u010de kartico izgubite? <\/strong><br>\u010ce izgubite va\u0161o kartico, lahko kadarkoli vpra\u0161ate va\u0161ega gostitelja za dvojnik. Prvotna kartica tako ni ve\u010d veljavna. Prenos kartice PLUS Card na drugo osebo ni dovoljen in je kazniv. Kartica je veljavna samo v kombinaciji z osebnim dokumentom.<\/p>\n\n\n\n<h2 class=\"wp-block-heading\" id=\"h-vse-prednosti-na-kratko\">Vse prednosti na kratko<\/h2>\n\n\n\n<div style=\"position:relative;padding-top:max(60%,326px);height:0;width:100%\"> <div class=\"brlbs-cmpnt-container brlbs-cmpnt-content-blocker brlbs-cmpnt-with-individual-styles\" data-borlabs-cookie-content-blocker-id=\"issuu\" data-borlabs-cookie-content=\"PGlmcmFtZSBhbGxvdz0iY2xpcGJvYXJkLXdyaXRlIiBzYW5kYm94PSJhbGxvdy10b3AtbmF2aWdhdGlvbiBhbGxvdy10b3AtbmF2aWdhdGlvbi1ieS11c2VyLWFjdGl2YXRpb24gYWxsb3ctZG93bmxvYWRzIGFsbG93LXNjcmlwdHMgYWxsb3ctc2FtZS1vcmlnaW4gYWxsb3ctcG9wdXBzIGFsbG93LW1vZGFscyBhbGxvdy1wb3B1cHMtdG8tZXNjYXBlLXNhbmRib3ggYWxsb3ctZm9ybXMiIGFsbG93ZnVsbHNjcmVlbj0idHJ1ZSIgc3R5bGU9InBvc2l0aW9uOmFic29sdXRlO2JvcmRlcjpub25lO3dpZHRoOjEwMCU7aGVpZ2h0OjEwMCU7bGVmdDowO3JpZ2h0OjA7dG9wOjA7Ym90dG9tOjA7IiBzcmM9Imh0dHBzOi8vZS5pc3N1dS5jb20vZW1iZWQuaHRtbD9iYWNrZ3JvdW5kQ29sb3I9JTIzZmZmZiZiYWNrZ3JvdW5kQ29sb3JGdWxsc2NyZWVuPSUyM2ZmZmYmZD13b2VydGhlcnNlZS1wbHVzLWNhcmRfMjAyMDE4XzIwZW4maGlkZUlzc3V1TG9nbz10cnVlJnBhZ2VMYXlvdXQ9c2luZ2xlUGFnZSZ1PXZpc2l0a2xhZ2VuZnVydCI+PC9pZnJhbWU+\"><div class=\"brlbs-cmpnt-cb-preset-a\"> <p class=\"brlbs-cmpnt-cb-description\">You are currently viewing a placeholder content from <strong>Issuu<\/strong>. To access the actual content, click the button below. Please note that doing so will share data with third-party providers.<\/p> <div class=\"brlbs-cmpnt-cb-buttons\"> <a class=\"brlbs-cmpnt-cb-btn\" href=\"#\" data-borlabs-cookie-unblock role=\"button\">Unblock content<\/a> <a class=\"brlbs-cmpnt-cb-btn\" href=\"#\" data-borlabs-cookie-accept-service role=\"button\" style=\"display: none\">Accept required service and unblock content<\/a> <\/div> <a class=\"brlbs-cmpnt-cb-provider-toggle\" href=\"#\" data-borlabs-cookie-show-provider-information role=\"button\">More Information<\/a> &#8216;<\/div>&#8216;<\/div><\/div>\n\n\n\n<div style=\"position:relative;padding-top:max(60%,326px);height:0;width:100%\"> <div class=\"brlbs-cmpnt-container brlbs-cmpnt-content-blocker brlbs-cmpnt-with-individual-styles\" data-borlabs-cookie-content-blocker-id=\"issuu\" data-borlabs-cookie-content=\"PGlmcmFtZSBhbGxvdz0iY2xpcGJvYXJkLXdyaXRlIiBzYW5kYm94PSJhbGxvdy10b3AtbmF2aWdhdGlvbiBhbGxvdy10b3AtbmF2aWdhdGlvbi1ieS11c2VyLWFjdGl2YXRpb24gYWxsb3ctZG93bmxvYWRzIGFsbG93LXNjcmlwdHMgYWxsb3ctc2FtZS1vcmlnaW4gYWxsb3ctcG9wdXBzIGFsbG93LW1vZGFscyBhbGxvdy1wb3B1cHMtdG8tZXNjYXBlLXNhbmRib3ggYWxsb3ctZm9ybXMiIGFsbG93ZnVsbHNjcmVlbj0idHJ1ZSIgc3R5bGU9InBvc2l0aW9uOmFic29sdXRlO2JvcmRlcjpub25lO3dpZHRoOjEwMCU7aGVpZ2h0OjEwMCU7bGVmdDowO3JpZ2h0OjA7dG9wOjA7Ym90dG9tOjA7IiBzcmM9Imh0dHBzOi8vZS5pc3N1dS5jb20vZW1iZWQuaHRtbD9iYWNrZ3JvdW5kQ29sb3I9JTIzZmZmZmYmZD13X3J0aGVyc2VlX3BsdXNfY2FyZF93aW50ZXJfMjAxOF8xOSZoaWRlSXNzdXVMb2dvPXRydWUmcGFnZUxheW91dD1zaW5nbGVQYWdlJnU9dmlzaXRrbGFnZW5mdXJ0Ij48L2lmcmFtZT4=\"><div class=\"brlbs-cmpnt-cb-preset-a\"> <p class=\"brlbs-cmpnt-cb-description\">You are currently viewing a placeholder content from <strong>Issuu<\/strong>. To access the actual content, click the button below. Please note that doing so will share data with third-party providers.<\/p> <div class=\"brlbs-cmpnt-cb-buttons\"> <a class=\"brlbs-cmpnt-cb-btn\" href=\"#\" data-borlabs-cookie-unblock role=\"button\">Unblock content<\/a> <a class=\"brlbs-cmpnt-cb-btn\" href=\"#\" data-borlabs-cookie-accept-service role=\"button\" style=\"display: none\">Accept required service and unblock content<\/a> <\/div> <a class=\"brlbs-cmpnt-cb-provider-toggle\" href=\"#\" data-borlabs-cookie-show-provider-information role=\"button\">More Information<\/a> &#8216;<\/div>&#8216;<\/div><\/div>\n\n\n\n<p><\/p>\n","protected":false},"excerpt":{"rendered":"<p>3 pokrajine, en zemljevid! Turisti\u010dna kartica je veljavna na obmo\u010dju Celovca, Vrbskega jezera in Osrednje Koro\u0161ke. Na\u0161i gostje imajo prost vstop in do 50 % popusta v vseh turisti\u010dnih destinacijah okoli Vrbskega jezera. Kartico lahko dobite brezpla\u010dno skozi celo leto. \u017delite prihraniti na po\u010ditnicah, pri tem pa ne \u017eelite izpustiti do\u017eivetij, kot so izlet z [&hellip;]<\/p>\n","protected":false},"author":2,"featured_media":7788,"parent":13159,"menu_order":0,"comment_status":"closed","ping_status":"closed","template":"","meta":{"footnotes":""},"categories":[],"tags":[],"seitentyp":[224],"class_list":["post-10261","page","type-page","status-publish","has-post-thumbnail","hentry","seitentyp-microseite-short"],"yoast_head":"<!-- This site is optimized with the Yoast SEO plugin v27.3 - https:\/\/yoast.com\/product\/yoast-seo-wordpress\/ -->\n<title>W\u00f6rthersee Plus Card | visitklagenfurt<\/title>\n<meta name=\"robots\" content=\"index, follow, max-snippet:-1, max-image-preview:large, max-video-preview:-1\" \/>\n<link rel=\"canonical\" href=\"https:\/\/www.visitklagenfurt.at\/sl\/services\/woerthersee-pluscard\/\" \/>\n<meta property=\"og:locale\" content=\"sl_SI\" \/>\n<meta property=\"og:type\" content=\"article\" \/>\n<meta property=\"og:title\" content=\"W\u00f6rthersee Plus Card | visitklagenfurt\" \/>\n<meta property=\"og:description\" content=\"3 pokrajine, en zemljevid! Turisti\u010dna kartica je veljavna na obmo\u010dju Celovca, Vrbskega jezera in Osrednje Koro\u0161ke. Na\u0161i gostje imajo prost vstop in do 50 % popusta v vseh turisti\u010dnih destinacijah okoli Vrbskega jezera. Kartico lahko dobite brezpla\u010dno skozi celo leto. \u017delite prihraniti na po\u010ditnicah, pri tem pa ne \u017eelite izpustiti do\u017eivetij, kot so izlet z [&hellip;]\" \/>\n<meta property=\"og:url\" content=\"https:\/\/www.visitklagenfurt.at\/sl\/services\/woerthersee-pluscard\/\" \/>\n<meta property=\"og:site_name\" content=\"visitklagenfurt\" \/>\n<meta property=\"article:modified_time\" content=\"2025-09-30T12:49:02+00:00\" \/>\n<meta property=\"og:image\" content=\"https:\/\/www.visitklagenfurt.at\/wp-content\/uploads\/2021\/02\/1834.jpg\" \/>\n\t<meta property=\"og:image:width\" content=\"1080\" \/>\n\t<meta property=\"og:image:height\" content=\"720\" \/>\n\t<meta property=\"og:image:type\" content=\"image\/jpeg\" \/>\n<meta name=\"twitter:card\" content=\"summary_large_image\" \/>\n<meta name=\"twitter:label1\" content=\"Est. reading time\" \/>\n\t<meta name=\"twitter:data1\" content=\"2 minuti\" \/>\n<script type=\"application\/ld+json\" class=\"yoast-schema-graph\">{\"@context\":\"https:\\\/\\\/schema.org\",\"@graph\":[{\"@type\":\"WebPage\",\"@id\":\"https:\\\/\\\/www.visitklagenfurt.at\\\/sl\\\/services\\\/woerthersee-pluscard\\\/\",\"url\":\"https:\\\/\\\/www.visitklagenfurt.at\\\/sl\\\/services\\\/woerthersee-pluscard\\\/\",\"name\":\"W\u00f6rthersee Plus Card | visitklagenfurt\",\"isPartOf\":{\"@id\":\"https:\\\/\\\/www.visitklagenfurt.at\\\/sl\\\/#website\"},\"primaryImageOfPage\":{\"@id\":\"https:\\\/\\\/www.visitklagenfurt.at\\\/sl\\\/services\\\/woerthersee-pluscard\\\/#primaryimage\"},\"image\":{\"@id\":\"https:\\\/\\\/www.visitklagenfurt.at\\\/sl\\\/services\\\/woerthersee-pluscard\\\/#primaryimage\"},\"thumbnailUrl\":\"https:\\\/\\\/www.visitklagenfurt.at\\\/wp-content\\\/uploads\\\/2021\\\/02\\\/1834.jpg\",\"datePublished\":\"2021-03-05T14:54:27+00:00\",\"dateModified\":\"2025-09-30T12:49:02+00:00\",\"breadcrumb\":{\"@id\":\"https:\\\/\\\/www.visitklagenfurt.at\\\/sl\\\/services\\\/woerthersee-pluscard\\\/#breadcrumb\"},\"inLanguage\":\"sl-SI\",\"potentialAction\":[{\"@type\":\"ReadAction\",\"target\":[\"https:\\\/\\\/www.visitklagenfurt.at\\\/sl\\\/services\\\/woerthersee-pluscard\\\/\"]}]},{\"@type\":\"ImageObject\",\"inLanguage\":\"sl-SI\",\"@id\":\"https:\\\/\\\/www.visitklagenfurt.at\\\/sl\\\/services\\\/woerthersee-pluscard\\\/#primaryimage\",\"url\":\"https:\\\/\\\/www.visitklagenfurt.at\\\/wp-content\\\/uploads\\\/2021\\\/02\\\/1834.jpg\",\"contentUrl\":\"https:\\\/\\\/www.visitklagenfurt.at\\\/wp-content\\\/uploads\\\/2021\\\/02\\\/1834.jpg\",\"width\":1080,\"height\":720,\"caption\":\"(c) K\u00e4rnten Werbung, Tine Steinthaler\"},{\"@type\":\"BreadcrumbList\",\"@id\":\"https:\\\/\\\/www.visitklagenfurt.at\\\/sl\\\/services\\\/woerthersee-pluscard\\\/#breadcrumb\",\"itemListElement\":[{\"@type\":\"ListItem\",\"position\":1,\"name\":\"visitklagenfurt\",\"item\":\"https:\\\/\\\/www.visitklagenfurt.at\\\/sl\\\/\"},{\"@type\":\"ListItem\",\"position\":2,\"name\":\"Services\",\"item\":\"https:\\\/\\\/www.visitklagenfurt.at\\\/sl\\\/services\\\/\"},{\"@type\":\"ListItem\",\"position\":3,\"name\":\"W\u00f6rthersee Plus Card\"}]},{\"@type\":\"WebSite\",\"@id\":\"https:\\\/\\\/www.visitklagenfurt.at\\\/sl\\\/#website\",\"url\":\"https:\\\/\\\/www.visitklagenfurt.at\\\/sl\\\/\",\"name\":\"visitklagenfurt\",\"description\":\"\",\"publisher\":{\"@id\":\"https:\\\/\\\/www.visitklagenfurt.at\\\/sl\\\/#organization\"},\"potentialAction\":[{\"@type\":\"SearchAction\",\"target\":{\"@type\":\"EntryPoint\",\"urlTemplate\":\"https:\\\/\\\/www.visitklagenfurt.at\\\/sl\\\/?s={search_term_string}\"},\"query-input\":{\"@type\":\"PropertyValueSpecification\",\"valueRequired\":true,\"valueName\":\"search_term_string\"}}],\"inLanguage\":\"sl-SI\"},{\"@type\":\"Organization\",\"@id\":\"https:\\\/\\\/www.visitklagenfurt.at\\\/sl\\\/#organization\",\"name\":\"Tourismus Region Klagenfurt am W\u00f6rthersee GmbH\",\"url\":\"https:\\\/\\\/www.visitklagenfurt.at\\\/sl\\\/\",\"logo\":{\"@type\":\"ImageObject\",\"inLanguage\":\"sl-SI\",\"@id\":\"https:\\\/\\\/www.visitklagenfurt.at\\\/sl\\\/#\\\/schema\\\/logo\\\/image\\\/\",\"url\":\"https:\\\/\\\/www.visitklagenfurt.at\\\/wp-content\\\/uploads\\\/2022\\\/03\\\/DT_K_Klagenfurt_S_RGB.png\",\"contentUrl\":\"https:\\\/\\\/www.visitklagenfurt.at\\\/wp-content\\\/uploads\\\/2022\\\/03\\\/DT_K_Klagenfurt_S_RGB.png\",\"width\":2082,\"height\":1511,\"caption\":\"Tourismus Region Klagenfurt am W\u00f6rthersee GmbH\"},\"image\":{\"@id\":\"https:\\\/\\\/www.visitklagenfurt.at\\\/sl\\\/#\\\/schema\\\/logo\\\/image\\\/\"}}]}<\/script>\n<!-- \/ Yoast SEO plugin. -->","yoast_head_json":{"title":"W\u00f6rthersee Plus Card | visitklagenfurt","robots":{"index":"index","follow":"follow","max-snippet":"max-snippet:-1","max-image-preview":"max-image-preview:large","max-video-preview":"max-video-preview:-1"},"canonical":"https:\/\/www.visitklagenfurt.at\/sl\/services\/woerthersee-pluscard\/","og_locale":"sl_SI","og_type":"article","og_title":"W\u00f6rthersee Plus Card | visitklagenfurt","og_description":"3 pokrajine, en zemljevid! Turisti\u010dna kartica je veljavna na obmo\u010dju Celovca, Vrbskega jezera in Osrednje Koro\u0161ke. Na\u0161i gostje imajo prost vstop in do 50 % popusta v vseh turisti\u010dnih destinacijah okoli Vrbskega jezera. Kartico lahko dobite brezpla\u010dno skozi celo leto. \u017delite prihraniti na po\u010ditnicah, pri tem pa ne \u017eelite izpustiti do\u017eivetij, kot so izlet z [&hellip;]","og_url":"https:\/\/www.visitklagenfurt.at\/sl\/services\/woerthersee-pluscard\/","og_site_name":"visitklagenfurt","article_modified_time":"2025-09-30T12:49:02+00:00","og_image":[{"width":1080,"height":720,"url":"https:\/\/www.visitklagenfurt.at\/wp-content\/uploads\/2021\/02\/1834.jpg","type":"image\/jpeg"}],"twitter_card":"summary_large_image","twitter_misc":{"Est. reading time":"2 minuti"},"schema":{"@context":"https:\/\/schema.org","@graph":[{"@type":"WebPage","@id":"https:\/\/www.visitklagenfurt.at\/sl\/services\/woerthersee-pluscard\/","url":"https:\/\/www.visitklagenfurt.at\/sl\/services\/woerthersee-pluscard\/","name":"W\u00f6rthersee Plus Card | visitklagenfurt","isPartOf":{"@id":"https:\/\/www.visitklagenfurt.at\/sl\/#website"},"primaryImageOfPage":{"@id":"https:\/\/www.visitklagenfurt.at\/sl\/services\/woerthersee-pluscard\/#primaryimage"},"image":{"@id":"https:\/\/www.visitklagenfurt.at\/sl\/services\/woerthersee-pluscard\/#primaryimage"},"thumbnailUrl":"https:\/\/www.visitklagenfurt.at\/wp-content\/uploads\/2021\/02\/1834.jpg","datePublished":"2021-03-05T14:54:27+00:00","dateModified":"2025-09-30T12:49:02+00:00","breadcrumb":{"@id":"https:\/\/www.visitklagenfurt.at\/sl\/services\/woerthersee-pluscard\/#breadcrumb"},"inLanguage":"sl-SI","potentialAction":[{"@type":"ReadAction","target":["https:\/\/www.visitklagenfurt.at\/sl\/services\/woerthersee-pluscard\/"]}]},{"@type":"ImageObject","inLanguage":"sl-SI","@id":"https:\/\/www.visitklagenfurt.at\/sl\/services\/woerthersee-pluscard\/#primaryimage","url":"https:\/\/www.visitklagenfurt.at\/wp-content\/uploads\/2021\/02\/1834.jpg","contentUrl":"https:\/\/www.visitklagenfurt.at\/wp-content\/uploads\/2021\/02\/1834.jpg","width":1080,"height":720,"caption":"(c) K\u00e4rnten Werbung, Tine Steinthaler"},{"@type":"BreadcrumbList","@id":"https:\/\/www.visitklagenfurt.at\/sl\/services\/woerthersee-pluscard\/#breadcrumb","itemListElement":[{"@type":"ListItem","position":1,"name":"visitklagenfurt","item":"https:\/\/www.visitklagenfurt.at\/sl\/"},{"@type":"ListItem","position":2,"name":"Services","item":"https:\/\/www.visitklagenfurt.at\/sl\/services\/"},{"@type":"ListItem","position":3,"name":"W\u00f6rthersee Plus Card"}]},{"@type":"WebSite","@id":"https:\/\/www.visitklagenfurt.at\/sl\/#website","url":"https:\/\/www.visitklagenfurt.at\/sl\/","name":"visitklagenfurt","description":"","publisher":{"@id":"https:\/\/www.visitklagenfurt.at\/sl\/#organization"},"potentialAction":[{"@type":"SearchAction","target":{"@type":"EntryPoint","urlTemplate":"https:\/\/www.visitklagenfurt.at\/sl\/?s={search_term_string}"},"query-input":{"@type":"PropertyValueSpecification","valueRequired":true,"valueName":"search_term_string"}}],"inLanguage":"sl-SI"},{"@type":"Organization","@id":"https:\/\/www.visitklagenfurt.at\/sl\/#organization","name":"Tourismus Region Klagenfurt am W\u00f6rthersee GmbH","url":"https:\/\/www.visitklagenfurt.at\/sl\/","logo":{"@type":"ImageObject","inLanguage":"sl-SI","@id":"https:\/\/www.visitklagenfurt.at\/sl\/#\/schema\/logo\/image\/","url":"https:\/\/www.visitklagenfurt.at\/wp-content\/uploads\/2022\/03\/DT_K_Klagenfurt_S_RGB.png","contentUrl":"https:\/\/www.visitklagenfurt.at\/wp-content\/uploads\/2022\/03\/DT_K_Klagenfurt_S_RGB.png","width":2082,"height":1511,"caption":"Tourismus Region Klagenfurt am W\u00f6rthersee GmbH"},"image":{"@id":"https:\/\/www.visitklagenfurt.at\/sl\/#\/schema\/logo\/image\/"}}]}},"_links":{"self":[{"href":"https:\/\/www.visitklagenfurt.at\/sl\/wp-json\/wp\/v2\/pages\/10261","targetHints":{"allow":["GET"]}}],"collection":[{"href":"https:\/\/www.visitklagenfurt.at\/sl\/wp-json\/wp\/v2\/pages"}],"about":[{"href":"https:\/\/www.visitklagenfurt.at\/sl\/wp-json\/wp\/v2\/types\/page"}],"author":[{"embeddable":true,"href":"https:\/\/www.visitklagenfurt.at\/sl\/wp-json\/wp\/v2\/users\/2"}],"replies":[{"embeddable":true,"href":"https:\/\/www.visitklagenfurt.at\/sl\/wp-json\/wp\/v2\/comments?post=10261"}],"version-history":[{"count":20,"href":"https:\/\/www.visitklagenfurt.at\/sl\/wp-json\/wp\/v2\/pages\/10261\/revisions"}],"predecessor-version":[{"id":76943,"href":"https:\/\/www.visitklagenfurt.at\/sl\/wp-json\/wp\/v2\/pages\/10261\/revisions\/76943"}],"up":[{"embeddable":true,"href":"https:\/\/www.visitklagenfurt.at\/sl\/wp-json\/wp\/v2\/pages\/13159"}],"wp:featuredmedia":[{"embeddable":true,"href":"https:\/\/www.visitklagenfurt.at\/sl\/wp-json\/wp\/v2\/media\/7788"}],"wp:attachment":[{"href":"https:\/\/www.visitklagenfurt.at\/sl\/wp-json\/wp\/v2\/media?parent=10261"}],"wp:term":[{"taxonomy":"category","embeddable":true,"href":"https:\/\/www.visitklagenfurt.at\/sl\/wp-json\/wp\/v2\/categories?post=10261"},{"taxonomy":"post_tag","embeddable":true,"href":"https:\/\/www.visitklagenfurt.at\/sl\/wp-json\/wp\/v2\/tags?post=10261"},{"taxonomy":"seitentyp","embeddable":true,"href":"https:\/\/www.visitklagenfurt.at\/sl\/wp-json\/wp\/v2\/seitentyp?post=10261"}],"curies":[{"name":"wp","href":"https:\/\/api.w.org\/{rel}","templated":true}]}}