{"id":12335,"date":"2021-03-12T12:07:55","date_gmt":"2021-03-12T11:07:55","guid":{"rendered":"http:\/\/blog.visitklagenfurt.at\/online-booking\/"},"modified":"2021-03-24T15:22:19","modified_gmt":"2021-03-24T14:22:19","slug":"prenocisca","status":"publish","type":"page","link":"https:\/\/www.visitklagenfurt.at\/sl\/prenocisca\/","title":{"rendered":"Preno\u010di\u0161\u010da"},"content":{"rendered":"\t\t<div data-elementor-type=\"wp-page\" data-elementor-id=\"12335\" class=\"elementor elementor-12335 elementor-9002\" data-elementor-post-type=\"page\">\n\t\t\t\t\t\t<section class=\"elementor-section elementor-top-section elementor-element elementor-element-83b5949 elementor-section-full_width elementor-section-height-default elementor-section-height-default\" data-id=\"83b5949\" data-element_type=\"section\" data-e-type=\"section\">\n\t\t\t\t\t\t<div class=\"elementor-container elementor-column-gap-default\">\n\t\t\t\t\t<div class=\"elementor-column elementor-col-100 elementor-top-column elementor-element elementor-element-8c765b6\" data-id=\"8c765b6\" data-element_type=\"column\" data-e-type=\"column\">\n\t\t\t<div class=\"elementor-widget-wrap elementor-element-populated\">\n\t\t\t\t\t\t<div class=\"elementor-element elementor-element-4d49225 elementor-widget elementor-widget-html\" data-id=\"4d49225\" data-element_type=\"widget\" data-e-type=\"widget\" data-widget_type=\"html.default\">\n\t\t\t\t<div class=\"elementor-widget-container\">\n\t\t\t\t\t<!-- Element in das der TOSC5 geladen werden soll -->\r\n<div id=\"tosc5target\"><\/div>\r\n\r\n<!-- TOSC5 Implementation Anfang -->\r\n<script>\r\nvar tosc5_targetRoute = \"\/accommodations\";\r\nvar tosc5_lang = \"sl\";\r\n<\/script>\r\n<script src=\"\/wp-content\/feratel\/tosc5_acco.js\"><\/script>\r\n    \r\n<script async src=\"https:\/\/resc.deskline.net\/DW5\/start\/KLAGENFURT\/fa68e3d3-6f70-4ffe-ab95-d47508bf255a\/index.js\"><\/script>\r\n<!-- TOSC5 Implementation Ende -->\r\n\r\n\r\n<!-- TOSC5 Schnellsuche auf Detailseite Anfang  <script src=\"\/templates\/tz_okno\/js\/tosc5_extdetailcall.js\"><\/script>-->\r\n<script>\r\n    \/\/ TOSC5 Schnellsuche auf Detailseite\r\n\r\n\/\/ (partial) polyfil: https:\/\/stackoverflow.com\/questions\/45758837\/script5009-urlsearchparams-is-undefined-in-ie-11\r\n(function (w) {\r\nconsole.log(\"tosc5_extdetailcall.js - function w\");\r\n    w.URLSearchParams = w.URLSearchParams || function (searchString) {\r\n        var self = this;\r\n        self.searchString = searchString;\r\n        self.get = function (name) {\r\n            var results = new RegExp('[\\?&]' + name + '=([^&#]*)').exec(self.searchString);\r\n            if (results == null) {\r\n                return null;\r\n            }\r\n            else {\r\n                return decodeURIComponent(results[1]) || 0;\r\n            }\r\n        };\r\n    }\r\n})(window);\r\n\r\njQuery(function () {\r\n    let tosc5_guestdata_ls = localStorage.getItem('n4u_tosc5_extdetailcall');\r\nconsole.log(\"tosc5_extdetailcall.js - tosc5_guestdata_ls: \", tosc5_guestdata_ls);\r\n    \r\n    let uuidmatches = window.location.href.match(\/\\\/[0-9a-fA-F]{8}-[0-9a-fA-F]{4}-[0-5][0-9a-fA-F]{3}-[089abAB][0-9a-fA-F]{3}-[0-9a-fA-F]{12}\\\/\/);\r\nconsole.log(\"tosc5_extdetailcall.js - uuidmatches: \", uuidmatches);\r\n    let vermieterid = 0;\r\n    if(uuidmatches !== null && uuidmatches.length > 0)\r\n      vermieterid = uuidmatches[0].slice(1,-1);\r\nconsole.log(\"tosc5_extdetailcall.js - vermieterid: \", vermieterid);\r\n    let searchParams = new URLSearchParams(window.location.search);\r\n    \r\n    let extdetailcall = searchParams.has(\"extdetailcall\");\r\n    let dateFrom = new Date(searchParams.get(\"dateFrom\"));\r\n    let dateTo = new Date(searchParams.get(\"dateTo\"));\r\n    let units = searchParams.get(\"units\");\r\n    units = 1;\r\n    let adults = searchParams.get(\"adults\");\r\n    let children = new Array();\r\n    if(searchParams.has(\"children1age\")) children.push(searchParams.get(\"children1age\"));\r\n    if(searchParams.has(\"children2age\")) children.push(searchParams.get(\"children2age\"));\r\n    if(searchParams.has(\"children3age\")) children.push(searchParams.get(\"children3age\"));\r\n    if(searchParams.has(\"children4age\")) children.push(searchParams.get(\"children4age\"));\r\n    if(searchParams.has(\"children5age\")) children.push(searchParams.get(\"children5age\"));\r\n    if(searchParams.has(\"children6age\")) children.push(searchParams.get(\"children6age\"));\r\n    \r\n    if(searchParams.has('extdetailcall')) {\r\n      tosc5_guestdata = {\r\n        dateFrom:dateFrom, \r\n        dateTo:dateTo,\r\n        occupancy1:{\r\n          units:units,\r\n          adults:adults,\r\n          children:children\r\n        },\r\n        \/\/Datenbankcode (3-stellig, Sichtbar in der URL der Detailseite eines Betriebs)\r\n        dbCode:'KTN', \r\n        \/\/ID des Vermieters (Sichtbar in der URL der Detailseite eines Betriebs)\r\n        id:vermieterid\r\n      };\r\n\/\/      localStorage.removeItem('n4u_tosc5_extdetailcall');\r\n      localStorage.setItem('n4u_tosc5_extdetailcall', JSON.stringify(tosc5_guestdata));\r\n    } else if(tosc5_guestdata_ls !== null) {\r\n      tosc5_guestdata = JSON.parse(tosc5_guestdata_ls);\r\n    }\r\n    \r\nconsole.log(\"tosc5_extdetailcall.js - tosc5_guestdata: \", tosc5_guestdata);\r\n    if(tosc5_guestdata !== null) {\r\n      let uuidcorrect = tosc5_guestdata.id.match(\/[0-9a-fA-F]{8}-[0-9a-fA-F]{4}-[0-5][0-9a-fA-F]{3}-[089abAB][0-9a-fA-F]{3}-[0-9a-fA-F]{12}\/);\r\nconsole.log(\"tosc5_extdetailcall.js - uuidcorrect: \", uuidcorrect);\r\n      if(uuidcorrect !== null && uuidcorrect.length > 0) {\r\n        window.setTimeout(function() {\r\nconsole.log(\"tosc5_extdetailcall.js - setTimeout tosc5_guestdata: \", tosc5_guestdata);\r\n          dw.accommodationDetailQuickFind(\r\n          \/\/ LocalStorageID: \u00dcblicherweise der Linkkey. Diesen k\u00f6nnen Sie gerne bei ihrem Servicecenter anfragen.\r\n          'klagenfurt',\r\n          \/\/ Gastdaten\r\n          tosc5_guestdata);\r\n        }, 1000);\r\n      }\r\n    }\r\n});\r\n    \r\n    \r\n<\/script>\r\n<!-- TOSC5 Schnellsuche auf Detailseite Ende -->\t\t\t\t<\/div>\n\t\t\t\t<\/div>\n\t\t\t\t\t<\/div>\n\t\t<\/div>\n\t\t\t\t\t<\/div>\n\t\t<\/section>\n\t\t\t\t<\/div>\n\t\t","protected":false},"excerpt":{"rendered":"","protected":false},"author":2,"featured_media":0,"parent":0,"menu_order":0,"comment_status":"closed","ping_status":"closed","template":"elementor_header_footer","meta":{"footnotes":""},"categories":[],"tags":[],"seitentyp":[],"class_list":["post-12335","page","type-page","status-publish","hentry"],"yoast_head":"<!-- This site is optimized with the Yoast SEO plugin v27.3 - https:\/\/yoast.com\/product\/yoast-seo-wordpress\/ -->\n<title>Preno\u010di\u0161\u010da | visitklagenfurt<\/title>\n<meta name=\"robots\" content=\"index, follow, max-snippet:-1, max-image-preview:large, max-video-preview:-1\" \/>\n<link rel=\"canonical\" href=\"https:\/\/www.visitklagenfurt.at\/sl\/prenocisca\/\" \/>\n<meta property=\"og:locale\" content=\"sl_SI\" \/>\n<meta property=\"og:type\" content=\"article\" \/>\n<meta property=\"og:title\" content=\"Preno\u010di\u0161\u010da | visitklagenfurt\" \/>\n<meta property=\"og:url\" content=\"https:\/\/www.visitklagenfurt.at\/sl\/prenocisca\/\" \/>\n<meta property=\"og:site_name\" content=\"visitklagenfurt\" \/>\n<meta property=\"article:modified_time\" content=\"2021-03-24T14:22:19+00:00\" \/>\n<meta name=\"twitter:card\" content=\"summary_large_image\" \/>\n<meta name=\"twitter:label1\" content=\"Est. reading time\" \/>\n\t<meta name=\"twitter:data1\" content=\"2 minuti\" \/>\n<script type=\"application\/ld+json\" class=\"yoast-schema-graph\">{\"@context\":\"https:\\\/\\\/schema.org\",\"@graph\":[{\"@type\":\"WebPage\",\"@id\":\"https:\\\/\\\/www.visitklagenfurt.at\\\/sl\\\/prenocisca\\\/\",\"url\":\"https:\\\/\\\/www.visitklagenfurt.at\\\/sl\\\/prenocisca\\\/\",\"name\":\"Preno\u010di\u0161\u010da | visitklagenfurt\",\"isPartOf\":{\"@id\":\"https:\\\/\\\/www.visitklagenfurt.at\\\/sl\\\/#website\"},\"datePublished\":\"2021-03-12T11:07:55+00:00\",\"dateModified\":\"2021-03-24T14:22:19+00:00\",\"breadcrumb\":{\"@id\":\"https:\\\/\\\/www.visitklagenfurt.at\\\/sl\\\/prenocisca\\\/#breadcrumb\"},\"inLanguage\":\"sl-SI\",\"potentialAction\":[{\"@type\":\"ReadAction\",\"target\":[\"https:\\\/\\\/www.visitklagenfurt.at\\\/sl\\\/prenocisca\\\/\"]}]},{\"@type\":\"BreadcrumbList\",\"@id\":\"https:\\\/\\\/www.visitklagenfurt.at\\\/sl\\\/prenocisca\\\/#breadcrumb\",\"itemListElement\":[{\"@type\":\"ListItem\",\"position\":1,\"name\":\"visitklagenfurt\",\"item\":\"https:\\\/\\\/www.visitklagenfurt.at\\\/sl\\\/\"},{\"@type\":\"ListItem\",\"position\":2,\"name\":\"Preno\u010di\u0161\u010da\"}]},{\"@type\":\"WebSite\",\"@id\":\"https:\\\/\\\/www.visitklagenfurt.at\\\/sl\\\/#website\",\"url\":\"https:\\\/\\\/www.visitklagenfurt.at\\\/sl\\\/\",\"name\":\"visitklagenfurt\",\"description\":\"\",\"publisher\":{\"@id\":\"https:\\\/\\\/www.visitklagenfurt.at\\\/sl\\\/#organization\"},\"potentialAction\":[{\"@type\":\"SearchAction\",\"target\":{\"@type\":\"EntryPoint\",\"urlTemplate\":\"https:\\\/\\\/www.visitklagenfurt.at\\\/sl\\\/?s={search_term_string}\"},\"query-input\":{\"@type\":\"PropertyValueSpecification\",\"valueRequired\":true,\"valueName\":\"search_term_string\"}}],\"inLanguage\":\"sl-SI\"},{\"@type\":\"Organization\",\"@id\":\"https:\\\/\\\/www.visitklagenfurt.at\\\/sl\\\/#organization\",\"name\":\"Tourismus Region Klagenfurt am W\u00f6rthersee GmbH\",\"url\":\"https:\\\/\\\/www.visitklagenfurt.at\\\/sl\\\/\",\"logo\":{\"@type\":\"ImageObject\",\"inLanguage\":\"sl-SI\",\"@id\":\"https:\\\/\\\/www.visitklagenfurt.at\\\/sl\\\/#\\\/schema\\\/logo\\\/image\\\/\",\"url\":\"https:\\\/\\\/www.visitklagenfurt.at\\\/wp-content\\\/uploads\\\/2022\\\/03\\\/DT_K_Klagenfurt_S_RGB.png\",\"contentUrl\":\"https:\\\/\\\/www.visitklagenfurt.at\\\/wp-content\\\/uploads\\\/2022\\\/03\\\/DT_K_Klagenfurt_S_RGB.png\",\"width\":2082,\"height\":1511,\"caption\":\"Tourismus Region Klagenfurt am W\u00f6rthersee GmbH\"},\"image\":{\"@id\":\"https:\\\/\\\/www.visitklagenfurt.at\\\/sl\\\/#\\\/schema\\\/logo\\\/image\\\/\"}}]}<\/script>\n<!-- \/ Yoast SEO plugin. -->","yoast_head_json":{"title":"Preno\u010di\u0161\u010da | visitklagenfurt","robots":{"index":"index","follow":"follow","max-snippet":"max-snippet:-1","max-image-preview":"max-image-preview:large","max-video-preview":"max-video-preview:-1"},"canonical":"https:\/\/www.visitklagenfurt.at\/sl\/prenocisca\/","og_locale":"sl_SI","og_type":"article","og_title":"Preno\u010di\u0161\u010da | visitklagenfurt","og_url":"https:\/\/www.visitklagenfurt.at\/sl\/prenocisca\/","og_site_name":"visitklagenfurt","article_modified_time":"2021-03-24T14:22:19+00:00","twitter_card":"summary_large_image","twitter_misc":{"Est. reading time":"2 minuti"},"schema":{"@context":"https:\/\/schema.org","@graph":[{"@type":"WebPage","@id":"https:\/\/www.visitklagenfurt.at\/sl\/prenocisca\/","url":"https:\/\/www.visitklagenfurt.at\/sl\/prenocisca\/","name":"Preno\u010di\u0161\u010da | visitklagenfurt","isPartOf":{"@id":"https:\/\/www.visitklagenfurt.at\/sl\/#website"},"datePublished":"2021-03-12T11:07:55+00:00","dateModified":"2021-03-24T14:22:19+00:00","breadcrumb":{"@id":"https:\/\/www.visitklagenfurt.at\/sl\/prenocisca\/#breadcrumb"},"inLanguage":"sl-SI","potentialAction":[{"@type":"ReadAction","target":["https:\/\/www.visitklagenfurt.at\/sl\/prenocisca\/"]}]},{"@type":"BreadcrumbList","@id":"https:\/\/www.visitklagenfurt.at\/sl\/prenocisca\/#breadcrumb","itemListElement":[{"@type":"ListItem","position":1,"name":"visitklagenfurt","item":"https:\/\/www.visitklagenfurt.at\/sl\/"},{"@type":"ListItem","position":2,"name":"Preno\u010di\u0161\u010da"}]},{"@type":"WebSite","@id":"https:\/\/www.visitklagenfurt.at\/sl\/#website","url":"https:\/\/www.visitklagenfurt.at\/sl\/","name":"visitklagenfurt","description":"","publisher":{"@id":"https:\/\/www.visitklagenfurt.at\/sl\/#organization"},"potentialAction":[{"@type":"SearchAction","target":{"@type":"EntryPoint","urlTemplate":"https:\/\/www.visitklagenfurt.at\/sl\/?s={search_term_string}"},"query-input":{"@type":"PropertyValueSpecification","valueRequired":true,"valueName":"search_term_string"}}],"inLanguage":"sl-SI"},{"@type":"Organization","@id":"https:\/\/www.visitklagenfurt.at\/sl\/#organization","name":"Tourismus Region Klagenfurt am W\u00f6rthersee GmbH","url":"https:\/\/www.visitklagenfurt.at\/sl\/","logo":{"@type":"ImageObject","inLanguage":"sl-SI","@id":"https:\/\/www.visitklagenfurt.at\/sl\/#\/schema\/logo\/image\/","url":"https:\/\/www.visitklagenfurt.at\/wp-content\/uploads\/2022\/03\/DT_K_Klagenfurt_S_RGB.png","contentUrl":"https:\/\/www.visitklagenfurt.at\/wp-content\/uploads\/2022\/03\/DT_K_Klagenfurt_S_RGB.png","width":2082,"height":1511,"caption":"Tourismus Region Klagenfurt am W\u00f6rthersee GmbH"},"image":{"@id":"https:\/\/www.visitklagenfurt.at\/sl\/#\/schema\/logo\/image\/"}}]}},"_links":{"self":[{"href":"https:\/\/www.visitklagenfurt.at\/sl\/wp-json\/wp\/v2\/pages\/12335","targetHints":{"allow":["GET"]}}],"collection":[{"href":"https:\/\/www.visitklagenfurt.at\/sl\/wp-json\/wp\/v2\/pages"}],"about":[{"href":"https:\/\/www.visitklagenfurt.at\/sl\/wp-json\/wp\/v2\/types\/page"}],"author":[{"embeddable":true,"href":"https:\/\/www.visitklagenfurt.at\/sl\/wp-json\/wp\/v2\/users\/2"}],"replies":[{"embeddable":true,"href":"https:\/\/www.visitklagenfurt.at\/sl\/wp-json\/wp\/v2\/comments?post=12335"}],"version-history":[{"count":11,"href":"https:\/\/www.visitklagenfurt.at\/sl\/wp-json\/wp\/v2\/pages\/12335\/revisions"}],"predecessor-version":[{"id":15258,"href":"https:\/\/www.visitklagenfurt.at\/sl\/wp-json\/wp\/v2\/pages\/12335\/revisions\/15258"}],"wp:attachment":[{"href":"https:\/\/www.visitklagenfurt.at\/sl\/wp-json\/wp\/v2\/media?parent=12335"}],"wp:term":[{"taxonomy":"category","embeddable":true,"href":"https:\/\/www.visitklagenfurt.at\/sl\/wp-json\/wp\/v2\/categories?post=12335"},{"taxonomy":"post_tag","embeddable":true,"href":"https:\/\/www.visitklagenfurt.at\/sl\/wp-json\/wp\/v2\/tags?post=12335"},{"taxonomy":"seitentyp","embeddable":true,"href":"https:\/\/www.visitklagenfurt.at\/sl\/wp-json\/wp\/v2\/seitentyp?post=12335"}],"curies":[{"name":"wp","href":"https:\/\/api.w.org\/{rel}","templated":true}]}}