{"id":12965,"date":"2021-03-13T18:28:19","date_gmt":"2021-03-13T17:28:19","guid":{"rendered":"http:\/\/blog.visitklagenfurt.at\/?page_id=12965"},"modified":"2021-03-19T17:04:03","modified_gmt":"2021-03-19T16:04:03","slug":"kolofon","status":"publish","type":"page","link":"https:\/\/www.visitklagenfurt.at\/sl\/kolofon\/","title":{"rendered":"Kolofon"},"content":{"rendered":"\n<h2 class=\"wp-block-heading\">Copyright<\/h2>\n\n\n\n<p>Tourismus Region Klagenfurt am W\u00f6rthersee GmbH&nbsp;<\/p>\n\n\n\n<h2 class=\"wp-block-heading\"><br>Content &amp; Editorial Responsibility<\/h2>\n\n\n\n<p>Tourismus Region Klagenfurt am W\u00f6rthersee GmbH<br>Neuer Platz 5<br>A-9020 Klagenfurt am W\u00f6rthersee<br>\u00d6sterreich\/Austria<br>T: +43 463 287 463<br>F: +43 463 287 463 33<br>E:&nbsp;<a href=\"mailto:info@visitklagenfurt.at\" target=\"_blank\" rel=\"noreferrer noopener\">info@visitklagenfurt.at<\/a><br>W:&nbsp;<a href=\"https:\/\/www.visitklagenfurt.at\/\" target=\"_blank\" rel=\"noreferrer noopener\">http:\/\/www.visitklagenfurt.at<\/a><\/p>\n\n\n\n<p>Commercial Registry No.: FN 384373f<br>UID (sales tax) No.: ATU 67484705<br>Responsible Chamber: Wirtschaftskammer K\u00e4rnten<br>Commercial Jurisdiction: Klagenfurt am W\u00f6rthersee<br>Authority &#8211; ECG (E-Commerce law): Magistrate of the city of Klagenfurt<\/p>\n\n\n\n<p><strong>Credits Landingpage: \u201edigital-nomads-klagenfurt\u201c:<\/strong><\/p>\n\n\n\n<figure class=\"wp-block-embed\"><div class=\"wp-block-embed__wrapper\">\nhttps:\/\/www.visitklagenfurt.at\/en\/digital-nomads-klagenfurt.html\n<\/div><\/figure>\n\n\n\n<p>Female person with laptop by the lake, Hero Section: zphoto83, Adobe Stock, File Number: 163822761<br>Bild-Text-Box mit dem Titel \u201eHotels\u201c: Alter Platz: Franz Gerdl<br>Bild-Text-Box mit dem Titel \u201eCoworking, Pop-up-Store and Machine Park for rent\u201c: Envato Elements, bialasiewicz<br>Bild-Text-Box mit dem Titel \u201eOn-site Business Service\u201c: Junge Wirtschaft K\u00e4rnten, Photographer: Alexander Wieselthaler<br>Bild-Text-Box mit dem Titel \u201eNetworking and Events\u201c: Envato Elements, monkeybusiness<br>Bild-Text-Box mit dem Titel \u201eSightseeing\u201c: Franz Gerdl<br>Bild-Text-Box mit dem Titel \u201eLong-term Settlement\u201c: Business Service \/ Daniel Waschnig<br>Success story Christiane Holzinger: Anja Koppitsch<br>Headset, Contact support: party people studio, Adobe Stock, File Number: 294020624<\/p>\n\n\n\n<figure class=\"wp-block-embed\"><div class=\"wp-block-embed__wrapper\">\nhttps:\/\/www.visitklagenfurt.at\/en\/digital-nomads-klagenfurt\/on-site-business-support-service.html\n<\/div><\/figure>\n\n\n\n<p>Team sitting at the table, Hero Section: Junge Wirtschaft K\u00e4rnten, Photographer: Alexander Wieselthaler<\/p>\n\n\n\n<figure class=\"wp-block-embed\"><div class=\"wp-block-embed__wrapper\">\nhttps:\/\/www.visitklagenfurt.at\/en\/digital-nomads-klagenfurt\/networking.html\n<\/div><\/figure>\n\n\n\n<p>Hero Section: Envato Elements, monkeybusiness<br>Bild-Text-Box mit dem Titel \u201eJunge Wirtschaft Klagenfurt\u201c: Junge Wirtschaft Klagenfurt<br>Bild-Text-Box mit dem Titel \u201ebuild! Gr\u00fcnderzentrum\u201c: build! Gr\u00fcnderzentrum<br>Bild-Text-Box mit dem Titel \u201eHafen11\u201c: Helga Rader<br>Bild-Text-Box mit dem Titel \u201eChange The Box\u201c: alphaspirit, Adobe Stock, File Number: 289107607<br>Bild-Text-Box mit dem Titel \u201eKardinalviertel\u201c: Viertelagentur-Kardinalviertel, Er\u00f6ffnung Popup Jugend am Werk Juli 2019&nbsp;<\/p>\n\n\n\n<figure class=\"wp-block-embed\"><div class=\"wp-block-embed__wrapper\">\nhttps:\/\/www.visitklagenfurt.at\/en\/digital-nomads-klagenfurt\/co-working.html\n<\/div><\/figure>\n\n\n\n<p>Hero Section: Envato Elements, bialasiewicz<br>BUSINESSBEACH: Arnold P\u00f6schl Photography<br>Hafen11: Hafen11<br>Leuchtturm: Leuchtturm CoWorking\/Level1 GmbH<br>MAKERSPACE Carinthia: MAKERSPACE Carinthia\/Ozzy Images<br>Anlegestelle: Arnold P\u00f6schl Photography<br>Hafenstadt: Lukas Lenhardt<br>Business Campus Ehrenhausen: fotofelsch<br>Pop-up-Store Bahnhofstra\u00dfe:LPD Carinthia\/Office LHStv.in Schaunig<br>Pop-up-Store Kardinalviertel: Viertelagentur-Kardinalviertel, Er\u00f6ffnung Popup Jugend am Werk Juli 2019&nbsp;<\/p>\n\n\n\n<figure class=\"wp-block-embed\"><div class=\"wp-block-embed__wrapper\">\nhttps:\/\/www.visitklagenfurt.at\/en\/digital-nomads-klagenfurt\/essentials.html\n<\/div><\/figure>\n\n\n\n<p>Team, Hero Section: Junge Wirtschaft K\u00e4rnten, Photographer: Alexander Wieselthaler<\/p>\n\n\n\n<figure class=\"wp-block-embed\"><div class=\"wp-block-embed__wrapper\">\nhttps:\/\/www.visitklagenfurt.at\/en\/digital-nomads-klagenfurt\/press.html\n<\/div><\/figure>\n\n\n\n<p>Mag. Christiane Holzinger: Anja Koppitsch<br>Adi Kulterer: Helge Bauer<br>Logo: progressio OG, www.progressio.co.at<br>Cover picture: Junge Wirtschaft, Photographer: Alexander Wieselthaler<\/p>\n\n\n\n<p><strong>Leporello: \u201edigital-nomads-klagenfurt\u201c:<\/strong>&nbsp;<\/p>\n\n\n\n<p>Weibliche Person am See mit Laptop, Adobe Stock, Datei-Nr.: 163822761<\/p>\n\n\n\n<p>Lebenslust zwischen Arbeitsalltag und See. StadtPresse Klagenfurt &#8211; Horst<br><br>BUSINESSBEACH: Arnold P\u00f6schl Photography<br>Hafen11: Hafen11<br>Leuchtturm: Leuchtturm CoWorking\/Level1 GmbH<br>MAKERSPACE Carinthia: MAKERSPACE Carinthia\/Ozzy Images<br>Anlegestelle: Arnold P\u00f6schl Photography<br>Hafenstadt: Lukas Lenhardt<br>Business Campus Ehrenhausen: fotofelsch<br>Pop-up-Store Bahnhofstra\u00dfe:LPD K\u00e4rnten\/B\u00fcro LHStv.in Schaunig<br>Pop-up-Store Kardinalviertel: Viertelagentur-Kardinalviertel, Er\u00f6ffnung Popup Jugend am Werk Juli 2019<\/p>\n\n\n\n<p>Erfolgsstory Christiane Holzinger: Anja Koppitsch<\/p>\n\n\n\n<h2 class=\"wp-block-heading\">Web<\/h2>\n\n\n\n<p>Net4You Internet GmbH<br>Tirolerstrasse 80<br>9500 Villach<\/p>\n\n\n\n<p>+43 4242 5005<br>+43 4242 5005 5<br><a href=\"mailto:office@net4you.net\" target=\"_blank\" rel=\"noreferrer noopener\">office@net4you.net<\/a><br><a href=\"http:\/\/www.net4you.net\/\" target=\"_blank\" rel=\"noreferrer noopener\">www.net4you.net<\/a><\/p>\n\n\n\n<h2 class=\"wp-block-heading\"><br>Layout<\/h2>\n\n\n\n<p>progressio OG<br>Lakeside B 01<br>9020 Klagenfurt, AUSTRIA&nbsp;<br>+43 (0)664 75080086<br><a href=\"mailto:gerhard.rattenegger@progressio.co.at\" target=\"_blank\" rel=\"noreferrer noopener\"><\/a><a href=\"mailto:gerhard.rattenegger@progressio.co.at\">gerhard.rattenegger@progressio.co.at<\/a><br><a href=\"http:\/\/www.progressio.co.at\/\" target=\"_blank\" rel=\"noreferrer noopener\">www.progressio.co.at<\/a><\/p>\n\n\n\n<h2 class=\"wp-block-heading\"><br>Shop<\/h2>\n\n\n\n<p>feratel media technologies AG<br>Moritschstra\u00dfe 2\/IV<br>9500 Villach, AUSTRIA<\/p>\n\n\n\n<p>Telefon: +43 4242 216565-0 \u00b7<br>Fax: +43 4242 216565-65<br>E-Mail:&nbsp;<a href=\"mailto:info@feratel.at\">info@feratel.at<\/a>Web:&nbsp;<a href=\"https:\/\/www.feratel.at\/\">www.feratel.at<\/a><\/p>\n\n\n\n<h2 class=\"wp-block-heading\"><br>Disclosure in compliance with \u00a725 of the Media Act<\/h2>\n\n\n\n<p>Under the Internet address www.visitklagenfurt.at, Tourismus Region Klagenfurt am W\u00f6rthersee GmbH provides information about the Klagenfurt Tourism Region (consisting of the following areas: the city of Klagenfurt am W\u00f6rthersee as well as the market towns of Ebenthal in K\u00e4rnten, Grafenstein, Maria Saal and Poggersdorf) and its tourism infrastructure, as well as tourism-related offers and events.<\/p>\n\n\n\n<h2 class=\"wp-block-heading\"><br>Media Owner and Publisher<\/h2>\n\n\n\n<p>Tourismus Region Klagenfurt am W\u00f6rthersee GmbH<br>Neuer Platz 5<br>A-9020 Klagenfurt am W\u00f6rthersee<br>\u00d6sterreich\/Austria<br>T: +43 463 287 463<br>F: +43 463 287 463 33<br>E:&nbsp;<a href=\"mailto:info@visitklagenfurt.at\" target=\"_blank\" rel=\"noreferrer noopener\">info@visitklagenfurt.at<\/a><br>W:&nbsp;<a href=\"https:\/\/www.visitklagenfurt.at\/\" target=\"_blank\" rel=\"noreferrer noopener\">http:\/\/www.visitklagenfurt.at<\/a><\/p>\n\n\n\n<p>Commercial Registry No.: FN 384373f<br>UID (sales tax) No.: ATU 67484705<br>Responsible Chamber: Wirtschaftskammer K\u00e4rnten<br>Commercial Jurisdiction: Klagenfurt am W\u00f6rthersee<br>Authority &#8211; ECG (E-Commerce law): Magistrate of the city of Klagenfurt<\/p>\n","protected":false},"excerpt":{"rendered":"<p>Copyright Tourismus Region Klagenfurt am W\u00f6rthersee GmbH&nbsp; Content &amp; Editorial Responsibility Tourismus Region Klagenfurt am W\u00f6rthersee GmbHNeuer Platz 5A-9020 Klagenfurt am W\u00f6rthersee\u00d6sterreich\/AustriaT: +43 463 287 463F: +43 463 287 463 33E:&nbsp;info@visitklagenfurt.atW:&nbsp;http:\/\/www.visitklagenfurt.at Commercial Registry No.: FN 384373fUID (sales tax) No.: ATU 67484705Responsible Chamber: Wirtschaftskammer K\u00e4rntenCommercial Jurisdiction: Klagenfurt am W\u00f6rtherseeAuthority &#8211; ECG (E-Commerce law): Magistrate of the [&hellip;]<\/p>\n","protected":false},"author":2,"featured_media":0,"parent":0,"menu_order":0,"comment_status":"closed","ping_status":"closed","template":"","meta":{"footnotes":""},"categories":[],"tags":[],"seitentyp":[],"class_list":["post-12965","page","type-page","status-publish","hentry"],"yoast_head":"<!-- This site is optimized with the Yoast SEO plugin v27.3 - https:\/\/yoast.com\/product\/yoast-seo-wordpress\/ -->\n<title>Kolofon | visitklagenfurt<\/title>\n<meta name=\"robots\" content=\"index, follow, max-snippet:-1, max-image-preview:large, max-video-preview:-1\" \/>\n<link rel=\"canonical\" href=\"https:\/\/www.visitklagenfurt.at\/sl\/kolofon\/\" \/>\n<meta property=\"og:locale\" content=\"sl_SI\" \/>\n<meta property=\"og:type\" content=\"article\" \/>\n<meta property=\"og:title\" content=\"Kolofon | visitklagenfurt\" \/>\n<meta property=\"og:description\" content=\"Copyright Tourismus Region Klagenfurt am W\u00f6rthersee GmbH&nbsp; Content &amp; Editorial Responsibility Tourismus Region Klagenfurt am W\u00f6rthersee GmbHNeuer Platz 5A-9020 Klagenfurt am W\u00f6rthersee\u00d6sterreich\/AustriaT: +43 463 287 463F: +43 463 287 463 33E:&nbsp;info@visitklagenfurt.atW:&nbsp;http:\/\/www.visitklagenfurt.at Commercial Registry No.: FN 384373fUID (sales tax) No.: ATU 67484705Responsible Chamber: Wirtschaftskammer K\u00e4rntenCommercial Jurisdiction: Klagenfurt am W\u00f6rtherseeAuthority &#8211; ECG (E-Commerce law): Magistrate of the [&hellip;]\" \/>\n<meta property=\"og:url\" content=\"https:\/\/www.visitklagenfurt.at\/sl\/kolofon\/\" \/>\n<meta property=\"og:site_name\" content=\"visitklagenfurt\" \/>\n<meta property=\"article:modified_time\" content=\"2021-03-19T16:04:03+00:00\" \/>\n<meta name=\"twitter:card\" content=\"summary_large_image\" \/>\n<meta name=\"twitter:label1\" content=\"Est. reading time\" \/>\n\t<meta name=\"twitter:data1\" content=\"3 minute\" \/>\n<script type=\"application\/ld+json\" class=\"yoast-schema-graph\">{\"@context\":\"https:\\\/\\\/schema.org\",\"@graph\":[{\"@type\":\"WebPage\",\"@id\":\"https:\\\/\\\/www.visitklagenfurt.at\\\/sl\\\/kolofon\\\/\",\"url\":\"https:\\\/\\\/www.visitklagenfurt.at\\\/sl\\\/kolofon\\\/\",\"name\":\"Kolofon | visitklagenfurt\",\"isPartOf\":{\"@id\":\"https:\\\/\\\/www.visitklagenfurt.at\\\/sl\\\/#website\"},\"datePublished\":\"2021-03-13T17:28:19+00:00\",\"dateModified\":\"2021-03-19T16:04:03+00:00\",\"breadcrumb\":{\"@id\":\"https:\\\/\\\/www.visitklagenfurt.at\\\/sl\\\/kolofon\\\/#breadcrumb\"},\"inLanguage\":\"sl-SI\",\"potentialAction\":[{\"@type\":\"ReadAction\",\"target\":[\"https:\\\/\\\/www.visitklagenfurt.at\\\/sl\\\/kolofon\\\/\"]}]},{\"@type\":\"BreadcrumbList\",\"@id\":\"https:\\\/\\\/www.visitklagenfurt.at\\\/sl\\\/kolofon\\\/#breadcrumb\",\"itemListElement\":[{\"@type\":\"ListItem\",\"position\":1,\"name\":\"visitklagenfurt\",\"item\":\"https:\\\/\\\/www.visitklagenfurt.at\\\/sl\\\/\"},{\"@type\":\"ListItem\",\"position\":2,\"name\":\"Kolofon\"}]},{\"@type\":\"WebSite\",\"@id\":\"https:\\\/\\\/www.visitklagenfurt.at\\\/sl\\\/#website\",\"url\":\"https:\\\/\\\/www.visitklagenfurt.at\\\/sl\\\/\",\"name\":\"visitklagenfurt\",\"description\":\"\",\"publisher\":{\"@id\":\"https:\\\/\\\/www.visitklagenfurt.at\\\/sl\\\/#organization\"},\"potentialAction\":[{\"@type\":\"SearchAction\",\"target\":{\"@type\":\"EntryPoint\",\"urlTemplate\":\"https:\\\/\\\/www.visitklagenfurt.at\\\/sl\\\/?s={search_term_string}\"},\"query-input\":{\"@type\":\"PropertyValueSpecification\",\"valueRequired\":true,\"valueName\":\"search_term_string\"}}],\"inLanguage\":\"sl-SI\"},{\"@type\":\"Organization\",\"@id\":\"https:\\\/\\\/www.visitklagenfurt.at\\\/sl\\\/#organization\",\"name\":\"Tourismus Region Klagenfurt am W\u00f6rthersee GmbH\",\"url\":\"https:\\\/\\\/www.visitklagenfurt.at\\\/sl\\\/\",\"logo\":{\"@type\":\"ImageObject\",\"inLanguage\":\"sl-SI\",\"@id\":\"https:\\\/\\\/www.visitklagenfurt.at\\\/sl\\\/#\\\/schema\\\/logo\\\/image\\\/\",\"url\":\"https:\\\/\\\/www.visitklagenfurt.at\\\/wp-content\\\/uploads\\\/2022\\\/03\\\/DT_K_Klagenfurt_S_RGB.png\",\"contentUrl\":\"https:\\\/\\\/www.visitklagenfurt.at\\\/wp-content\\\/uploads\\\/2022\\\/03\\\/DT_K_Klagenfurt_S_RGB.png\",\"width\":2082,\"height\":1511,\"caption\":\"Tourismus Region Klagenfurt am W\u00f6rthersee GmbH\"},\"image\":{\"@id\":\"https:\\\/\\\/www.visitklagenfurt.at\\\/sl\\\/#\\\/schema\\\/logo\\\/image\\\/\"}}]}<\/script>\n<!-- \/ Yoast SEO plugin. -->","yoast_head_json":{"title":"Kolofon | visitklagenfurt","robots":{"index":"index","follow":"follow","max-snippet":"max-snippet:-1","max-image-preview":"max-image-preview:large","max-video-preview":"max-video-preview:-1"},"canonical":"https:\/\/www.visitklagenfurt.at\/sl\/kolofon\/","og_locale":"sl_SI","og_type":"article","og_title":"Kolofon | visitklagenfurt","og_description":"Copyright Tourismus Region Klagenfurt am W\u00f6rthersee GmbH&nbsp; Content &amp; Editorial Responsibility Tourismus Region Klagenfurt am W\u00f6rthersee GmbHNeuer Platz 5A-9020 Klagenfurt am W\u00f6rthersee\u00d6sterreich\/AustriaT: +43 463 287 463F: +43 463 287 463 33E:&nbsp;info@visitklagenfurt.atW:&nbsp;http:\/\/www.visitklagenfurt.at Commercial Registry No.: FN 384373fUID (sales tax) No.: ATU 67484705Responsible Chamber: Wirtschaftskammer K\u00e4rntenCommercial Jurisdiction: Klagenfurt am W\u00f6rtherseeAuthority &#8211; ECG (E-Commerce law): Magistrate of the [&hellip;]","og_url":"https:\/\/www.visitklagenfurt.at\/sl\/kolofon\/","og_site_name":"visitklagenfurt","article_modified_time":"2021-03-19T16:04:03+00:00","twitter_card":"summary_large_image","twitter_misc":{"Est. reading time":"3 minute"},"schema":{"@context":"https:\/\/schema.org","@graph":[{"@type":"WebPage","@id":"https:\/\/www.visitklagenfurt.at\/sl\/kolofon\/","url":"https:\/\/www.visitklagenfurt.at\/sl\/kolofon\/","name":"Kolofon | visitklagenfurt","isPartOf":{"@id":"https:\/\/www.visitklagenfurt.at\/sl\/#website"},"datePublished":"2021-03-13T17:28:19+00:00","dateModified":"2021-03-19T16:04:03+00:00","breadcrumb":{"@id":"https:\/\/www.visitklagenfurt.at\/sl\/kolofon\/#breadcrumb"},"inLanguage":"sl-SI","potentialAction":[{"@type":"ReadAction","target":["https:\/\/www.visitklagenfurt.at\/sl\/kolofon\/"]}]},{"@type":"BreadcrumbList","@id":"https:\/\/www.visitklagenfurt.at\/sl\/kolofon\/#breadcrumb","itemListElement":[{"@type":"ListItem","position":1,"name":"visitklagenfurt","item":"https:\/\/www.visitklagenfurt.at\/sl\/"},{"@type":"ListItem","position":2,"name":"Kolofon"}]},{"@type":"WebSite","@id":"https:\/\/www.visitklagenfurt.at\/sl\/#website","url":"https:\/\/www.visitklagenfurt.at\/sl\/","name":"visitklagenfurt","description":"","publisher":{"@id":"https:\/\/www.visitklagenfurt.at\/sl\/#organization"},"potentialAction":[{"@type":"SearchAction","target":{"@type":"EntryPoint","urlTemplate":"https:\/\/www.visitklagenfurt.at\/sl\/?s={search_term_string}"},"query-input":{"@type":"PropertyValueSpecification","valueRequired":true,"valueName":"search_term_string"}}],"inLanguage":"sl-SI"},{"@type":"Organization","@id":"https:\/\/www.visitklagenfurt.at\/sl\/#organization","name":"Tourismus Region Klagenfurt am W\u00f6rthersee GmbH","url":"https:\/\/www.visitklagenfurt.at\/sl\/","logo":{"@type":"ImageObject","inLanguage":"sl-SI","@id":"https:\/\/www.visitklagenfurt.at\/sl\/#\/schema\/logo\/image\/","url":"https:\/\/www.visitklagenfurt.at\/wp-content\/uploads\/2022\/03\/DT_K_Klagenfurt_S_RGB.png","contentUrl":"https:\/\/www.visitklagenfurt.at\/wp-content\/uploads\/2022\/03\/DT_K_Klagenfurt_S_RGB.png","width":2082,"height":1511,"caption":"Tourismus Region Klagenfurt am W\u00f6rthersee GmbH"},"image":{"@id":"https:\/\/www.visitklagenfurt.at\/sl\/#\/schema\/logo\/image\/"}}]}},"_links":{"self":[{"href":"https:\/\/www.visitklagenfurt.at\/sl\/wp-json\/wp\/v2\/pages\/12965","targetHints":{"allow":["GET"]}}],"collection":[{"href":"https:\/\/www.visitklagenfurt.at\/sl\/wp-json\/wp\/v2\/pages"}],"about":[{"href":"https:\/\/www.visitklagenfurt.at\/sl\/wp-json\/wp\/v2\/types\/page"}],"author":[{"embeddable":true,"href":"https:\/\/www.visitklagenfurt.at\/sl\/wp-json\/wp\/v2\/users\/2"}],"replies":[{"embeddable":true,"href":"https:\/\/www.visitklagenfurt.at\/sl\/wp-json\/wp\/v2\/comments?post=12965"}],"version-history":[{"count":2,"href":"https:\/\/www.visitklagenfurt.at\/sl\/wp-json\/wp\/v2\/pages\/12965\/revisions"}],"predecessor-version":[{"id":14310,"href":"https:\/\/www.visitklagenfurt.at\/sl\/wp-json\/wp\/v2\/pages\/12965\/revisions\/14310"}],"wp:attachment":[{"href":"https:\/\/www.visitklagenfurt.at\/sl\/wp-json\/wp\/v2\/media?parent=12965"}],"wp:term":[{"taxonomy":"category","embeddable":true,"href":"https:\/\/www.visitklagenfurt.at\/sl\/wp-json\/wp\/v2\/categories?post=12965"},{"taxonomy":"post_tag","embeddable":true,"href":"https:\/\/www.visitklagenfurt.at\/sl\/wp-json\/wp\/v2\/tags?post=12965"},{"taxonomy":"seitentyp","embeddable":true,"href":"https:\/\/www.visitklagenfurt.at\/sl\/wp-json\/wp\/v2\/seitentyp?post=12965"}],"curies":[{"name":"wp","href":"https:\/\/api.w.org\/{rel}","templated":true}]}}