{"id":9415,"date":"2021-03-02T16:49:36","date_gmt":"2021-03-02T15:49:36","guid":{"rendered":"http:\/\/blog.visitklagenfurt.at\/visitklagenfurt\/mobilnost\/kako-do-nas\/"},"modified":"2024-01-09T09:40:52","modified_gmt":"2024-01-09T08:40:52","slug":"kako-do-nas","status":"publish","type":"page","link":"https:\/\/www.visitklagenfurt.at\/sl\/mobilnost\/kako-do-nas\/","title":{"rendered":"Kako do nas"},"content":{"rendered":"\n<p>Do Celovca na Vrbskem jezeru vodijo \u0161tevilne poti, lahko se pripeljete z avtom, avtobusom, vlakom ali letalom. <\/p>\n\n\n\n<p>Celovec le\u017ei na vzhodni strani Vrbskega jezera in je prestolnica de\u017eele Koro\u0161ke. Zahvaljujo\u010d odli\u010dnim cestnim in \u017eelezni\u0161kim povezavam je enostavno dostopen tudi iz sosednjih dr\u017eav, Italije in Slovenije.<\/p>\n\n\n\n<h2 class=\"wp-block-heading\" id=\"h-z-avtom\">Z avtom<\/h2>\n\n\n\n<p>V Celovec se lahko varno pripeljete tudi sami, zahvaljujo\u010d odli\u010dni mre\u017ei avtocest ter dr\u017eavnih in regionalnih cest.<\/p>\n\n\n\n<p>S severa preko Salzburga in Turske avtoceste (Tauerautobahn), A10 in A2 (celotna A10 je \u0161tiripasovnica, z izjemo tunelov, kjer se spremeni v dvopasovnico). Z vzhoda preko Dunaja in Gradca po ju\u017eni avtocesti A2 (S\u00fcdautobahn). Z juga preko Ljubljane in \u010dez Ljubeljski prelaz B91 ali preko Vidma in ju\u017ene avtoceste A2.\n<\/p>\n\n\n\n<p>Za vse avtoceste in hitre ceste je obvezno pla\u010dilo cestnine, zato si priskrbite vinjeto. Tukaj dobite vse\u00a0<a href=\"http:\/\/www.asfinag.at\/maut\" target=\"_blank\" rel=\"noopener noreferrer\"> <\/a><a href=\"https:\/\/www.asfinag.at\/maut-vignette\/\">informacije o tarifah<\/a>.<\/p>\n\n\n\n<h2 class=\"wp-block-heading\" id=\"h-z-vlakom\">Z vlakom<\/h2>\n\n\n\n<p>Z avstrijskimi dr\u017eavnimi \u017eeleznicami (<strong>\u00d6BB<\/strong>, \u00d6sterreichische Bundesbahnen) in nem\u0161kimi \u017eeleznicami (<strong>DB<\/strong>, Deutschen Bahn) se lahko udobno pripeljete v sredi\u0161\u010de Celovca. Lahko potujete tudi v spalnem vagonu. Sredi\u0161\u010de mesta je od postaje oddaljeno le nekaj minut pe\u0161. Vozovnice lahko kupite on-line ali na postaji.<\/p>\n\n\n\n<p>Urnike in cene dobite tukaj:\n<a href=\"https:\/\/www.oebb.at\">www.oebb.at<\/a>\n<a href=\"https:\/\/www.bahn.de\">www.bahn.de<\/a><\/p>\n\n\n\n<h2 class=\"wp-block-heading\" id=\"h-z-avtobusom\">Z avtobusom<\/h2>\n\n\n\n<p>Avtobusna mre\u017ea <strong>Postbus<\/strong> je dobro organizirana in vas iz sosednjih regij udobno in varno pripelje v Celovec. Vozovnice lahko kupite on-line pri posameznih avtobusnih podjetjih ali pa direktno pri vozniku avtobusa.<\/p>\n\n\n\n<p>Urnike in cene dobite <a href=\"https:\/\/www.postbus.at\/en\" target=\"_blank\" rel=\"noreferrer noopener nofollow\">tukaj<\/a>:<\/p>\n\n\n\n<p>Zaradi epidemije Covida-19 je Flixbus moral spremeniti svojo dejavnost. <a href=\"https:\/\/www.flixbus.at\/\" target=\"_blank\" rel=\"noopener noreferrer\">Tukaj<\/a> dobite podrobne informacije.<\/p>\n\n\n\n<h2 class=\"wp-block-heading\" id=\"h-z-letalom\">Z letalom<\/h2>\n\n\n\n<p>Do Celovca na Vrbskem jezeru lahko pridete tudi z letalom. <a href=\"https:\/\/airport-klagenfurt.at\/\" target=\"_blank\" rel=\"noopener noreferrer\">Celov\u0161ko letali\u0161\u010de<\/a> je le nekaj kilometrov oddaljeno od sredi\u0161\u010da mesta. Od letali\u0161\u010da do \u017eelene destinacije se lahko pripeljete s taksijem, z avtobusom ali z najetim avtomobilom.<\/p>\n\n\n\n<p>Povezave z ve\u010dino evropskih prestolnic ponuja letali\u0161\u010de v Ljubljani. Od tam vas ponudnik prevozov <a href=\"https:\/\/www.goopti.com\/de\/\" target=\"_blank\" rel=\"noopener noreferrer\">GoOpti<\/a> pripelje direktno v Celovec.<\/p>\n","protected":false},"excerpt":{"rendered":"<p>Do Celovca na Vrbskem jezeru vodijo \u0161tevilne poti, lahko se pripeljete z avtom, avtobusom, vlakom ali letalom. Celovec le\u017ei na vzhodni strani Vrbskega jezera in je prestolnica de\u017eele Koro\u0161ke. Zahvaljujo\u010d odli\u010dnim cestnim in \u017eelezni\u0161kim povezavam je enostavno dostopen tudi iz sosednjih dr\u017eav, Italije in Slovenije. Z avtom V Celovec se lahko varno pripeljete tudi sami, [&hellip;]<\/p>\n","protected":false},"author":2,"featured_media":9275,"parent":9287,"menu_order":0,"comment_status":"closed","ping_status":"closed","template":"","meta":{"footnotes":""},"categories":[],"tags":[],"seitentyp":[224],"class_list":["post-9415","page","type-page","status-publish","has-post-thumbnail","hentry","seitentyp-microseite-short"],"yoast_head":"<!-- This site is optimized with the Yoast SEO plugin v27.3 - https:\/\/yoast.com\/product\/yoast-seo-wordpress\/ -->\n<title>Kako do nas | visitklagenfurt<\/title>\n<meta name=\"robots\" content=\"index, follow, max-snippet:-1, max-image-preview:large, max-video-preview:-1\" \/>\n<link rel=\"canonical\" href=\"https:\/\/www.visitklagenfurt.at\/sl\/mobilnost\/kako-do-nas\/\" \/>\n<meta property=\"og:locale\" content=\"sl_SI\" \/>\n<meta property=\"og:type\" content=\"article\" \/>\n<meta property=\"og:title\" content=\"Kako do nas | visitklagenfurt\" \/>\n<meta property=\"og:description\" content=\"Do Celovca na Vrbskem jezeru vodijo \u0161tevilne poti, lahko se pripeljete z avtom, avtobusom, vlakom ali letalom. Celovec le\u017ei na vzhodni strani Vrbskega jezera in je prestolnica de\u017eele Koro\u0161ke. Zahvaljujo\u010d odli\u010dnim cestnim in \u017eelezni\u0161kim povezavam je enostavno dostopen tudi iz sosednjih dr\u017eav, Italije in Slovenije. Z avtom V Celovec se lahko varno pripeljete tudi sami, [&hellip;]\" \/>\n<meta property=\"og:url\" content=\"https:\/\/www.visitklagenfurt.at\/sl\/mobilnost\/kako-do-nas\/\" \/>\n<meta property=\"og:site_name\" content=\"visitklagenfurt\" \/>\n<meta property=\"article:modified_time\" content=\"2024-01-09T08:40:52+00:00\" \/>\n<meta property=\"og:image\" content=\"https:\/\/www.visitklagenfurt.at\/wp-content\/uploads\/2021\/03\/anreise_autobahn_c-Tine-Steinthaler.jpg\" \/>\n\t<meta property=\"og:image:width\" content=\"1600\" \/>\n\t<meta property=\"og:image:height\" content=\"815\" \/>\n\t<meta property=\"og:image:type\" content=\"image\/jpeg\" \/>\n<meta name=\"twitter:card\" content=\"summary_large_image\" \/>\n<meta name=\"twitter:label1\" content=\"Est. reading time\" \/>\n\t<meta name=\"twitter:data1\" content=\"2 minuti\" \/>\n<script type=\"application\/ld+json\" class=\"yoast-schema-graph\">{\"@context\":\"https:\\\/\\\/schema.org\",\"@graph\":[{\"@type\":\"WebPage\",\"@id\":\"https:\\\/\\\/www.visitklagenfurt.at\\\/sl\\\/mobilnost\\\/kako-do-nas\\\/\",\"url\":\"https:\\\/\\\/www.visitklagenfurt.at\\\/sl\\\/mobilnost\\\/kako-do-nas\\\/\",\"name\":\"Kako do nas | visitklagenfurt\",\"isPartOf\":{\"@id\":\"https:\\\/\\\/www.visitklagenfurt.at\\\/sl\\\/#website\"},\"primaryImageOfPage\":{\"@id\":\"https:\\\/\\\/www.visitklagenfurt.at\\\/sl\\\/mobilnost\\\/kako-do-nas\\\/#primaryimage\"},\"image\":{\"@id\":\"https:\\\/\\\/www.visitklagenfurt.at\\\/sl\\\/mobilnost\\\/kako-do-nas\\\/#primaryimage\"},\"thumbnailUrl\":\"https:\\\/\\\/www.visitklagenfurt.at\\\/wp-content\\\/uploads\\\/2021\\\/03\\\/anreise_autobahn_c-Tine-Steinthaler.jpg\",\"datePublished\":\"2021-03-02T15:49:36+00:00\",\"dateModified\":\"2024-01-09T08:40:52+00:00\",\"breadcrumb\":{\"@id\":\"https:\\\/\\\/www.visitklagenfurt.at\\\/sl\\\/mobilnost\\\/kako-do-nas\\\/#breadcrumb\"},\"inLanguage\":\"sl-SI\",\"potentialAction\":[{\"@type\":\"ReadAction\",\"target\":[\"https:\\\/\\\/www.visitklagenfurt.at\\\/sl\\\/mobilnost\\\/kako-do-nas\\\/\"]}]},{\"@type\":\"ImageObject\",\"inLanguage\":\"sl-SI\",\"@id\":\"https:\\\/\\\/www.visitklagenfurt.at\\\/sl\\\/mobilnost\\\/kako-do-nas\\\/#primaryimage\",\"url\":\"https:\\\/\\\/www.visitklagenfurt.at\\\/wp-content\\\/uploads\\\/2021\\\/03\\\/anreise_autobahn_c-Tine-Steinthaler.jpg\",\"contentUrl\":\"https:\\\/\\\/www.visitklagenfurt.at\\\/wp-content\\\/uploads\\\/2021\\\/03\\\/anreise_autobahn_c-Tine-Steinthaler.jpg\",\"width\":1600,\"height\":815,\"caption\":\"(c) Tine-Steinthaler\"},{\"@type\":\"BreadcrumbList\",\"@id\":\"https:\\\/\\\/www.visitklagenfurt.at\\\/sl\\\/mobilnost\\\/kako-do-nas\\\/#breadcrumb\",\"itemListElement\":[{\"@type\":\"ListItem\",\"position\":1,\"name\":\"visitklagenfurt\",\"item\":\"https:\\\/\\\/www.visitklagenfurt.at\\\/sl\\\/\"},{\"@type\":\"ListItem\",\"position\":2,\"name\":\"Mobilnost\",\"item\":\"https:\\\/\\\/www.visitklagenfurt.at\\\/sl\\\/mobilnost\\\/\"},{\"@type\":\"ListItem\",\"position\":3,\"name\":\"Kako do nas\"}]},{\"@type\":\"WebSite\",\"@id\":\"https:\\\/\\\/www.visitklagenfurt.at\\\/sl\\\/#website\",\"url\":\"https:\\\/\\\/www.visitklagenfurt.at\\\/sl\\\/\",\"name\":\"visitklagenfurt\",\"description\":\"\",\"publisher\":{\"@id\":\"https:\\\/\\\/www.visitklagenfurt.at\\\/sl\\\/#organization\"},\"potentialAction\":[{\"@type\":\"SearchAction\",\"target\":{\"@type\":\"EntryPoint\",\"urlTemplate\":\"https:\\\/\\\/www.visitklagenfurt.at\\\/sl\\\/?s={search_term_string}\"},\"query-input\":{\"@type\":\"PropertyValueSpecification\",\"valueRequired\":true,\"valueName\":\"search_term_string\"}}],\"inLanguage\":\"sl-SI\"},{\"@type\":\"Organization\",\"@id\":\"https:\\\/\\\/www.visitklagenfurt.at\\\/sl\\\/#organization\",\"name\":\"Tourismus Region Klagenfurt am W\u00f6rthersee GmbH\",\"url\":\"https:\\\/\\\/www.visitklagenfurt.at\\\/sl\\\/\",\"logo\":{\"@type\":\"ImageObject\",\"inLanguage\":\"sl-SI\",\"@id\":\"https:\\\/\\\/www.visitklagenfurt.at\\\/sl\\\/#\\\/schema\\\/logo\\\/image\\\/\",\"url\":\"https:\\\/\\\/www.visitklagenfurt.at\\\/wp-content\\\/uploads\\\/2022\\\/03\\\/DT_K_Klagenfurt_S_RGB.png\",\"contentUrl\":\"https:\\\/\\\/www.visitklagenfurt.at\\\/wp-content\\\/uploads\\\/2022\\\/03\\\/DT_K_Klagenfurt_S_RGB.png\",\"width\":2082,\"height\":1511,\"caption\":\"Tourismus Region Klagenfurt am W\u00f6rthersee GmbH\"},\"image\":{\"@id\":\"https:\\\/\\\/www.visitklagenfurt.at\\\/sl\\\/#\\\/schema\\\/logo\\\/image\\\/\"}}]}<\/script>\n<!-- \/ Yoast SEO plugin. -->","yoast_head_json":{"title":"Kako do nas | visitklagenfurt","robots":{"index":"index","follow":"follow","max-snippet":"max-snippet:-1","max-image-preview":"max-image-preview:large","max-video-preview":"max-video-preview:-1"},"canonical":"https:\/\/www.visitklagenfurt.at\/sl\/mobilnost\/kako-do-nas\/","og_locale":"sl_SI","og_type":"article","og_title":"Kako do nas | visitklagenfurt","og_description":"Do Celovca na Vrbskem jezeru vodijo \u0161tevilne poti, lahko se pripeljete z avtom, avtobusom, vlakom ali letalom. Celovec le\u017ei na vzhodni strani Vrbskega jezera in je prestolnica de\u017eele Koro\u0161ke. Zahvaljujo\u010d odli\u010dnim cestnim in \u017eelezni\u0161kim povezavam je enostavno dostopen tudi iz sosednjih dr\u017eav, Italije in Slovenije. Z avtom V Celovec se lahko varno pripeljete tudi sami, [&hellip;]","og_url":"https:\/\/www.visitklagenfurt.at\/sl\/mobilnost\/kako-do-nas\/","og_site_name":"visitklagenfurt","article_modified_time":"2024-01-09T08:40:52+00:00","og_image":[{"width":1600,"height":815,"url":"https:\/\/www.visitklagenfurt.at\/wp-content\/uploads\/2021\/03\/anreise_autobahn_c-Tine-Steinthaler.jpg","type":"image\/jpeg"}],"twitter_card":"summary_large_image","twitter_misc":{"Est. reading time":"2 minuti"},"schema":{"@context":"https:\/\/schema.org","@graph":[{"@type":"WebPage","@id":"https:\/\/www.visitklagenfurt.at\/sl\/mobilnost\/kako-do-nas\/","url":"https:\/\/www.visitklagenfurt.at\/sl\/mobilnost\/kako-do-nas\/","name":"Kako do nas | visitklagenfurt","isPartOf":{"@id":"https:\/\/www.visitklagenfurt.at\/sl\/#website"},"primaryImageOfPage":{"@id":"https:\/\/www.visitklagenfurt.at\/sl\/mobilnost\/kako-do-nas\/#primaryimage"},"image":{"@id":"https:\/\/www.visitklagenfurt.at\/sl\/mobilnost\/kako-do-nas\/#primaryimage"},"thumbnailUrl":"https:\/\/www.visitklagenfurt.at\/wp-content\/uploads\/2021\/03\/anreise_autobahn_c-Tine-Steinthaler.jpg","datePublished":"2021-03-02T15:49:36+00:00","dateModified":"2024-01-09T08:40:52+00:00","breadcrumb":{"@id":"https:\/\/www.visitklagenfurt.at\/sl\/mobilnost\/kako-do-nas\/#breadcrumb"},"inLanguage":"sl-SI","potentialAction":[{"@type":"ReadAction","target":["https:\/\/www.visitklagenfurt.at\/sl\/mobilnost\/kako-do-nas\/"]}]},{"@type":"ImageObject","inLanguage":"sl-SI","@id":"https:\/\/www.visitklagenfurt.at\/sl\/mobilnost\/kako-do-nas\/#primaryimage","url":"https:\/\/www.visitklagenfurt.at\/wp-content\/uploads\/2021\/03\/anreise_autobahn_c-Tine-Steinthaler.jpg","contentUrl":"https:\/\/www.visitklagenfurt.at\/wp-content\/uploads\/2021\/03\/anreise_autobahn_c-Tine-Steinthaler.jpg","width":1600,"height":815,"caption":"(c) Tine-Steinthaler"},{"@type":"BreadcrumbList","@id":"https:\/\/www.visitklagenfurt.at\/sl\/mobilnost\/kako-do-nas\/#breadcrumb","itemListElement":[{"@type":"ListItem","position":1,"name":"visitklagenfurt","item":"https:\/\/www.visitklagenfurt.at\/sl\/"},{"@type":"ListItem","position":2,"name":"Mobilnost","item":"https:\/\/www.visitklagenfurt.at\/sl\/mobilnost\/"},{"@type":"ListItem","position":3,"name":"Kako do nas"}]},{"@type":"WebSite","@id":"https:\/\/www.visitklagenfurt.at\/sl\/#website","url":"https:\/\/www.visitklagenfurt.at\/sl\/","name":"visitklagenfurt","description":"","publisher":{"@id":"https:\/\/www.visitklagenfurt.at\/sl\/#organization"},"potentialAction":[{"@type":"SearchAction","target":{"@type":"EntryPoint","urlTemplate":"https:\/\/www.visitklagenfurt.at\/sl\/?s={search_term_string}"},"query-input":{"@type":"PropertyValueSpecification","valueRequired":true,"valueName":"search_term_string"}}],"inLanguage":"sl-SI"},{"@type":"Organization","@id":"https:\/\/www.visitklagenfurt.at\/sl\/#organization","name":"Tourismus Region Klagenfurt am W\u00f6rthersee GmbH","url":"https:\/\/www.visitklagenfurt.at\/sl\/","logo":{"@type":"ImageObject","inLanguage":"sl-SI","@id":"https:\/\/www.visitklagenfurt.at\/sl\/#\/schema\/logo\/image\/","url":"https:\/\/www.visitklagenfurt.at\/wp-content\/uploads\/2022\/03\/DT_K_Klagenfurt_S_RGB.png","contentUrl":"https:\/\/www.visitklagenfurt.at\/wp-content\/uploads\/2022\/03\/DT_K_Klagenfurt_S_RGB.png","width":2082,"height":1511,"caption":"Tourismus Region Klagenfurt am W\u00f6rthersee GmbH"},"image":{"@id":"https:\/\/www.visitklagenfurt.at\/sl\/#\/schema\/logo\/image\/"}}]}},"_links":{"self":[{"href":"https:\/\/www.visitklagenfurt.at\/sl\/wp-json\/wp\/v2\/pages\/9415","targetHints":{"allow":["GET"]}}],"collection":[{"href":"https:\/\/www.visitklagenfurt.at\/sl\/wp-json\/wp\/v2\/pages"}],"about":[{"href":"https:\/\/www.visitklagenfurt.at\/sl\/wp-json\/wp\/v2\/types\/page"}],"author":[{"embeddable":true,"href":"https:\/\/www.visitklagenfurt.at\/sl\/wp-json\/wp\/v2\/users\/2"}],"replies":[{"embeddable":true,"href":"https:\/\/www.visitklagenfurt.at\/sl\/wp-json\/wp\/v2\/comments?post=9415"}],"version-history":[{"count":12,"href":"https:\/\/www.visitklagenfurt.at\/sl\/wp-json\/wp\/v2\/pages\/9415\/revisions"}],"predecessor-version":[{"id":60418,"href":"https:\/\/www.visitklagenfurt.at\/sl\/wp-json\/wp\/v2\/pages\/9415\/revisions\/60418"}],"up":[{"embeddable":true,"href":"https:\/\/www.visitklagenfurt.at\/sl\/wp-json\/wp\/v2\/pages\/9287"}],"wp:featuredmedia":[{"embeddable":true,"href":"https:\/\/www.visitklagenfurt.at\/sl\/wp-json\/wp\/v2\/media\/9275"}],"wp:attachment":[{"href":"https:\/\/www.visitklagenfurt.at\/sl\/wp-json\/wp\/v2\/media?parent=9415"}],"wp:term":[{"taxonomy":"category","embeddable":true,"href":"https:\/\/www.visitklagenfurt.at\/sl\/wp-json\/wp\/v2\/categories?post=9415"},{"taxonomy":"post_tag","embeddable":true,"href":"https:\/\/www.visitklagenfurt.at\/sl\/wp-json\/wp\/v2\/tags?post=9415"},{"taxonomy":"seitentyp","embeddable":true,"href":"https:\/\/www.visitklagenfurt.at\/sl\/wp-json\/wp\/v2\/seitentyp?post=9415"}],"curies":[{"name":"wp","href":"https:\/\/api.w.org\/{rel}","templated":true}]}}