{"id":9496,"date":"2021-03-03T09:35:03","date_gmt":"2021-03-03T08:35:03","guid":{"rendered":"http:\/\/blog.visitklagenfurt.at\/visitklagenfurt\/mobilnost\/izposodite-si-bicikl\/"},"modified":"2021-03-14T17:31:14","modified_gmt":"2021-03-14T16:31:14","slug":"izposodite-si-bicikl","status":"publish","type":"page","link":"https:\/\/www.visitklagenfurt.at\/sl\/mobilnost\/izposodite-si-bicikl\/","title":{"rendered":"Izposodite si \u201cbicikl\u201d"},"content":{"rendered":"\n<p>Hitri, mobilni in neodvisni v Celovcu na Vrbskem jezeru?<\/p>\n\n<p>1.300 km mre\u017ee kolesarskih poti Koro\u0161ke so dokaz, da se na po\u010ditnicah ni treba odpovedati kolesu. Celovec ponuja veliko mo\u017enosti za raziskovanje mesta in okolice, tudi \u010de nimate lastnega kolesa.<\/p>\n\n<p>Kolesarjenje je u\u017eitek tudi na po\u010ditnicah, hkrati pa se na ta na\u010din izognete stresnemu iskanju parkirnega prostora. \u010ce nimate svojega kolesa, si ga lahko izposodite v celov\u0161kem turisti\u010dno-informacijskem centru ali pa uporabite sistem za izposojo nextbike. V na\u0161i izposojevalnici laho dobite mestno, gorsko kolo ali e-kolo koro\u0161kega socialnega podjetja SBK ali podjetja Papin.<\/p>\n\n<h2 class=\"wp-block-heading\">Nimate svojega kolesa? Izposodite si ga!<\/h2>\n\n<p>\u017delite odkriti mesto na dveh kolesih? Ali pa na\u010drtujete dalj\u0161o turo? Za vas smo pripravili odli\u010dno re\u0161itev, ki vam bo omogo\u010dila, da se odpravite na kolesarski potep po na\u0161i barviti pokrajini. Od aprila do oktobra si kolo lahko izposodite direktno pri nas. Da bi si zagotovili kolo po va\u0161i meri, vam svetujemo, da ga \u017ee vnaprej rezervirate.<\/p>\n\n<h3 class=\"wp-block-heading\">SBK (Koro\u0161ko socialno podjetje)<\/h3>\n\n<p>Kolesa SBK so odli\u010dna izbira. Med Celovcem, Vrbskim jezerom, Beljakom in Osojskim jezerom je na voljo 500 koles, ki si jih lahko izposodite v enajstih trgovinah. Kolesa lahko vrnete v katerokoli od njih. Imajo \u017eenska, mo\u0161ka, otro\u0161ka kolesa, kolesa kros in gorska kolesa, kolesa z 21 ali 7 prestavami, z no\u017eno (kontra) zavoro ali brez. Lahko izberete katerokoli kolo, glede na razpolo\u017eljivost. Tukaj dobite ve\u010d informacij o izposlojevalnicah in storitvah SBK.<\/p>\n\n<div class=\"wp-block-buttons is-layout-flex wp-block-buttons-is-layout-flex\">\n<div class=\"wp-block-button\"><a class=\"wp-block-button__link\" href=\"https:\/\/www.sbk.or.at\/sport\" target=\"_blank\" rel=\"noreferrer noopener\">trgovin<\/a><\/div>\n<\/div>\n\n<h3 class=\"wp-block-heading\">Papin<\/h3>\n\n<p>\u010ce boste izbrali turo okoli jezer ali priljubljeno 510 km dolgo Dravsko kolesarsko pot (Drauradweg) ali pa \u010dezmejno kolesarsko pot Alpe-Jadran, vam priporo\u010damo izposojo koles pri de\u017eelnem sistemu izposoje, v katerega so vklju\u010dene posamezne koro\u0161ke regije.<\/p>\n\n<p>Kolo si lahko izposodite na nekaterih to\u010dkah na celotnem ozemlju Koro\u0161ke in ga vrnete v eno od 50 trgovin.<\/p>\n\n<div class=\"wp-block-buttons is-layout-flex wp-block-buttons-is-layout-flex\">\n<div class=\"wp-block-button\"><a class=\"wp-block-button__link\" href=\"https:\/\/www.papinsport.com\/de\/\" target=\"_blank\" rel=\"noreferrer noopener\">Nau\u010di se ve\u010d<\/a><\/div>\n<\/div>\n\n<h2 class=\"wp-block-heading\">nextbike &#8211; Bikesharing vedno in povsod<\/h2>\n\n<p>Sistem izposoje koles <a href=\"http:\/\/www.nextbike.at\/de\/klagenfurt\" target=\"_blank\" rel=\"noreferrer noopener\">nextbike<\/a> je enostaven, \u017eepu primeren in prilagodljiv. Izposoja je mo\u017ena 24 ur na dan z aplikacijo nextbike, Bike-computer in na brezpla\u010dni telefonski \u0161tevilki.<\/p>\n\n<p>Trenutno je na obmo\u010dju Celovca na razpolago skoraj <strong>50 postajali\u0161\u010d in 270 koles<\/strong>. Kolo lahko vrnete na katerokoli postajali\u0161\u010de.<\/p>\n\n<h3 class=\"wp-block-heading\">Navodila za uporabo:<\/h3>\n\n<figure class=\"wp-block-image size-large\"><img fetchpriority=\"high\" decoding=\"async\" width=\"1024\" height=\"291\" src=\"https:\/\/www.visitklagenfurt.at\/wp-content\/uploads\/2021\/02\/nextbike-1024x291.jpg\" alt=\"\" class=\"wp-image-6390\" srcset=\"https:\/\/www.visitklagenfurt.at\/wp-content\/uploads\/2021\/02\/nextbike-1024x291.jpg 1024w, https:\/\/www.visitklagenfurt.at\/wp-content\/uploads\/2021\/02\/nextbike-300x85.jpg 300w, https:\/\/www.visitklagenfurt.at\/wp-content\/uploads\/2021\/02\/nextbike-768x218.jpg 768w, https:\/\/www.visitklagenfurt.at\/wp-content\/uploads\/2021\/02\/nextbike.jpg 1203w\" sizes=\"(max-width: 1024px) 100vw, 1024px\" \/><\/figure>\n\n<p><strong>Izposoja preko aplikacije<\/strong>&#13;\n&#13;\nSkenirajte QR kodo ali vnesite \u0161tevilko kolesa in kliknite na \u201eizposodi\u201c (&#8220;ausleihen&#8221;). Dobili boste \u0161tirimestno geslo, ki ga vtipkate v terminal. S klikom na OK se klju\u010davnica samodejno odpre.<\/p>\n\n<p><strong>Izposoja koles preko ra\u010dunalnika<\/strong><strong>&#13;\n<\/strong>Vpi\u0161ite \u0161tevilko svojega prenosnega telefona, skupaj s PIN-om ali pa terminalu pribli\u017eajte kartico zvestobe. Klju\u010davnica se bo samodejno odprla in dobili boste SMS sporo\u010dilo s kodo za zaklepanje kolesa, ko parkirate.<\/p>\n\n<p><strong>Parkiranje<\/strong><strong>&#13;\n<\/strong>Kolo lahko parkirate brez prekinitve najema, s pritiskom na tipko\u201c P\u201c na terminalu. Zaklenite klju\u010davnico. Klju\u010davnico lahko ponovno odprete z vnosom \u0161tirimestne kode ali s kartico zvestobe.<\/p>\n\n<p><strong>Vra\u010dilo<\/strong><strong>&#13;\n<\/strong>Kolo vtaknite v stojalo nextbike in zaprite klju\u010davnico. Potrdite vra\u010dilo na terminalu s pritiskom na tipko OK. V aplikaciji preverite, \u010de je bilo vra\u010dilo uspe\u0161no. \u010ce imate te\u017eave, pokli\u010dite pomo\u010d strankam.<\/p>\n\n<p class=\"has-small-font-size\"><strong>Kontakt: <\/strong>&#13;\nRadverleih April bis Oktober&#13;\nTourismusinformation Klagenfurt am W\u00f6rthersee&#13;\nNeuer Platz 5&#13;\n9020 Klagenfurt am W\u00f6rthersee&#13;\n<a href=\"tel:+43 463 287 463 - 0\">+43 463 287 463 &#8211; 0<\/a>&#13;\n<a href=\"mailto:reservierung@burg-hochosterwitz.com\" target=\"_blank\" rel=\"noreferrer noopener\">in<\/a><a href=\"mailto:info@visitklagenfurt.at\" target=\"_blank\" rel=\"noreferrer noopener\">fo@visitklagenfurt.at<\/a><\/p>\n","protected":false},"excerpt":{"rendered":"<p>Hitri, mobilni in neodvisni v Celovcu na Vrbskem jezeru? 1.300 km mre\u017ee kolesarskih poti Koro\u0161ke so dokaz, da se na po\u010ditnicah ni treba odpovedati kolesu. Celovec ponuja veliko mo\u017enosti za raziskovanje mesta in okolice, tudi \u010de nimate lastnega kolesa. Kolesarjenje je u\u017eitek tudi na po\u010ditnicah, hkrati pa se na ta na\u010din izognete stresnemu iskanju parkirnega [&hellip;]<\/p>\n","protected":false},"author":2,"featured_media":8440,"parent":9287,"menu_order":0,"comment_status":"closed","ping_status":"closed","template":"","meta":{"footnotes":""},"categories":[],"tags":[],"seitentyp":[224],"class_list":["post-9496","page","type-page","status-publish","has-post-thumbnail","hentry","seitentyp-microseite-short"],"yoast_head":"<!-- This site is optimized with the Yoast SEO plugin v27.3 - https:\/\/yoast.com\/product\/yoast-seo-wordpress\/ -->\n<title>Izposodite si \u201cbicikl\u201d | visitklagenfurt<\/title>\n<meta name=\"robots\" content=\"index, follow, max-snippet:-1, max-image-preview:large, max-video-preview:-1\" \/>\n<link rel=\"canonical\" href=\"https:\/\/www.visitklagenfurt.at\/sl\/mobilnost\/izposodite-si-bicikl\/\" \/>\n<meta property=\"og:locale\" content=\"sl_SI\" \/>\n<meta property=\"og:type\" content=\"article\" \/>\n<meta property=\"og:title\" content=\"Izposodite si \u201cbicikl\u201d | visitklagenfurt\" \/>\n<meta property=\"og:description\" content=\"Hitri, mobilni in neodvisni v Celovcu na Vrbskem jezeru? 1.300 km mre\u017ee kolesarskih poti Koro\u0161ke so dokaz, da se na po\u010ditnicah ni treba odpovedati kolesu. Celovec ponuja veliko mo\u017enosti za raziskovanje mesta in okolice, tudi \u010de nimate lastnega kolesa. Kolesarjenje je u\u017eitek tudi na po\u010ditnicah, hkrati pa se na ta na\u010din izognete stresnemu iskanju parkirnega [&hellip;]\" \/>\n<meta property=\"og:url\" content=\"https:\/\/www.visitklagenfurt.at\/sl\/mobilnost\/izposodite-si-bicikl\/\" \/>\n<meta property=\"og:site_name\" content=\"visitklagenfurt\" \/>\n<meta property=\"article:modified_time\" content=\"2021-03-14T16:31:14+00:00\" \/>\n<meta property=\"og:image\" content=\"https:\/\/www.visitklagenfurt.at\/wp-content\/uploads\/2020\/08\/genussrad_sport_rad_sommer_2018_c-franz_gerdl_197-web.jpg\" \/>\n\t<meta property=\"og:image:width\" content=\"2048\" \/>\n\t<meta property=\"og:image:height\" content=\"1367\" \/>\n\t<meta property=\"og:image:type\" content=\"image\/jpeg\" \/>\n<meta name=\"twitter:card\" content=\"summary_large_image\" \/>\n<meta name=\"twitter:label1\" content=\"Est. reading time\" \/>\n\t<meta name=\"twitter:data1\" content=\"3 minute\" \/>\n<script type=\"application\/ld+json\" class=\"yoast-schema-graph\">{\"@context\":\"https:\\\/\\\/schema.org\",\"@graph\":[{\"@type\":\"WebPage\",\"@id\":\"https:\\\/\\\/www.visitklagenfurt.at\\\/sl\\\/mobilnost\\\/izposodite-si-bicikl\\\/\",\"url\":\"https:\\\/\\\/www.visitklagenfurt.at\\\/sl\\\/mobilnost\\\/izposodite-si-bicikl\\\/\",\"name\":\"Izposodite si \u201cbicikl\u201d | visitklagenfurt\",\"isPartOf\":{\"@id\":\"https:\\\/\\\/www.visitklagenfurt.at\\\/sl\\\/#website\"},\"primaryImageOfPage\":{\"@id\":\"https:\\\/\\\/www.visitklagenfurt.at\\\/sl\\\/mobilnost\\\/izposodite-si-bicikl\\\/#primaryimage\"},\"image\":{\"@id\":\"https:\\\/\\\/www.visitklagenfurt.at\\\/sl\\\/mobilnost\\\/izposodite-si-bicikl\\\/#primaryimage\"},\"thumbnailUrl\":\"https:\\\/\\\/www.visitklagenfurt.at\\\/wp-content\\\/uploads\\\/2020\\\/08\\\/genussrad_sport_rad_sommer_2018_c-franz_gerdl_197-web.jpg\",\"datePublished\":\"2021-03-03T08:35:03+00:00\",\"dateModified\":\"2021-03-14T16:31:14+00:00\",\"breadcrumb\":{\"@id\":\"https:\\\/\\\/www.visitklagenfurt.at\\\/sl\\\/mobilnost\\\/izposodite-si-bicikl\\\/#breadcrumb\"},\"inLanguage\":\"sl-SI\",\"potentialAction\":[{\"@type\":\"ReadAction\",\"target\":[\"https:\\\/\\\/www.visitklagenfurt.at\\\/sl\\\/mobilnost\\\/izposodite-si-bicikl\\\/\"]}]},{\"@type\":\"ImageObject\",\"inLanguage\":\"sl-SI\",\"@id\":\"https:\\\/\\\/www.visitklagenfurt.at\\\/sl\\\/mobilnost\\\/izposodite-si-bicikl\\\/#primaryimage\",\"url\":\"https:\\\/\\\/www.visitklagenfurt.at\\\/wp-content\\\/uploads\\\/2020\\\/08\\\/genussrad_sport_rad_sommer_2018_c-franz_gerdl_197-web.jpg\",\"contentUrl\":\"https:\\\/\\\/www.visitklagenfurt.at\\\/wp-content\\\/uploads\\\/2020\\\/08\\\/genussrad_sport_rad_sommer_2018_c-franz_gerdl_197-web.jpg\",\"width\":2048,\"height\":1367,\"caption\":\"(c) Franz Gerdl\"},{\"@type\":\"BreadcrumbList\",\"@id\":\"https:\\\/\\\/www.visitklagenfurt.at\\\/sl\\\/mobilnost\\\/izposodite-si-bicikl\\\/#breadcrumb\",\"itemListElement\":[{\"@type\":\"ListItem\",\"position\":1,\"name\":\"visitklagenfurt\",\"item\":\"https:\\\/\\\/www.visitklagenfurt.at\\\/sl\\\/\"},{\"@type\":\"ListItem\",\"position\":2,\"name\":\"Mobilnost\",\"item\":\"https:\\\/\\\/www.visitklagenfurt.at\\\/sl\\\/mobilnost\\\/\"},{\"@type\":\"ListItem\",\"position\":3,\"name\":\"Izposodite si \u201cbicikl\u201d\"}]},{\"@type\":\"WebSite\",\"@id\":\"https:\\\/\\\/www.visitklagenfurt.at\\\/sl\\\/#website\",\"url\":\"https:\\\/\\\/www.visitklagenfurt.at\\\/sl\\\/\",\"name\":\"visitklagenfurt\",\"description\":\"\",\"publisher\":{\"@id\":\"https:\\\/\\\/www.visitklagenfurt.at\\\/sl\\\/#organization\"},\"potentialAction\":[{\"@type\":\"SearchAction\",\"target\":{\"@type\":\"EntryPoint\",\"urlTemplate\":\"https:\\\/\\\/www.visitklagenfurt.at\\\/sl\\\/?s={search_term_string}\"},\"query-input\":{\"@type\":\"PropertyValueSpecification\",\"valueRequired\":true,\"valueName\":\"search_term_string\"}}],\"inLanguage\":\"sl-SI\"},{\"@type\":\"Organization\",\"@id\":\"https:\\\/\\\/www.visitklagenfurt.at\\\/sl\\\/#organization\",\"name\":\"Tourismus Region Klagenfurt am W\u00f6rthersee GmbH\",\"url\":\"https:\\\/\\\/www.visitklagenfurt.at\\\/sl\\\/\",\"logo\":{\"@type\":\"ImageObject\",\"inLanguage\":\"sl-SI\",\"@id\":\"https:\\\/\\\/www.visitklagenfurt.at\\\/sl\\\/#\\\/schema\\\/logo\\\/image\\\/\",\"url\":\"https:\\\/\\\/www.visitklagenfurt.at\\\/wp-content\\\/uploads\\\/2022\\\/03\\\/DT_K_Klagenfurt_S_RGB.png\",\"contentUrl\":\"https:\\\/\\\/www.visitklagenfurt.at\\\/wp-content\\\/uploads\\\/2022\\\/03\\\/DT_K_Klagenfurt_S_RGB.png\",\"width\":2082,\"height\":1511,\"caption\":\"Tourismus Region Klagenfurt am W\u00f6rthersee GmbH\"},\"image\":{\"@id\":\"https:\\\/\\\/www.visitklagenfurt.at\\\/sl\\\/#\\\/schema\\\/logo\\\/image\\\/\"}}]}<\/script>\n<!-- \/ Yoast SEO plugin. -->","yoast_head_json":{"title":"Izposodite si \u201cbicikl\u201d | visitklagenfurt","robots":{"index":"index","follow":"follow","max-snippet":"max-snippet:-1","max-image-preview":"max-image-preview:large","max-video-preview":"max-video-preview:-1"},"canonical":"https:\/\/www.visitklagenfurt.at\/sl\/mobilnost\/izposodite-si-bicikl\/","og_locale":"sl_SI","og_type":"article","og_title":"Izposodite si \u201cbicikl\u201d | visitklagenfurt","og_description":"Hitri, mobilni in neodvisni v Celovcu na Vrbskem jezeru? 1.300 km mre\u017ee kolesarskih poti Koro\u0161ke so dokaz, da se na po\u010ditnicah ni treba odpovedati kolesu. Celovec ponuja veliko mo\u017enosti za raziskovanje mesta in okolice, tudi \u010de nimate lastnega kolesa. Kolesarjenje je u\u017eitek tudi na po\u010ditnicah, hkrati pa se na ta na\u010din izognete stresnemu iskanju parkirnega [&hellip;]","og_url":"https:\/\/www.visitklagenfurt.at\/sl\/mobilnost\/izposodite-si-bicikl\/","og_site_name":"visitklagenfurt","article_modified_time":"2021-03-14T16:31:14+00:00","og_image":[{"width":2048,"height":1367,"url":"https:\/\/www.visitklagenfurt.at\/wp-content\/uploads\/2020\/08\/genussrad_sport_rad_sommer_2018_c-franz_gerdl_197-web.jpg","type":"image\/jpeg"}],"twitter_card":"summary_large_image","twitter_misc":{"Est. reading time":"3 minute"},"schema":{"@context":"https:\/\/schema.org","@graph":[{"@type":"WebPage","@id":"https:\/\/www.visitklagenfurt.at\/sl\/mobilnost\/izposodite-si-bicikl\/","url":"https:\/\/www.visitklagenfurt.at\/sl\/mobilnost\/izposodite-si-bicikl\/","name":"Izposodite si \u201cbicikl\u201d | visitklagenfurt","isPartOf":{"@id":"https:\/\/www.visitklagenfurt.at\/sl\/#website"},"primaryImageOfPage":{"@id":"https:\/\/www.visitklagenfurt.at\/sl\/mobilnost\/izposodite-si-bicikl\/#primaryimage"},"image":{"@id":"https:\/\/www.visitklagenfurt.at\/sl\/mobilnost\/izposodite-si-bicikl\/#primaryimage"},"thumbnailUrl":"https:\/\/www.visitklagenfurt.at\/wp-content\/uploads\/2020\/08\/genussrad_sport_rad_sommer_2018_c-franz_gerdl_197-web.jpg","datePublished":"2021-03-03T08:35:03+00:00","dateModified":"2021-03-14T16:31:14+00:00","breadcrumb":{"@id":"https:\/\/www.visitklagenfurt.at\/sl\/mobilnost\/izposodite-si-bicikl\/#breadcrumb"},"inLanguage":"sl-SI","potentialAction":[{"@type":"ReadAction","target":["https:\/\/www.visitklagenfurt.at\/sl\/mobilnost\/izposodite-si-bicikl\/"]}]},{"@type":"ImageObject","inLanguage":"sl-SI","@id":"https:\/\/www.visitklagenfurt.at\/sl\/mobilnost\/izposodite-si-bicikl\/#primaryimage","url":"https:\/\/www.visitklagenfurt.at\/wp-content\/uploads\/2020\/08\/genussrad_sport_rad_sommer_2018_c-franz_gerdl_197-web.jpg","contentUrl":"https:\/\/www.visitklagenfurt.at\/wp-content\/uploads\/2020\/08\/genussrad_sport_rad_sommer_2018_c-franz_gerdl_197-web.jpg","width":2048,"height":1367,"caption":"(c) Franz Gerdl"},{"@type":"BreadcrumbList","@id":"https:\/\/www.visitklagenfurt.at\/sl\/mobilnost\/izposodite-si-bicikl\/#breadcrumb","itemListElement":[{"@type":"ListItem","position":1,"name":"visitklagenfurt","item":"https:\/\/www.visitklagenfurt.at\/sl\/"},{"@type":"ListItem","position":2,"name":"Mobilnost","item":"https:\/\/www.visitklagenfurt.at\/sl\/mobilnost\/"},{"@type":"ListItem","position":3,"name":"Izposodite si \u201cbicikl\u201d"}]},{"@type":"WebSite","@id":"https:\/\/www.visitklagenfurt.at\/sl\/#website","url":"https:\/\/www.visitklagenfurt.at\/sl\/","name":"visitklagenfurt","description":"","publisher":{"@id":"https:\/\/www.visitklagenfurt.at\/sl\/#organization"},"potentialAction":[{"@type":"SearchAction","target":{"@type":"EntryPoint","urlTemplate":"https:\/\/www.visitklagenfurt.at\/sl\/?s={search_term_string}"},"query-input":{"@type":"PropertyValueSpecification","valueRequired":true,"valueName":"search_term_string"}}],"inLanguage":"sl-SI"},{"@type":"Organization","@id":"https:\/\/www.visitklagenfurt.at\/sl\/#organization","name":"Tourismus Region Klagenfurt am W\u00f6rthersee GmbH","url":"https:\/\/www.visitklagenfurt.at\/sl\/","logo":{"@type":"ImageObject","inLanguage":"sl-SI","@id":"https:\/\/www.visitklagenfurt.at\/sl\/#\/schema\/logo\/image\/","url":"https:\/\/www.visitklagenfurt.at\/wp-content\/uploads\/2022\/03\/DT_K_Klagenfurt_S_RGB.png","contentUrl":"https:\/\/www.visitklagenfurt.at\/wp-content\/uploads\/2022\/03\/DT_K_Klagenfurt_S_RGB.png","width":2082,"height":1511,"caption":"Tourismus Region Klagenfurt am W\u00f6rthersee GmbH"},"image":{"@id":"https:\/\/www.visitklagenfurt.at\/sl\/#\/schema\/logo\/image\/"}}]}},"_links":{"self":[{"href":"https:\/\/www.visitklagenfurt.at\/sl\/wp-json\/wp\/v2\/pages\/9496","targetHints":{"allow":["GET"]}}],"collection":[{"href":"https:\/\/www.visitklagenfurt.at\/sl\/wp-json\/wp\/v2\/pages"}],"about":[{"href":"https:\/\/www.visitklagenfurt.at\/sl\/wp-json\/wp\/v2\/types\/page"}],"author":[{"embeddable":true,"href":"https:\/\/www.visitklagenfurt.at\/sl\/wp-json\/wp\/v2\/users\/2"}],"replies":[{"embeddable":true,"href":"https:\/\/www.visitklagenfurt.at\/sl\/wp-json\/wp\/v2\/comments?post=9496"}],"version-history":[{"count":4,"href":"https:\/\/www.visitklagenfurt.at\/sl\/wp-json\/wp\/v2\/pages\/9496\/revisions"}],"predecessor-version":[{"id":13102,"href":"https:\/\/www.visitklagenfurt.at\/sl\/wp-json\/wp\/v2\/pages\/9496\/revisions\/13102"}],"up":[{"embeddable":true,"href":"https:\/\/www.visitklagenfurt.at\/sl\/wp-json\/wp\/v2\/pages\/9287"}],"wp:featuredmedia":[{"embeddable":true,"href":"https:\/\/www.visitklagenfurt.at\/sl\/wp-json\/wp\/v2\/media\/8440"}],"wp:attachment":[{"href":"https:\/\/www.visitklagenfurt.at\/sl\/wp-json\/wp\/v2\/media?parent=9496"}],"wp:term":[{"taxonomy":"category","embeddable":true,"href":"https:\/\/www.visitklagenfurt.at\/sl\/wp-json\/wp\/v2\/categories?post=9496"},{"taxonomy":"post_tag","embeddable":true,"href":"https:\/\/www.visitklagenfurt.at\/sl\/wp-json\/wp\/v2\/tags?post=9496"},{"taxonomy":"seitentyp","embeddable":true,"href":"https:\/\/www.visitklagenfurt.at\/sl\/wp-json\/wp\/v2\/seitentyp?post=9496"}],"curies":[{"name":"wp","href":"https:\/\/api.w.org\/{rel}","templated":true}]}}