{"id":9549,"date":"2021-03-03T10:39:24","date_gmt":"2021-03-03T09:39:24","guid":{"rendered":"http:\/\/blog.visitklagenfurt.at\/v-odkrivanju-narave\/"},"modified":"2022-09-01T12:17:59","modified_gmt":"2022-09-01T10:17:59","slug":"v-odkrivanju-narave","status":"publish","type":"page","link":"https:\/\/www.visitklagenfurt.at\/sl\/vrbsko-jezero-in-okolica\/v-odkrivanju-narave\/","title":{"rendered":"V odkrivanju narave"},"content":{"rendered":"\t\t<div data-elementor-type=\"wp-page\" data-elementor-id=\"9549\" class=\"elementor elementor-9549 elementor-4688\" data-elementor-post-type=\"page\">\n\t\t\t\t\t\t<section class=\"elementor-section elementor-top-section elementor-element elementor-element-3bc56de elementor-section-height-min-height elementor-section-boxed elementor-section-height-default elementor-section-items-middle\" data-id=\"3bc56de\" data-element_type=\"section\" data-e-type=\"section\" data-settings=\"{&quot;background_background&quot;:&quot;classic&quot;}\">\n\t\t\t\t\t\t<div class=\"elementor-container elementor-column-gap-default\">\n\t\t\t\t\t<div class=\"elementor-column elementor-col-100 elementor-top-column elementor-element elementor-element-33a1f5b\" data-id=\"33a1f5b\" data-element_type=\"column\" data-e-type=\"column\">\n\t\t\t<div class=\"elementor-widget-wrap\">\n\t\t\t\t\t\t\t<\/div>\n\t\t<\/div>\n\t\t\t\t\t<\/div>\n\t\t<\/section>\n\t\t\t\t<section class=\"elementor-section elementor-top-section elementor-element elementor-element-9eab24a elementor-section-boxed elementor-section-height-default elementor-section-height-default\" data-id=\"9eab24a\" data-element_type=\"section\" data-e-type=\"section\" data-settings=\"{&quot;background_background&quot;:&quot;classic&quot;}\">\n\t\t\t\t\t\t<div class=\"elementor-container elementor-column-gap-default\">\n\t\t\t\t\t<div class=\"elementor-column elementor-col-100 elementor-top-column elementor-element elementor-element-dd3e797\" data-id=\"dd3e797\" data-element_type=\"column\" data-e-type=\"column\" data-settings=\"{&quot;background_background&quot;:&quot;classic&quot;}\">\n\t\t\t<div class=\"elementor-widget-wrap elementor-element-populated\">\n\t\t\t\t\t\t<div class=\"elementor-element elementor-element-55b0828 elementor-widget elementor-widget-global elementor-global-42933 elementor-global-39763 elementor-widget-breadcrumbs\" data-id=\"55b0828\" data-element_type=\"widget\" data-e-type=\"widget\" data-widget_type=\"breadcrumbs.default\">\n\t\t\t\t<div class=\"elementor-widget-container\">\n\t\t\t\t\t<p id=\"breadcrumbs\"><span><span><a href=\"https:\/\/www.visitklagenfurt.at\/sl\/\">visitklagenfurt<\/a><\/span><\/span><\/p>\t\t\t\t<\/div>\n\t\t\t\t<\/div>\n\t\t\t\t<div class=\"elementor-element elementor-element-f500616 elementor-widget elementor-widget-heading\" data-id=\"f500616\" data-element_type=\"widget\" data-e-type=\"widget\" data-widget_type=\"heading.default\">\n\t\t\t\t<div class=\"elementor-widget-container\">\n\t\t\t\t\t<h1 class=\"elementor-heading-title elementor-size-default\">V odkrivanju narave<\/h1>\t\t\t\t<\/div>\n\t\t\t\t<\/div>\n\t\t\t\t<div class=\"elementor-element elementor-element-2b0a300 elementor-widget elementor-widget-text-editor\" data-id=\"2b0a300\" data-element_type=\"widget\" data-e-type=\"widget\" data-widget_type=\"text-editor.default\">\n\t\t\t\t<div class=\"elementor-widget-container\">\n\t\t\t\t\t\t\t\t\t<p>Celovec boste najbolje spoznali na prostem. Ob\u010dutite spro\u0161\u010dujo\u010de vzdu\u0161je neokrnjene in nedotaknjene narave. Do \u0161tevilnih znamenitosti lahko iz zgodovinskega jedra hitro pridete pe\u0161 ali s kolesom. V predmestju vas \u010daka nedotaknjena narava.<\/p>\n<p>Odkrijte rekreacijsko obmo\u010dje Kri\u017ene gore <strong>(Kreuzbergl)<\/strong> in do\u017eivite lepote naravnih rezervatov. Naravni biser Lendspitz-Majernik nudi pomeben habitat razli\u010dnim za\u0161\u010ditenim \u017eivalskim in rastlinskim vrstam Evrope. Obi\u0161\u010dite mo\u010dvirje H\u00f6flein Moor s \u010dudovitim pogledom na Obir. Ali pa odkrijte \u017eivopisne vinograde in si med njimi privo\u0161\u010dite piknik.<\/p>\n<p><strong>Sklad jezer, rek, gora<\/strong> in urbanega \u017eivljenjskega sloga so <strong>enkratna kombinacija<\/strong>. U\u017eivajte v naravi na razli\u010dne na\u010dine.<\/p>\n\t\t\t\t\t\t\t\t<\/div>\n\t\t\t\t<\/div>\n\t\t\t\t\t<\/div>\n\t\t<\/div>\n\t\t\t\t\t<\/div>\n\t\t<\/section>\n\t\t\t\t<section class=\"elementor-section elementor-top-section elementor-element elementor-element-2dea2f0 elementor-section-boxed elementor-section-height-default elementor-section-height-default\" data-id=\"2dea2f0\" data-element_type=\"section\" data-e-type=\"section\">\n\t\t\t\t\t\t<div class=\"elementor-container elementor-column-gap-default\">\n\t\t\t\t\t<div class=\"elementor-column elementor-col-100 elementor-top-column elementor-element elementor-element-865b2ce\" data-id=\"865b2ce\" data-element_type=\"column\" data-e-type=\"column\">\n\t\t\t<div class=\"elementor-widget-wrap elementor-element-populated\">\n\t\t\t\t\t\t<div class=\"elementor-element elementor-element-c532403 elementor-widget elementor-widget-pp-tiled-posts\" data-id=\"c532403\" data-element_type=\"widget\" data-e-type=\"widget\" data-widget_type=\"pp-tiled-posts.default\">\n\t\t\t\t<div class=\"elementor-widget-container\">\n\t\t\t\t\t\t\t<div class=\"pp-tiled-posts pp-tiled-posts-layout-1 clearfix\">\n\t\t\t\t\t<\/div>\n\t\t\t\t\t\t<\/div>\n\t\t\t\t<\/div>\n\t\t\t\t\t<\/div>\n\t\t<\/div>\n\t\t\t\t\t<\/div>\n\t\t<\/section>\n\t\t\t\t<\/div>\n\t\t","protected":false},"excerpt":{"rendered":"<p>Celovec boste najbolje spoznali na prostem. Ob\u010dutite spro\u0161\u010dujo\u010de vzdu\u0161je neokrnjene in nedotaknjene narave. Do \u0161tevilnih znamenitosti lahko iz zgodovinskega jedra hitro pridete pe\u0161 ali s kolesom. V predmestju vas \u010daka nedotaknjena narava. Odkrijte rekreacijsko obmo\u010dje Kri\u017ene gore (Kreuzbergl) in do\u017eivite lepote naravnih rezervatov. Naravni biser Lendspitz-Majernik nudi pomeben habitat razli\u010dnim za\u0161\u010ditenim \u017eivalskim in rastlinskim vrstam [&hellip;]<\/p>\n","protected":false},"author":2,"featured_media":9533,"parent":9601,"menu_order":0,"comment_status":"closed","ping_status":"closed","template":"elementor_header_footer","meta":{"footnotes":""},"categories":[],"tags":[],"seitentyp":[],"class_list":["post-9549","page","type-page","status-publish","has-post-thumbnail","hentry"],"yoast_head":"<!-- This site is optimized with the Yoast SEO plugin v27.3 - https:\/\/yoast.com\/product\/yoast-seo-wordpress\/ -->\n<title>V odkrivanju narave | visitklagenfurt<\/title>\n<meta name=\"robots\" content=\"index, follow, max-snippet:-1, max-image-preview:large, max-video-preview:-1\" \/>\n<link rel=\"canonical\" href=\"https:\/\/www.visitklagenfurt.at\/sl\/vrbsko-jezero-in-okolica\/v-odkrivanju-narave\/\" \/>\n<meta property=\"og:locale\" content=\"sl_SI\" \/>\n<meta property=\"og:type\" content=\"article\" \/>\n<meta property=\"og:title\" content=\"V odkrivanju narave | visitklagenfurt\" \/>\n<meta property=\"og:description\" content=\"Celovec boste najbolje spoznali na prostem. Ob\u010dutite spro\u0161\u010dujo\u010de vzdu\u0161je neokrnjene in nedotaknjene narave. Do \u0161tevilnih znamenitosti lahko iz zgodovinskega jedra hitro pridete pe\u0161 ali s kolesom. V predmestju vas \u010daka nedotaknjena narava. Odkrijte rekreacijsko obmo\u010dje Kri\u017ene gore (Kreuzbergl) in do\u017eivite lepote naravnih rezervatov. Naravni biser Lendspitz-Majernik nudi pomeben habitat razli\u010dnim za\u0161\u010ditenim \u017eivalskim in rastlinskim vrstam [&hellip;]\" \/>\n<meta property=\"og:url\" content=\"https:\/\/www.visitklagenfurt.at\/sl\/vrbsko-jezero-in-okolica\/v-odkrivanju-narave\/\" \/>\n<meta property=\"og:site_name\" content=\"visitklagenfurt\" \/>\n<meta property=\"article:modified_time\" content=\"2022-09-01T10:17:59+00:00\" \/>\n<meta property=\"og:image\" content=\"https:\/\/www.visitklagenfurt.at\/wp-content\/uploads\/2021\/03\/kreuzbergl_zillhoehe_c-Tine-Steinthaler.jpg\" \/>\n\t<meta property=\"og:image:width\" content=\"1920\" \/>\n\t<meta property=\"og:image:height\" content=\"1281\" \/>\n\t<meta property=\"og:image:type\" content=\"image\/jpeg\" \/>\n<meta name=\"twitter:card\" content=\"summary_large_image\" \/>\n<meta name=\"twitter:label1\" content=\"Est. reading time\" \/>\n\t<meta name=\"twitter:data1\" content=\"1 minuta\" \/>\n<script type=\"application\/ld+json\" class=\"yoast-schema-graph\">{\"@context\":\"https:\\\/\\\/schema.org\",\"@graph\":[{\"@type\":\"WebPage\",\"@id\":\"https:\\\/\\\/www.visitklagenfurt.at\\\/sl\\\/vrbsko-jezero-in-okolica\\\/v-odkrivanju-narave\\\/\",\"url\":\"https:\\\/\\\/www.visitklagenfurt.at\\\/sl\\\/vrbsko-jezero-in-okolica\\\/v-odkrivanju-narave\\\/\",\"name\":\"V odkrivanju narave | visitklagenfurt\",\"isPartOf\":{\"@id\":\"https:\\\/\\\/www.visitklagenfurt.at\\\/sl\\\/#website\"},\"primaryImageOfPage\":{\"@id\":\"https:\\\/\\\/www.visitklagenfurt.at\\\/sl\\\/vrbsko-jezero-in-okolica\\\/v-odkrivanju-narave\\\/#primaryimage\"},\"image\":{\"@id\":\"https:\\\/\\\/www.visitklagenfurt.at\\\/sl\\\/vrbsko-jezero-in-okolica\\\/v-odkrivanju-narave\\\/#primaryimage\"},\"thumbnailUrl\":\"https:\\\/\\\/www.visitklagenfurt.at\\\/wp-content\\\/uploads\\\/2021\\\/03\\\/kreuzbergl_zillhoehe_c-Tine-Steinthaler.jpg\",\"datePublished\":\"2021-03-03T09:39:24+00:00\",\"dateModified\":\"2022-09-01T10:17:59+00:00\",\"breadcrumb\":{\"@id\":\"https:\\\/\\\/www.visitklagenfurt.at\\\/sl\\\/vrbsko-jezero-in-okolica\\\/v-odkrivanju-narave\\\/#breadcrumb\"},\"inLanguage\":\"sl-SI\",\"potentialAction\":[{\"@type\":\"ReadAction\",\"target\":[\"https:\\\/\\\/www.visitklagenfurt.at\\\/sl\\\/vrbsko-jezero-in-okolica\\\/v-odkrivanju-narave\\\/\"]}]},{\"@type\":\"ImageObject\",\"inLanguage\":\"sl-SI\",\"@id\":\"https:\\\/\\\/www.visitklagenfurt.at\\\/sl\\\/vrbsko-jezero-in-okolica\\\/v-odkrivanju-narave\\\/#primaryimage\",\"url\":\"https:\\\/\\\/www.visitklagenfurt.at\\\/wp-content\\\/uploads\\\/2021\\\/03\\\/kreuzbergl_zillhoehe_c-Tine-Steinthaler.jpg\",\"contentUrl\":\"https:\\\/\\\/www.visitklagenfurt.at\\\/wp-content\\\/uploads\\\/2021\\\/03\\\/kreuzbergl_zillhoehe_c-Tine-Steinthaler.jpg\",\"width\":1920,\"height\":1281,\"caption\":\"KTR Laufen am Kreuzbergl 2020-07-29\"},{\"@type\":\"BreadcrumbList\",\"@id\":\"https:\\\/\\\/www.visitklagenfurt.at\\\/sl\\\/vrbsko-jezero-in-okolica\\\/v-odkrivanju-narave\\\/#breadcrumb\",\"itemListElement\":[{\"@type\":\"ListItem\",\"position\":1,\"name\":\"visitklagenfurt\",\"item\":\"https:\\\/\\\/www.visitklagenfurt.at\\\/sl\\\/\"},{\"@type\":\"ListItem\",\"position\":2,\"name\":\"Vrbsko jezero in okolica\",\"item\":\"https:\\\/\\\/www.visitklagenfurt.at\\\/sl\\\/vrbsko-jezero-in-okolica\\\/\"},{\"@type\":\"ListItem\",\"position\":3,\"name\":\"V odkrivanju narave\"}]},{\"@type\":\"WebSite\",\"@id\":\"https:\\\/\\\/www.visitklagenfurt.at\\\/sl\\\/#website\",\"url\":\"https:\\\/\\\/www.visitklagenfurt.at\\\/sl\\\/\",\"name\":\"visitklagenfurt\",\"description\":\"\",\"publisher\":{\"@id\":\"https:\\\/\\\/www.visitklagenfurt.at\\\/sl\\\/#organization\"},\"potentialAction\":[{\"@type\":\"SearchAction\",\"target\":{\"@type\":\"EntryPoint\",\"urlTemplate\":\"https:\\\/\\\/www.visitklagenfurt.at\\\/sl\\\/?s={search_term_string}\"},\"query-input\":{\"@type\":\"PropertyValueSpecification\",\"valueRequired\":true,\"valueName\":\"search_term_string\"}}],\"inLanguage\":\"sl-SI\"},{\"@type\":\"Organization\",\"@id\":\"https:\\\/\\\/www.visitklagenfurt.at\\\/sl\\\/#organization\",\"name\":\"Tourismus Region Klagenfurt am W\u00f6rthersee GmbH\",\"url\":\"https:\\\/\\\/www.visitklagenfurt.at\\\/sl\\\/\",\"logo\":{\"@type\":\"ImageObject\",\"inLanguage\":\"sl-SI\",\"@id\":\"https:\\\/\\\/www.visitklagenfurt.at\\\/sl\\\/#\\\/schema\\\/logo\\\/image\\\/\",\"url\":\"https:\\\/\\\/www.visitklagenfurt.at\\\/wp-content\\\/uploads\\\/2022\\\/03\\\/DT_K_Klagenfurt_S_RGB.png\",\"contentUrl\":\"https:\\\/\\\/www.visitklagenfurt.at\\\/wp-content\\\/uploads\\\/2022\\\/03\\\/DT_K_Klagenfurt_S_RGB.png\",\"width\":2082,\"height\":1511,\"caption\":\"Tourismus Region Klagenfurt am W\u00f6rthersee GmbH\"},\"image\":{\"@id\":\"https:\\\/\\\/www.visitklagenfurt.at\\\/sl\\\/#\\\/schema\\\/logo\\\/image\\\/\"}}]}<\/script>\n<!-- \/ Yoast SEO plugin. -->","yoast_head_json":{"title":"V odkrivanju narave | visitklagenfurt","robots":{"index":"index","follow":"follow","max-snippet":"max-snippet:-1","max-image-preview":"max-image-preview:large","max-video-preview":"max-video-preview:-1"},"canonical":"https:\/\/www.visitklagenfurt.at\/sl\/vrbsko-jezero-in-okolica\/v-odkrivanju-narave\/","og_locale":"sl_SI","og_type":"article","og_title":"V odkrivanju narave | visitklagenfurt","og_description":"Celovec boste najbolje spoznali na prostem. Ob\u010dutite spro\u0161\u010dujo\u010de vzdu\u0161je neokrnjene in nedotaknjene narave. Do \u0161tevilnih znamenitosti lahko iz zgodovinskega jedra hitro pridete pe\u0161 ali s kolesom. V predmestju vas \u010daka nedotaknjena narava. Odkrijte rekreacijsko obmo\u010dje Kri\u017ene gore (Kreuzbergl) in do\u017eivite lepote naravnih rezervatov. Naravni biser Lendspitz-Majernik nudi pomeben habitat razli\u010dnim za\u0161\u010ditenim \u017eivalskim in rastlinskim vrstam [&hellip;]","og_url":"https:\/\/www.visitklagenfurt.at\/sl\/vrbsko-jezero-in-okolica\/v-odkrivanju-narave\/","og_site_name":"visitklagenfurt","article_modified_time":"2022-09-01T10:17:59+00:00","og_image":[{"width":1920,"height":1281,"url":"https:\/\/www.visitklagenfurt.at\/wp-content\/uploads\/2021\/03\/kreuzbergl_zillhoehe_c-Tine-Steinthaler.jpg","type":"image\/jpeg"}],"twitter_card":"summary_large_image","twitter_misc":{"Est. reading time":"1 minuta"},"schema":{"@context":"https:\/\/schema.org","@graph":[{"@type":"WebPage","@id":"https:\/\/www.visitklagenfurt.at\/sl\/vrbsko-jezero-in-okolica\/v-odkrivanju-narave\/","url":"https:\/\/www.visitklagenfurt.at\/sl\/vrbsko-jezero-in-okolica\/v-odkrivanju-narave\/","name":"V odkrivanju narave | visitklagenfurt","isPartOf":{"@id":"https:\/\/www.visitklagenfurt.at\/sl\/#website"},"primaryImageOfPage":{"@id":"https:\/\/www.visitklagenfurt.at\/sl\/vrbsko-jezero-in-okolica\/v-odkrivanju-narave\/#primaryimage"},"image":{"@id":"https:\/\/www.visitklagenfurt.at\/sl\/vrbsko-jezero-in-okolica\/v-odkrivanju-narave\/#primaryimage"},"thumbnailUrl":"https:\/\/www.visitklagenfurt.at\/wp-content\/uploads\/2021\/03\/kreuzbergl_zillhoehe_c-Tine-Steinthaler.jpg","datePublished":"2021-03-03T09:39:24+00:00","dateModified":"2022-09-01T10:17:59+00:00","breadcrumb":{"@id":"https:\/\/www.visitklagenfurt.at\/sl\/vrbsko-jezero-in-okolica\/v-odkrivanju-narave\/#breadcrumb"},"inLanguage":"sl-SI","potentialAction":[{"@type":"ReadAction","target":["https:\/\/www.visitklagenfurt.at\/sl\/vrbsko-jezero-in-okolica\/v-odkrivanju-narave\/"]}]},{"@type":"ImageObject","inLanguage":"sl-SI","@id":"https:\/\/www.visitklagenfurt.at\/sl\/vrbsko-jezero-in-okolica\/v-odkrivanju-narave\/#primaryimage","url":"https:\/\/www.visitklagenfurt.at\/wp-content\/uploads\/2021\/03\/kreuzbergl_zillhoehe_c-Tine-Steinthaler.jpg","contentUrl":"https:\/\/www.visitklagenfurt.at\/wp-content\/uploads\/2021\/03\/kreuzbergl_zillhoehe_c-Tine-Steinthaler.jpg","width":1920,"height":1281,"caption":"KTR Laufen am Kreuzbergl 2020-07-29"},{"@type":"BreadcrumbList","@id":"https:\/\/www.visitklagenfurt.at\/sl\/vrbsko-jezero-in-okolica\/v-odkrivanju-narave\/#breadcrumb","itemListElement":[{"@type":"ListItem","position":1,"name":"visitklagenfurt","item":"https:\/\/www.visitklagenfurt.at\/sl\/"},{"@type":"ListItem","position":2,"name":"Vrbsko jezero in okolica","item":"https:\/\/www.visitklagenfurt.at\/sl\/vrbsko-jezero-in-okolica\/"},{"@type":"ListItem","position":3,"name":"V odkrivanju narave"}]},{"@type":"WebSite","@id":"https:\/\/www.visitklagenfurt.at\/sl\/#website","url":"https:\/\/www.visitklagenfurt.at\/sl\/","name":"visitklagenfurt","description":"","publisher":{"@id":"https:\/\/www.visitklagenfurt.at\/sl\/#organization"},"potentialAction":[{"@type":"SearchAction","target":{"@type":"EntryPoint","urlTemplate":"https:\/\/www.visitklagenfurt.at\/sl\/?s={search_term_string}"},"query-input":{"@type":"PropertyValueSpecification","valueRequired":true,"valueName":"search_term_string"}}],"inLanguage":"sl-SI"},{"@type":"Organization","@id":"https:\/\/www.visitklagenfurt.at\/sl\/#organization","name":"Tourismus Region Klagenfurt am W\u00f6rthersee GmbH","url":"https:\/\/www.visitklagenfurt.at\/sl\/","logo":{"@type":"ImageObject","inLanguage":"sl-SI","@id":"https:\/\/www.visitklagenfurt.at\/sl\/#\/schema\/logo\/image\/","url":"https:\/\/www.visitklagenfurt.at\/wp-content\/uploads\/2022\/03\/DT_K_Klagenfurt_S_RGB.png","contentUrl":"https:\/\/www.visitklagenfurt.at\/wp-content\/uploads\/2022\/03\/DT_K_Klagenfurt_S_RGB.png","width":2082,"height":1511,"caption":"Tourismus Region Klagenfurt am W\u00f6rthersee GmbH"},"image":{"@id":"https:\/\/www.visitklagenfurt.at\/sl\/#\/schema\/logo\/image\/"}}]}},"_links":{"self":[{"href":"https:\/\/www.visitklagenfurt.at\/sl\/wp-json\/wp\/v2\/pages\/9549","targetHints":{"allow":["GET"]}}],"collection":[{"href":"https:\/\/www.visitklagenfurt.at\/sl\/wp-json\/wp\/v2\/pages"}],"about":[{"href":"https:\/\/www.visitklagenfurt.at\/sl\/wp-json\/wp\/v2\/types\/page"}],"author":[{"embeddable":true,"href":"https:\/\/www.visitklagenfurt.at\/sl\/wp-json\/wp\/v2\/users\/2"}],"replies":[{"embeddable":true,"href":"https:\/\/www.visitklagenfurt.at\/sl\/wp-json\/wp\/v2\/comments?post=9549"}],"version-history":[{"count":5,"href":"https:\/\/www.visitklagenfurt.at\/sl\/wp-json\/wp\/v2\/pages\/9549\/revisions"}],"predecessor-version":[{"id":43081,"href":"https:\/\/www.visitklagenfurt.at\/sl\/wp-json\/wp\/v2\/pages\/9549\/revisions\/43081"}],"up":[{"embeddable":true,"href":"https:\/\/www.visitklagenfurt.at\/sl\/wp-json\/wp\/v2\/pages\/9601"}],"wp:featuredmedia":[{"embeddable":true,"href":"https:\/\/www.visitklagenfurt.at\/sl\/wp-json\/wp\/v2\/media\/9533"}],"wp:attachment":[{"href":"https:\/\/www.visitklagenfurt.at\/sl\/wp-json\/wp\/v2\/media?parent=9549"}],"wp:term":[{"taxonomy":"category","embeddable":true,"href":"https:\/\/www.visitklagenfurt.at\/sl\/wp-json\/wp\/v2\/categories?post=9549"},{"taxonomy":"post_tag","embeddable":true,"href":"https:\/\/www.visitklagenfurt.at\/sl\/wp-json\/wp\/v2\/tags?post=9549"},{"taxonomy":"seitentyp","embeddable":true,"href":"https:\/\/www.visitklagenfurt.at\/sl\/wp-json\/wp\/v2\/seitentyp?post=9549"}],"curies":[{"name":"wp","href":"https:\/\/api.w.org\/{rel}","templated":true}]}}