{"id":9584,"date":"2021-03-03T11:08:36","date_gmt":"2021-03-03T10:08:36","guid":{"rendered":"http:\/\/blog.visitklagenfurt.at\/vzhodni-zaliv-vrbskega-jezera\/"},"modified":"2022-09-01T12:18:05","modified_gmt":"2022-09-01T10:18:05","slug":"vzhodni-zaliv-vrbskega-jezera","status":"publish","type":"page","link":"https:\/\/www.visitklagenfurt.at\/sl\/vrbsko-jezero-in-okolica\/vzhodni-zaliv-vrbskega-jezera\/","title":{"rendered":"Vzhodni zaliv Vrbskega jezera"},"content":{"rendered":"\t\t<div data-elementor-type=\"wp-page\" data-elementor-id=\"9584\" class=\"elementor elementor-9584 elementor-4675\" data-elementor-post-type=\"page\">\n\t\t\t\t\t\t<section class=\"elementor-section elementor-top-section elementor-element elementor-element-21a07d8 elementor-section-height-min-height elementor-section-boxed elementor-section-height-default elementor-section-items-middle\" data-id=\"21a07d8\" data-element_type=\"section\" data-e-type=\"section\" data-settings=\"{&quot;background_background&quot;:&quot;classic&quot;}\">\n\t\t\t\t\t\t<div class=\"elementor-container elementor-column-gap-default\">\n\t\t\t\t\t<div class=\"elementor-column elementor-col-100 elementor-top-column elementor-element elementor-element-636dc62\" data-id=\"636dc62\" data-element_type=\"column\" data-e-type=\"column\">\n\t\t\t<div class=\"elementor-widget-wrap\">\n\t\t\t\t\t\t\t<\/div>\n\t\t<\/div>\n\t\t\t\t\t<\/div>\n\t\t<\/section>\n\t\t\t\t<section class=\"elementor-section elementor-top-section elementor-element elementor-element-b56be14 elementor-section-boxed elementor-section-height-default elementor-section-height-default\" data-id=\"b56be14\" data-element_type=\"section\" data-e-type=\"section\" data-settings=\"{&quot;background_background&quot;:&quot;classic&quot;}\">\n\t\t\t\t\t\t<div class=\"elementor-container elementor-column-gap-default\">\n\t\t\t\t\t<div class=\"elementor-column elementor-col-100 elementor-top-column elementor-element elementor-element-e7d5fa4\" data-id=\"e7d5fa4\" data-element_type=\"column\" data-e-type=\"column\" data-settings=\"{&quot;background_background&quot;:&quot;classic&quot;}\">\n\t\t\t<div class=\"elementor-widget-wrap elementor-element-populated\">\n\t\t\t\t\t\t<div class=\"elementor-element elementor-element-bff9d18 elementor-widget elementor-widget-global elementor-global-42933 elementor-global-39763 elementor-widget-breadcrumbs\" data-id=\"bff9d18\" data-element_type=\"widget\" data-e-type=\"widget\" data-widget_type=\"breadcrumbs.default\">\n\t\t\t\t<div class=\"elementor-widget-container\">\n\t\t\t\t\t<p id=\"breadcrumbs\"><span><span><a href=\"https:\/\/www.visitklagenfurt.at\/sl\/\">visitklagenfurt<\/a><\/span><\/span><\/p>\t\t\t\t<\/div>\n\t\t\t\t<\/div>\n\t\t\t\t<div class=\"elementor-element elementor-element-9f2cc19 elementor-widget elementor-widget-heading\" data-id=\"9f2cc19\" data-element_type=\"widget\" data-e-type=\"widget\" data-widget_type=\"heading.default\">\n\t\t\t\t<div class=\"elementor-widget-container\">\n\t\t\t\t\t<h1 class=\"elementor-heading-title elementor-size-default\">Vzhodni zaliv Vrbskega jezera<\/h1>\t\t\t\t<\/div>\n\t\t\t\t<\/div>\n\t\t\t\t<div class=\"elementor-element elementor-element-019be8f elementor-widget elementor-widget-text-editor\" data-id=\"019be8f\" data-element_type=\"widget\" data-e-type=\"widget\" data-widget_type=\"text-editor.default\">\n\t\t\t\t<div class=\"elementor-widget-container\">\n\t\t\t\t\t\t\t\t\t<p><strong>Pre\u017eiveti en dan v vzhodnem zalivu Vrbskega jezera je kot bi bili na po\u010ditnicah. Od pomirjujo\u010de narave do kulinari\u010dnih dobrot, tukaj vsak lahko dobi nekaj zase. Tam sta tudi dve kopali\u0161\u010di in Europapark, poln pustolov\u0161\u010din za odrasle in otroke.<\/strong><\/p>\n<h2>Z ladjico po Vrbskem jezeru<\/h2>\n<p>Poleti je vzhodni zaliv Celovca idealno mesto za vse prebivalce Celovca, prav tako pa je idili\u010den tudi pozimi, s pogledom na Vrbsko jezero. Vzhodni zaliv se na na jugu razprostira od Seespitza, kjer je dostop do jezera, vse do Thalie, enega zadnjih parnikov v Evropi, v ladjedelnici W\u00f6rtherseeschifffahrt, na severu. Medtem ko ljubitelji narave cenijo to zavarovano obmo\u010dje kot mirno zato\u010di\u0161\u010de brez vstopnine, se lahko na drugem koncu zaliva sladokusci zapeljejo z ladjico po Vrbskem jezeru in si privo\u0161\u010dijo mornarski ali kapitanski zajtrk.<\/p>\n<h2>Europapark<\/h2>\n<p>Kdor i\u0161\u010de ta pravo akcijo, naj pusti, da se otroci razdivjajo v Europaparku. Med sve\u017eim zelenjem ponuja igralni park zabavo na razli\u010dnih igralih, kot tudi skate park za mlade, pe\u0161\u010deno igri\u0161\u010de za odbojko na mivki in ko\u0161e za ko\u0161arko. Tukaj se lahko sprostite tudi s piknikom na travi ali jogo med skrivnostnimi marmornimi kamni in umetni\u0161kimi skulpturami. Europapark je eno najbolj priljubljenih zbirali\u0161\u010d me\u0161\u010danov: tukaj lahko opazujete race v mlaki ali pa se sprehodite po skrbno urejenem parku. Zlahka dobite tudi prostor v senci dreves za branje dobre knjige.<\/p>\n<h2>Polotok Maria Loretto<\/h2>\n<p>Ves ta sve\u017ei zrak zbuja lakoto in nas \u017eene proti polotoku Loretto, kjer je neko\u010d grof Johann Andr\u00e4 von Rosenberg dal zgraditi grad Maria Loretto, kot svojo pode\u017eelsko rezidenco. Danes lahko tam s terase, z enkratnim pogledom na Vrbsko jezero, v dobri dru\u017ebi u\u017eivate v veli\u010dastnih son\u010dnih zahodih. V bli\u017enji restavraciji Maria Loretto, lahko med srebrnino in romanti\u010dnimi okrasjem oku\u0161ate jedi kuhinje Alpe-Jadrana.<\/p>\n<h2>Pla\u017ee<\/h2>\n<p>Tisti, ki se k jezeru odpravijo s kolesom, se bodo zagotovo hoteli okopati v tej \u010dudoviti turkizni vodi. V vzhodnem zalivu Celovca imate dve mo\u017enosti: prijetno kopali\u0161\u010de Loretto ali celov\u0161ko mestno kopali\u0161\u010de, ki je hkrati najve\u010dje kopali\u0161\u010de v Evropi. V obeh si lahko izposodite sup. Pe\u0161\u010dena pla\u017ea, leseni pomoli za son\u010denje, velikanski tobogan, osve\u017eujo\u010de pivo in skoraj \u0161tirje hektarji travnika za son\u010denje na najtoplej\u0161em kopali\u0161kem jezeru Avstrije, z vodo, ki bi jo lahko pili, so idealni pogoji za nepozaben kopalni dan.<\/p>\t\t\t\t\t\t\t\t<\/div>\n\t\t\t\t<\/div>\n\t\t\t\t\t<\/div>\n\t\t<\/div>\n\t\t\t\t\t<\/div>\n\t\t<\/section>\n\t\t\t\t<section class=\"elementor-section elementor-top-section elementor-element elementor-element-2f7fbd6 elementor-section-boxed elementor-section-height-default elementor-section-height-default\" data-id=\"2f7fbd6\" data-element_type=\"section\" data-e-type=\"section\">\n\t\t\t\t\t\t<div class=\"elementor-container elementor-column-gap-default\">\n\t\t\t\t\t<div class=\"elementor-column elementor-col-100 elementor-top-column elementor-element elementor-element-b8a97af\" data-id=\"b8a97af\" data-element_type=\"column\" data-e-type=\"column\">\n\t\t\t<div class=\"elementor-widget-wrap elementor-element-populated\">\n\t\t\t\t\t\t<div class=\"elementor-element elementor-element-7150cfc elementor-widget elementor-widget-pp-tiled-posts\" data-id=\"7150cfc\" data-element_type=\"widget\" data-e-type=\"widget\" data-widget_type=\"pp-tiled-posts.default\">\n\t\t\t\t<div class=\"elementor-widget-container\">\n\t\t\t\t\t\t\t<div class=\"pp-tiled-posts pp-tiled-posts-layout-5 clearfix\">\n\t\t\t\t\t<div class=\"pp-tiled-post pp-tiled-post-1 pp-tiled-post-medium\">\n\t\t\t<div class=\"pp-tiled-post-bg pp-media-background \" style=\"background-image:url(https:\/\/www.visitklagenfurt.at\/wp-content\/uploads\/2021\/01\/Woertherseeschifffahrt_c-MATCH-Werbeagentur-Krivograd-Adianow-3.jpg)\">\n\t\t\t\t<a class=\"pp-post-link\" href=\"https:\/\/www.visitklagenfurt.at\/sl\/vrbsko-jezero-in-okolica\/vrbsko-jezero-vzhodni-zaliv\/z-ladjico-po-vrbskem-jezeru\/\" title=\"Z ladjico po Vrbskem jezeru\"><\/a>\n\t\t\t<\/div>\n\t\t\t<div class=\"pp-tiled-post-content pp-tiled-post-content-bottom\">\n\t\t\t\t\n\t\t\t\t\t\t\t\t\t\t\t\t\t\t<header>\n\t\t\t\t\t\t<h2 class=\"pp-tiled-post-title\">\n\t\t\t\t\t\t\tZ ladjico po Vrbskem jezeru\t\t\t\t\t\t<\/h2>\n\t\t\t\t\t<\/header>\n\t\t\t\t\n\t\t\t\t\n\t\t\t\t\n\t\t\t\t\t\t\t<\/div>\n\t\t<\/div>\n\t\t<\/div>\t\t<\/div>\n\t\t\t\t\t\t<\/div>\n\t\t\t\t<\/div>\n\t\t\t\t<div class=\"elementor-element elementor-element-a9f16fd elementor-widget elementor-widget-pp-tiled-posts\" data-id=\"a9f16fd\" data-element_type=\"widget\" data-e-type=\"widget\" data-widget_type=\"pp-tiled-posts.default\">\n\t\t\t\t<div class=\"elementor-widget-container\">\n\t\t\t\t\t\t\t<div class=\"pp-tiled-posts pp-tiled-posts-layout-5 clearfix\">\n\t\t\t\t\t<\/div>\n\t\t\t\t\t\t<\/div>\n\t\t\t\t<\/div>\n\t\t\t\t\t<\/div>\n\t\t<\/div>\n\t\t\t\t\t<\/div>\n\t\t<\/section>\n\t\t\t\t<\/div>\n\t\t","protected":false},"excerpt":{"rendered":"<p>Pre\u017eiveti en dan v vzhodnem zalivu Vrbskega jezera je kot bi bili na po\u010ditnicah. Od pomirjujo\u010de narave do kulinari\u010dnih dobrot, tukaj vsak lahko dobi nekaj zase. Tam sta tudi dve kopali\u0161\u010di in Europapark, poln pustolov\u0161\u010din za odrasle in otroke. Z ladjico po Vrbskem jezeru Poleti je vzhodni zaliv Celovca idealno mesto za vse prebivalce Celovca, [&hellip;]<\/p>\n","protected":false},"author":2,"featured_media":9562,"parent":9601,"menu_order":0,"comment_status":"closed","ping_status":"closed","template":"elementor_header_footer","meta":{"footnotes":""},"categories":[],"tags":[],"seitentyp":[],"class_list":["post-9584","page","type-page","status-publish","has-post-thumbnail","hentry"],"yoast_head":"<!-- This site is optimized with the Yoast SEO plugin v27.3 - https:\/\/yoast.com\/product\/yoast-seo-wordpress\/ -->\n<title>Vzhodni zaliv Vrbskega jezera | visitklagenfurt<\/title>\n<meta name=\"robots\" content=\"index, follow, max-snippet:-1, max-image-preview:large, max-video-preview:-1\" \/>\n<link rel=\"canonical\" href=\"https:\/\/www.visitklagenfurt.at\/sl\/vrbsko-jezero-in-okolica\/vzhodni-zaliv-vrbskega-jezera\/\" \/>\n<meta property=\"og:locale\" content=\"sl_SI\" \/>\n<meta property=\"og:type\" content=\"article\" \/>\n<meta property=\"og:title\" content=\"Vzhodni zaliv Vrbskega jezera | visitklagenfurt\" \/>\n<meta property=\"og:description\" content=\"Pre\u017eiveti en dan v vzhodnem zalivu Vrbskega jezera je kot bi bili na po\u010ditnicah. Od pomirjujo\u010de narave do kulinari\u010dnih dobrot, tukaj vsak lahko dobi nekaj zase. Tam sta tudi dve kopali\u0161\u010di in Europapark, poln pustolov\u0161\u010din za odrasle in otroke. Z ladjico po Vrbskem jezeru Poleti je vzhodni zaliv Celovca idealno mesto za vse prebivalce Celovca, [&hellip;]\" \/>\n<meta property=\"og:url\" content=\"https:\/\/www.visitklagenfurt.at\/sl\/vrbsko-jezero-in-okolica\/vzhodni-zaliv-vrbskega-jezera\/\" \/>\n<meta property=\"og:site_name\" content=\"visitklagenfurt\" \/>\n<meta property=\"article:modified_time\" content=\"2022-09-01T10:18:05+00:00\" \/>\n<meta property=\"og:image\" content=\"https:\/\/www.visitklagenfurt.at\/wp-content\/uploads\/2021\/03\/luftbild_ostbucht_klagenfurt_ausblick_worthersee_see_c-stadtpresse-foto_horst_1-web.jpg\" \/>\n\t<meta property=\"og:image:width\" content=\"2048\" \/>\n\t<meta property=\"og:image:height\" content=\"1167\" \/>\n\t<meta property=\"og:image:type\" content=\"image\/jpeg\" \/>\n<meta name=\"twitter:card\" content=\"summary_large_image\" \/>\n<meta name=\"twitter:label1\" content=\"Est. reading time\" \/>\n\t<meta name=\"twitter:data1\" content=\"3 minute\" \/>\n<script type=\"application\/ld+json\" class=\"yoast-schema-graph\">{\"@context\":\"https:\\\/\\\/schema.org\",\"@graph\":[{\"@type\":\"WebPage\",\"@id\":\"https:\\\/\\\/www.visitklagenfurt.at\\\/sl\\\/vrbsko-jezero-in-okolica\\\/vzhodni-zaliv-vrbskega-jezera\\\/\",\"url\":\"https:\\\/\\\/www.visitklagenfurt.at\\\/sl\\\/vrbsko-jezero-in-okolica\\\/vzhodni-zaliv-vrbskega-jezera\\\/\",\"name\":\"Vzhodni zaliv Vrbskega jezera | visitklagenfurt\",\"isPartOf\":{\"@id\":\"https:\\\/\\\/www.visitklagenfurt.at\\\/sl\\\/#website\"},\"primaryImageOfPage\":{\"@id\":\"https:\\\/\\\/www.visitklagenfurt.at\\\/sl\\\/vrbsko-jezero-in-okolica\\\/vzhodni-zaliv-vrbskega-jezera\\\/#primaryimage\"},\"image\":{\"@id\":\"https:\\\/\\\/www.visitklagenfurt.at\\\/sl\\\/vrbsko-jezero-in-okolica\\\/vzhodni-zaliv-vrbskega-jezera\\\/#primaryimage\"},\"thumbnailUrl\":\"https:\\\/\\\/www.visitklagenfurt.at\\\/wp-content\\\/uploads\\\/2021\\\/03\\\/luftbild_ostbucht_klagenfurt_ausblick_worthersee_see_c-stadtpresse-foto_horst_1-web.jpg\",\"datePublished\":\"2021-03-03T10:08:36+00:00\",\"dateModified\":\"2022-09-01T10:18:05+00:00\",\"breadcrumb\":{\"@id\":\"https:\\\/\\\/www.visitklagenfurt.at\\\/sl\\\/vrbsko-jezero-in-okolica\\\/vzhodni-zaliv-vrbskega-jezera\\\/#breadcrumb\"},\"inLanguage\":\"sl-SI\",\"potentialAction\":[{\"@type\":\"ReadAction\",\"target\":[\"https:\\\/\\\/www.visitklagenfurt.at\\\/sl\\\/vrbsko-jezero-in-okolica\\\/vzhodni-zaliv-vrbskega-jezera\\\/\"]}]},{\"@type\":\"ImageObject\",\"inLanguage\":\"sl-SI\",\"@id\":\"https:\\\/\\\/www.visitklagenfurt.at\\\/sl\\\/vrbsko-jezero-in-okolica\\\/vzhodni-zaliv-vrbskega-jezera\\\/#primaryimage\",\"url\":\"https:\\\/\\\/www.visitklagenfurt.at\\\/wp-content\\\/uploads\\\/2021\\\/03\\\/luftbild_ostbucht_klagenfurt_ausblick_worthersee_see_c-stadtpresse-foto_horst_1-web.jpg\",\"contentUrl\":\"https:\\\/\\\/www.visitklagenfurt.at\\\/wp-content\\\/uploads\\\/2021\\\/03\\\/luftbild_ostbucht_klagenfurt_ausblick_worthersee_see_c-stadtpresse-foto_horst_1-web.jpg\",\"width\":2048,\"height\":1167,\"caption\":\"(c) Stadtpresse - FotoHorst\"},{\"@type\":\"BreadcrumbList\",\"@id\":\"https:\\\/\\\/www.visitklagenfurt.at\\\/sl\\\/vrbsko-jezero-in-okolica\\\/vzhodni-zaliv-vrbskega-jezera\\\/#breadcrumb\",\"itemListElement\":[{\"@type\":\"ListItem\",\"position\":1,\"name\":\"visitklagenfurt\",\"item\":\"https:\\\/\\\/www.visitklagenfurt.at\\\/sl\\\/\"},{\"@type\":\"ListItem\",\"position\":2,\"name\":\"Vrbsko jezero in okolica\",\"item\":\"https:\\\/\\\/www.visitklagenfurt.at\\\/sl\\\/vrbsko-jezero-in-okolica\\\/\"},{\"@type\":\"ListItem\",\"position\":3,\"name\":\"Vzhodni zaliv Vrbskega jezera\"}]},{\"@type\":\"WebSite\",\"@id\":\"https:\\\/\\\/www.visitklagenfurt.at\\\/sl\\\/#website\",\"url\":\"https:\\\/\\\/www.visitklagenfurt.at\\\/sl\\\/\",\"name\":\"visitklagenfurt\",\"description\":\"\",\"publisher\":{\"@id\":\"https:\\\/\\\/www.visitklagenfurt.at\\\/sl\\\/#organization\"},\"potentialAction\":[{\"@type\":\"SearchAction\",\"target\":{\"@type\":\"EntryPoint\",\"urlTemplate\":\"https:\\\/\\\/www.visitklagenfurt.at\\\/sl\\\/?s={search_term_string}\"},\"query-input\":{\"@type\":\"PropertyValueSpecification\",\"valueRequired\":true,\"valueName\":\"search_term_string\"}}],\"inLanguage\":\"sl-SI\"},{\"@type\":\"Organization\",\"@id\":\"https:\\\/\\\/www.visitklagenfurt.at\\\/sl\\\/#organization\",\"name\":\"Tourismus Region Klagenfurt am W\u00f6rthersee GmbH\",\"url\":\"https:\\\/\\\/www.visitklagenfurt.at\\\/sl\\\/\",\"logo\":{\"@type\":\"ImageObject\",\"inLanguage\":\"sl-SI\",\"@id\":\"https:\\\/\\\/www.visitklagenfurt.at\\\/sl\\\/#\\\/schema\\\/logo\\\/image\\\/\",\"url\":\"https:\\\/\\\/www.visitklagenfurt.at\\\/wp-content\\\/uploads\\\/2022\\\/03\\\/DT_K_Klagenfurt_S_RGB.png\",\"contentUrl\":\"https:\\\/\\\/www.visitklagenfurt.at\\\/wp-content\\\/uploads\\\/2022\\\/03\\\/DT_K_Klagenfurt_S_RGB.png\",\"width\":2082,\"height\":1511,\"caption\":\"Tourismus Region Klagenfurt am W\u00f6rthersee GmbH\"},\"image\":{\"@id\":\"https:\\\/\\\/www.visitklagenfurt.at\\\/sl\\\/#\\\/schema\\\/logo\\\/image\\\/\"}}]}<\/script>\n<!-- \/ Yoast SEO plugin. -->","yoast_head_json":{"title":"Vzhodni zaliv Vrbskega jezera | visitklagenfurt","robots":{"index":"index","follow":"follow","max-snippet":"max-snippet:-1","max-image-preview":"max-image-preview:large","max-video-preview":"max-video-preview:-1"},"canonical":"https:\/\/www.visitklagenfurt.at\/sl\/vrbsko-jezero-in-okolica\/vzhodni-zaliv-vrbskega-jezera\/","og_locale":"sl_SI","og_type":"article","og_title":"Vzhodni zaliv Vrbskega jezera | visitklagenfurt","og_description":"Pre\u017eiveti en dan v vzhodnem zalivu Vrbskega jezera je kot bi bili na po\u010ditnicah. Od pomirjujo\u010de narave do kulinari\u010dnih dobrot, tukaj vsak lahko dobi nekaj zase. Tam sta tudi dve kopali\u0161\u010di in Europapark, poln pustolov\u0161\u010din za odrasle in otroke. Z ladjico po Vrbskem jezeru Poleti je vzhodni zaliv Celovca idealno mesto za vse prebivalce Celovca, [&hellip;]","og_url":"https:\/\/www.visitklagenfurt.at\/sl\/vrbsko-jezero-in-okolica\/vzhodni-zaliv-vrbskega-jezera\/","og_site_name":"visitklagenfurt","article_modified_time":"2022-09-01T10:18:05+00:00","og_image":[{"width":2048,"height":1167,"url":"https:\/\/www.visitklagenfurt.at\/wp-content\/uploads\/2021\/03\/luftbild_ostbucht_klagenfurt_ausblick_worthersee_see_c-stadtpresse-foto_horst_1-web.jpg","type":"image\/jpeg"}],"twitter_card":"summary_large_image","twitter_misc":{"Est. reading time":"3 minute"},"schema":{"@context":"https:\/\/schema.org","@graph":[{"@type":"WebPage","@id":"https:\/\/www.visitklagenfurt.at\/sl\/vrbsko-jezero-in-okolica\/vzhodni-zaliv-vrbskega-jezera\/","url":"https:\/\/www.visitklagenfurt.at\/sl\/vrbsko-jezero-in-okolica\/vzhodni-zaliv-vrbskega-jezera\/","name":"Vzhodni zaliv Vrbskega jezera | visitklagenfurt","isPartOf":{"@id":"https:\/\/www.visitklagenfurt.at\/sl\/#website"},"primaryImageOfPage":{"@id":"https:\/\/www.visitklagenfurt.at\/sl\/vrbsko-jezero-in-okolica\/vzhodni-zaliv-vrbskega-jezera\/#primaryimage"},"image":{"@id":"https:\/\/www.visitklagenfurt.at\/sl\/vrbsko-jezero-in-okolica\/vzhodni-zaliv-vrbskega-jezera\/#primaryimage"},"thumbnailUrl":"https:\/\/www.visitklagenfurt.at\/wp-content\/uploads\/2021\/03\/luftbild_ostbucht_klagenfurt_ausblick_worthersee_see_c-stadtpresse-foto_horst_1-web.jpg","datePublished":"2021-03-03T10:08:36+00:00","dateModified":"2022-09-01T10:18:05+00:00","breadcrumb":{"@id":"https:\/\/www.visitklagenfurt.at\/sl\/vrbsko-jezero-in-okolica\/vzhodni-zaliv-vrbskega-jezera\/#breadcrumb"},"inLanguage":"sl-SI","potentialAction":[{"@type":"ReadAction","target":["https:\/\/www.visitklagenfurt.at\/sl\/vrbsko-jezero-in-okolica\/vzhodni-zaliv-vrbskega-jezera\/"]}]},{"@type":"ImageObject","inLanguage":"sl-SI","@id":"https:\/\/www.visitklagenfurt.at\/sl\/vrbsko-jezero-in-okolica\/vzhodni-zaliv-vrbskega-jezera\/#primaryimage","url":"https:\/\/www.visitklagenfurt.at\/wp-content\/uploads\/2021\/03\/luftbild_ostbucht_klagenfurt_ausblick_worthersee_see_c-stadtpresse-foto_horst_1-web.jpg","contentUrl":"https:\/\/www.visitklagenfurt.at\/wp-content\/uploads\/2021\/03\/luftbild_ostbucht_klagenfurt_ausblick_worthersee_see_c-stadtpresse-foto_horst_1-web.jpg","width":2048,"height":1167,"caption":"(c) Stadtpresse - FotoHorst"},{"@type":"BreadcrumbList","@id":"https:\/\/www.visitklagenfurt.at\/sl\/vrbsko-jezero-in-okolica\/vzhodni-zaliv-vrbskega-jezera\/#breadcrumb","itemListElement":[{"@type":"ListItem","position":1,"name":"visitklagenfurt","item":"https:\/\/www.visitklagenfurt.at\/sl\/"},{"@type":"ListItem","position":2,"name":"Vrbsko jezero in okolica","item":"https:\/\/www.visitklagenfurt.at\/sl\/vrbsko-jezero-in-okolica\/"},{"@type":"ListItem","position":3,"name":"Vzhodni zaliv Vrbskega jezera"}]},{"@type":"WebSite","@id":"https:\/\/www.visitklagenfurt.at\/sl\/#website","url":"https:\/\/www.visitklagenfurt.at\/sl\/","name":"visitklagenfurt","description":"","publisher":{"@id":"https:\/\/www.visitklagenfurt.at\/sl\/#organization"},"potentialAction":[{"@type":"SearchAction","target":{"@type":"EntryPoint","urlTemplate":"https:\/\/www.visitklagenfurt.at\/sl\/?s={search_term_string}"},"query-input":{"@type":"PropertyValueSpecification","valueRequired":true,"valueName":"search_term_string"}}],"inLanguage":"sl-SI"},{"@type":"Organization","@id":"https:\/\/www.visitklagenfurt.at\/sl\/#organization","name":"Tourismus Region Klagenfurt am W\u00f6rthersee GmbH","url":"https:\/\/www.visitklagenfurt.at\/sl\/","logo":{"@type":"ImageObject","inLanguage":"sl-SI","@id":"https:\/\/www.visitklagenfurt.at\/sl\/#\/schema\/logo\/image\/","url":"https:\/\/www.visitklagenfurt.at\/wp-content\/uploads\/2022\/03\/DT_K_Klagenfurt_S_RGB.png","contentUrl":"https:\/\/www.visitklagenfurt.at\/wp-content\/uploads\/2022\/03\/DT_K_Klagenfurt_S_RGB.png","width":2082,"height":1511,"caption":"Tourismus Region Klagenfurt am W\u00f6rthersee GmbH"},"image":{"@id":"https:\/\/www.visitklagenfurt.at\/sl\/#\/schema\/logo\/image\/"}}]}},"_links":{"self":[{"href":"https:\/\/www.visitklagenfurt.at\/sl\/wp-json\/wp\/v2\/pages\/9584","targetHints":{"allow":["GET"]}}],"collection":[{"href":"https:\/\/www.visitklagenfurt.at\/sl\/wp-json\/wp\/v2\/pages"}],"about":[{"href":"https:\/\/www.visitklagenfurt.at\/sl\/wp-json\/wp\/v2\/types\/page"}],"author":[{"embeddable":true,"href":"https:\/\/www.visitklagenfurt.at\/sl\/wp-json\/wp\/v2\/users\/2"}],"replies":[{"embeddable":true,"href":"https:\/\/www.visitklagenfurt.at\/sl\/wp-json\/wp\/v2\/comments?post=9584"}],"version-history":[{"count":11,"href":"https:\/\/www.visitklagenfurt.at\/sl\/wp-json\/wp\/v2\/pages\/9584\/revisions"}],"predecessor-version":[{"id":43084,"href":"https:\/\/www.visitklagenfurt.at\/sl\/wp-json\/wp\/v2\/pages\/9584\/revisions\/43084"}],"up":[{"embeddable":true,"href":"https:\/\/www.visitklagenfurt.at\/sl\/wp-json\/wp\/v2\/pages\/9601"}],"wp:featuredmedia":[{"embeddable":true,"href":"https:\/\/www.visitklagenfurt.at\/sl\/wp-json\/wp\/v2\/media\/9562"}],"wp:attachment":[{"href":"https:\/\/www.visitklagenfurt.at\/sl\/wp-json\/wp\/v2\/media?parent=9584"}],"wp:term":[{"taxonomy":"category","embeddable":true,"href":"https:\/\/www.visitklagenfurt.at\/sl\/wp-json\/wp\/v2\/categories?post=9584"},{"taxonomy":"post_tag","embeddable":true,"href":"https:\/\/www.visitklagenfurt.at\/sl\/wp-json\/wp\/v2\/tags?post=9584"},{"taxonomy":"seitentyp","embeddable":true,"href":"https:\/\/www.visitklagenfurt.at\/sl\/wp-json\/wp\/v2\/seitentyp?post=9584"}],"curies":[{"name":"wp","href":"https:\/\/api.w.org\/{rel}","templated":true}]}}