{"id":9601,"date":"2021-03-03T11:37:07","date_gmt":"2021-03-03T10:37:07","guid":{"rendered":"http:\/\/blog.visitklagenfurt.at\/visitklagenfurt\/vrbsko-jezero-in-okolica\/"},"modified":"2022-09-01T12:17:53","modified_gmt":"2022-09-01T10:17:53","slug":"vrbsko-jezero-in-okolica","status":"publish","type":"page","link":"https:\/\/www.visitklagenfurt.at\/sl\/vrbsko-jezero-in-okolica\/","title":{"rendered":"Vrbsko jezero in okolica"},"content":{"rendered":"\t\t<div data-elementor-type=\"wp-page\" data-elementor-id=\"9601\" class=\"elementor elementor-9601 elementor-4666\" data-elementor-post-type=\"page\">\n\t\t\t\t\t\t<section class=\"elementor-section elementor-top-section elementor-element elementor-element-05ca63d elementor-section-height-min-height elementor-section-boxed elementor-section-height-default elementor-section-items-middle\" data-id=\"05ca63d\" data-element_type=\"section\" data-e-type=\"section\" data-settings=\"{&quot;background_background&quot;:&quot;classic&quot;}\">\n\t\t\t\t\t\t<div class=\"elementor-container elementor-column-gap-default\">\n\t\t\t\t\t<div class=\"elementor-column elementor-col-100 elementor-top-column elementor-element elementor-element-df1f349\" data-id=\"df1f349\" data-element_type=\"column\" data-e-type=\"column\">\n\t\t\t<div class=\"elementor-widget-wrap\">\n\t\t\t\t\t\t\t<\/div>\n\t\t<\/div>\n\t\t\t\t\t<\/div>\n\t\t<\/section>\n\t\t\t\t<section class=\"elementor-section elementor-top-section elementor-element elementor-element-79e7605 elementor-section-boxed elementor-section-height-default elementor-section-height-default\" data-id=\"79e7605\" data-element_type=\"section\" data-e-type=\"section\" data-settings=\"{&quot;background_background&quot;:&quot;classic&quot;}\">\n\t\t\t\t\t\t<div class=\"elementor-container elementor-column-gap-default\">\n\t\t\t\t\t<div class=\"elementor-column elementor-col-100 elementor-top-column elementor-element elementor-element-530cb94\" data-id=\"530cb94\" data-element_type=\"column\" data-e-type=\"column\" data-settings=\"{&quot;background_background&quot;:&quot;classic&quot;}\">\n\t\t\t<div class=\"elementor-widget-wrap elementor-element-populated\">\n\t\t\t\t\t\t<div class=\"elementor-element elementor-element-030ac83 elementor-widget elementor-widget-global elementor-global-42933 elementor-global-39763 elementor-widget-breadcrumbs\" data-id=\"030ac83\" data-element_type=\"widget\" data-e-type=\"widget\" data-widget_type=\"breadcrumbs.default\">\n\t\t\t\t<div class=\"elementor-widget-container\">\n\t\t\t\t\t<p id=\"breadcrumbs\"><span><span><a href=\"https:\/\/www.visitklagenfurt.at\/sl\/\">visitklagenfurt<\/a><\/span><\/span><\/p>\t\t\t\t<\/div>\n\t\t\t\t<\/div>\n\t\t\t\t<div class=\"elementor-element elementor-element-e873db8 elementor-widget elementor-widget-heading\" data-id=\"e873db8\" data-element_type=\"widget\" data-e-type=\"widget\" data-widget_type=\"heading.default\">\n\t\t\t\t<div class=\"elementor-widget-container\">\n\t\t\t\t\t<h1 class=\"elementor-heading-title elementor-size-default\">Vrbsko jezero in okolica<\/h1>\t\t\t\t<\/div>\n\t\t\t\t<\/div>\n\t\t\t\t<div class=\"elementor-element elementor-element-5b3ca3c elementor-widget elementor-widget-text-editor\" data-id=\"5b3ca3c\" data-element_type=\"widget\" data-e-type=\"widget\" data-widget_type=\"text-editor.default\">\n\t\t\t\t<div class=\"elementor-widget-container\">\n\t\t\t\t\t\t\t\t\t<p>Najve\u010dje koro\u0161ko jezero se lesketa v vseh odtenkih turkizne barve. Celovec le\u017ei prav ob jezeru. Med vsemi zalivi Vrbskega jezera, je vzhodni tisti, ki s svojo lepoto preka\u0161a <strong>vse ostale<\/strong>. Od pomirjujo\u010de narave do kulinari\u010dnih dobrot, tukaj vsak lahko dobi nekaj zase.<\/p>\n<p>Iz zgodovinskega jedra nam pravo pot ka\u017ee <strong>Lend<\/strong>: s svojimi 19,4 km\u00b2 povr\u0161ine in 16,5 km dol\u017eine ima Vrbsko jezero v vzhodnem zalivu vse, kar si lako turist ali doma\u010din \u017eeli.<\/p>\n<p>Pravo lepoto Vrbskega jezera je najbolje do\u017eiveti na prostem. Povsod okoli jezera vas pri\u010dakujeta <strong>raznovrstni flora in favna<\/strong> in nenazadnje tudi razko\u0161na pokrajina ter raznolika kuhinja.<\/p>\n<p>Vzhodni zaliv je, zaradi bli\u017eine Europaparka, <strong>kopali\u0161\u010d<\/strong>, Loretta in Majernika (Maiernigg), lahko dostopen z avtobusom, avtomobilom ali kolesom in ima zares raznovrstno ponudbo. Vse, kar se dogaja na vzhodni obali Celovca je izjemno: \u0161tevilne mo\u017enosti za zabavo na treh pla\u017eah, naravni rezervat Lendspitz in Europapark spremenijo priljubljeni vzhodni zaliv v prostor za<strong> oddih, veselje in zabavo<\/strong> hkrati \u2013 in to za obiskovalce vseh starosti.<\/p>\n\t\t\t\t\t\t\t\t<\/div>\n\t\t\t\t<\/div>\n\t\t\t\t\t<\/div>\n\t\t<\/div>\n\t\t\t\t\t<\/div>\n\t\t<\/section>\n\t\t\t\t<section class=\"elementor-section elementor-top-section elementor-element elementor-element-590026f elementor-section-boxed elementor-section-height-default elementor-section-height-default\" data-id=\"590026f\" data-element_type=\"section\" data-e-type=\"section\" data-settings=\"{&quot;background_background&quot;:&quot;classic&quot;}\">\n\t\t\t\t\t\t<div class=\"elementor-container elementor-column-gap-default\">\n\t\t\t\t\t<div class=\"elementor-column elementor-col-100 elementor-top-column elementor-element elementor-element-28013ec\" data-id=\"28013ec\" data-element_type=\"column\" data-e-type=\"column\">\n\t\t\t<div class=\"elementor-widget-wrap elementor-element-populated\">\n\t\t\t\t\t\t<div class=\"elementor-element elementor-element-26dc6da elementor-widget elementor-widget-pp-tiled-posts\" data-id=\"26dc6da\" data-element_type=\"widget\" data-e-type=\"widget\" data-widget_type=\"pp-tiled-posts.default\">\n\t\t\t\t<div class=\"elementor-widget-container\">\n\t\t\t\t\t\t\t<div class=\"pp-tiled-posts pp-tiled-posts-layout-5 clearfix\">\n\t\t\t\t\t<div class=\"pp-tiled-post pp-tiled-post-1 pp-tiled-post-medium\">\n\t\t\t<div class=\"pp-tiled-post-bg pp-media-background \" style=\"background-image:url(https:\/\/www.visitklagenfurt.at\/wp-content\/uploads\/2021\/03\/kreuzbergl_zillhoehe_c-Tine-Steinthaler.jpg)\">\n\t\t\t\t<a class=\"pp-post-link\" href=\"https:\/\/www.visitklagenfurt.at\/sl\/vrbsko-jezero-in-okolica\/v-odkrivanju-narave\/\" title=\"V odkrivanju narave\"><\/a>\n\t\t\t<\/div>\n\t\t\t<div class=\"pp-tiled-post-content pp-tiled-post-content-bottom\">\n\t\t\t\t\n\t\t\t\t\t\t\t\t\t\t\t\t\t\t<header>\n\t\t\t\t\t\t<h2 class=\"pp-tiled-post-title\">\n\t\t\t\t\t\t\tV odkrivanju narave\t\t\t\t\t\t<\/h2>\n\t\t\t\t\t<\/header>\n\t\t\t\t\n\t\t\t\t\n\t\t\t\t\n\t\t\t\t\t\t\t<\/div>\n\t\t<\/div>\n\t\t\t\t<div class=\"pp-tiled-post pp-tiled-post-2 pp-tiled-post-medium\">\n\t\t\t<div class=\"pp-tiled-post-bg pp-media-background \" style=\"background-image:url(https:\/\/www.visitklagenfurt.at\/wp-content\/uploads\/2021\/03\/luftbild_ostbucht_klagenfurt_ausblick_worthersee_see_c-stadtpresse-foto_horst_1-web.jpg)\">\n\t\t\t\t<a class=\"pp-post-link\" href=\"https:\/\/www.visitklagenfurt.at\/sl\/vrbsko-jezero-in-okolica\/vzhodni-zaliv-vrbskega-jezera\/\" title=\"Vzhodni zaliv Vrbskega jezera\"><\/a>\n\t\t\t<\/div>\n\t\t\t<div class=\"pp-tiled-post-content pp-tiled-post-content-bottom\">\n\t\t\t\t\n\t\t\t\t\t\t\t\t\t\t\t\t\t\t<header>\n\t\t\t\t\t\t<h2 class=\"pp-tiled-post-title\">\n\t\t\t\t\t\t\tVzhodni zaliv Vrbskega jezera\t\t\t\t\t\t<\/h2>\n\t\t\t\t\t<\/header>\n\t\t\t\t\n\t\t\t\t\n\t\t\t\t\n\t\t\t\t\t\t\t<\/div>\n\t\t<\/div>\n\t\t<\/div>\t\t<\/div>\n\t\t\t\t\t\t<\/div>\n\t\t\t\t<\/div>\n\t\t\t\t\t<\/div>\n\t\t<\/div>\n\t\t\t\t\t<\/div>\n\t\t<\/section>\n\t\t\t\t<\/div>\n\t\t","protected":false},"excerpt":{"rendered":"<p>Najve\u010dje koro\u0161ko jezero se lesketa v vseh odtenkih turkizne barve. Celovec le\u017ei prav ob jezeru. Med vsemi zalivi Vrbskega jezera, je vzhodni tisti, ki s svojo lepoto preka\u0161a vse ostale. Od pomirjujo\u010de narave do kulinari\u010dnih dobrot, tukaj vsak lahko dobi nekaj zase. Iz zgodovinskega jedra nam pravo pot ka\u017ee Lend: s svojimi 19,4 km\u00b2 povr\u0161ine [&hellip;]<\/p>\n","protected":false},"author":2,"featured_media":73351,"parent":0,"menu_order":0,"comment_status":"closed","ping_status":"closed","template":"elementor_header_footer","meta":{"footnotes":""},"categories":[],"tags":[],"seitentyp":[],"class_list":["post-9601","page","type-page","status-publish","has-post-thumbnail","hentry"],"yoast_head":"<!-- This site is optimized with the Yoast SEO plugin v27.3 - https:\/\/yoast.com\/product\/yoast-seo-wordpress\/ -->\n<title>Vrbsko jezero in okolica | visitklagenfurt<\/title>\n<meta name=\"robots\" content=\"index, follow, max-snippet:-1, max-image-preview:large, max-video-preview:-1\" \/>\n<link rel=\"canonical\" href=\"https:\/\/www.visitklagenfurt.at\/sl\/vrbsko-jezero-in-okolica\/\" \/>\n<meta property=\"og:locale\" content=\"sl_SI\" \/>\n<meta property=\"og:type\" content=\"article\" \/>\n<meta property=\"og:title\" content=\"Vrbsko jezero in okolica | visitklagenfurt\" \/>\n<meta property=\"og:description\" content=\"Najve\u010dje koro\u0161ko jezero se lesketa v vseh odtenkih turkizne barve. Celovec le\u017ei prav ob jezeru. Med vsemi zalivi Vrbskega jezera, je vzhodni tisti, ki s svojo lepoto preka\u0161a vse ostale. Od pomirjujo\u010de narave do kulinari\u010dnih dobrot, tukaj vsak lahko dobi nekaj zase. Iz zgodovinskega jedra nam pravo pot ka\u017ee Lend: s svojimi 19,4 km\u00b2 povr\u0161ine [&hellip;]\" \/>\n<meta property=\"og:url\" content=\"https:\/\/www.visitklagenfurt.at\/sl\/vrbsko-jezero-in-okolica\/\" \/>\n<meta property=\"og:site_name\" content=\"visitklagenfurt\" \/>\n<meta property=\"article:modified_time\" content=\"2022-09-01T10:17:53+00:00\" \/>\n<meta property=\"og:image\" content=\"https:\/\/www.visitklagenfurt.at\/wp-content\/uploads\/2025\/03\/LifestyleKlagenfurt_Klagenfurt_KLU_\u00a9MichaelStabentheiner_Sommer2024_18.png\" \/>\n\t<meta property=\"og:image:width\" content=\"1920\" \/>\n\t<meta property=\"og:image:height\" content=\"1080\" \/>\n\t<meta property=\"og:image:type\" content=\"image\/png\" \/>\n<meta name=\"twitter:card\" content=\"summary_large_image\" \/>\n<meta name=\"twitter:label1\" content=\"Est. reading time\" \/>\n\t<meta name=\"twitter:data1\" content=\"1 minuta\" \/>\n<script type=\"application\/ld+json\" class=\"yoast-schema-graph\">{\"@context\":\"https:\\\/\\\/schema.org\",\"@graph\":[{\"@type\":\"WebPage\",\"@id\":\"https:\\\/\\\/www.visitklagenfurt.at\\\/sl\\\/vrbsko-jezero-in-okolica\\\/\",\"url\":\"https:\\\/\\\/www.visitklagenfurt.at\\\/sl\\\/vrbsko-jezero-in-okolica\\\/\",\"name\":\"Vrbsko jezero in okolica | visitklagenfurt\",\"isPartOf\":{\"@id\":\"https:\\\/\\\/www.visitklagenfurt.at\\\/sl\\\/#website\"},\"primaryImageOfPage\":{\"@id\":\"https:\\\/\\\/www.visitklagenfurt.at\\\/sl\\\/vrbsko-jezero-in-okolica\\\/#primaryimage\"},\"image\":{\"@id\":\"https:\\\/\\\/www.visitklagenfurt.at\\\/sl\\\/vrbsko-jezero-in-okolica\\\/#primaryimage\"},\"thumbnailUrl\":\"https:\\\/\\\/www.visitklagenfurt.at\\\/wp-content\\\/uploads\\\/2025\\\/03\\\/LifestyleKlagenfurt_Klagenfurt_KLU_\u00a9MichaelStabentheiner_Sommer2024_18.png\",\"datePublished\":\"2021-03-03T10:37:07+00:00\",\"dateModified\":\"2022-09-01T10:17:53+00:00\",\"breadcrumb\":{\"@id\":\"https:\\\/\\\/www.visitklagenfurt.at\\\/sl\\\/vrbsko-jezero-in-okolica\\\/#breadcrumb\"},\"inLanguage\":\"sl-SI\",\"potentialAction\":[{\"@type\":\"ReadAction\",\"target\":[\"https:\\\/\\\/www.visitklagenfurt.at\\\/sl\\\/vrbsko-jezero-in-okolica\\\/\"]}]},{\"@type\":\"ImageObject\",\"inLanguage\":\"sl-SI\",\"@id\":\"https:\\\/\\\/www.visitklagenfurt.at\\\/sl\\\/vrbsko-jezero-in-okolica\\\/#primaryimage\",\"url\":\"https:\\\/\\\/www.visitklagenfurt.at\\\/wp-content\\\/uploads\\\/2025\\\/03\\\/LifestyleKlagenfurt_Klagenfurt_KLU_\u00a9MichaelStabentheiner_Sommer2024_18.png\",\"contentUrl\":\"https:\\\/\\\/www.visitklagenfurt.at\\\/wp-content\\\/uploads\\\/2025\\\/03\\\/LifestyleKlagenfurt_Klagenfurt_KLU_\u00a9MichaelStabentheiner_Sommer2024_18.png\",\"width\":1920,\"height\":1080,\"caption\":\"(c) K\u00e4rnten Werbung, Michael Stabentheiner\"},{\"@type\":\"BreadcrumbList\",\"@id\":\"https:\\\/\\\/www.visitklagenfurt.at\\\/sl\\\/vrbsko-jezero-in-okolica\\\/#breadcrumb\",\"itemListElement\":[{\"@type\":\"ListItem\",\"position\":1,\"name\":\"visitklagenfurt\",\"item\":\"https:\\\/\\\/www.visitklagenfurt.at\\\/sl\\\/\"},{\"@type\":\"ListItem\",\"position\":2,\"name\":\"Vrbsko jezero in okolica\"}]},{\"@type\":\"WebSite\",\"@id\":\"https:\\\/\\\/www.visitklagenfurt.at\\\/sl\\\/#website\",\"url\":\"https:\\\/\\\/www.visitklagenfurt.at\\\/sl\\\/\",\"name\":\"visitklagenfurt\",\"description\":\"\",\"publisher\":{\"@id\":\"https:\\\/\\\/www.visitklagenfurt.at\\\/sl\\\/#organization\"},\"potentialAction\":[{\"@type\":\"SearchAction\",\"target\":{\"@type\":\"EntryPoint\",\"urlTemplate\":\"https:\\\/\\\/www.visitklagenfurt.at\\\/sl\\\/?s={search_term_string}\"},\"query-input\":{\"@type\":\"PropertyValueSpecification\",\"valueRequired\":true,\"valueName\":\"search_term_string\"}}],\"inLanguage\":\"sl-SI\"},{\"@type\":\"Organization\",\"@id\":\"https:\\\/\\\/www.visitklagenfurt.at\\\/sl\\\/#organization\",\"name\":\"Tourismus Region Klagenfurt am W\u00f6rthersee GmbH\",\"url\":\"https:\\\/\\\/www.visitklagenfurt.at\\\/sl\\\/\",\"logo\":{\"@type\":\"ImageObject\",\"inLanguage\":\"sl-SI\",\"@id\":\"https:\\\/\\\/www.visitklagenfurt.at\\\/sl\\\/#\\\/schema\\\/logo\\\/image\\\/\",\"url\":\"https:\\\/\\\/www.visitklagenfurt.at\\\/wp-content\\\/uploads\\\/2022\\\/03\\\/DT_K_Klagenfurt_S_RGB.png\",\"contentUrl\":\"https:\\\/\\\/www.visitklagenfurt.at\\\/wp-content\\\/uploads\\\/2022\\\/03\\\/DT_K_Klagenfurt_S_RGB.png\",\"width\":2082,\"height\":1511,\"caption\":\"Tourismus Region Klagenfurt am W\u00f6rthersee GmbH\"},\"image\":{\"@id\":\"https:\\\/\\\/www.visitklagenfurt.at\\\/sl\\\/#\\\/schema\\\/logo\\\/image\\\/\"}}]}<\/script>\n<!-- \/ Yoast SEO plugin. -->","yoast_head_json":{"title":"Vrbsko jezero in okolica | visitklagenfurt","robots":{"index":"index","follow":"follow","max-snippet":"max-snippet:-1","max-image-preview":"max-image-preview:large","max-video-preview":"max-video-preview:-1"},"canonical":"https:\/\/www.visitklagenfurt.at\/sl\/vrbsko-jezero-in-okolica\/","og_locale":"sl_SI","og_type":"article","og_title":"Vrbsko jezero in okolica | visitklagenfurt","og_description":"Najve\u010dje koro\u0161ko jezero se lesketa v vseh odtenkih turkizne barve. Celovec le\u017ei prav ob jezeru. Med vsemi zalivi Vrbskega jezera, je vzhodni tisti, ki s svojo lepoto preka\u0161a vse ostale. Od pomirjujo\u010de narave do kulinari\u010dnih dobrot, tukaj vsak lahko dobi nekaj zase. Iz zgodovinskega jedra nam pravo pot ka\u017ee Lend: s svojimi 19,4 km\u00b2 povr\u0161ine [&hellip;]","og_url":"https:\/\/www.visitklagenfurt.at\/sl\/vrbsko-jezero-in-okolica\/","og_site_name":"visitklagenfurt","article_modified_time":"2022-09-01T10:17:53+00:00","og_image":[{"width":1920,"height":1080,"url":"https:\/\/www.visitklagenfurt.at\/wp-content\/uploads\/2025\/03\/LifestyleKlagenfurt_Klagenfurt_KLU_\u00a9MichaelStabentheiner_Sommer2024_18.png","type":"image\/png"}],"twitter_card":"summary_large_image","twitter_misc":{"Est. reading time":"1 minuta"},"schema":{"@context":"https:\/\/schema.org","@graph":[{"@type":"WebPage","@id":"https:\/\/www.visitklagenfurt.at\/sl\/vrbsko-jezero-in-okolica\/","url":"https:\/\/www.visitklagenfurt.at\/sl\/vrbsko-jezero-in-okolica\/","name":"Vrbsko jezero in okolica | visitklagenfurt","isPartOf":{"@id":"https:\/\/www.visitklagenfurt.at\/sl\/#website"},"primaryImageOfPage":{"@id":"https:\/\/www.visitklagenfurt.at\/sl\/vrbsko-jezero-in-okolica\/#primaryimage"},"image":{"@id":"https:\/\/www.visitklagenfurt.at\/sl\/vrbsko-jezero-in-okolica\/#primaryimage"},"thumbnailUrl":"https:\/\/www.visitklagenfurt.at\/wp-content\/uploads\/2025\/03\/LifestyleKlagenfurt_Klagenfurt_KLU_\u00a9MichaelStabentheiner_Sommer2024_18.png","datePublished":"2021-03-03T10:37:07+00:00","dateModified":"2022-09-01T10:17:53+00:00","breadcrumb":{"@id":"https:\/\/www.visitklagenfurt.at\/sl\/vrbsko-jezero-in-okolica\/#breadcrumb"},"inLanguage":"sl-SI","potentialAction":[{"@type":"ReadAction","target":["https:\/\/www.visitklagenfurt.at\/sl\/vrbsko-jezero-in-okolica\/"]}]},{"@type":"ImageObject","inLanguage":"sl-SI","@id":"https:\/\/www.visitklagenfurt.at\/sl\/vrbsko-jezero-in-okolica\/#primaryimage","url":"https:\/\/www.visitklagenfurt.at\/wp-content\/uploads\/2025\/03\/LifestyleKlagenfurt_Klagenfurt_KLU_\u00a9MichaelStabentheiner_Sommer2024_18.png","contentUrl":"https:\/\/www.visitklagenfurt.at\/wp-content\/uploads\/2025\/03\/LifestyleKlagenfurt_Klagenfurt_KLU_\u00a9MichaelStabentheiner_Sommer2024_18.png","width":1920,"height":1080,"caption":"(c) K\u00e4rnten Werbung, Michael Stabentheiner"},{"@type":"BreadcrumbList","@id":"https:\/\/www.visitklagenfurt.at\/sl\/vrbsko-jezero-in-okolica\/#breadcrumb","itemListElement":[{"@type":"ListItem","position":1,"name":"visitklagenfurt","item":"https:\/\/www.visitklagenfurt.at\/sl\/"},{"@type":"ListItem","position":2,"name":"Vrbsko jezero in okolica"}]},{"@type":"WebSite","@id":"https:\/\/www.visitklagenfurt.at\/sl\/#website","url":"https:\/\/www.visitklagenfurt.at\/sl\/","name":"visitklagenfurt","description":"","publisher":{"@id":"https:\/\/www.visitklagenfurt.at\/sl\/#organization"},"potentialAction":[{"@type":"SearchAction","target":{"@type":"EntryPoint","urlTemplate":"https:\/\/www.visitklagenfurt.at\/sl\/?s={search_term_string}"},"query-input":{"@type":"PropertyValueSpecification","valueRequired":true,"valueName":"search_term_string"}}],"inLanguage":"sl-SI"},{"@type":"Organization","@id":"https:\/\/www.visitklagenfurt.at\/sl\/#organization","name":"Tourismus Region Klagenfurt am W\u00f6rthersee GmbH","url":"https:\/\/www.visitklagenfurt.at\/sl\/","logo":{"@type":"ImageObject","inLanguage":"sl-SI","@id":"https:\/\/www.visitklagenfurt.at\/sl\/#\/schema\/logo\/image\/","url":"https:\/\/www.visitklagenfurt.at\/wp-content\/uploads\/2022\/03\/DT_K_Klagenfurt_S_RGB.png","contentUrl":"https:\/\/www.visitklagenfurt.at\/wp-content\/uploads\/2022\/03\/DT_K_Klagenfurt_S_RGB.png","width":2082,"height":1511,"caption":"Tourismus Region Klagenfurt am W\u00f6rthersee GmbH"},"image":{"@id":"https:\/\/www.visitklagenfurt.at\/sl\/#\/schema\/logo\/image\/"}}]}},"_links":{"self":[{"href":"https:\/\/www.visitklagenfurt.at\/sl\/wp-json\/wp\/v2\/pages\/9601","targetHints":{"allow":["GET"]}}],"collection":[{"href":"https:\/\/www.visitklagenfurt.at\/sl\/wp-json\/wp\/v2\/pages"}],"about":[{"href":"https:\/\/www.visitklagenfurt.at\/sl\/wp-json\/wp\/v2\/types\/page"}],"author":[{"embeddable":true,"href":"https:\/\/www.visitklagenfurt.at\/sl\/wp-json\/wp\/v2\/users\/2"}],"replies":[{"embeddable":true,"href":"https:\/\/www.visitklagenfurt.at\/sl\/wp-json\/wp\/v2\/comments?post=9601"}],"version-history":[{"count":13,"href":"https:\/\/www.visitklagenfurt.at\/sl\/wp-json\/wp\/v2\/pages\/9601\/revisions"}],"predecessor-version":[{"id":43078,"href":"https:\/\/www.visitklagenfurt.at\/sl\/wp-json\/wp\/v2\/pages\/9601\/revisions\/43078"}],"wp:featuredmedia":[{"embeddable":true,"href":"https:\/\/www.visitklagenfurt.at\/sl\/wp-json\/wp\/v2\/media\/73351"}],"wp:attachment":[{"href":"https:\/\/www.visitklagenfurt.at\/sl\/wp-json\/wp\/v2\/media?parent=9601"}],"wp:term":[{"taxonomy":"category","embeddable":true,"href":"https:\/\/www.visitklagenfurt.at\/sl\/wp-json\/wp\/v2\/categories?post=9601"},{"taxonomy":"post_tag","embeddable":true,"href":"https:\/\/www.visitklagenfurt.at\/sl\/wp-json\/wp\/v2\/tags?post=9601"},{"taxonomy":"seitentyp","embeddable":true,"href":"https:\/\/www.visitklagenfurt.at\/sl\/wp-json\/wp\/v2\/seitentyp?post=9601"}],"curies":[{"name":"wp","href":"https:\/\/api.w.org\/{rel}","templated":true}]}}