{"id":9614,"date":"2021-03-03T11:47:35","date_gmt":"2021-03-03T10:47:35","guid":{"rendered":"http:\/\/blog.visitklagenfurt.at\/galerije\/"},"modified":"2022-10-13T13:04:28","modified_gmt":"2022-10-13T11:04:28","slug":"galerije","status":"publish","type":"page","link":"https:\/\/www.visitklagenfurt.at\/sl\/umetnost-festivali\/galerije\/","title":{"rendered":"Galerije"},"content":{"rendered":"\t\t<div data-elementor-type=\"wp-page\" data-elementor-id=\"9614\" class=\"elementor elementor-9614 elementor-9332\" data-elementor-post-type=\"page\">\n\t\t\t\t\t\t<section class=\"elementor-section elementor-top-section elementor-element elementor-element-b191917 elementor-section-height-min-height elementor-section-items-top elementor-section-boxed elementor-section-height-default\" data-id=\"b191917\" data-element_type=\"section\" data-e-type=\"section\" data-settings=\"{&quot;background_background&quot;:&quot;classic&quot;}\">\n\t\t\t\t\t\t<div class=\"elementor-container elementor-column-gap-default\">\n\t\t\t\t\t<div class=\"elementor-column elementor-col-100 elementor-top-column elementor-element elementor-element-4ab6536\" data-id=\"4ab6536\" data-element_type=\"column\" data-e-type=\"column\">\n\t\t\t<div class=\"elementor-widget-wrap elementor-element-populated\">\n\t\t\t\t\t\t<div class=\"elementor-element elementor-element-759ead1 elementor-hidden-desktop elementor-widget elementor-widget-image\" data-id=\"759ead1\" data-element_type=\"widget\" data-e-type=\"widget\" data-widget_type=\"image.default\">\n\t\t\t\t<div class=\"elementor-widget-container\">\n\t\t\t\t\t\t\t\t\t\t\t\t\t\t\t<img fetchpriority=\"high\" decoding=\"async\" width=\"800\" height=\"533\" src=\"https:\/\/www.visitklagenfurt.at\/wp-content\/uploads\/2021\/03\/kultur_museum_mmkk_2015_c-gernot_gleiss_2-web.jpeg\" class=\"attachment-large size-large wp-image-9336\" alt=\"Museum Moderner Kunst K\" \/>\t\t\t\t\t\t\t\t\t\t\t\t\t\t\t<\/div>\n\t\t\t\t<\/div>\n\t\t\t\t\t<\/div>\n\t\t<\/div>\n\t\t\t\t\t<\/div>\n\t\t<\/section>\n\t\t\t\t<section class=\"elementor-section elementor-top-section elementor-element elementor-element-859a9e6 elementor-section-boxed elementor-section-height-default elementor-section-height-default\" data-id=\"859a9e6\" data-element_type=\"section\" data-e-type=\"section\" data-settings=\"{&quot;background_background&quot;:&quot;classic&quot;}\">\n\t\t\t\t\t\t<div class=\"elementor-container elementor-column-gap-default\">\n\t\t\t\t\t<div class=\"elementor-column elementor-col-100 elementor-top-column elementor-element elementor-element-cf3143f\" data-id=\"cf3143f\" data-element_type=\"column\" data-e-type=\"column\" data-settings=\"{&quot;background_background&quot;:&quot;classic&quot;}\">\n\t\t\t<div class=\"elementor-widget-wrap elementor-element-populated\">\n\t\t\t\t\t\t<div class=\"elementor-element elementor-element-b56403f elementor-widget elementor-widget-heading\" data-id=\"b56403f\" data-element_type=\"widget\" data-e-type=\"widget\" data-widget_type=\"heading.default\">\n\t\t\t\t<div class=\"elementor-widget-container\">\n\t\t\t\t\t<h1 class=\"elementor-heading-title elementor-size-default\">Galerije<\/h1>\t\t\t\t<\/div>\n\t\t\t\t<\/div>\n\t\t\t\t<div class=\"elementor-element elementor-element-0550fef elementor-widget elementor-widget-text-editor\" data-id=\"0550fef\" data-element_type=\"widget\" data-e-type=\"widget\" data-widget_type=\"text-editor.default\">\n\t\t\t\t<div class=\"elementor-widget-container\">\n\t\t\t\t\t\t\t\t\t<p><strong>Celov\u0161ke galerije in muzeji \u2013 mednarodni \u0161arm v prestolnici de\u017eele<\/strong><\/p>\n<p>V \u0161tevilnih muzejih in umetni\u0161kih galerijah boste na\u0161li stalne razstave znanih imen iz sveta umetnosti Alpe Jadrana ter za\u010dasen razstave veliki mednarodnih umetnikov, iz celega sveta.<\/p>\n<p>Obvezna zgodovinsko-umetni\u0161ka postojanka je Muzej moderne umetnosti Koro\u0161ke (Museum Moderner Kunst K\u00e4rnten (MMKK)) na dvori\u0161\u010du gradu v sredi\u0161\u010du mesta, ki je prav tako vreden ogleda. Privo\u0161\u010dite si legendarni vodeni ogled po stari stavbi!<\/p>\n<p>V Mestni galeriji (Stadtgalerie) kot v galeriji Alpe-Adria Galerie, se umetni\u0161ke teme in oblike vrstijo s svetlobno hitrostjo. V\u010dasih so tam razstavljena velika mednarodna imena, takoj zatem pa mlada umetnost znotraj evropskega konteksta. Na ogled niso samo slike, ampak tudi skulpture in fotografije, moda, dizajn in novi mediji. V Mestni galeriji je tudi t.i. livingstudio, namenjen mladim, prominentnim umetnikom, ki si ga lahko ogledate brezpla\u010dno.<\/p>\n<p>Umetni\u0161ko sceno Celovca zaokro\u017eajo \u0161tevilne privatne galerije in razstavni prostori, ki so vezna nit med kulturno regijo in mednarodnim trgom.<\/p>\n<p>Predvsem ima Galerie 3, v sredi\u0161\u010du mesta, pomembno vlogo pri tlakovanju poti lokalnim umetnikom in umetnicam do mednarodnega trga, hkrati pa ponuja velika mednarodna imena v Celovcu.<\/p>\n<p>Zdru\u017eenje koro\u0161kih umetnikov (Kunstverein K\u00e4rnten) ima svoj sede\u017e v K\u00fcnstlerhausu, v Goetheparku, ki je vreden ogleda. Tukaj se ob razli\u010dnih razstavah \u0161tudira sodobna umetnost in njen pomen. Zdru\u017eenje ne daje prednosti umetnostnemu tr\u017ei\u0161\u010du, saj je njegov glavni cilj spodbujati sre\u010devanja in razprave.<\/p>\n<p>V galeriji Kunsthaus Kollitsch je mogo\u010de videti \u0161irok prerez razli\u010dnih medijev, na\u010dinov in tematike moderne umetnosti. Skrbno izbrana dela svetovno znanih umetnikov, predstavljena v duhu \u010dasa, pustijo obiskovalcem zgodovinske stavbe velik vtis.<\/p>\n\t\t\t\t\t\t\t\t<\/div>\n\t\t\t\t<\/div>\n\t\t\t\t\t<\/div>\n\t\t<\/div>\n\t\t\t\t\t<\/div>\n\t\t<\/section>\n\t\t\t\t<section class=\"elementor-section elementor-top-section elementor-element elementor-element-4fec816 elementor-section-boxed elementor-section-height-default elementor-section-height-default\" data-id=\"4fec816\" data-element_type=\"section\" data-e-type=\"section\">\n\t\t\t\t\t\t<div class=\"elementor-container elementor-column-gap-default\">\n\t\t\t\t\t<div class=\"elementor-column elementor-col-100 elementor-top-column elementor-element elementor-element-028a176\" data-id=\"028a176\" data-element_type=\"column\" data-e-type=\"column\">\n\t\t\t<div class=\"elementor-widget-wrap elementor-element-populated\">\n\t\t\t\t\t\t<div class=\"elementor-element elementor-element-9e46d1a elementor-widget elementor-widget-pp-tiled-posts\" data-id=\"9e46d1a\" data-element_type=\"widget\" data-e-type=\"widget\" data-widget_type=\"pp-tiled-posts.default\">\n\t\t\t\t<div class=\"elementor-widget-container\">\n\t\t\t\t\t\t\t<div class=\"pp-tiled-posts pp-tiled-posts-layout-2 clearfix\">\n\t\t\t<div class=\"pp-tiles-posts-left\">\t\t<div class=\"pp-tiled-post pp-tiled-post-1 pp-tiled-post-featured\">\n\t\t\t<div class=\"pp-tiled-post-bg pp-media-background \" style=\"background-image:url(https:\/\/www.visitklagenfurt.at\/wp-content\/uploads\/2021\/02\/kultur_galerie_2012_c-helge_bauer_1-web-768x511.jpeg)\">\n\t\t\t\t<a class=\"pp-post-link\" href=\"https:\/\/www.visitklagenfurt.at\/sl\/umetnost-in-kultura\/galerije\/celovske-galerije\/\" title=\"Celov\u0161ke galerije in muzeji\"><\/a>\n\t\t\t<\/div>\n\t\t\t<div class=\"pp-tiled-post-content pp-tiled-post-content-bottom\">\n\t\t\t\t\n\t\t\t\t\t\t\t\t\t\t\t\t\t\t<header>\n\t\t\t\t\t\t<h2 class=\"pp-tiled-post-title\">\n\t\t\t\t\t\t\tCelov\u0161ke galerije in muzeji\t\t\t\t\t\t<\/h2>\n\t\t\t\t\t<\/header>\n\t\t\t\t\n\t\t\t\t\n\t\t\t\t\n\t\t\t\t\t\t\t<\/div>\n\t\t<\/div>\n\t\t<\/div>\t\t<\/div>\n\t\t\t\t\t\t<\/div>\n\t\t\t\t<\/div>\n\t\t\t\t<div class=\"elementor-element elementor-element-a60ad8c elementor-cta--skin-cover elementor-cta--valign-bottom elementor-widget elementor-widget-call-to-action\" data-id=\"a60ad8c\" data-element_type=\"widget\" data-e-type=\"widget\" data-widget_type=\"call-to-action.default\">\n\t\t\t\t<div class=\"elementor-widget-container\">\n\t\t\t\t\t\t\t<a class=\"elementor-cta\" href=\"http:\/\/www.visitklagenfurt.at\/de\/visitklagenfurt\/kultur-und-festivals\/galerien\/alle-galerien\/?d=galerien%20%26%20ateliers\">\n\t\t\t\t\t<div class=\"elementor-cta__bg-wrapper\">\n\t\t\t\t<div class=\"elementor-cta__bg elementor-bg\" style=\"background-image: url(https:\/\/www.visitklagenfurt.at\/wp-content\/uploads\/2021\/02\/Alpen-Adria-Galerie-Valentin-Oman-grosser-Raum-c-Stadtgalerie.jpg);\" role=\"img\" aria-label=\"Alpen Adria Galerie, Valentin Oman, Kunstraum, gro\u00dfer Saal, 9020 Klagenfurt am W\u00f6rthersee, Ausstellung, Galerie, Kunst, Skulpturen, Installationen, Bilder, Malerei, Fotografie\"><\/div>\n\t\t\t\t<div class=\"elementor-cta__bg-overlay\"><\/div>\n\t\t\t<\/div>\n\t\t\t\t\t\t\t<div class=\"elementor-cta__content\">\n\t\t\t\t\n\t\t\t\t\t\t\t\t\t<h2 class=\"elementor-cta__title elementor-cta__content-item elementor-content-item\">\n\t\t\t\t\t\tGalerije\t\t\t\t\t<\/h2>\n\t\t\t\t\n\t\t\t\t\n\t\t\t\t\t\t\t<\/div>\n\t\t\t\t\t\t<\/a>\n\t\t\t\t\t\t<\/div>\n\t\t\t\t<\/div>\n\t\t\t\t\t<\/div>\n\t\t<\/div>\n\t\t\t\t\t<\/div>\n\t\t<\/section>\n\t\t\t\t<\/div>\n\t\t","protected":false},"excerpt":{"rendered":"<p>Celov\u0161ke galerije in muzeji \u2013 mednarodni \u0161arm v prestolnici de\u017eele V \u0161tevilnih muzejih in umetni\u0161kih galerijah boste na\u0161li stalne razstave znanih imen iz sveta umetnosti Alpe Jadrana ter za\u010dasen razstave veliki mednarodnih umetnikov, iz celega sveta. Obvezna zgodovinsko-umetni\u0161ka postojanka je Muzej moderne umetnosti Koro\u0161ke (Museum Moderner Kunst K\u00e4rnten (MMKK)) na dvori\u0161\u010du gradu v sredi\u0161\u010du mesta, [&hellip;]<\/p>\n","protected":false},"author":2,"featured_media":9336,"parent":14408,"menu_order":0,"comment_status":"closed","ping_status":"closed","template":"elementor_header_footer","meta":{"footnotes":""},"categories":[],"tags":[],"seitentyp":[],"class_list":["post-9614","page","type-page","status-publish","has-post-thumbnail","hentry"],"yoast_head":"<!-- This site is optimized with the Yoast SEO plugin v27.2 - https:\/\/yoast.com\/product\/yoast-seo-wordpress\/ -->\n<title>Galerije | visitklagenfurt<\/title>\n<meta name=\"robots\" content=\"index, follow, max-snippet:-1, max-image-preview:large, max-video-preview:-1\" \/>\n<link rel=\"canonical\" href=\"https:\/\/www.visitklagenfurt.at\/sl\/umetnost-festivali\/galerije\/\" \/>\n<meta property=\"og:locale\" content=\"sl_SI\" \/>\n<meta property=\"og:type\" content=\"article\" \/>\n<meta property=\"og:title\" content=\"Galerije | visitklagenfurt\" \/>\n<meta property=\"og:description\" content=\"Celov\u0161ke galerije in muzeji \u2013 mednarodni \u0161arm v prestolnici de\u017eele V \u0161tevilnih muzejih in umetni\u0161kih galerijah boste na\u0161li stalne razstave znanih imen iz sveta umetnosti Alpe Jadrana ter za\u010dasen razstave veliki mednarodnih umetnikov, iz celega sveta. Obvezna zgodovinsko-umetni\u0161ka postojanka je Muzej moderne umetnosti Koro\u0161ke (Museum Moderner Kunst K\u00e4rnten (MMKK)) na dvori\u0161\u010du gradu v sredi\u0161\u010du mesta, [&hellip;]\" \/>\n<meta property=\"og:url\" content=\"https:\/\/www.visitklagenfurt.at\/sl\/umetnost-festivali\/galerije\/\" \/>\n<meta property=\"og:site_name\" content=\"visitklagenfurt\" \/>\n<meta property=\"article:modified_time\" content=\"2022-10-13T11:04:28+00:00\" \/>\n<meta property=\"og:image\" content=\"https:\/\/www.visitklagenfurt.at\/wp-content\/uploads\/2021\/03\/kultur_museum_mmkk_2015_c-gernot_gleiss_2-web.jpeg\" \/>\n\t<meta property=\"og:image:width\" content=\"2048\" \/>\n\t<meta property=\"og:image:height\" content=\"1365\" \/>\n\t<meta property=\"og:image:type\" content=\"image\/jpeg\" \/>\n<meta name=\"twitter:card\" content=\"summary_large_image\" \/>\n<meta name=\"twitter:label1\" content=\"Est. reading time\" \/>\n\t<meta name=\"twitter:data1\" content=\"1 minuta\" \/>\n<script type=\"application\/ld+json\" class=\"yoast-schema-graph\">{\"@context\":\"https:\/\/schema.org\",\"@graph\":[{\"@type\":\"WebPage\",\"@id\":\"https:\/\/www.visitklagenfurt.at\/sl\/umetnost-festivali\/galerije\/\",\"url\":\"https:\/\/www.visitklagenfurt.at\/sl\/umetnost-festivali\/galerije\/\",\"name\":\"Galerije | visitklagenfurt\",\"isPartOf\":{\"@id\":\"https:\/\/www.visitklagenfurt.at\/sl\/#website\"},\"primaryImageOfPage\":{\"@id\":\"https:\/\/www.visitklagenfurt.at\/sl\/umetnost-festivali\/galerije\/#primaryimage\"},\"image\":{\"@id\":\"https:\/\/www.visitklagenfurt.at\/sl\/umetnost-festivali\/galerije\/#primaryimage\"},\"thumbnailUrl\":\"https:\/\/www.visitklagenfurt.at\/wp-content\/uploads\/2021\/03\/kultur_museum_mmkk_2015_c-gernot_gleiss_2-web.jpeg\",\"datePublished\":\"2021-03-03T10:47:35+00:00\",\"dateModified\":\"2022-10-13T11:04:28+00:00\",\"breadcrumb\":{\"@id\":\"https:\/\/www.visitklagenfurt.at\/sl\/umetnost-festivali\/galerije\/#breadcrumb\"},\"inLanguage\":\"sl-SI\",\"potentialAction\":[{\"@type\":\"ReadAction\",\"target\":[\"https:\/\/www.visitklagenfurt.at\/sl\/umetnost-festivali\/galerije\/\"]}]},{\"@type\":\"ImageObject\",\"inLanguage\":\"sl-SI\",\"@id\":\"https:\/\/www.visitklagenfurt.at\/sl\/umetnost-festivali\/galerije\/#primaryimage\",\"url\":\"https:\/\/www.visitklagenfurt.at\/wp-content\/uploads\/2021\/03\/kultur_museum_mmkk_2015_c-gernot_gleiss_2-web.jpeg\",\"contentUrl\":\"https:\/\/www.visitklagenfurt.at\/wp-content\/uploads\/2021\/03\/kultur_museum_mmkk_2015_c-gernot_gleiss_2-web.jpeg\",\"width\":2048,\"height\":1365,\"caption\":\"(c) Gernot Gleiss\"},{\"@type\":\"BreadcrumbList\",\"@id\":\"https:\/\/www.visitklagenfurt.at\/sl\/umetnost-festivali\/galerije\/#breadcrumb\",\"itemListElement\":[{\"@type\":\"ListItem\",\"position\":1,\"name\":\"visitklagenfurt\",\"item\":\"https:\/\/www.visitklagenfurt.at\/sl\/\"},{\"@type\":\"ListItem\",\"position\":2,\"name\":\"Umetnost &#038; festivali\",\"item\":\"https:\/\/www.visitklagenfurt.at\/sl\/umetnost-festivali\/\"},{\"@type\":\"ListItem\",\"position\":3,\"name\":\"Galerije\"}]},{\"@type\":\"WebSite\",\"@id\":\"https:\/\/www.visitklagenfurt.at\/sl\/#website\",\"url\":\"https:\/\/www.visitklagenfurt.at\/sl\/\",\"name\":\"visitklagenfurt\",\"description\":\"\",\"publisher\":{\"@id\":\"https:\/\/www.visitklagenfurt.at\/sl\/#organization\"},\"potentialAction\":[{\"@type\":\"SearchAction\",\"target\":{\"@type\":\"EntryPoint\",\"urlTemplate\":\"https:\/\/www.visitklagenfurt.at\/sl\/?s={search_term_string}\"},\"query-input\":{\"@type\":\"PropertyValueSpecification\",\"valueRequired\":true,\"valueName\":\"search_term_string\"}}],\"inLanguage\":\"sl-SI\"},{\"@type\":\"Organization\",\"@id\":\"https:\/\/www.visitklagenfurt.at\/sl\/#organization\",\"name\":\"Tourismus Region Klagenfurt am W\u00f6rthersee GmbH\",\"url\":\"https:\/\/www.visitklagenfurt.at\/sl\/\",\"logo\":{\"@type\":\"ImageObject\",\"inLanguage\":\"sl-SI\",\"@id\":\"https:\/\/www.visitklagenfurt.at\/sl\/#\/schema\/logo\/image\/\",\"url\":\"https:\/\/www.visitklagenfurt.at\/wp-content\/uploads\/2022\/03\/DT_K_Klagenfurt_S_RGB.png\",\"contentUrl\":\"https:\/\/www.visitklagenfurt.at\/wp-content\/uploads\/2022\/03\/DT_K_Klagenfurt_S_RGB.png\",\"width\":2082,\"height\":1511,\"caption\":\"Tourismus Region Klagenfurt am W\u00f6rthersee GmbH\"},\"image\":{\"@id\":\"https:\/\/www.visitklagenfurt.at\/sl\/#\/schema\/logo\/image\/\"}}]}<\/script>\n<!-- \/ Yoast SEO plugin. -->","yoast_head_json":{"title":"Galerije | visitklagenfurt","robots":{"index":"index","follow":"follow","max-snippet":"max-snippet:-1","max-image-preview":"max-image-preview:large","max-video-preview":"max-video-preview:-1"},"canonical":"https:\/\/www.visitklagenfurt.at\/sl\/umetnost-festivali\/galerije\/","og_locale":"sl_SI","og_type":"article","og_title":"Galerije | visitklagenfurt","og_description":"Celov\u0161ke galerije in muzeji \u2013 mednarodni \u0161arm v prestolnici de\u017eele V \u0161tevilnih muzejih in umetni\u0161kih galerijah boste na\u0161li stalne razstave znanih imen iz sveta umetnosti Alpe Jadrana ter za\u010dasen razstave veliki mednarodnih umetnikov, iz celega sveta. Obvezna zgodovinsko-umetni\u0161ka postojanka je Muzej moderne umetnosti Koro\u0161ke (Museum Moderner Kunst K\u00e4rnten (MMKK)) na dvori\u0161\u010du gradu v sredi\u0161\u010du mesta, [&hellip;]","og_url":"https:\/\/www.visitklagenfurt.at\/sl\/umetnost-festivali\/galerije\/","og_site_name":"visitklagenfurt","article_modified_time":"2022-10-13T11:04:28+00:00","og_image":[{"width":2048,"height":1365,"url":"https:\/\/www.visitklagenfurt.at\/wp-content\/uploads\/2021\/03\/kultur_museum_mmkk_2015_c-gernot_gleiss_2-web.jpeg","type":"image\/jpeg"}],"twitter_card":"summary_large_image","twitter_misc":{"Est. reading time":"1 minuta"},"schema":{"@context":"https:\/\/schema.org","@graph":[{"@type":"WebPage","@id":"https:\/\/www.visitklagenfurt.at\/sl\/umetnost-festivali\/galerije\/","url":"https:\/\/www.visitklagenfurt.at\/sl\/umetnost-festivali\/galerije\/","name":"Galerije | visitklagenfurt","isPartOf":{"@id":"https:\/\/www.visitklagenfurt.at\/sl\/#website"},"primaryImageOfPage":{"@id":"https:\/\/www.visitklagenfurt.at\/sl\/umetnost-festivali\/galerije\/#primaryimage"},"image":{"@id":"https:\/\/www.visitklagenfurt.at\/sl\/umetnost-festivali\/galerije\/#primaryimage"},"thumbnailUrl":"https:\/\/www.visitklagenfurt.at\/wp-content\/uploads\/2021\/03\/kultur_museum_mmkk_2015_c-gernot_gleiss_2-web.jpeg","datePublished":"2021-03-03T10:47:35+00:00","dateModified":"2022-10-13T11:04:28+00:00","breadcrumb":{"@id":"https:\/\/www.visitklagenfurt.at\/sl\/umetnost-festivali\/galerije\/#breadcrumb"},"inLanguage":"sl-SI","potentialAction":[{"@type":"ReadAction","target":["https:\/\/www.visitklagenfurt.at\/sl\/umetnost-festivali\/galerije\/"]}]},{"@type":"ImageObject","inLanguage":"sl-SI","@id":"https:\/\/www.visitklagenfurt.at\/sl\/umetnost-festivali\/galerije\/#primaryimage","url":"https:\/\/www.visitklagenfurt.at\/wp-content\/uploads\/2021\/03\/kultur_museum_mmkk_2015_c-gernot_gleiss_2-web.jpeg","contentUrl":"https:\/\/www.visitklagenfurt.at\/wp-content\/uploads\/2021\/03\/kultur_museum_mmkk_2015_c-gernot_gleiss_2-web.jpeg","width":2048,"height":1365,"caption":"(c) Gernot Gleiss"},{"@type":"BreadcrumbList","@id":"https:\/\/www.visitklagenfurt.at\/sl\/umetnost-festivali\/galerije\/#breadcrumb","itemListElement":[{"@type":"ListItem","position":1,"name":"visitklagenfurt","item":"https:\/\/www.visitklagenfurt.at\/sl\/"},{"@type":"ListItem","position":2,"name":"Umetnost &#038; festivali","item":"https:\/\/www.visitklagenfurt.at\/sl\/umetnost-festivali\/"},{"@type":"ListItem","position":3,"name":"Galerije"}]},{"@type":"WebSite","@id":"https:\/\/www.visitklagenfurt.at\/sl\/#website","url":"https:\/\/www.visitklagenfurt.at\/sl\/","name":"visitklagenfurt","description":"","publisher":{"@id":"https:\/\/www.visitklagenfurt.at\/sl\/#organization"},"potentialAction":[{"@type":"SearchAction","target":{"@type":"EntryPoint","urlTemplate":"https:\/\/www.visitklagenfurt.at\/sl\/?s={search_term_string}"},"query-input":{"@type":"PropertyValueSpecification","valueRequired":true,"valueName":"search_term_string"}}],"inLanguage":"sl-SI"},{"@type":"Organization","@id":"https:\/\/www.visitklagenfurt.at\/sl\/#organization","name":"Tourismus Region Klagenfurt am W\u00f6rthersee GmbH","url":"https:\/\/www.visitklagenfurt.at\/sl\/","logo":{"@type":"ImageObject","inLanguage":"sl-SI","@id":"https:\/\/www.visitklagenfurt.at\/sl\/#\/schema\/logo\/image\/","url":"https:\/\/www.visitklagenfurt.at\/wp-content\/uploads\/2022\/03\/DT_K_Klagenfurt_S_RGB.png","contentUrl":"https:\/\/www.visitklagenfurt.at\/wp-content\/uploads\/2022\/03\/DT_K_Klagenfurt_S_RGB.png","width":2082,"height":1511,"caption":"Tourismus Region Klagenfurt am W\u00f6rthersee GmbH"},"image":{"@id":"https:\/\/www.visitklagenfurt.at\/sl\/#\/schema\/logo\/image\/"}}]}},"_links":{"self":[{"href":"https:\/\/www.visitklagenfurt.at\/sl\/wp-json\/wp\/v2\/pages\/9614","targetHints":{"allow":["GET"]}}],"collection":[{"href":"https:\/\/www.visitklagenfurt.at\/sl\/wp-json\/wp\/v2\/pages"}],"about":[{"href":"https:\/\/www.visitklagenfurt.at\/sl\/wp-json\/wp\/v2\/types\/page"}],"author":[{"embeddable":true,"href":"https:\/\/www.visitklagenfurt.at\/sl\/wp-json\/wp\/v2\/users\/2"}],"replies":[{"embeddable":true,"href":"https:\/\/www.visitklagenfurt.at\/sl\/wp-json\/wp\/v2\/comments?post=9614"}],"version-history":[{"count":8,"href":"https:\/\/www.visitklagenfurt.at\/sl\/wp-json\/wp\/v2\/pages\/9614\/revisions"}],"predecessor-version":[{"id":45240,"href":"https:\/\/www.visitklagenfurt.at\/sl\/wp-json\/wp\/v2\/pages\/9614\/revisions\/45240"}],"up":[{"embeddable":true,"href":"https:\/\/www.visitklagenfurt.at\/sl\/wp-json\/wp\/v2\/pages\/14408"}],"wp:featuredmedia":[{"embeddable":true,"href":"https:\/\/www.visitklagenfurt.at\/sl\/wp-json\/wp\/v2\/media\/9336"}],"wp:attachment":[{"href":"https:\/\/www.visitklagenfurt.at\/sl\/wp-json\/wp\/v2\/media?parent=9614"}],"wp:term":[{"taxonomy":"category","embeddable":true,"href":"https:\/\/www.visitklagenfurt.at\/sl\/wp-json\/wp\/v2\/categories?post=9614"},{"taxonomy":"post_tag","embeddable":true,"href":"https:\/\/www.visitklagenfurt.at\/sl\/wp-json\/wp\/v2\/tags?post=9614"},{"taxonomy":"seitentyp","embeddable":true,"href":"https:\/\/www.visitklagenfurt.at\/sl\/wp-json\/wp\/v2\/seitentyp?post=9614"}],"curies":[{"name":"wp","href":"https:\/\/api.w.org\/{rel}","templated":true}]}}