{"id":9620,"date":"2021-03-03T11:52:13","date_gmt":"2021-03-03T10:52:13","guid":{"rendered":"http:\/\/blog.visitklagenfurt.at\/gledalisce\/"},"modified":"2021-03-19T20:14:22","modified_gmt":"2021-03-19T19:14:22","slug":"gledalisce","status":"publish","type":"page","link":"https:\/\/www.visitklagenfurt.at\/sl\/umetnost-festivali\/gledalisce\/","title":{"rendered":"Gledali\u0161\u010de"},"content":{"rendered":"\t\t<div data-elementor-type=\"wp-page\" data-elementor-id=\"9620\" class=\"elementor elementor-9620 elementor-9370\" data-elementor-post-type=\"page\">\n\t\t\t\t\t\t<section class=\"elementor-section elementor-top-section elementor-element elementor-element-abcdd04 elementor-section-height-min-height elementor-section-items-top elementor-section-boxed elementor-section-height-default\" data-id=\"abcdd04\" data-element_type=\"section\" data-e-type=\"section\" data-settings=\"{&quot;background_background&quot;:&quot;classic&quot;}\">\n\t\t\t\t\t\t<div class=\"elementor-container elementor-column-gap-default\">\n\t\t\t\t\t<div class=\"elementor-column elementor-col-100 elementor-top-column elementor-element elementor-element-8aa01dc\" data-id=\"8aa01dc\" data-element_type=\"column\" data-e-type=\"column\">\n\t\t\t<div class=\"elementor-widget-wrap elementor-element-populated\">\n\t\t\t\t\t\t<div class=\"elementor-element elementor-element-bcb9293 elementor-hidden-desktop elementor-widget elementor-widget-image\" data-id=\"bcb9293\" data-element_type=\"widget\" data-e-type=\"widget\" data-widget_type=\"image.default\">\n\t\t\t\t<div class=\"elementor-widget-container\">\n\t\t\t\t\t\t\t\t\t\t\t\t\t\t\t<img fetchpriority=\"high\" decoding=\"async\" width=\"800\" height=\"533\" src=\"https:\/\/www.visitklagenfurt.at\/wp-content\/uploads\/2021\/03\/kultur_stadttheater_fruhling_2012_c-helge_bauer_36-web.jpeg\" class=\"attachment-large size-large wp-image-11309\" alt=\"Stadttheater Klagenfurt steht f\u00fcr besonderen Kulturgenuss\" \/>\t\t\t\t\t\t\t\t\t\t\t\t\t\t\t<\/div>\n\t\t\t\t<\/div>\n\t\t\t\t\t<\/div>\n\t\t<\/div>\n\t\t\t\t\t<\/div>\n\t\t<\/section>\n\t\t\t\t<section class=\"elementor-section elementor-top-section elementor-element elementor-element-ea6b08f elementor-section-boxed elementor-section-height-default elementor-section-height-default\" data-id=\"ea6b08f\" data-element_type=\"section\" data-e-type=\"section\" data-settings=\"{&quot;background_background&quot;:&quot;classic&quot;}\">\n\t\t\t\t\t\t<div class=\"elementor-container elementor-column-gap-default\">\n\t\t\t\t\t<div class=\"elementor-column elementor-col-100 elementor-top-column elementor-element elementor-element-2895528\" data-id=\"2895528\" data-element_type=\"column\" data-e-type=\"column\" data-settings=\"{&quot;background_background&quot;:&quot;classic&quot;}\">\n\t\t\t<div class=\"elementor-widget-wrap elementor-element-populated\">\n\t\t\t\t\t\t<div class=\"elementor-element elementor-element-8fb6989 elementor-widget elementor-widget-heading\" data-id=\"8fb6989\" data-element_type=\"widget\" data-e-type=\"widget\" data-widget_type=\"heading.default\">\n\t\t\t\t<div class=\"elementor-widget-container\">\n\t\t\t\t\t<h1 class=\"elementor-heading-title elementor-size-default\">Gledali\u0161\u010de<\/h1>\t\t\t\t<\/div>\n\t\t\t\t<\/div>\n\t\t\t\t<div class=\"elementor-element elementor-element-82b01c4 elementor-widget elementor-widget-text-editor\" data-id=\"82b01c4\" data-element_type=\"widget\" data-e-type=\"widget\" data-widget_type=\"text-editor.default\">\n\t\t\t\t<div class=\"elementor-widget-container\">\n\t\t\t\t\t\t\t\t\t<p><strong>Gledali\u0161\u010de v Celovcu \u2013 nepozabni ve\u010deri s kulturo in zanimivimi liki<\/strong><\/p>\n<p>Si \u017eelite pre\u017eiveti zabaven, vzemirljiv in spodbuden ve\u010der v gledali\u0161\u010du na enkratnih celov\u0161kih lokacijah? Kot prestolnica de\u017eele je Celovec tudi sede\u017e reprezentativnih kulturnih ustanov, tradicionalnih gledali\u0161\u010d, ob tem pa ima razvito \u017eivahno neodvisno sceno.<\/p>\n<p>Med gledali\u0161\u010di, v v svetovnem merilu, nedvomno izstopa Stadttheater (mestno gledali\u0161\u010de), ki \u017ee desetletja slovi po izjemnih produkcijah.<\/p>\n<p>V umetni\u0161ki ponudbi Celovca so tudi \u0161tevilna manj\u0161a gledali\u0161\u010da, ki s svojim pomenom presegajo de\u017eelne meje in privabljajo gledalce s kontroverznimi predpremierami in priredbami pomembnih klasikov.<\/p>\n<p>Gledali\u0161ki ansambel gledali\u0161\u010da Theaterhalle 11 na primer se namenoma ne uklanja mainstreamu in se odlikuje po svetovnih premierah koro\u0161kih pisateljic.<\/p>\n<p>Gledali\u0161\u010de Kammerlichtspiele v sredi\u0161\u010du mesta, ki je najprej nastalo kot jazz klub, gosti razli\u010dne gledali\u0161ke skupine iz okolice in se osredoto\u010da na lastne produkcije po aktualnih besedilih ter na predstave za otroke in mladino.<\/p>\n<p>Celovec ima tudi verjetno najmanj\u0161e gledali\u0161\u010de na svetu! V Goetheparku, dru\u0161tvo VADA ustvarja predstave v secesijskem slogu in glede na dogodek, sprejmejo samo do deset oseb.<\/p>\n<p>Vsakoletna stalnica je Klagenfurter Theatersommer (celov\u0161ko gledali\u0161ko poletje), kjer ohranjajo tradicijo lahkih komedij, ki vedno nasmeje goste in doma\u010dine.<\/p>\n\t\t\t\t\t\t\t\t<\/div>\n\t\t\t\t<\/div>\n\t\t\t\t\t<\/div>\n\t\t<\/div>\n\t\t\t\t\t<\/div>\n\t\t<\/section>\n\t\t\t\t<\/div>\n\t\t","protected":false},"excerpt":{"rendered":"<p>Gledali\u0161\u010de v Celovcu \u2013 nepozabni ve\u010deri s kulturo in zanimivimi liki Si \u017eelite pre\u017eiveti zabaven, vzemirljiv in spodbuden ve\u010der v gledali\u0161\u010du na enkratnih celov\u0161kih lokacijah? Kot prestolnica de\u017eele je Celovec tudi sede\u017e reprezentativnih kulturnih ustanov, tradicionalnih gledali\u0161\u010d, ob tem pa ima razvito \u017eivahno neodvisno sceno. Med gledali\u0161\u010di, v v svetovnem merilu, nedvomno izstopa Stadttheater (mestno [&hellip;]<\/p>\n","protected":false},"author":2,"featured_media":11309,"parent":14408,"menu_order":0,"comment_status":"closed","ping_status":"closed","template":"elementor_header_footer","meta":{"footnotes":""},"categories":[],"tags":[],"seitentyp":[],"class_list":["post-9620","page","type-page","status-publish","has-post-thumbnail","hentry"],"yoast_head":"<!-- This site is optimized with the Yoast SEO plugin v27.2 - https:\/\/yoast.com\/product\/yoast-seo-wordpress\/ -->\n<title>Gledali\u0161\u010de | visitklagenfurt<\/title>\n<meta name=\"robots\" content=\"index, follow, max-snippet:-1, max-image-preview:large, max-video-preview:-1\" \/>\n<link rel=\"canonical\" href=\"https:\/\/www.visitklagenfurt.at\/sl\/umetnost-festivali\/gledalisce\/\" \/>\n<meta property=\"og:locale\" content=\"sl_SI\" \/>\n<meta property=\"og:type\" content=\"article\" \/>\n<meta property=\"og:title\" content=\"Gledali\u0161\u010de | visitklagenfurt\" \/>\n<meta property=\"og:description\" content=\"Gledali\u0161\u010de v Celovcu \u2013 nepozabni ve\u010deri s kulturo in zanimivimi liki Si \u017eelite pre\u017eiveti zabaven, vzemirljiv in spodbuden ve\u010der v gledali\u0161\u010du na enkratnih celov\u0161kih lokacijah? Kot prestolnica de\u017eele je Celovec tudi sede\u017e reprezentativnih kulturnih ustanov, tradicionalnih gledali\u0161\u010d, ob tem pa ima razvito \u017eivahno neodvisno sceno. Med gledali\u0161\u010di, v v svetovnem merilu, nedvomno izstopa Stadttheater (mestno [&hellip;]\" \/>\n<meta property=\"og:url\" content=\"https:\/\/www.visitklagenfurt.at\/sl\/umetnost-festivali\/gledalisce\/\" \/>\n<meta property=\"og:site_name\" content=\"visitklagenfurt\" \/>\n<meta property=\"article:modified_time\" content=\"2021-03-19T19:14:22+00:00\" \/>\n<meta property=\"og:image\" content=\"https:\/\/www.visitklagenfurt.at\/wp-content\/uploads\/2021\/03\/kultur_stadttheater_fruhling_2012_c-helge_bauer_36-web.jpeg\" \/>\n\t<meta property=\"og:image:width\" content=\"2048\" \/>\n\t<meta property=\"og:image:height\" content=\"1364\" \/>\n\t<meta property=\"og:image:type\" content=\"image\/jpeg\" \/>\n<meta name=\"twitter:card\" content=\"summary_large_image\" \/>\n<meta name=\"twitter:label1\" content=\"Est. reading time\" \/>\n\t<meta name=\"twitter:data1\" content=\"2 minuti\" \/>\n<script type=\"application\/ld+json\" class=\"yoast-schema-graph\">{\"@context\":\"https:\/\/schema.org\",\"@graph\":[{\"@type\":\"WebPage\",\"@id\":\"https:\/\/www.visitklagenfurt.at\/sl\/umetnost-festivali\/gledalisce\/\",\"url\":\"https:\/\/www.visitklagenfurt.at\/sl\/umetnost-festivali\/gledalisce\/\",\"name\":\"Gledali\u0161\u010de | visitklagenfurt\",\"isPartOf\":{\"@id\":\"https:\/\/www.visitklagenfurt.at\/sl\/#website\"},\"primaryImageOfPage\":{\"@id\":\"https:\/\/www.visitklagenfurt.at\/sl\/umetnost-festivali\/gledalisce\/#primaryimage\"},\"image\":{\"@id\":\"https:\/\/www.visitklagenfurt.at\/sl\/umetnost-festivali\/gledalisce\/#primaryimage\"},\"thumbnailUrl\":\"https:\/\/www.visitklagenfurt.at\/wp-content\/uploads\/2021\/03\/kultur_stadttheater_fruhling_2012_c-helge_bauer_36-web.jpeg\",\"datePublished\":\"2021-03-03T10:52:13+00:00\",\"dateModified\":\"2021-03-19T19:14:22+00:00\",\"breadcrumb\":{\"@id\":\"https:\/\/www.visitklagenfurt.at\/sl\/umetnost-festivali\/gledalisce\/#breadcrumb\"},\"inLanguage\":\"sl-SI\",\"potentialAction\":[{\"@type\":\"ReadAction\",\"target\":[\"https:\/\/www.visitklagenfurt.at\/sl\/umetnost-festivali\/gledalisce\/\"]}]},{\"@type\":\"ImageObject\",\"inLanguage\":\"sl-SI\",\"@id\":\"https:\/\/www.visitklagenfurt.at\/sl\/umetnost-festivali\/gledalisce\/#primaryimage\",\"url\":\"https:\/\/www.visitklagenfurt.at\/wp-content\/uploads\/2021\/03\/kultur_stadttheater_fruhling_2012_c-helge_bauer_36-web.jpeg\",\"contentUrl\":\"https:\/\/www.visitklagenfurt.at\/wp-content\/uploads\/2021\/03\/kultur_stadttheater_fruhling_2012_c-helge_bauer_36-web.jpeg\",\"width\":2048,\"height\":1364,\"caption\":\"(c) Helge Bauer\"},{\"@type\":\"BreadcrumbList\",\"@id\":\"https:\/\/www.visitklagenfurt.at\/sl\/umetnost-festivali\/gledalisce\/#breadcrumb\",\"itemListElement\":[{\"@type\":\"ListItem\",\"position\":1,\"name\":\"visitklagenfurt\",\"item\":\"https:\/\/www.visitklagenfurt.at\/sl\/\"},{\"@type\":\"ListItem\",\"position\":2,\"name\":\"Umetnost &#038; festivali\",\"item\":\"https:\/\/www.visitklagenfurt.at\/sl\/umetnost-festivali\/\"},{\"@type\":\"ListItem\",\"position\":3,\"name\":\"Gledali\u0161\u010de\"}]},{\"@type\":\"WebSite\",\"@id\":\"https:\/\/www.visitklagenfurt.at\/sl\/#website\",\"url\":\"https:\/\/www.visitklagenfurt.at\/sl\/\",\"name\":\"visitklagenfurt\",\"description\":\"\",\"publisher\":{\"@id\":\"https:\/\/www.visitklagenfurt.at\/sl\/#organization\"},\"potentialAction\":[{\"@type\":\"SearchAction\",\"target\":{\"@type\":\"EntryPoint\",\"urlTemplate\":\"https:\/\/www.visitklagenfurt.at\/sl\/?s={search_term_string}\"},\"query-input\":{\"@type\":\"PropertyValueSpecification\",\"valueRequired\":true,\"valueName\":\"search_term_string\"}}],\"inLanguage\":\"sl-SI\"},{\"@type\":\"Organization\",\"@id\":\"https:\/\/www.visitklagenfurt.at\/sl\/#organization\",\"name\":\"Tourismus Region Klagenfurt am W\u00f6rthersee GmbH\",\"url\":\"https:\/\/www.visitklagenfurt.at\/sl\/\",\"logo\":{\"@type\":\"ImageObject\",\"inLanguage\":\"sl-SI\",\"@id\":\"https:\/\/www.visitklagenfurt.at\/sl\/#\/schema\/logo\/image\/\",\"url\":\"https:\/\/www.visitklagenfurt.at\/wp-content\/uploads\/2022\/03\/DT_K_Klagenfurt_S_RGB.png\",\"contentUrl\":\"https:\/\/www.visitklagenfurt.at\/wp-content\/uploads\/2022\/03\/DT_K_Klagenfurt_S_RGB.png\",\"width\":2082,\"height\":1511,\"caption\":\"Tourismus Region Klagenfurt am W\u00f6rthersee GmbH\"},\"image\":{\"@id\":\"https:\/\/www.visitklagenfurt.at\/sl\/#\/schema\/logo\/image\/\"}}]}<\/script>\n<!-- \/ Yoast SEO plugin. -->","yoast_head_json":{"title":"Gledali\u0161\u010de | visitklagenfurt","robots":{"index":"index","follow":"follow","max-snippet":"max-snippet:-1","max-image-preview":"max-image-preview:large","max-video-preview":"max-video-preview:-1"},"canonical":"https:\/\/www.visitklagenfurt.at\/sl\/umetnost-festivali\/gledalisce\/","og_locale":"sl_SI","og_type":"article","og_title":"Gledali\u0161\u010de | visitklagenfurt","og_description":"Gledali\u0161\u010de v Celovcu \u2013 nepozabni ve\u010deri s kulturo in zanimivimi liki Si \u017eelite pre\u017eiveti zabaven, vzemirljiv in spodbuden ve\u010der v gledali\u0161\u010du na enkratnih celov\u0161kih lokacijah? Kot prestolnica de\u017eele je Celovec tudi sede\u017e reprezentativnih kulturnih ustanov, tradicionalnih gledali\u0161\u010d, ob tem pa ima razvito \u017eivahno neodvisno sceno. Med gledali\u0161\u010di, v v svetovnem merilu, nedvomno izstopa Stadttheater (mestno [&hellip;]","og_url":"https:\/\/www.visitklagenfurt.at\/sl\/umetnost-festivali\/gledalisce\/","og_site_name":"visitklagenfurt","article_modified_time":"2021-03-19T19:14:22+00:00","og_image":[{"width":2048,"height":1364,"url":"https:\/\/www.visitklagenfurt.at\/wp-content\/uploads\/2021\/03\/kultur_stadttheater_fruhling_2012_c-helge_bauer_36-web.jpeg","type":"image\/jpeg"}],"twitter_card":"summary_large_image","twitter_misc":{"Est. reading time":"2 minuti"},"schema":{"@context":"https:\/\/schema.org","@graph":[{"@type":"WebPage","@id":"https:\/\/www.visitklagenfurt.at\/sl\/umetnost-festivali\/gledalisce\/","url":"https:\/\/www.visitklagenfurt.at\/sl\/umetnost-festivali\/gledalisce\/","name":"Gledali\u0161\u010de | visitklagenfurt","isPartOf":{"@id":"https:\/\/www.visitklagenfurt.at\/sl\/#website"},"primaryImageOfPage":{"@id":"https:\/\/www.visitklagenfurt.at\/sl\/umetnost-festivali\/gledalisce\/#primaryimage"},"image":{"@id":"https:\/\/www.visitklagenfurt.at\/sl\/umetnost-festivali\/gledalisce\/#primaryimage"},"thumbnailUrl":"https:\/\/www.visitklagenfurt.at\/wp-content\/uploads\/2021\/03\/kultur_stadttheater_fruhling_2012_c-helge_bauer_36-web.jpeg","datePublished":"2021-03-03T10:52:13+00:00","dateModified":"2021-03-19T19:14:22+00:00","breadcrumb":{"@id":"https:\/\/www.visitklagenfurt.at\/sl\/umetnost-festivali\/gledalisce\/#breadcrumb"},"inLanguage":"sl-SI","potentialAction":[{"@type":"ReadAction","target":["https:\/\/www.visitklagenfurt.at\/sl\/umetnost-festivali\/gledalisce\/"]}]},{"@type":"ImageObject","inLanguage":"sl-SI","@id":"https:\/\/www.visitklagenfurt.at\/sl\/umetnost-festivali\/gledalisce\/#primaryimage","url":"https:\/\/www.visitklagenfurt.at\/wp-content\/uploads\/2021\/03\/kultur_stadttheater_fruhling_2012_c-helge_bauer_36-web.jpeg","contentUrl":"https:\/\/www.visitklagenfurt.at\/wp-content\/uploads\/2021\/03\/kultur_stadttheater_fruhling_2012_c-helge_bauer_36-web.jpeg","width":2048,"height":1364,"caption":"(c) Helge Bauer"},{"@type":"BreadcrumbList","@id":"https:\/\/www.visitklagenfurt.at\/sl\/umetnost-festivali\/gledalisce\/#breadcrumb","itemListElement":[{"@type":"ListItem","position":1,"name":"visitklagenfurt","item":"https:\/\/www.visitklagenfurt.at\/sl\/"},{"@type":"ListItem","position":2,"name":"Umetnost &#038; festivali","item":"https:\/\/www.visitklagenfurt.at\/sl\/umetnost-festivali\/"},{"@type":"ListItem","position":3,"name":"Gledali\u0161\u010de"}]},{"@type":"WebSite","@id":"https:\/\/www.visitklagenfurt.at\/sl\/#website","url":"https:\/\/www.visitklagenfurt.at\/sl\/","name":"visitklagenfurt","description":"","publisher":{"@id":"https:\/\/www.visitklagenfurt.at\/sl\/#organization"},"potentialAction":[{"@type":"SearchAction","target":{"@type":"EntryPoint","urlTemplate":"https:\/\/www.visitklagenfurt.at\/sl\/?s={search_term_string}"},"query-input":{"@type":"PropertyValueSpecification","valueRequired":true,"valueName":"search_term_string"}}],"inLanguage":"sl-SI"},{"@type":"Organization","@id":"https:\/\/www.visitklagenfurt.at\/sl\/#organization","name":"Tourismus Region Klagenfurt am W\u00f6rthersee GmbH","url":"https:\/\/www.visitklagenfurt.at\/sl\/","logo":{"@type":"ImageObject","inLanguage":"sl-SI","@id":"https:\/\/www.visitklagenfurt.at\/sl\/#\/schema\/logo\/image\/","url":"https:\/\/www.visitklagenfurt.at\/wp-content\/uploads\/2022\/03\/DT_K_Klagenfurt_S_RGB.png","contentUrl":"https:\/\/www.visitklagenfurt.at\/wp-content\/uploads\/2022\/03\/DT_K_Klagenfurt_S_RGB.png","width":2082,"height":1511,"caption":"Tourismus Region Klagenfurt am W\u00f6rthersee GmbH"},"image":{"@id":"https:\/\/www.visitklagenfurt.at\/sl\/#\/schema\/logo\/image\/"}}]}},"_links":{"self":[{"href":"https:\/\/www.visitklagenfurt.at\/sl\/wp-json\/wp\/v2\/pages\/9620","targetHints":{"allow":["GET"]}}],"collection":[{"href":"https:\/\/www.visitklagenfurt.at\/sl\/wp-json\/wp\/v2\/pages"}],"about":[{"href":"https:\/\/www.visitklagenfurt.at\/sl\/wp-json\/wp\/v2\/types\/page"}],"author":[{"embeddable":true,"href":"https:\/\/www.visitklagenfurt.at\/sl\/wp-json\/wp\/v2\/users\/2"}],"replies":[{"embeddable":true,"href":"https:\/\/www.visitklagenfurt.at\/sl\/wp-json\/wp\/v2\/comments?post=9620"}],"version-history":[{"count":8,"href":"https:\/\/www.visitklagenfurt.at\/sl\/wp-json\/wp\/v2\/pages\/9620\/revisions"}],"predecessor-version":[{"id":14476,"href":"https:\/\/www.visitklagenfurt.at\/sl\/wp-json\/wp\/v2\/pages\/9620\/revisions\/14476"}],"up":[{"embeddable":true,"href":"https:\/\/www.visitklagenfurt.at\/sl\/wp-json\/wp\/v2\/pages\/14408"}],"wp:featuredmedia":[{"embeddable":true,"href":"https:\/\/www.visitklagenfurt.at\/sl\/wp-json\/wp\/v2\/media\/11309"}],"wp:attachment":[{"href":"https:\/\/www.visitklagenfurt.at\/sl\/wp-json\/wp\/v2\/media?parent=9620"}],"wp:term":[{"taxonomy":"category","embeddable":true,"href":"https:\/\/www.visitklagenfurt.at\/sl\/wp-json\/wp\/v2\/categories?post=9620"},{"taxonomy":"post_tag","embeddable":true,"href":"https:\/\/www.visitklagenfurt.at\/sl\/wp-json\/wp\/v2\/tags?post=9620"},{"taxonomy":"seitentyp","embeddable":true,"href":"https:\/\/www.visitklagenfurt.at\/sl\/wp-json\/wp\/v2\/seitentyp?post=9620"}],"curies":[{"name":"wp","href":"https:\/\/api.w.org\/{rel}","templated":true}]}}